{"id":1700,"date":"2020-03-17T19:38:17","date_gmt":"2020-03-17T23:38:17","guid":{"rendered":"https:\/\/victoriavynn.ca\/?post_type=product&#038;p=1700"},"modified":"2026-04-07T02:38:10","modified_gmt":"2026-04-07T06:38:10","slug":"victoria-vynn-salon-gel-polish-top-coat-shimmer-multicolor-no-wipe","status":"publish","type":"product","link":"https:\/\/victoriavynn.ca\/fr\/product\/victoria-vynn-salon-gel-polish-top-coat-shimmer-multicolor-no-wipe\/","title":{"rendered":"Salon Gel Polish Top Coat No Wipe Shimmer Multicolor"},"content":{"rendered":"<p><em>Top hybride avec des particules multicolores.<\/em><\/p>\n<ul>\n<li class=\"p1\">Pas de couche de dispersion apr\u00e8s le durcissement<\/li>\n<li class=\"p1\">Effet de brillance rapide apr\u00e8s le durcissement<\/li>\n<li class=\"p1\">Finition parfaite pour les vernis hybrides color\u00e9s et les motifs fran\u00e7ais<\/li>\n<li class=\"p1\">Top SHIMMER NO WIPE sans effet mat, ne se fissure pas, ne s'\u00e9caille pas et ne jaunit pas.<\/li>\n<li class=\"p1\">Enlev\u00e9 avec de l'ac\u00e9tone, un liquide \u00e0 base d'ac\u00e9tone ou une perceuse \u00e0 ongles.<\/li>\n<li class=\"p1\">Temps de durcissement :  Double lampe LED 30- 60 secondes, lampe UV -180 secondes<\/li>\n<\/ul>\n<p>&nbsp;<\/p>","protected":false},"excerpt":{"rendered":"<p>Victoria VYNN Salon Gel Polish<\/p>","protected":false},"featured_media":1701,"comment_status":"open","ping_status":"closed","template":"","meta":[],"product_brand":[],"product_cat":[17,55],"product_tag":[],"class_list":{"0":"post-1700","1":"product","2":"type-product","3":"status-publish","4":"has-post-thumbnail","6":"product_cat-professional-gel-nail-polish","7":"product_cat-best-gel-top-coats","8":"product_shipping_class-cardboard-box","10":"first","11":"instock","12":"taxable","13":"shipping-taxable","14":"purchasable","15":"product-type-simple"},"jetpack_sharing_enabled":true,"_links":{"self":[{"href":"https:\/\/victoriavynn.ca\/fr\/wp-json\/wp\/v2\/product\/1700","targetHints":{"allow":["GET"]}}],"collection":[{"href":"https:\/\/victoriavynn.ca\/fr\/wp-json\/wp\/v2\/product"}],"about":[{"href":"https:\/\/victoriavynn.ca\/fr\/wp-json\/wp\/v2\/types\/product"}],"replies":[{"embeddable":true,"href":"https:\/\/victoriavynn.ca\/fr\/wp-json\/wp\/v2\/comments?post=1700"}],"wp:featuredmedia":[{"embeddable":true,"href":"https:\/\/victoriavynn.ca\/fr\/wp-json\/wp\/v2\/media\/1701"}],"wp:attachment":[{"href":"https:\/\/victoriavynn.ca\/fr\/wp-json\/wp\/v2\/media?parent=1700"}],"wp:term":[{"taxonomy":"product_brand","embeddable":true,"href":"https:\/\/victoriavynn.ca\/fr\/wp-json\/wp\/v2\/product_brand?post=1700"},{"taxonomy":"product_cat","embeddable":true,"href":"https:\/\/victoriavynn.ca\/fr\/wp-json\/wp\/v2\/product_cat?post=1700"},{"taxonomy":"product_tag","embeddable":true,"href":"https:\/\/victoriavynn.ca\/fr\/wp-json\/wp\/v2\/product_tag?post=1700"}],"curies":[{"name":"wp","href":"https:\/\/api.w.org\/{rel}","templated":true}]}}