{"id":1702,"date":"2020-03-17T15:41:00","date_gmt":"2020-03-17T19:41:00","guid":{"rendered":"https:\/\/victoriavynn.ca\/?post_type=product&#038;p=1702"},"modified":"2026-02-15T20:20:13","modified_gmt":"2026-02-16T01:20:13","slug":"victoria-vynn-salon-gel-polish-top-coat-shimmer-purple-no-wipe","status":"publish","type":"product","link":"https:\/\/victoriavynn.ca\/fr\/product\/victoria-vynn-salon-gel-polish-top-coat-shimmer-purple-no-wipe\/","title":{"rendered":"Salon Gel Polish Top Coat No Wipe Shimmer Purple"},"content":{"rendered":"<p><em>Dessus hybride avec des mouchetures brillantes rose-violet.<\/em><\/p>\n<ul>\n<li class=\"p1\">Pas de couche de dispersion apr\u00e8s le durcissement<\/li>\n<li class=\"p1\">Effet de brillance rapide apr\u00e8s le durcissement<\/li>\n<li class=\"p1\">Finition parfaite pour les vernis hybrides color\u00e9s et les motifs fran\u00e7ais<\/li>\n<li class=\"p1\">Top SHIMMER NO WIPE sans effet mat, ne se fissure pas, ne s'\u00e9caille pas et ne jaunit pas.<\/li>\n<li class=\"p1\">Enlev\u00e9 avec de l'ac\u00e9tone, un liquide \u00e0 base d'ac\u00e9tone ou une perceuse \u00e0 ongles.<\/li>\n<li class=\"p1\">Temps de durcissement :  Double lampe LED 30- 60 secondes, lampe UV -180 secondes<\/li>\n<\/ul>","protected":false},"excerpt":{"rendered":"<p>Victoria VYNN Salon Gel Polish<\/p>","protected":false},"featured_media":1703,"comment_status":"open","ping_status":"closed","template":"","meta":{"jetpack_post_was_ever_published":false,"jetpack_publicize_message":"","jetpack_publicize_feature_enabled":true,"jetpack_social_post_already_shared":false,"jetpack_social_options":{"image_generator_settings":{"template":"highway","default_image_id":0,"font":"","enabled":false},"version":2}},"product_brand":[],"product_cat":[17,55],"product_tag":[],"class_list":{"0":"post-1702","1":"product","2":"type-product","3":"status-publish","4":"has-post-thumbnail","6":"product_cat-professional-gel-nail-polish","7":"product_cat-best-gel-top-coats","8":"product_shipping_class-cardboard-box","10":"first","11":"instock","12":"taxable","13":"shipping-taxable","14":"purchasable","15":"product-type-simple"},"jetpack_publicize_connections":[],"jetpack-related-posts":[{"id":1700,"url":"https:\/\/victoriavynn.ca\/fr\/product\/victoria-vynn-salon-gel-polish-top-coat-shimmer-multicolor-no-wipe\/","url_meta":{"origin":1702,"position":0},"title":"Salon Gel Polish Top Coat No Wipe Shimmer Multicolor","author":"Serge Sahakian","date":"mars 17, 2020","format":false,"excerpt":"Victoria VYNN Salon Gel Polish","rel":"","context":"Similar post","block_context":{"text":"Similar post","link":""},"img":{"alt_text":"","src":"https:\/\/i0.wp.com\/victoriavynn.ca\/wp-content\/uploads\/2020\/03\/Top_Multicolor-rend.jpg?fit=753%2C753&ssl=1&resize=350%2C200","width":350,"height":200,"srcset":"https:\/\/i0.wp.com\/victoriavynn.ca\/wp-content\/uploads\/2020\/03\/Top_Multicolor-rend.jpg?fit=753%2C753&ssl=1&resize=350%2C200 1x, https:\/\/i0.wp.com\/victoriavynn.ca\/wp-content\/uploads\/2020\/03\/Top_Multicolor-rend.jpg?fit=753%2C753&ssl=1&resize=525%2C300 1.5x, https:\/\/i0.wp.com\/victoriavynn.ca\/wp-content\/uploads\/2020\/03\/Top_Multicolor-rend.jpg?fit=753%2C753&ssl=1&resize=700%2C400 2x"},"classes":[]},{"id":1698,"url":"https:\/\/victoriavynn.ca\/fr\/product\/victoria-vynn-salon-gel-polish-top-coat-matt-no-wipe\/","url_meta":{"origin":1702,"position":1},"title":"Salon Gel Polish Top Coat No Wipe MATT","author":"Serge Sahakian","date":"mars 17, 2020","format":false,"excerpt":"Victoria VYNN Salon Gel Polish","rel":"","context":"Similar post","block_context":{"text":"Similar post","link":""},"img":{"alt_text":"victoria vynn top coat matt","src":"https:\/\/i0.wp.com\/victoriavynn.ca\/wp-content\/uploads\/2020\/03\/victoria-vynn-top-coat-matt.webp?fit=750%2C1000&ssl=1&resize=350%2C200","width":350,"height":200,"srcset":"https:\/\/i0.wp.com\/victoriavynn.ca\/wp-content\/uploads\/2020\/03\/victoria-vynn-top-coat-matt.webp?fit=750%2C1000&ssl=1&resize=350%2C200 1x, https:\/\/i0.wp.com\/victoriavynn.ca\/wp-content\/uploads\/2020\/03\/victoria-vynn-top-coat-matt.webp?fit=750%2C1000&ssl=1&resize=525%2C300 1.5x, https:\/\/i0.wp.com\/victoriavynn.ca\/wp-content\/uploads\/2020\/03\/victoria-vynn-top-coat-matt.webp?fit=750%2C1000&ssl=1&resize=700%2C400 2x"},"classes":[]},{"id":1704,"url":"https:\/\/victoriavynn.ca\/fr\/product\/gel-unblue-top-coat-no-wipe\/","url_meta":{"origin":1702,"position":2},"title":"Salon Gel Polish Top Coat No Wipe UNBLUE","author":"Serge Sahakian","date":"mars 17, 2020","format":false,"excerpt":"Le Top Coat Ultimate Unblue ne s'essuie pas sans un reflet bleu. Donne aux ongles un effet brillant jusqu'\u00e0 5 semaines. Durci dans des lampes UV et LED. Top unblue est la finition parfaite pour les designs hybrides et en gel ainsi que pour le nail art. Particuli\u00e8rement recommand\u00e9 pour les couleurs fonc\u00e9es. Transparent...","rel":"","context":"Similar post","block_context":{"text":"Similar post","link":""},"img":{"alt_text":"Victoria VYNN Unblue Top Coat No Wipe","src":"https:\/\/i0.wp.com\/victoriavynn.ca\/wp-content\/uploads\/2020\/03\/unblue-top-coat-no-wipe.webp?fit=750%2C1000&ssl=1&resize=350%2C200","width":350,"height":200,"srcset":"https:\/\/i0.wp.com\/victoriavynn.ca\/wp-content\/uploads\/2020\/03\/unblue-top-coat-no-wipe.webp?fit=750%2C1000&ssl=1&resize=350%2C200 1x, https:\/\/i0.wp.com\/victoriavynn.ca\/wp-content\/uploads\/2020\/03\/unblue-top-coat-no-wipe.webp?fit=750%2C1000&ssl=1&resize=525%2C300 1.5x, https:\/\/i0.wp.com\/victoriavynn.ca\/wp-content\/uploads\/2020\/03\/unblue-top-coat-no-wipe.webp?fit=750%2C1000&ssl=1&resize=700%2C400 2x"},"classes":[]},{"id":24369,"url":"https:\/\/victoriavynn.ca\/fr\/product\/victoria-vynn-gel-polish-no-426-mocha-eclair\/","url_meta":{"origin":1702,"position":3},"title":"Victoria VYNN Gel Polish No. 426 Mocha \u00c9clair","author":"Serge Sahakian","date":"septembre 16, 2025","format":false,"excerpt":"Le vernis en gel n\u00b0 426 \"Mocha \u00c9clair\" est un riche brun caf\u00e9 avec un effet chat-eye scintillant, donnant aux ongles un aspect brillant, glac\u00e9 au chocolat. Avec sa formule auto-nivelante, son s\u00e9chage UV\/LED et son retrait facile par trempage, c'est le m\u00e9lange parfait d'\u00e9l\u00e9gance et de drame dans la collection Cherry on Top. Collection : Cherry on Top Cherry on...","rel":"","context":"Similar post","block_context":{"text":"Similar post","link":""},"img":{"alt_text":"victoria vynn salon gel polish cherry on top collection mocha eclaire 426","src":"https:\/\/i0.wp.com\/victoriavynn.ca\/wp-content\/uploads\/2025\/09\/victoria-vynn-salon-gel-polish-cherry-on-top-collection-mocha-eclaire-426.webp?fit=750%2C1000&ssl=1&resize=350%2C200","width":350,"height":200,"srcset":"https:\/\/i0.wp.com\/victoriavynn.ca\/wp-content\/uploads\/2025\/09\/victoria-vynn-salon-gel-polish-cherry-on-top-collection-mocha-eclaire-426.webp?fit=750%2C1000&ssl=1&resize=350%2C200 1x, https:\/\/i0.wp.com\/victoriavynn.ca\/wp-content\/uploads\/2025\/09\/victoria-vynn-salon-gel-polish-cherry-on-top-collection-mocha-eclaire-426.webp?fit=750%2C1000&ssl=1&resize=525%2C300 1.5x, https:\/\/i0.wp.com\/victoriavynn.ca\/wp-content\/uploads\/2025\/09\/victoria-vynn-salon-gel-polish-cherry-on-top-collection-mocha-eclaire-426.webp?fit=750%2C1000&ssl=1&resize=700%2C400 2x"},"classes":[]},{"id":24367,"url":"https:\/\/victoriavynn.ca\/fr\/product\/victoria-vynn-gel-polish-no-427-cat-eye-sparkle-brownie\/","url_meta":{"origin":1702,"position":4},"title":"Victoria VYNN Gel Polish No. 427 Cat Eye Sparkle Brownie","author":"Serge Sahakian","date":"septembre 16, 2025","format":false,"excerpt":"Le vernis en gel n\u00b0 426 \u201cMocha \u00c9clair\u201d est un riche brun caf\u00e9 avec un effet chat-eye scintillant, donnant aux ongles un aspect brillant et glac\u00e9 au chocolat. Avec sa formule auto-nivelante, son s\u00e9chage UV\/LED et son retrait facile par trempage, c'est le m\u00e9lange parfait d'\u00e9l\u00e9gance et de drame dans la collection Cherry on Top. Collection : Cherry on Top Collection Cherry on Top...","rel":"","context":"Similar post","block_context":{"text":"Similar post","link":""},"img":{"alt_text":"victoria vynn salon gel polish cherry on top collection sparkle brownie 427","src":"https:\/\/i0.wp.com\/victoriavynn.ca\/wp-content\/uploads\/2025\/09\/victoria-vynn-salon-gel-polish-cherry-on-top-collection-sparkle-brownie-427.webp?fit=750%2C1000&ssl=1&resize=350%2C200","width":350,"height":200,"srcset":"https:\/\/i0.wp.com\/victoriavynn.ca\/wp-content\/uploads\/2025\/09\/victoria-vynn-salon-gel-polish-cherry-on-top-collection-sparkle-brownie-427.webp?fit=750%2C1000&ssl=1&resize=350%2C200 1x, https:\/\/i0.wp.com\/victoriavynn.ca\/wp-content\/uploads\/2025\/09\/victoria-vynn-salon-gel-polish-cherry-on-top-collection-sparkle-brownie-427.webp?fit=750%2C1000&ssl=1&resize=525%2C300 1.5x, https:\/\/i0.wp.com\/victoriavynn.ca\/wp-content\/uploads\/2025\/09\/victoria-vynn-salon-gel-polish-cherry-on-top-collection-sparkle-brownie-427.webp?fit=750%2C1000&ssl=1&resize=700%2C400 2x"},"classes":[]},{"id":17531,"url":"https:\/\/victoriavynn.ca\/fr\/product\/victoria-vynn-oh-my-gloss-top-coat-no-wipe\/","url_meta":{"origin":1702,"position":5},"title":"Victoria VYNN Salon Gel Polish Oh ! My Gloss Top Coat No Wipe","author":"Serge Sahakian","date":"avril 10, 2024","format":false,"excerpt":"OH!MG ! \u00e7a vient...c'est l\u00e0 ! nouveau TOP GLOSS ! Peut-on am\u00e9liorer l'id\u00e9al ? Nous prouvons que OUI ! D\u00e9couvrez la nouvelle version du produit pr\u00e9f\u00e9r\u00e9 des proth\u00e9sistes ongulaires - TOP GLOSS - OH ! MY GLOSS. Une brillance intense sans essuyage. Un Top Coat qui garantit une finition manucure encore plus brillante et durable. Apporte...","rel":"","context":"Similar post","block_context":{"text":"Similar post","link":""},"img":{"alt_text":"Victoria VYNN Salon Gel Polish Top Coat Gloss Oh! My Gloss 8ml","src":"https:\/\/i0.wp.com\/victoriavynn.ca\/wp-content\/uploads\/2024\/04\/victoria-vynn-salon-gel-polish-top-coat-gloss-omg-8ml-oh-my-gloss-super-shine-top-coat.webp?fit=750%2C1000&ssl=1&resize=350%2C200","width":350,"height":200,"srcset":"https:\/\/i0.wp.com\/victoriavynn.ca\/wp-content\/uploads\/2024\/04\/victoria-vynn-salon-gel-polish-top-coat-gloss-omg-8ml-oh-my-gloss-super-shine-top-coat.webp?fit=750%2C1000&ssl=1&resize=350%2C200 1x, https:\/\/i0.wp.com\/victoriavynn.ca\/wp-content\/uploads\/2024\/04\/victoria-vynn-salon-gel-polish-top-coat-gloss-omg-8ml-oh-my-gloss-super-shine-top-coat.webp?fit=750%2C1000&ssl=1&resize=525%2C300 1.5x, https:\/\/i0.wp.com\/victoriavynn.ca\/wp-content\/uploads\/2024\/04\/victoria-vynn-salon-gel-polish-top-coat-gloss-omg-8ml-oh-my-gloss-super-shine-top-coat.webp?fit=750%2C1000&ssl=1&resize=700%2C400 2x"},"classes":[]}],"jetpack_sharing_enabled":true,"_links":{"self":[{"href":"https:\/\/victoriavynn.ca\/fr\/wp-json\/wp\/v2\/product\/1702","targetHints":{"allow":["GET"]}}],"collection":[{"href":"https:\/\/victoriavynn.ca\/fr\/wp-json\/wp\/v2\/product"}],"about":[{"href":"https:\/\/victoriavynn.ca\/fr\/wp-json\/wp\/v2\/types\/product"}],"replies":[{"embeddable":true,"href":"https:\/\/victoriavynn.ca\/fr\/wp-json\/wp\/v2\/comments?post=1702"}],"wp:featuredmedia":[{"embeddable":true,"href":"https:\/\/victoriavynn.ca\/fr\/wp-json\/wp\/v2\/media\/1703"}],"wp:attachment":[{"href":"https:\/\/victoriavynn.ca\/fr\/wp-json\/wp\/v2\/media?parent=1702"}],"wp:term":[{"taxonomy":"product_brand","embeddable":true,"href":"https:\/\/victoriavynn.ca\/fr\/wp-json\/wp\/v2\/product_brand?post=1702"},{"taxonomy":"product_cat","embeddable":true,"href":"https:\/\/victoriavynn.ca\/fr\/wp-json\/wp\/v2\/product_cat?post=1702"},{"taxonomy":"product_tag","embeddable":true,"href":"https:\/\/victoriavynn.ca\/fr\/wp-json\/wp\/v2\/product_tag?post=1702"}],"curies":[{"name":"wp","href":"https:\/\/api.w.org\/{rel}","templated":true}]}}