{"id":17053,"date":"2024-03-07T14:08:15","date_gmt":"2024-03-07T19:08:15","guid":{"rendered":"https:\/\/victoriavynn.ca\/product\/victoria-vynn-master-gel-display\/"},"modified":"2026-02-13T19:01:15","modified_gmt":"2026-02-14T00:01:15","slug":"victoria-vynn-master-gel-display","status":"publish","type":"product","link":"https:\/\/victoriavynn.ca\/fr\/product\/victoria-vynn-master-gel-display\/","title":{"rendered":"Victoria VYNN Master Gel Display"},"content":{"rendered":"","protected":false},"excerpt":{"rendered":"","protected":false},"featured_media":17054,"comment_status":"open","ping_status":"closed","template":"","meta":{"jetpack_post_was_ever_published":false,"jetpack_publicize_message":"","jetpack_publicize_feature_enabled":true,"jetpack_social_post_already_shared":false,"jetpack_social_options":{"image_generator_settings":{"template":"highway","default_image_id":0,"font":"","enabled":false},"version":2}},"product_brand":[],"product_cat":[31],"product_tag":[],"class_list":{"0":"post-17053","1":"product","2":"type-product","3":"status-publish","4":"has-post-thumbnail","6":"product_cat-nail-tools-and-accessories","8":"first","9":"instock","10":"taxable","11":"shipping-taxable","12":"purchasable","13":"product-type-simple"},"jetpack_publicize_connections":[],"jetpack-related-posts":[{"id":41595,"url":"https:\/\/victoriavynn.ca\/fr\/product\/victoria-vynn-luna-glass-gel-polish-collection-display\/","url_meta":{"origin":17053,"position":0},"title":"Victoria VYNN Luna Glass Gel Polish Collection Display","author":"Serge Sahakian","date":"novembre 19, 2025","format":false,"excerpt":"","rel":"","context":"Similar post","block_context":{"text":"Similar post","link":""},"img":{"alt_text":"","src":"https:\/\/i0.wp.com\/victoriavynn.ca\/wp-content\/uploads\/2025\/11\/color-chart-dis-gp-lunaglass-nail-art.jpg?fit=1200%2C1200&ssl=1&resize=350%2C200","width":350,"height":200,"srcset":"https:\/\/i0.wp.com\/victoriavynn.ca\/wp-content\/uploads\/2025\/11\/color-chart-dis-gp-lunaglass-nail-art.jpg?fit=1200%2C1200&ssl=1&resize=350%2C200 1x, https:\/\/i0.wp.com\/victoriavynn.ca\/wp-content\/uploads\/2025\/11\/color-chart-dis-gp-lunaglass-nail-art.jpg?fit=1200%2C1200&ssl=1&resize=525%2C300 1.5x, https:\/\/i0.wp.com\/victoriavynn.ca\/wp-content\/uploads\/2025\/11\/color-chart-dis-gp-lunaglass-nail-art.jpg?fit=1200%2C1200&ssl=1&resize=700%2C400 2x, https:\/\/i0.wp.com\/victoriavynn.ca\/wp-content\/uploads\/2025\/11\/color-chart-dis-gp-lunaglass-nail-art.jpg?fit=1200%2C1200&ssl=1&resize=1050%2C600 3x"},"classes":[]},{"id":48886,"url":"https:\/\/victoriavynn.ca\/fr\/product\/victoria-vynn-nail-tech-essentials-set-14-pack\/","url_meta":{"origin":17053,"position":1},"title":"Victoria VYNN Nail Tech Essentials Set 14 Pack","author":"Serge Sahakian","date":"f\u00e9vrier 11, 2026","format":false,"excerpt":"What\u2019s Inside the Set? \u00a0Nail Prep & Foundation Salon Nail Prep 15ml Tape Bond 8ml Mega Base Clear 8ml Gel Polish No. 214 Top Oh! My Gloss 8ml \u00a0Builder & Sculpting System Salon Build Gel Base 15ml Mousse Gel Coral Soft No.3 15ml Master Gel Milky White No.2 60g Master\u2026","rel":"","context":"Similar post","block_context":{"text":"Similar post","link":""},"img":{"alt_text":"BUILD GEL SET new","src":"https:\/\/i0.wp.com\/victoriavynn.ca\/wp-content\/uploads\/2026\/02\/build-gel-set-new.webp?fit=750%2C1000&ssl=1&resize=350%2C200","width":350,"height":200,"srcset":"https:\/\/i0.wp.com\/victoriavynn.ca\/wp-content\/uploads\/2026\/02\/build-gel-set-new.webp?fit=750%2C1000&ssl=1&resize=350%2C200 1x, https:\/\/i0.wp.com\/victoriavynn.ca\/wp-content\/uploads\/2026\/02\/build-gel-set-new.webp?fit=750%2C1000&ssl=1&resize=525%2C300 1.5x, https:\/\/i0.wp.com\/victoriavynn.ca\/wp-content\/uploads\/2026\/02\/build-gel-set-new.webp?fit=750%2C1000&ssl=1&resize=700%2C400 2x"},"classes":[]},{"id":49968,"url":"https:\/\/victoriavynn.ca\/fr\/product\/victoria-vynn-autumn-gel-polish-collection-color-charts-2-pieces-2\/","url_meta":{"origin":17053,"position":2},"title":"Victoria VYNN Collection de vernis en gel d'automne Nuancier 2 pi\u00e8ces","author":"Serge Sahakian","date":"f\u00e9vrier 19, 2026","format":false,"excerpt":"","rel":"","context":"Similar post","block_context":{"text":"Similar post","link":""},"img":{"alt_text":"","src":"https:\/\/i0.wp.com\/victoriavynn.ca\/wp-content\/uploads\/2026\/02\/color-charts-gp-autumn-2pcs-1.jpg?fit=1200%2C1200&ssl=1&resize=350%2C200","width":350,"height":200,"srcset":"https:\/\/i0.wp.com\/victoriavynn.ca\/wp-content\/uploads\/2026\/02\/color-charts-gp-autumn-2pcs-1.jpg?fit=1200%2C1200&ssl=1&resize=350%2C200 1x, https:\/\/i0.wp.com\/victoriavynn.ca\/wp-content\/uploads\/2026\/02\/color-charts-gp-autumn-2pcs-1.jpg?fit=1200%2C1200&ssl=1&resize=525%2C300 1.5x, https:\/\/i0.wp.com\/victoriavynn.ca\/wp-content\/uploads\/2026\/02\/color-charts-gp-autumn-2pcs-1.jpg?fit=1200%2C1200&ssl=1&resize=700%2C400 2x, https:\/\/i0.wp.com\/victoriavynn.ca\/wp-content\/uploads\/2026\/02\/color-charts-gp-autumn-2pcs-1.jpg?fit=1200%2C1200&ssl=1&resize=1050%2C600 3x"},"classes":[]},{"id":47989,"url":"https:\/\/victoriavynn.ca\/fr\/product\/victoria-vynn-8-pack-ladies-love-red-gel-polish-439-444-oh-my-gloss-top-coat-matte\/","url_meta":{"origin":17053,"position":3},"title":"Victoria VYNN 8 Pack Ladies Love Red Gel Polish 439-444 + Oh ! My Gloss &amp; Top Coat Matte","author":"Serge Sahakian","date":"f\u00e9vrier 2, 2026","format":false,"excerpt":"La collection de vernis en gel Victoria VYNN Ladies Love Red est une gamme de vernis en gel professionnelle cr\u00e9\u00e9e pour les techniciennes en ongles et les amoureuses de la beaut\u00e9 \u00e0 travers le Canada. Cette collection embl\u00e9matique comprend six teintes rouges puissantes, chacune con\u00e7ue pour offrir une couleur intense, une application impeccable et une brillance durable. Collection : Ladies Love Red Le kit comprend : Victoria...","rel":"","context":"Similar post","block_context":{"text":"Similar post","link":""},"img":{"alt_text":"8 PACK LADIES LOVE RED","src":"https:\/\/i0.wp.com\/victoriavynn.ca\/wp-content\/uploads\/2026\/02\/8-pack-ladies-love-red.webp?fit=750%2C1000&ssl=1&resize=350%2C200","width":350,"height":200,"srcset":"https:\/\/i0.wp.com\/victoriavynn.ca\/wp-content\/uploads\/2026\/02\/8-pack-ladies-love-red.webp?fit=750%2C1000&ssl=1&resize=350%2C200 1x, https:\/\/i0.wp.com\/victoriavynn.ca\/wp-content\/uploads\/2026\/02\/8-pack-ladies-love-red.webp?fit=750%2C1000&ssl=1&resize=525%2C300 1.5x, https:\/\/i0.wp.com\/victoriavynn.ca\/wp-content\/uploads\/2026\/02\/8-pack-ladies-love-red.webp?fit=750%2C1000&ssl=1&resize=700%2C400 2x"},"classes":[]},{"id":47987,"url":"https:\/\/victoriavynn.ca\/fr\/product\/victoria-vynn-top-matte-no-wipe\/","url_meta":{"origin":17053,"position":4},"title":"Victoria VYNN Gel Polish Top Coat No Wipe Matte 2.0","author":"Serge Sahakian","date":"f\u00e9vrier 2, 2026","format":false,"excerpt":"Victoria VYNN Top Matte No Wipe offre une finition velout\u00e9e et mate sans essuyage et une tenue durable, digne d'un salon de coiffure. Sp\u00e9cification du produit :","rel":"","context":"Similar post","block_context":{"text":"Similar post","link":""},"img":{"alt_text":"victoria vynn top matte new version 2.0","src":"https:\/\/i0.wp.com\/victoriavynn.ca\/wp-content\/uploads\/2026\/02\/victoria-vynn-top-matte-new-version-2.0.webp?fit=750%2C1000&ssl=1&resize=350%2C200","width":350,"height":200,"srcset":"https:\/\/i0.wp.com\/victoriavynn.ca\/wp-content\/uploads\/2026\/02\/victoria-vynn-top-matte-new-version-2.0.webp?fit=750%2C1000&ssl=1&resize=350%2C200 1x, https:\/\/i0.wp.com\/victoriavynn.ca\/wp-content\/uploads\/2026\/02\/victoria-vynn-top-matte-new-version-2.0.webp?fit=750%2C1000&ssl=1&resize=525%2C300 1.5x, https:\/\/i0.wp.com\/victoriavynn.ca\/wp-content\/uploads\/2026\/02\/victoria-vynn-top-matte-new-version-2.0.webp?fit=750%2C1000&ssl=1&resize=700%2C400 2x"},"classes":[]},{"id":48323,"url":"https:\/\/victoriavynn.ca\/fr\/product\/victoria-vynn-starter-kit-7-2-free\/","url_meta":{"origin":17053,"position":5},"title":"Victoria VYNN 9 Pack Starter Kit 2026","author":"Serge Sahakian","date":"f\u00e9vrier 6, 2026","format":false,"excerpt":"Que contient le pack de 9 ? \u2714 PR\u00c9PARATION Salon Nail Prep 15 ml - D\u00e9shydrate efficacement la plaque de l'ongle naturel pour une adh\u00e9rence maximale. Gel Polish Tape Bond 8 ml - Primaire d'adh\u00e9rence sans acide pour une tenue longue dur\u00e9e. \u2714 BASE SYSTEM Boost Base Clearell 8 ml - Base renfor\u00e7ante autonivelante. Mega Base Cold...","rel":"","context":"Similar post","block_context":{"text":"Similar post","link":""},"img":{"alt_text":"victoria vynn 9 pack","src":"https:\/\/i0.wp.com\/victoriavynn.ca\/wp-content\/uploads\/2026\/02\/victoria-vynn-9-pack-.webp?fit=750%2C1000&ssl=1&resize=350%2C200","width":350,"height":200,"srcset":"https:\/\/i0.wp.com\/victoriavynn.ca\/wp-content\/uploads\/2026\/02\/victoria-vynn-9-pack-.webp?fit=750%2C1000&ssl=1&resize=350%2C200 1x, https:\/\/i0.wp.com\/victoriavynn.ca\/wp-content\/uploads\/2026\/02\/victoria-vynn-9-pack-.webp?fit=750%2C1000&ssl=1&resize=525%2C300 1.5x, https:\/\/i0.wp.com\/victoriavynn.ca\/wp-content\/uploads\/2026\/02\/victoria-vynn-9-pack-.webp?fit=750%2C1000&ssl=1&resize=700%2C400 2x"},"classes":[]}],"jetpack_sharing_enabled":true,"_links":{"self":[{"href":"https:\/\/victoriavynn.ca\/fr\/wp-json\/wp\/v2\/product\/17053","targetHints":{"allow":["GET"]}}],"collection":[{"href":"https:\/\/victoriavynn.ca\/fr\/wp-json\/wp\/v2\/product"}],"about":[{"href":"https:\/\/victoriavynn.ca\/fr\/wp-json\/wp\/v2\/types\/product"}],"replies":[{"embeddable":true,"href":"https:\/\/victoriavynn.ca\/fr\/wp-json\/wp\/v2\/comments?post=17053"}],"wp:featuredmedia":[{"embeddable":true,"href":"https:\/\/victoriavynn.ca\/fr\/wp-json\/wp\/v2\/media\/17054"}],"wp:attachment":[{"href":"https:\/\/victoriavynn.ca\/fr\/wp-json\/wp\/v2\/media?parent=17053"}],"wp:term":[{"taxonomy":"product_brand","embeddable":true,"href":"https:\/\/victoriavynn.ca\/fr\/wp-json\/wp\/v2\/product_brand?post=17053"},{"taxonomy":"product_cat","embeddable":true,"href":"https:\/\/victoriavynn.ca\/fr\/wp-json\/wp\/v2\/product_cat?post=17053"},{"taxonomy":"product_tag","embeddable":true,"href":"https:\/\/victoriavynn.ca\/fr\/wp-json\/wp\/v2\/product_tag?post=17053"}],"curies":[{"name":"wp","href":"https:\/\/api.w.org\/{rel}","templated":true}]}}