{"id":17116,"date":"2024-03-09T20:18:08","date_gmt":"2024-03-10T01:18:08","guid":{"rendered":"https:\/\/victoriavynn.ca\/product\/victoria-vynn-color-chart-pure-creamy-hybrid-gel-polish-earthy-collection-242-249\/"},"modified":"2026-02-13T18:38:38","modified_gmt":"2026-02-13T23:38:38","slug":"victoria-vynn-color-chart-pure-creamy-hybrid-gel-polish-earthy-collection-242-249","status":"publish","type":"product","link":"https:\/\/victoriavynn.ca\/fr\/product\/victoria-vynn-color-chart-pure-creamy-hybrid-gel-polish-earthy-collection-242-249\/","title":{"rendered":"Victoria VYNN Color Chart Pure Creamy Hybrid Gel Polish Earthy Collection 242 - 249"},"content":{"rendered":"","protected":false},"excerpt":{"rendered":"","protected":false},"featured_media":17117,"comment_status":"open","ping_status":"closed","template":"","meta":{"jetpack_post_was_ever_published":false,"jetpack_publicize_message":"","jetpack_publicize_feature_enabled":true,"jetpack_social_post_already_shared":false,"jetpack_social_options":{"image_generator_settings":{"template":"highway","default_image_id":0,"font":"","enabled":false},"version":2}},"product_brand":[],"product_cat":[31],"product_tag":[],"class_list":{"0":"post-17116","1":"product","2":"type-product","3":"status-publish","4":"has-post-thumbnail","6":"product_cat-nail-tools-and-accessories","7":"product_shipping_class-cardboard-box","9":"first","10":"instock","11":"taxable","12":"shipping-taxable","13":"purchasable","14":"product-type-simple"},"jetpack_publicize_connections":[],"jetpack-related-posts":[{"id":16073,"url":"https:\/\/victoriavynn.ca\/fr\/product\/victoria-vynn-pure-creamy-hybrid-gel-polish-no-242-dreamlike-marble\/","url_meta":{"origin":17116,"position":0},"title":"Victoria VYNN Pure Creamy Hybrid Gel Polish No. 242 Dreamlike Marble","author":"Serge Sahakian","date":"octobre 19, 2023","format":false,"excerpt":"","rel":"","context":"Similar post","block_context":{"text":"Similar post","link":""},"img":{"alt_text":"victoria vynn pure creamy hybrid fall 2023 earthy collection no. 242 dreamlike marble","src":"https:\/\/i0.wp.com\/victoriavynn.ca\/wp-content\/uploads\/2023\/10\/victoria-vynn-pure-creamy-hybrid-fall-2023-earthy-collection-no.-242-dreamlike-marble.webp?fit=750%2C1000&ssl=1&resize=350%2C200","width":350,"height":200,"srcset":"https:\/\/i0.wp.com\/victoriavynn.ca\/wp-content\/uploads\/2023\/10\/victoria-vynn-pure-creamy-hybrid-fall-2023-earthy-collection-no.-242-dreamlike-marble.webp?fit=750%2C1000&ssl=1&resize=350%2C200 1x, https:\/\/i0.wp.com\/victoriavynn.ca\/wp-content\/uploads\/2023\/10\/victoria-vynn-pure-creamy-hybrid-fall-2023-earthy-collection-no.-242-dreamlike-marble.webp?fit=750%2C1000&ssl=1&resize=525%2C300 1.5x, https:\/\/i0.wp.com\/victoriavynn.ca\/wp-content\/uploads\/2023\/10\/victoria-vynn-pure-creamy-hybrid-fall-2023-earthy-collection-no.-242-dreamlike-marble.webp?fit=750%2C1000&ssl=1&resize=700%2C400 2x"},"classes":[]},{"id":16080,"url":"https:\/\/victoriavynn.ca\/fr\/product\/victoria-vynn-pure-red-fall-nails-249\/","url_meta":{"origin":17116,"position":1},"title":"Victoria VYNN Pure Creamy Hybrid Gel Polish No. 249 Fiery Leaf (Feuille de feu)","author":"Serge Sahakian","date":"octobre 19, 2023","format":false,"excerpt":"Ongles rouges d'automne ! Pr\u00e9parez-vous pour l'automne avec de superbes ongles rouges en gel : Une tendance incontournable. La couleur id\u00e9ale des ongles d'automne rouge orang\u00e9.  Embrassez le temps douillet et montrez votre c\u00f4t\u00e9 \u00e9l\u00e9gant avec cette audacieuse et belle couleur d'ongles d'automne en gel rouge. Collection : Pure Creamy...","rel":"","context":"Similar post","block_context":{"text":"Similar post","link":""},"img":{"alt_text":"victoria vynn pure creamy hybrid red fall nails earthy collection no. 249 fierry leaf","src":"https:\/\/i0.wp.com\/victoriavynn.ca\/wp-content\/uploads\/2023\/10\/victoria-vynn-pure-creamy-hybrid-fall-2023-earthy-collection-no.-249-fierry-leaf.webp?fit=750%2C1000&ssl=1&resize=350%2C200","width":350,"height":200,"srcset":"https:\/\/i0.wp.com\/victoriavynn.ca\/wp-content\/uploads\/2023\/10\/victoria-vynn-pure-creamy-hybrid-fall-2023-earthy-collection-no.-249-fierry-leaf.webp?fit=750%2C1000&ssl=1&resize=350%2C200 1x, https:\/\/i0.wp.com\/victoriavynn.ca\/wp-content\/uploads\/2023\/10\/victoria-vynn-pure-creamy-hybrid-fall-2023-earthy-collection-no.-249-fierry-leaf.webp?fit=750%2C1000&ssl=1&resize=525%2C300 1.5x, https:\/\/i0.wp.com\/victoriavynn.ca\/wp-content\/uploads\/2023\/10\/victoria-vynn-pure-creamy-hybrid-fall-2023-earthy-collection-no.-249-fierry-leaf.webp?fit=750%2C1000&ssl=1&resize=700%2C400 2x"},"classes":[]},{"id":16074,"url":"https:\/\/victoriavynn.ca\/fr\/product\/victoria-vynn-pure-creamy-hybrid-gel-polish-no-243-desert-sand\/","url_meta":{"origin":17116,"position":2},"title":"Victoria VYNN Pure Creamy Hybrid Gel Polish No. 243 Desert Sand","author":"Serge Sahakian","date":"octobre 19, 2023","format":false,"excerpt":"","rel":"","context":"Similar post","block_context":{"text":"Similar post","link":""},"img":{"alt_text":"victoria vynn pure creamy hybrid fall 2023 earthy collection no. 243 desert sand","src":"https:\/\/i0.wp.com\/victoriavynn.ca\/wp-content\/uploads\/2023\/10\/victoria-vynn-pure-creamy-hybrid-fall-2023-earthy-collection-no.-243-desert-sand.webp?fit=750%2C1000&ssl=1&resize=350%2C200","width":350,"height":200,"srcset":"https:\/\/i0.wp.com\/victoriavynn.ca\/wp-content\/uploads\/2023\/10\/victoria-vynn-pure-creamy-hybrid-fall-2023-earthy-collection-no.-243-desert-sand.webp?fit=750%2C1000&ssl=1&resize=350%2C200 1x, https:\/\/i0.wp.com\/victoriavynn.ca\/wp-content\/uploads\/2023\/10\/victoria-vynn-pure-creamy-hybrid-fall-2023-earthy-collection-no.-243-desert-sand.webp?fit=750%2C1000&ssl=1&resize=525%2C300 1.5x, https:\/\/i0.wp.com\/victoriavynn.ca\/wp-content\/uploads\/2023\/10\/victoria-vynn-pure-creamy-hybrid-fall-2023-earthy-collection-no.-243-desert-sand.webp?fit=750%2C1000&ssl=1&resize=700%2C400 2x"},"classes":[]},{"id":16075,"url":"https:\/\/victoriavynn.ca\/fr\/product\/victoria-vynn-pure-creamy-hybrid-gel-polish-no-244-field-wind\/","url_meta":{"origin":17116,"position":3},"title":"Victoria VYNN Pure Creamy Hybrid Gel Polish No. 244 Field Wind (vent des champs)","author":"Serge Sahakian","date":"octobre 19, 2023","format":false,"excerpt":"","rel":"","context":"Similar post","block_context":{"text":"Similar post","link":""},"img":{"alt_text":"victoria vynn pure creamy hybrid fall 2023 earthy collection no. 244 field wind","src":"https:\/\/i0.wp.com\/victoriavynn.ca\/wp-content\/uploads\/2023\/10\/victoria-vynn-pure-creamy-hybrid-fall-2023-earthy-collection-no.-244-field-wind.webp?fit=750%2C1000&ssl=1&resize=350%2C200","width":350,"height":200,"srcset":"https:\/\/i0.wp.com\/victoriavynn.ca\/wp-content\/uploads\/2023\/10\/victoria-vynn-pure-creamy-hybrid-fall-2023-earthy-collection-no.-244-field-wind.webp?fit=750%2C1000&ssl=1&resize=350%2C200 1x, https:\/\/i0.wp.com\/victoriavynn.ca\/wp-content\/uploads\/2023\/10\/victoria-vynn-pure-creamy-hybrid-fall-2023-earthy-collection-no.-244-field-wind.webp?fit=750%2C1000&ssl=1&resize=525%2C300 1.5x, https:\/\/i0.wp.com\/victoriavynn.ca\/wp-content\/uploads\/2023\/10\/victoria-vynn-pure-creamy-hybrid-fall-2023-earthy-collection-no.-244-field-wind.webp?fit=750%2C1000&ssl=1&resize=700%2C400 2x"},"classes":[]},{"id":16076,"url":"https:\/\/victoriavynn.ca\/fr\/product\/victoria-vynn-pure-creamy-hybrid-gel-polish-no-245-crystal-stone\/","url_meta":{"origin":17116,"position":4},"title":"Victoria VYNN Pure Creamy Hybrid Gel Polish No. 245 Crystal Stone","author":"Serge Sahakian","date":"octobre 19, 2023","format":false,"excerpt":"","rel":"","context":"Similar post","block_context":{"text":"Similar post","link":""},"img":{"alt_text":"victoria vynn pure creamy hybrid fall 2023 earthy collection no. 245 crystal stone","src":"https:\/\/i0.wp.com\/victoriavynn.ca\/wp-content\/uploads\/2023\/10\/victoria-vynn-pure-creamy-hybrid-fall-2023-earthy-collection-no.-245-crystal-stone.webp?fit=750%2C1000&ssl=1&resize=350%2C200","width":350,"height":200,"srcset":"https:\/\/i0.wp.com\/victoriavynn.ca\/wp-content\/uploads\/2023\/10\/victoria-vynn-pure-creamy-hybrid-fall-2023-earthy-collection-no.-245-crystal-stone.webp?fit=750%2C1000&ssl=1&resize=350%2C200 1x, https:\/\/i0.wp.com\/victoriavynn.ca\/wp-content\/uploads\/2023\/10\/victoria-vynn-pure-creamy-hybrid-fall-2023-earthy-collection-no.-245-crystal-stone.webp?fit=750%2C1000&ssl=1&resize=525%2C300 1.5x, https:\/\/i0.wp.com\/victoriavynn.ca\/wp-content\/uploads\/2023\/10\/victoria-vynn-pure-creamy-hybrid-fall-2023-earthy-collection-no.-245-crystal-stone.webp?fit=750%2C1000&ssl=1&resize=700%2C400 2x"},"classes":[]},{"id":16077,"url":"https:\/\/victoriavynn.ca\/fr\/product\/victoria-vynn-pure-creamy-hybrid-gel-polish-no-246-deep-sea\/","url_meta":{"origin":17116,"position":5},"title":"Victoria VYNN Pure Creamy Hybrid Gel Polish No. 246 Deep Sea","author":"Serge Sahakian","date":"octobre 19, 2023","format":false,"excerpt":"","rel":"","context":"Similar post","block_context":{"text":"Similar post","link":""},"img":{"alt_text":"victoria vynn pure creamy hybrid fall 2023 earthy collection no. 246 deep sea","src":"https:\/\/i0.wp.com\/victoriavynn.ca\/wp-content\/uploads\/2023\/10\/victoria-vynn-pure-creamy-hybrid-fall-2023-earthy-collection-no.-246-deep-sea.webp?fit=750%2C1000&ssl=1&resize=350%2C200","width":350,"height":200,"srcset":"https:\/\/i0.wp.com\/victoriavynn.ca\/wp-content\/uploads\/2023\/10\/victoria-vynn-pure-creamy-hybrid-fall-2023-earthy-collection-no.-246-deep-sea.webp?fit=750%2C1000&ssl=1&resize=350%2C200 1x, https:\/\/i0.wp.com\/victoriavynn.ca\/wp-content\/uploads\/2023\/10\/victoria-vynn-pure-creamy-hybrid-fall-2023-earthy-collection-no.-246-deep-sea.webp?fit=750%2C1000&ssl=1&resize=525%2C300 1.5x, https:\/\/i0.wp.com\/victoriavynn.ca\/wp-content\/uploads\/2023\/10\/victoria-vynn-pure-creamy-hybrid-fall-2023-earthy-collection-no.-246-deep-sea.webp?fit=750%2C1000&ssl=1&resize=700%2C400 2x"},"classes":[]}],"jetpack_sharing_enabled":true,"_links":{"self":[{"href":"https:\/\/victoriavynn.ca\/fr\/wp-json\/wp\/v2\/product\/17116","targetHints":{"allow":["GET"]}}],"collection":[{"href":"https:\/\/victoriavynn.ca\/fr\/wp-json\/wp\/v2\/product"}],"about":[{"href":"https:\/\/victoriavynn.ca\/fr\/wp-json\/wp\/v2\/types\/product"}],"replies":[{"embeddable":true,"href":"https:\/\/victoriavynn.ca\/fr\/wp-json\/wp\/v2\/comments?post=17116"}],"wp:featuredmedia":[{"embeddable":true,"href":"https:\/\/victoriavynn.ca\/fr\/wp-json\/wp\/v2\/media\/17117"}],"wp:attachment":[{"href":"https:\/\/victoriavynn.ca\/fr\/wp-json\/wp\/v2\/media?parent=17116"}],"wp:term":[{"taxonomy":"product_brand","embeddable":true,"href":"https:\/\/victoriavynn.ca\/fr\/wp-json\/wp\/v2\/product_brand?post=17116"},{"taxonomy":"product_cat","embeddable":true,"href":"https:\/\/victoriavynn.ca\/fr\/wp-json\/wp\/v2\/product_cat?post=17116"},{"taxonomy":"product_tag","embeddable":true,"href":"https:\/\/victoriavynn.ca\/fr\/wp-json\/wp\/v2\/product_tag?post=17116"}],"curies":[{"name":"wp","href":"https:\/\/api.w.org\/{rel}","templated":true}]}}