{"id":17464,"date":"2024-04-07T22:09:43","date_gmt":"2024-04-08T02:09:43","guid":{"rendered":"https:\/\/victoriavynn.ca\/product\/victoria-vynn-gel-polish-top-coat-no-wipe-holo\/"},"modified":"2026-04-01T19:15:26","modified_gmt":"2026-04-01T23:15:26","slug":"victoria-vynn-gel-polish-top-coat-no-wipe-holo","status":"publish","type":"product","link":"https:\/\/victoriavynn.ca\/fr\/product\/victoria-vynn-gel-polish-top-coat-no-wipe-holo\/","title":{"rendered":"Victoria VYNN Gel Polish Top Coat No Wipe Holo"},"content":{"rendered":"","protected":false},"excerpt":{"rendered":"","protected":false},"featured_media":17465,"comment_status":"open","ping_status":"closed","template":"","meta":{"jetpack_post_was_ever_published":false,"jetpack_publicize_message":"","jetpack_publicize_feature_enabled":true,"jetpack_social_post_already_shared":true,"jetpack_social_options":{"image_generator_settings":{"template":"highway","default_image_id":0,"font":"","enabled":false},"version":2}},"product_brand":[],"product_cat":[55],"product_tag":[],"class_list":{"0":"post-17464","1":"product","2":"type-product","3":"status-publish","4":"has-post-thumbnail","6":"product_cat-best-gel-top-coats","8":"first","9":"instock","10":"taxable","11":"shipping-taxable","12":"purchasable","13":"product-type-simple"},"jetpack_publicize_connections":[],"jetpack-related-posts":[{"id":17462,"url":"https:\/\/victoriavynn.ca\/fr\/product\/victoria-vynn-gel-polish-top-coat-no-wipe-gold\/","url_meta":{"origin":17464,"position":0},"title":"Victoria VYNN Gel Polish Top Coat No Wipe Gold","author":"Serge Sahakian","date":"avril 7, 2024","format":false,"excerpt":"","rel":"","context":"Similar post","block_context":{"text":"Similar post","link":""},"img":{"alt_text":"","src":"https:\/\/i0.wp.com\/victoriavynn.ca\/wp-content\/uploads\/2024\/04\/vynn_gp_top-no-wipe-shimmer-gold_s.png?fit=1200%2C1200&ssl=1&resize=350%2C200","width":350,"height":200,"srcset":"https:\/\/i0.wp.com\/victoriavynn.ca\/wp-content\/uploads\/2024\/04\/vynn_gp_top-no-wipe-shimmer-gold_s.png?fit=1200%2C1200&ssl=1&resize=350%2C200 1x, https:\/\/i0.wp.com\/victoriavynn.ca\/wp-content\/uploads\/2024\/04\/vynn_gp_top-no-wipe-shimmer-gold_s.png?fit=1200%2C1200&ssl=1&resize=525%2C300 1.5x, https:\/\/i0.wp.com\/victoriavynn.ca\/wp-content\/uploads\/2024\/04\/vynn_gp_top-no-wipe-shimmer-gold_s.png?fit=1200%2C1200&ssl=1&resize=700%2C400 2x, https:\/\/i0.wp.com\/victoriavynn.ca\/wp-content\/uploads\/2024\/04\/vynn_gp_top-no-wipe-shimmer-gold_s.png?fit=1200%2C1200&ssl=1&resize=1050%2C600 3x"},"classes":[]},{"id":1698,"url":"https:\/\/victoriavynn.ca\/fr\/product\/victoria-vynn-salon-gel-polish-top-coat-matt-no-wipe\/","url_meta":{"origin":17464,"position":1},"title":"Salon Gel Polish Top Coat No Wipe MATT","author":"Serge Sahakian","date":"mars 17, 2020","format":false,"excerpt":"Victoria VYNN Salon Gel Polish","rel":"","context":"Similar post","block_context":{"text":"Similar post","link":""},"img":{"alt_text":"victoria vynn top coat matt","src":"https:\/\/i0.wp.com\/victoriavynn.ca\/wp-content\/uploads\/2020\/03\/victoria-vynn-top-coat-matt.webp?fit=750%2C1000&ssl=1&resize=350%2C200","width":350,"height":200,"srcset":"https:\/\/i0.wp.com\/victoriavynn.ca\/wp-content\/uploads\/2020\/03\/victoria-vynn-top-coat-matt.webp?fit=750%2C1000&ssl=1&resize=350%2C200 1x, https:\/\/i0.wp.com\/victoriavynn.ca\/wp-content\/uploads\/2020\/03\/victoria-vynn-top-coat-matt.webp?fit=750%2C1000&ssl=1&resize=525%2C300 1.5x, https:\/\/i0.wp.com\/victoriavynn.ca\/wp-content\/uploads\/2020\/03\/victoria-vynn-top-coat-matt.webp?fit=750%2C1000&ssl=1&resize=700%2C400 2x"},"classes":[]},{"id":1700,"url":"https:\/\/victoriavynn.ca\/fr\/product\/victoria-vynn-salon-gel-polish-top-coat-shimmer-multicolor-no-wipe\/","url_meta":{"origin":17464,"position":2},"title":"Salon Gel Polish Top Coat No Wipe Shimmer Multicolor","author":"Serge Sahakian","date":"mars 17, 2020","format":false,"excerpt":"Victoria VYNN Salon Gel Polish","rel":"","context":"Similar post","block_context":{"text":"Similar post","link":""},"img":{"alt_text":"","src":"https:\/\/i0.wp.com\/victoriavynn.ca\/wp-content\/uploads\/2020\/03\/Top_Multicolor-rend.jpg?fit=753%2C753&ssl=1&resize=350%2C200","width":350,"height":200,"srcset":"https:\/\/i0.wp.com\/victoriavynn.ca\/wp-content\/uploads\/2020\/03\/Top_Multicolor-rend.jpg?fit=753%2C753&ssl=1&resize=350%2C200 1x, https:\/\/i0.wp.com\/victoriavynn.ca\/wp-content\/uploads\/2020\/03\/Top_Multicolor-rend.jpg?fit=753%2C753&ssl=1&resize=525%2C300 1.5x, https:\/\/i0.wp.com\/victoriavynn.ca\/wp-content\/uploads\/2020\/03\/Top_Multicolor-rend.jpg?fit=753%2C753&ssl=1&resize=700%2C400 2x"},"classes":[]},{"id":47987,"url":"https:\/\/victoriavynn.ca\/fr\/product\/victoria-vynn-top-matte-no-wipe\/","url_meta":{"origin":17464,"position":3},"title":"Victoria VYNN Gel Polish Top Coat No Wipe Matte 2.0","author":"Serge Sahakian","date":"f\u00e9vrier 2, 2026","format":false,"excerpt":"Victoria VYNN Top Matte No Wipe offre une finition velout\u00e9e et mate sans essuyage et une tenue durable, digne d'un salon de coiffure. Sp\u00e9cification du produit :","rel":"","context":"Similar post","block_context":{"text":"Similar post","link":""},"img":{"alt_text":"victoria vynn top matte new version 2.0","src":"https:\/\/i0.wp.com\/victoriavynn.ca\/wp-content\/uploads\/2026\/02\/victoria-vynn-top-matte-new-version-2.0.webp?fit=750%2C1000&ssl=1&resize=350%2C200","width":350,"height":200,"srcset":"https:\/\/i0.wp.com\/victoriavynn.ca\/wp-content\/uploads\/2026\/02\/victoria-vynn-top-matte-new-version-2.0.webp?fit=750%2C1000&ssl=1&resize=350%2C200 1x, https:\/\/i0.wp.com\/victoriavynn.ca\/wp-content\/uploads\/2026\/02\/victoria-vynn-top-matte-new-version-2.0.webp?fit=750%2C1000&ssl=1&resize=525%2C300 1.5x, https:\/\/i0.wp.com\/victoriavynn.ca\/wp-content\/uploads\/2026\/02\/victoria-vynn-top-matte-new-version-2.0.webp?fit=750%2C1000&ssl=1&resize=700%2C400 2x"},"classes":[]},{"id":1702,"url":"https:\/\/victoriavynn.ca\/fr\/product\/victoria-vynn-salon-gel-polish-top-coat-shimmer-purple-no-wipe\/","url_meta":{"origin":17464,"position":4},"title":"Salon Gel Polish Top Coat No Wipe Shimmer Purple","author":"Serge Sahakian","date":"mars 17, 2020","format":false,"excerpt":"Victoria VYNN Salon Gel Polish","rel":"","context":"Similar post","block_context":{"text":"Similar post","link":""},"img":{"alt_text":"","src":"https:\/\/i0.wp.com\/victoriavynn.ca\/wp-content\/uploads\/2020\/03\/Top_Purple.jpg?fit=753%2C753&ssl=1&resize=350%2C200","width":350,"height":200,"srcset":"https:\/\/i0.wp.com\/victoriavynn.ca\/wp-content\/uploads\/2020\/03\/Top_Purple.jpg?fit=753%2C753&ssl=1&resize=350%2C200 1x, https:\/\/i0.wp.com\/victoriavynn.ca\/wp-content\/uploads\/2020\/03\/Top_Purple.jpg?fit=753%2C753&ssl=1&resize=525%2C300 1.5x, https:\/\/i0.wp.com\/victoriavynn.ca\/wp-content\/uploads\/2020\/03\/Top_Purple.jpg?fit=753%2C753&ssl=1&resize=700%2C400 2x"},"classes":[]},{"id":4054,"url":"https:\/\/victoriavynn.ca\/fr\/product\/victoria-vynn-top-coat-matt-pepper-no-wipe\/","url_meta":{"origin":17464,"position":5},"title":"Top Coat Matt Pepper No Wipe","author":"Serge Sahakian","date":"septembre 2, 2022","format":false,"excerpt":"","rel":"","context":"Similar post","block_context":{"text":"Similar post","link":""},"img":{"alt_text":"","src":"https:\/\/i0.wp.com\/victoriavynn.ca\/wp-content\/uploads\/2022\/09\/gel-polish-top-matt-pepper-no-wipe-8ml.jpeg?fit=1200%2C1200&ssl=1&resize=350%2C200","width":350,"height":200,"srcset":"https:\/\/i0.wp.com\/victoriavynn.ca\/wp-content\/uploads\/2022\/09\/gel-polish-top-matt-pepper-no-wipe-8ml.jpeg?fit=1200%2C1200&ssl=1&resize=350%2C200 1x, https:\/\/i0.wp.com\/victoriavynn.ca\/wp-content\/uploads\/2022\/09\/gel-polish-top-matt-pepper-no-wipe-8ml.jpeg?fit=1200%2C1200&ssl=1&resize=525%2C300 1.5x, https:\/\/i0.wp.com\/victoriavynn.ca\/wp-content\/uploads\/2022\/09\/gel-polish-top-matt-pepper-no-wipe-8ml.jpeg?fit=1200%2C1200&ssl=1&resize=700%2C400 2x, https:\/\/i0.wp.com\/victoriavynn.ca\/wp-content\/uploads\/2022\/09\/gel-polish-top-matt-pepper-no-wipe-8ml.jpeg?fit=1200%2C1200&ssl=1&resize=1050%2C600 3x"},"classes":[]}],"jetpack_sharing_enabled":true,"_links":{"self":[{"href":"https:\/\/victoriavynn.ca\/fr\/wp-json\/wp\/v2\/product\/17464","targetHints":{"allow":["GET"]}}],"collection":[{"href":"https:\/\/victoriavynn.ca\/fr\/wp-json\/wp\/v2\/product"}],"about":[{"href":"https:\/\/victoriavynn.ca\/fr\/wp-json\/wp\/v2\/types\/product"}],"replies":[{"embeddable":true,"href":"https:\/\/victoriavynn.ca\/fr\/wp-json\/wp\/v2\/comments?post=17464"}],"wp:featuredmedia":[{"embeddable":true,"href":"https:\/\/victoriavynn.ca\/fr\/wp-json\/wp\/v2\/media\/17465"}],"wp:attachment":[{"href":"https:\/\/victoriavynn.ca\/fr\/wp-json\/wp\/v2\/media?parent=17464"}],"wp:term":[{"taxonomy":"product_brand","embeddable":true,"href":"https:\/\/victoriavynn.ca\/fr\/wp-json\/wp\/v2\/product_brand?post=17464"},{"taxonomy":"product_cat","embeddable":true,"href":"https:\/\/victoriavynn.ca\/fr\/wp-json\/wp\/v2\/product_cat?post=17464"},{"taxonomy":"product_tag","embeddable":true,"href":"https:\/\/victoriavynn.ca\/fr\/wp-json\/wp\/v2\/product_tag?post=17464"}],"curies":[{"name":"wp","href":"https:\/\/api.w.org\/{rel}","templated":true}]}}