{"id":17474,"date":"2024-04-07T22:10:47","date_gmt":"2024-04-08T02:10:47","guid":{"rendered":"https:\/\/victoriavynn.ca\/product\/vynn-pure-creamy-hybrid-gel-polish-no-254-sunset-sky\/"},"modified":"2026-03-16T16:34:33","modified_gmt":"2026-03-16T20:34:33","slug":"vynn-pure-creamy-hybrid-gel-polish-no-254-sunset-sky","status":"publish","type":"product","link":"https:\/\/victoriavynn.ca\/fr\/product\/vynn-pure-creamy-hybrid-gel-polish-no-254-sunset-sky\/","title":{"rendered":"VYNN Pure Creamy Hybrid Gel Polish No. 254 Sunset Sky"},"content":{"rendered":"","protected":false},"excerpt":{"rendered":"","protected":false},"featured_media":17475,"comment_status":"open","ping_status":"closed","template":"","meta":{"jetpack_post_was_ever_published":false,"jetpack_publicize_message":"","jetpack_publicize_feature_enabled":true,"jetpack_social_post_already_shared":true,"jetpack_social_options":{"image_generator_settings":{"template":"highway","default_image_id":0,"font":"","enabled":false},"version":2}},"product_brand":[],"product_cat":[48],"product_tag":[845],"class_list":{"0":"post-17474","1":"product","2":"type-product","3":"status-publish","4":"has-post-thumbnail","6":"product_cat-hybrid-gel-nail-colors","7":"product_tag-pure-creamy-hybrid-awakening-collection","9":"first","10":"instock","11":"taxable","12":"shipping-taxable","13":"purchasable","14":"product-type-simple"},"jetpack_publicize_connections":[],"jetpack-related-posts":[{"id":17114,"url":"https:\/\/victoriavynn.ca\/fr\/product\/vynn-pure-creamy-hybrid-gel-polish-no-234-graphite-sunset\/","url_meta":{"origin":17474,"position":0},"title":"VYNN Pure Creamy Hybrid Gel Polish No. 234 Graphite Sunset","author":"Serge Sahakian","date":"mars 9, 2024","format":false,"excerpt":"","rel":"","context":"Similar post","block_context":{"text":"Similar post","link":""},"img":{"alt_text":"","src":"https:\/\/i0.wp.com\/victoriavynn.ca\/wp-content\/uploads\/2024\/03\/pure-creamy-hybrid-034-graphite-sunset.jpg?fit=753%2C753&ssl=1&resize=350%2C200","width":350,"height":200,"srcset":"https:\/\/i0.wp.com\/victoriavynn.ca\/wp-content\/uploads\/2024\/03\/pure-creamy-hybrid-034-graphite-sunset.jpg?fit=753%2C753&ssl=1&resize=350%2C200 1x, https:\/\/i0.wp.com\/victoriavynn.ca\/wp-content\/uploads\/2024\/03\/pure-creamy-hybrid-034-graphite-sunset.jpg?fit=753%2C753&ssl=1&resize=525%2C300 1.5x, https:\/\/i0.wp.com\/victoriavynn.ca\/wp-content\/uploads\/2024\/03\/pure-creamy-hybrid-034-graphite-sunset.jpg?fit=753%2C753&ssl=1&resize=700%2C400 2x"},"classes":[]},{"id":4281,"url":"https:\/\/victoriavynn.ca\/fr\/product\/victoria-vynn-sky-blue-nails-pure-117\/","url_meta":{"origin":17474,"position":1},"title":"Pure Creamy Hybrid Gel Polish No. 117 Sky Blue","author":"Serge Sahakian","date":"septembre 2, 2022","format":false,"excerpt":"Le meilleur vernis en gel pour ongles bleu ciel ! Victoria VYNN Pure Creamy Hybrid High Pigment Gel Polish 117 Sky Blue captive avec la forme la plus pure du bleu. Le plus grand distributeur canadien de fournitures professionnelles pour les ongles. Achetez en toute confiance ! Sp\u00e9cifications du produit :               Disponibilit\u00e9 du stock :","rel":"","context":"Similar post","block_context":{"text":"Similar post","link":""},"img":{"alt_text":"victoria vynn best sky blue nails pure 117","src":"https:\/\/i0.wp.com\/victoriavynn.ca\/wp-content\/uploads\/2022\/09\/victoria-vynn-best-sky-blue-nails-pure-117.webp?fit=750%2C1000&ssl=1&resize=350%2C200","width":350,"height":200,"srcset":"https:\/\/i0.wp.com\/victoriavynn.ca\/wp-content\/uploads\/2022\/09\/victoria-vynn-best-sky-blue-nails-pure-117.webp?fit=750%2C1000&ssl=1&resize=350%2C200 1x, https:\/\/i0.wp.com\/victoriavynn.ca\/wp-content\/uploads\/2022\/09\/victoria-vynn-best-sky-blue-nails-pure-117.webp?fit=750%2C1000&ssl=1&resize=525%2C300 1.5x, https:\/\/i0.wp.com\/victoriavynn.ca\/wp-content\/uploads\/2022\/09\/victoria-vynn-best-sky-blue-nails-pure-117.webp?fit=750%2C1000&ssl=1&resize=700%2C400 2x"},"classes":[]},{"id":4407,"url":"https:\/\/victoriavynn.ca\/fr\/product\/best-light-blue-gel-nails-030-polar-sky\/","url_meta":{"origin":17474,"position":2},"title":"Pure Creamy Hybrid Gel Polish No. 030 Polar Sky","author":"Serge Sahakian","date":"septembre 2, 2022","format":false,"excerpt":"Best Sky Light Blue Gel Nails?! Victoria VYNN Pure Creamy Hybrid High Pigment Gel Polish 030 Polar Sky is seemingly indifferent and cool, but it delights with its tone. Canada's Leading Distributor of Professional Nail Supplies. Buy with Confidence! Product Specifications: \u00a0 \u00a0 \u00a0 \u00a0 \u00a0 \u00a0 \u00a0 Stock Availability:","rel":"","context":"Similar post","block_context":{"text":"Similar post","link":""},"img":{"alt_text":"best sky light blue gel nails victoria vynn pure creamy hybrid 030 polar sky","src":"https:\/\/i0.wp.com\/victoriavynn.ca\/wp-content\/uploads\/2022\/09\/best-sky-light-blue-gel-nails-victoria-vynn-pure-creamy-hybrid-030-polar-sky.webp?fit=750%2C1000&ssl=1&resize=350%2C200","width":350,"height":200,"srcset":"https:\/\/i0.wp.com\/victoriavynn.ca\/wp-content\/uploads\/2022\/09\/best-sky-light-blue-gel-nails-victoria-vynn-pure-creamy-hybrid-030-polar-sky.webp?fit=750%2C1000&ssl=1&resize=350%2C200 1x, https:\/\/i0.wp.com\/victoriavynn.ca\/wp-content\/uploads\/2022\/09\/best-sky-light-blue-gel-nails-victoria-vynn-pure-creamy-hybrid-030-polar-sky.webp?fit=750%2C1000&ssl=1&resize=525%2C300 1.5x, https:\/\/i0.wp.com\/victoriavynn.ca\/wp-content\/uploads\/2022\/09\/best-sky-light-blue-gel-nails-victoria-vynn-pure-creamy-hybrid-030-polar-sky.webp?fit=750%2C1000&ssl=1&resize=700%2C400 2x"},"classes":[]},{"id":4107,"url":"https:\/\/victoriavynn.ca\/fr\/product\/victoria-vynn-pure-creamy-hybrid-color-no-216\/","url_meta":{"origin":17474,"position":3},"title":"Vernis gel hybride cr\u00e9meux Pure n\u00b0 216 Sunset in Oslo","author":"Serge Sahakian","date":"septembre 2, 2022","format":false,"excerpt":"Victoria VYNN Pure Creamy Hybride Salon Color Coat","rel":"","context":"Similar post","block_context":{"text":"Similar post","link":""},"img":{"alt_text":"","src":"https:\/\/i0.wp.com\/victoriavynn.ca\/wp-content\/uploads\/2022\/09\/pure-creamy-hybrid-216-sunset-in-oslo.jpeg?fit=1200%2C1200&ssl=1&resize=350%2C200","width":350,"height":200,"srcset":"https:\/\/i0.wp.com\/victoriavynn.ca\/wp-content\/uploads\/2022\/09\/pure-creamy-hybrid-216-sunset-in-oslo.jpeg?fit=1200%2C1200&ssl=1&resize=350%2C200 1x, https:\/\/i0.wp.com\/victoriavynn.ca\/wp-content\/uploads\/2022\/09\/pure-creamy-hybrid-216-sunset-in-oslo.jpeg?fit=1200%2C1200&ssl=1&resize=525%2C300 1.5x, https:\/\/i0.wp.com\/victoriavynn.ca\/wp-content\/uploads\/2022\/09\/pure-creamy-hybrid-216-sunset-in-oslo.jpeg?fit=1200%2C1200&ssl=1&resize=700%2C400 2x, https:\/\/i0.wp.com\/victoriavynn.ca\/wp-content\/uploads\/2022\/09\/pure-creamy-hybrid-216-sunset-in-oslo.jpeg?fit=1200%2C1200&ssl=1&resize=1050%2C600 3x"},"classes":[]},{"id":4343,"url":"https:\/\/victoriavynn.ca\/fr\/product\/navy-blue-sparkle-nails-066-night-watch\/","url_meta":{"origin":17474,"position":4},"title":"Vernis gel hybride cr\u00e9meux Pure No. 066 Night Watch","author":"Serge Sahakian","date":"septembre 2, 2022","format":false,"excerpt":"De superbes ongles bleu marine scintillants ! Victoria VYNN Pure Creamy Hybrid High Pigment Gel Polish 066 Night Watch est inspir\u00e9 de l'observation du ciel \u00e9toil\u00e9 pendant la saison estivale. Le principal distributeur canadien de fournitures professionnelles pour les ongles. Achetez en toute confiance ! Sp\u00e9cifications du produit :               Disponibilit\u00e9 en stock :","rel":"","context":"Similar post","block_context":{"text":"Similar post","link":""},"img":{"alt_text":"Best Navy Blue Sparkle Nails Victoria VYNN Pure Creamy Hybrid 066 Night Watch","src":"https:\/\/i0.wp.com\/victoriavynn.ca\/wp-content\/uploads\/2022\/09\/Best-Navy-Blue-Sparkle-Nails-Victoria-VYNN-Pure-Creamy-Hybrid-066-Night-Watch.webp?fit=750%2C1000&ssl=1&resize=350%2C200","width":350,"height":200,"srcset":"https:\/\/i0.wp.com\/victoriavynn.ca\/wp-content\/uploads\/2022\/09\/Best-Navy-Blue-Sparkle-Nails-Victoria-VYNN-Pure-Creamy-Hybrid-066-Night-Watch.webp?fit=750%2C1000&ssl=1&resize=350%2C200 1x, https:\/\/i0.wp.com\/victoriavynn.ca\/wp-content\/uploads\/2022\/09\/Best-Navy-Blue-Sparkle-Nails-Victoria-VYNN-Pure-Creamy-Hybrid-066-Night-Watch.webp?fit=750%2C1000&ssl=1&resize=525%2C300 1.5x, https:\/\/i0.wp.com\/victoriavynn.ca\/wp-content\/uploads\/2022\/09\/Best-Navy-Blue-Sparkle-Nails-Victoria-VYNN-Pure-Creamy-Hybrid-066-Night-Watch.webp?fit=750%2C1000&ssl=1&resize=700%2C400 2x"},"classes":[]},{"id":16078,"url":"https:\/\/victoriavynn.ca\/fr\/product\/vynn-pure-creamy-hybrid-gel-polish-no-247-in-the-dark\/","url_meta":{"origin":17474,"position":5},"title":"VYNN Pure Creamy Hybrid Gel Polish No. 247 In the Dark (Dans l'obscurit\u00e9)","author":"Serge Sahakian","date":"octobre 19, 2023","format":false,"excerpt":"","rel":"","context":"Similar post","block_context":{"text":"Similar post","link":""},"img":{"alt_text":"victoria vynn pure creamy hybrid fall 2023 earthy collection no. 247 in the dark","src":"https:\/\/i0.wp.com\/victoriavynn.ca\/wp-content\/uploads\/2023\/10\/victoria-vynn-pure-creamy-hybrid-fall-2023-earthy-collection-no.-247-in-the-dark.webp?fit=750%2C1000&ssl=1&resize=350%2C200","width":350,"height":200,"srcset":"https:\/\/i0.wp.com\/victoriavynn.ca\/wp-content\/uploads\/2023\/10\/victoria-vynn-pure-creamy-hybrid-fall-2023-earthy-collection-no.-247-in-the-dark.webp?fit=750%2C1000&ssl=1&resize=350%2C200 1x, https:\/\/i0.wp.com\/victoriavynn.ca\/wp-content\/uploads\/2023\/10\/victoria-vynn-pure-creamy-hybrid-fall-2023-earthy-collection-no.-247-in-the-dark.webp?fit=750%2C1000&ssl=1&resize=525%2C300 1.5x, https:\/\/i0.wp.com\/victoriavynn.ca\/wp-content\/uploads\/2023\/10\/victoria-vynn-pure-creamy-hybrid-fall-2023-earthy-collection-no.-247-in-the-dark.webp?fit=750%2C1000&ssl=1&resize=700%2C400 2x"},"classes":[]}],"jetpack_sharing_enabled":true,"_links":{"self":[{"href":"https:\/\/victoriavynn.ca\/fr\/wp-json\/wp\/v2\/product\/17474","targetHints":{"allow":["GET"]}}],"collection":[{"href":"https:\/\/victoriavynn.ca\/fr\/wp-json\/wp\/v2\/product"}],"about":[{"href":"https:\/\/victoriavynn.ca\/fr\/wp-json\/wp\/v2\/types\/product"}],"replies":[{"embeddable":true,"href":"https:\/\/victoriavynn.ca\/fr\/wp-json\/wp\/v2\/comments?post=17474"}],"wp:featuredmedia":[{"embeddable":true,"href":"https:\/\/victoriavynn.ca\/fr\/wp-json\/wp\/v2\/media\/17475"}],"wp:attachment":[{"href":"https:\/\/victoriavynn.ca\/fr\/wp-json\/wp\/v2\/media?parent=17474"}],"wp:term":[{"taxonomy":"product_brand","embeddable":true,"href":"https:\/\/victoriavynn.ca\/fr\/wp-json\/wp\/v2\/product_brand?post=17474"},{"taxonomy":"product_cat","embeddable":true,"href":"https:\/\/victoriavynn.ca\/fr\/wp-json\/wp\/v2\/product_cat?post=17474"},{"taxonomy":"product_tag","embeddable":true,"href":"https:\/\/victoriavynn.ca\/fr\/wp-json\/wp\/v2\/product_tag?post=17474"}],"curies":[{"name":"wp","href":"https:\/\/api.w.org\/{rel}","templated":true}]}}