{"id":17476,"date":"2024-04-07T22:11:06","date_gmt":"2024-04-08T02:11:06","guid":{"rendered":"https:\/\/victoriavynn.ca\/product\/vynn-pure-creamy-hybrid-gel-polish-no-255-blooming-day\/"},"modified":"2026-02-13T18:38:29","modified_gmt":"2026-02-13T23:38:29","slug":"vynn-pure-creamy-hybrid-gel-polish-no-255-blooming-day","status":"publish","type":"product","link":"https:\/\/victoriavynn.ca\/fr\/product\/vynn-pure-creamy-hybrid-gel-polish-no-255-blooming-day\/","title":{"rendered":"VYNN Pure Creamy Hybrid Gel Polish No. 255 Blooming Day"},"content":{"rendered":"","protected":false},"excerpt":{"rendered":"","protected":false},"featured_media":17477,"comment_status":"open","ping_status":"closed","template":"","meta":{"jetpack_post_was_ever_published":false,"jetpack_publicize_message":"","jetpack_publicize_feature_enabled":true,"jetpack_social_post_already_shared":true,"jetpack_social_options":{"image_generator_settings":{"template":"highway","default_image_id":0,"font":"","enabled":false},"version":2}},"product_brand":[],"product_cat":[48],"product_tag":[845],"class_list":{"0":"post-17476","1":"product","2":"type-product","3":"status-publish","4":"has-post-thumbnail","6":"product_cat-hybrid-gel-nail-colors","7":"product_tag-pure-creamy-hybrid-awakening-collection","9":"first","10":"instock","11":"taxable","12":"shipping-taxable","13":"purchasable","14":"product-type-simple"},"jetpack_publicize_connections":[],"jetpack-related-posts":[{"id":4325,"url":"https:\/\/victoriavynn.ca\/fr\/product\/candy-coral-pink-nails-076-candy-bloom\/","url_meta":{"origin":17476,"position":0},"title":"Vernis gel hybride cr\u00e9meux pur n\u00b0 076 Candy Bloom","author":"Serge Sahakian","date":"septembre 2, 2022","format":false,"excerpt":"Magnifiques ongles rose corail ! Victoria VYNN Pure Creamy Hybrid High Pigment Gel Polish 076 Candy Bloom est une teinte corail douce et extr\u00eamement f\u00e9minine de Coral Pink qui est magnifique sur toutes les longueurs d'ongles. Le plus grand distributeur canadien de fournitures professionnelles pour les ongles. Achetez en toute confiance ! Sp\u00e9cifications du produit :      ...","rel":"","context":"Similar post","block_context":{"text":"Similar post","link":""},"img":{"alt_text":"Best Candy Coral Pink Nails Victoria VYNN Pure Creamy Hybrid 076 Candy Bloom","src":"https:\/\/i0.wp.com\/victoriavynn.ca\/wp-content\/uploads\/2022\/09\/Best-Cabdy-Coral-Pink-Nails-Victoria-VYNN-Pure-Creamy-Hybrid-076-Candy-Bloom.webp?fit=750%2C1000&ssl=1&resize=350%2C200","width":350,"height":200,"srcset":"https:\/\/i0.wp.com\/victoriavynn.ca\/wp-content\/uploads\/2022\/09\/Best-Cabdy-Coral-Pink-Nails-Victoria-VYNN-Pure-Creamy-Hybrid-076-Candy-Bloom.webp?fit=750%2C1000&ssl=1&resize=350%2C200 1x, https:\/\/i0.wp.com\/victoriavynn.ca\/wp-content\/uploads\/2022\/09\/Best-Cabdy-Coral-Pink-Nails-Victoria-VYNN-Pure-Creamy-Hybrid-076-Candy-Bloom.webp?fit=750%2C1000&ssl=1&resize=525%2C300 1.5x, https:\/\/i0.wp.com\/victoriavynn.ca\/wp-content\/uploads\/2022\/09\/Best-Cabdy-Coral-Pink-Nails-Victoria-VYNN-Pure-Creamy-Hybrid-076-Candy-Bloom.webp?fit=750%2C1000&ssl=1&resize=700%2C400 2x"},"classes":[]},{"id":4295,"url":"https:\/\/victoriavynn.ca\/fr\/product\/victoria-vynn-pinky-red-nails-pure-104\/","url_meta":{"origin":17476,"position":1},"title":"Pure Creamy Hybrid Gel Polish No. 104 Tropical Smoothie","author":"Serge Sahakian","date":"septembre 2, 2022","format":false,"excerpt":"Charmant vernis en gel rouge ros\u00e9 pour les ongles ! Victoria VYNN Pure Creamy Hybrid High Pigment Gel Polish 104 Tropical Smoothie est un rouge m\u00e9lang\u00e9 \u00e0 un peu de rose qui donne de l'\u00e9nergie tout au long de la journ\u00e9e. Le principal distributeur canadien de fournitures professionnelles pour les ongles. Achetez en toute confiance ! Sp\u00e9cifications du produit :               Stock...","rel":"","context":"Similar post","block_context":{"text":"Similar post","link":""},"img":{"alt_text":"victoria vynn pinky red nails pure creamy 104 tropical smoothie","src":"https:\/\/i0.wp.com\/victoriavynn.ca\/wp-content\/uploads\/2022\/09\/victoria-vynn-pinky-red-nails-pure-creamy-104-tropical-smoothie.webp?fit=750%2C1000&ssl=1&resize=350%2C200","width":350,"height":200,"srcset":"https:\/\/i0.wp.com\/victoriavynn.ca\/wp-content\/uploads\/2022\/09\/victoria-vynn-pinky-red-nails-pure-creamy-104-tropical-smoothie.webp?fit=750%2C1000&ssl=1&resize=350%2C200 1x, https:\/\/i0.wp.com\/victoriavynn.ca\/wp-content\/uploads\/2022\/09\/victoria-vynn-pinky-red-nails-pure-creamy-104-tropical-smoothie.webp?fit=750%2C1000&ssl=1&resize=525%2C300 1.5x, https:\/\/i0.wp.com\/victoriavynn.ca\/wp-content\/uploads\/2022\/09\/victoria-vynn-pinky-red-nails-pure-creamy-104-tropical-smoothie.webp?fit=750%2C1000&ssl=1&resize=700%2C400 2x"},"classes":[]},{"id":16078,"url":"https:\/\/victoriavynn.ca\/fr\/product\/vynn-pure-creamy-hybrid-gel-polish-no-247-in-the-dark\/","url_meta":{"origin":17476,"position":2},"title":"VYNN Pure Creamy Hybrid Gel Polish No. 247 In the Dark (Dans l'obscurit\u00e9)","author":"Serge Sahakian","date":"octobre 19, 2023","format":false,"excerpt":"","rel":"","context":"Similar post","block_context":{"text":"Similar post","link":""},"img":{"alt_text":"victoria vynn pure creamy hybrid fall 2023 earthy collection no. 247 in the dark","src":"https:\/\/i0.wp.com\/victoriavynn.ca\/wp-content\/uploads\/2023\/10\/victoria-vynn-pure-creamy-hybrid-fall-2023-earthy-collection-no.-247-in-the-dark.webp?fit=750%2C1000&ssl=1&resize=350%2C200","width":350,"height":200,"srcset":"https:\/\/i0.wp.com\/victoriavynn.ca\/wp-content\/uploads\/2023\/10\/victoria-vynn-pure-creamy-hybrid-fall-2023-earthy-collection-no.-247-in-the-dark.webp?fit=750%2C1000&ssl=1&resize=350%2C200 1x, https:\/\/i0.wp.com\/victoriavynn.ca\/wp-content\/uploads\/2023\/10\/victoria-vynn-pure-creamy-hybrid-fall-2023-earthy-collection-no.-247-in-the-dark.webp?fit=750%2C1000&ssl=1&resize=525%2C300 1.5x, https:\/\/i0.wp.com\/victoriavynn.ca\/wp-content\/uploads\/2023\/10\/victoria-vynn-pure-creamy-hybrid-fall-2023-earthy-collection-no.-247-in-the-dark.webp?fit=750%2C1000&ssl=1&resize=700%2C400 2x"},"classes":[]},{"id":16079,"url":"https:\/\/victoriavynn.ca\/fr\/product\/vynn-pure-creamy-hybrid-gel-polish-no-248-hot-rock\/","url_meta":{"origin":17476,"position":3},"title":"VYNN Pure Creamy Hybrid Gel Polish No. 248 Hot Rock","author":"Serge Sahakian","date":"octobre 19, 2023","format":false,"excerpt":"","rel":"","context":"Similar post","block_context":{"text":"Similar post","link":""},"img":{"alt_text":"victoria vynn pure creamy hybrid fall 2023 earthy collection no. 248 hot rock","src":"https:\/\/i0.wp.com\/victoriavynn.ca\/wp-content\/uploads\/2023\/10\/victoria-vynn-pure-creamy-hybrid-fall-2023-earthy-collection-no.-248-hot-rock.webp?fit=750%2C1000&ssl=1&resize=350%2C200","width":350,"height":200,"srcset":"https:\/\/i0.wp.com\/victoriavynn.ca\/wp-content\/uploads\/2023\/10\/victoria-vynn-pure-creamy-hybrid-fall-2023-earthy-collection-no.-248-hot-rock.webp?fit=750%2C1000&ssl=1&resize=350%2C200 1x, https:\/\/i0.wp.com\/victoriavynn.ca\/wp-content\/uploads\/2023\/10\/victoria-vynn-pure-creamy-hybrid-fall-2023-earthy-collection-no.-248-hot-rock.webp?fit=750%2C1000&ssl=1&resize=525%2C300 1.5x, https:\/\/i0.wp.com\/victoriavynn.ca\/wp-content\/uploads\/2023\/10\/victoria-vynn-pure-creamy-hybrid-fall-2023-earthy-collection-no.-248-hot-rock.webp?fit=750%2C1000&ssl=1&resize=700%2C400 2x"},"classes":[]},{"id":16073,"url":"https:\/\/victoriavynn.ca\/fr\/product\/victoria-vynn-pure-creamy-hybrid-gel-polish-no-242-dreamlike-marble\/","url_meta":{"origin":17476,"position":4},"title":"Victoria VYNN Pure Creamy Hybrid Gel Polish No. 242 Dreamlike Marble","author":"Serge Sahakian","date":"octobre 19, 2023","format":false,"excerpt":"","rel":"","context":"Similar post","block_context":{"text":"Similar post","link":""},"img":{"alt_text":"victoria vynn pure creamy hybrid fall 2023 earthy collection no. 242 dreamlike marble","src":"https:\/\/i0.wp.com\/victoriavynn.ca\/wp-content\/uploads\/2023\/10\/victoria-vynn-pure-creamy-hybrid-fall-2023-earthy-collection-no.-242-dreamlike-marble.webp?fit=750%2C1000&ssl=1&resize=350%2C200","width":350,"height":200,"srcset":"https:\/\/i0.wp.com\/victoriavynn.ca\/wp-content\/uploads\/2023\/10\/victoria-vynn-pure-creamy-hybrid-fall-2023-earthy-collection-no.-242-dreamlike-marble.webp?fit=750%2C1000&ssl=1&resize=350%2C200 1x, https:\/\/i0.wp.com\/victoriavynn.ca\/wp-content\/uploads\/2023\/10\/victoria-vynn-pure-creamy-hybrid-fall-2023-earthy-collection-no.-242-dreamlike-marble.webp?fit=750%2C1000&ssl=1&resize=525%2C300 1.5x, https:\/\/i0.wp.com\/victoriavynn.ca\/wp-content\/uploads\/2023\/10\/victoria-vynn-pure-creamy-hybrid-fall-2023-earthy-collection-no.-242-dreamlike-marble.webp?fit=750%2C1000&ssl=1&resize=700%2C400 2x"},"classes":[]},{"id":16074,"url":"https:\/\/victoriavynn.ca\/fr\/product\/victoria-vynn-pure-creamy-hybrid-gel-polish-no-243-desert-sand\/","url_meta":{"origin":17476,"position":5},"title":"Victoria VYNN Pure Creamy Hybrid Gel Polish No. 243 Desert Sand","author":"Serge Sahakian","date":"octobre 19, 2023","format":false,"excerpt":"","rel":"","context":"Similar post","block_context":{"text":"Similar post","link":""},"img":{"alt_text":"victoria vynn pure creamy hybrid fall 2023 earthy collection no. 243 desert sand","src":"https:\/\/i0.wp.com\/victoriavynn.ca\/wp-content\/uploads\/2023\/10\/victoria-vynn-pure-creamy-hybrid-fall-2023-earthy-collection-no.-243-desert-sand.webp?fit=750%2C1000&ssl=1&resize=350%2C200","width":350,"height":200,"srcset":"https:\/\/i0.wp.com\/victoriavynn.ca\/wp-content\/uploads\/2023\/10\/victoria-vynn-pure-creamy-hybrid-fall-2023-earthy-collection-no.-243-desert-sand.webp?fit=750%2C1000&ssl=1&resize=350%2C200 1x, https:\/\/i0.wp.com\/victoriavynn.ca\/wp-content\/uploads\/2023\/10\/victoria-vynn-pure-creamy-hybrid-fall-2023-earthy-collection-no.-243-desert-sand.webp?fit=750%2C1000&ssl=1&resize=525%2C300 1.5x, https:\/\/i0.wp.com\/victoriavynn.ca\/wp-content\/uploads\/2023\/10\/victoria-vynn-pure-creamy-hybrid-fall-2023-earthy-collection-no.-243-desert-sand.webp?fit=750%2C1000&ssl=1&resize=700%2C400 2x"},"classes":[]}],"jetpack_sharing_enabled":true,"_links":{"self":[{"href":"https:\/\/victoriavynn.ca\/fr\/wp-json\/wp\/v2\/product\/17476","targetHints":{"allow":["GET"]}}],"collection":[{"href":"https:\/\/victoriavynn.ca\/fr\/wp-json\/wp\/v2\/product"}],"about":[{"href":"https:\/\/victoriavynn.ca\/fr\/wp-json\/wp\/v2\/types\/product"}],"replies":[{"embeddable":true,"href":"https:\/\/victoriavynn.ca\/fr\/wp-json\/wp\/v2\/comments?post=17476"}],"wp:featuredmedia":[{"embeddable":true,"href":"https:\/\/victoriavynn.ca\/fr\/wp-json\/wp\/v2\/media\/17477"}],"wp:attachment":[{"href":"https:\/\/victoriavynn.ca\/fr\/wp-json\/wp\/v2\/media?parent=17476"}],"wp:term":[{"taxonomy":"product_brand","embeddable":true,"href":"https:\/\/victoriavynn.ca\/fr\/wp-json\/wp\/v2\/product_brand?post=17476"},{"taxonomy":"product_cat","embeddable":true,"href":"https:\/\/victoriavynn.ca\/fr\/wp-json\/wp\/v2\/product_cat?post=17476"},{"taxonomy":"product_tag","embeddable":true,"href":"https:\/\/victoriavynn.ca\/fr\/wp-json\/wp\/v2\/product_tag?post=17476"}],"curies":[{"name":"wp","href":"https:\/\/api.w.org\/{rel}","templated":true}]}}