{"id":17496,"date":"2024-04-07T22:12:51","date_gmt":"2024-04-08T02:12:51","guid":{"rendered":"https:\/\/victoriavynn.ca\/product\/pharm-foot-hydro-cream-250ml-urea-line\/"},"modified":"2026-04-16T14:37:15","modified_gmt":"2026-04-16T18:37:15","slug":"pharm-foot-hydro-cream-250ml-urea-line","status":"publish","type":"product","link":"https:\/\/victoriavynn.ca\/fr\/product\/pharm-foot-hydro-cream-250ml-urea-line\/","title":{"rendered":"Pharm Foot Hydro Cream 250ml (Urea Line)"},"content":{"rendered":"<h2 class=\"wp-block-heading\">RECOMMANDATIONS<br><strong>CREME HYDRO<\/strong><\/h2>\n\n\n\n<ul class=\"wp-block-list\">\n<li>spray innovant avec une action semblable \u00e0 celle d'une cr\u00e8me<\/li>\n\n\n\n<li>pour le soin de la peau s\u00e8che des pieds, des mains et du corps<\/li>\n\n\n\n<li>\u00e9galement recommand\u00e9 pour les diab\u00e9tiques<\/li>\n<\/ul>\n\n\n\n<h2 class=\"wp-block-heading\">EFFET<br><strong>CREME HYDRO<\/strong><\/h2>\n\n\n\n<ul class=\"wp-block-list\">\n<li>procure une sensation d'hydratation instantan\u00e9e et durable<\/li>\n\n\n\n<li>rafra\u00eechit et redonne du confort \u00e0 la peau s\u00e8che<\/li>\n\n\n\n<li>cr\u00e9e une couche protectrice qui procure une sensation de soulagement<\/li>\n\n\n\n<li>r\u00e9g\u00e9n\u00e8re<\/li>\n<\/ul>\n\n\n\n<h2 class=\"wp-block-heading\">MODE D'EMPLOI<br><strong>CREME HYDRO<\/strong><\/h2>\n\n\n\n<ul class=\"wp-block-list\">\n<li>vaporiser la peau \u00e0 une distance d'environ 20 cm<\/li>\n\n\n\n<li>vous pouvez tapoter d\u00e9licatement la pr\u00e9paration ou la laisser s'impr\u00e9gner.<\/li>\n\n\n\n<li>utiliser \u00e0 la fin d'un traitement ou \u00e0 titre prophylactique, une \u00e0 deux fois par jour<\/li>\n<\/ul>\n\n\n\n<h2 class=\"wp-block-heading\">INGREDIENTS<br><strong>CREME HYDRO<\/strong><\/h2>\n\n\n\n<p>Aqua, Urea, Glycerin, Betaine, Inulin, Panthenol, Allantoin, Cymbopogon Flexuosus Oil, Polysorbate 20, Citric Acid, Disodium EDTA, Phenoxyethanol, Ethylhexylglycerin, Parfum, Citral, Citronellol, Coumarin, Geraniol, Hydroxycitronellal, Limonene, Linalool, Alpha-Isomethyl Ionone.<\/p>","protected":false},"excerpt":{"rendered":"<h2>Spray hydratant pour peau s\u00e8che avec 10% UREA &amp; Humectants<\/h2>\n<div class=\"product-box-1\">Capacit\u00e9\u00a0<strong>150ml<\/strong><\/div>\n<div><\/div>\n<div>Ingr\u00e9dients actifs :<\/div>\n<div><img loading=\"lazy\" decoding=\"async\" class=\"alignnone size-full wp-image-20442\" src=\"http:\/\/victoriavynn.ca\/wp-content\/uploads\/2024\/04\/urea-final.webp\" alt=\"UREA FINALE\" width=\"150\" height=\"150\" srcset=\"https:\/\/i0.wp.com\/victoriavynn.ca\/wp-content\/uploads\/2024\/04\/urea-final.webp?w=150&amp;ssl=1 150w, https:\/\/i0.wp.com\/victoriavynn.ca\/wp-content\/uploads\/2024\/04\/urea-final.webp?resize=12%2C12&amp;ssl=1 12w, https:\/\/i0.wp.com\/victoriavynn.ca\/wp-content\/uploads\/2024\/04\/urea-final.webp?resize=32%2C32&amp;ssl=1 32w, https:\/\/i0.wp.com\/victoriavynn.ca\/wp-content\/uploads\/2024\/04\/urea-final.webp?resize=50%2C50&amp;ssl=1 50w, https:\/\/i0.wp.com\/victoriavynn.ca\/wp-content\/uploads\/2024\/04\/urea-final.webp?resize=100%2C100&amp;ssl=1 100w, https:\/\/i0.wp.com\/victoriavynn.ca\/wp-content\/uploads\/2024\/04\/urea-final.webp?resize=64%2C64&amp;ssl=1 64w\" sizes=\"auto, (max-width: 150px) 100vw, 150px\" \/><img loading=\"lazy\" decoding=\"async\" class=\"alignnone size-full wp-image-20427\" src=\"http:\/\/victoriavynn.ca\/wp-content\/uploads\/2023\/03\/panthenol-final.webp\" alt=\"PANTH\u00c9NOL FINAL\" width=\"150\" height=\"150\" srcset=\"https:\/\/i0.wp.com\/victoriavynn.ca\/wp-content\/uploads\/2023\/03\/panthenol-final.webp?w=150&amp;ssl=1 150w, https:\/\/i0.wp.com\/victoriavynn.ca\/wp-content\/uploads\/2023\/03\/panthenol-final.webp?resize=12%2C12&amp;ssl=1 12w, https:\/\/i0.wp.com\/victoriavynn.ca\/wp-content\/uploads\/2023\/03\/panthenol-final.webp?resize=32%2C32&amp;ssl=1 32w, https:\/\/i0.wp.com\/victoriavynn.ca\/wp-content\/uploads\/2023\/03\/panthenol-final.webp?resize=50%2C50&amp;ssl=1 50w, https:\/\/i0.wp.com\/victoriavynn.ca\/wp-content\/uploads\/2023\/03\/panthenol-final.webp?resize=100%2C100&amp;ssl=1 100w, https:\/\/i0.wp.com\/victoriavynn.ca\/wp-content\/uploads\/2023\/03\/panthenol-final.webp?resize=64%2C64&amp;ssl=1 64w\" sizes=\"auto, (max-width: 150px) 100vw, 150px\" \/><img loading=\"lazy\" decoding=\"async\" class=\"alignnone size-full wp-image-20425\" src=\"http:\/\/victoriavynn.ca\/wp-content\/uploads\/2023\/03\/allantoin-final.webp\" alt=\"ALLANTO\u00cfNE FINALE\" width=\"150\" height=\"150\" srcset=\"https:\/\/i0.wp.com\/victoriavynn.ca\/wp-content\/uploads\/2023\/03\/allantoin-final.webp?w=150&amp;ssl=1 150w, https:\/\/i0.wp.com\/victoriavynn.ca\/wp-content\/uploads\/2023\/03\/allantoin-final.webp?resize=12%2C12&amp;ssl=1 12w, https:\/\/i0.wp.com\/victoriavynn.ca\/wp-content\/uploads\/2023\/03\/allantoin-final.webp?resize=32%2C32&amp;ssl=1 32w, https:\/\/i0.wp.com\/victoriavynn.ca\/wp-content\/uploads\/2023\/03\/allantoin-final.webp?resize=50%2C50&amp;ssl=1 50w, https:\/\/i0.wp.com\/victoriavynn.ca\/wp-content\/uploads\/2023\/03\/allantoin-final.webp?resize=100%2C100&amp;ssl=1 100w, https:\/\/i0.wp.com\/victoriavynn.ca\/wp-content\/uploads\/2023\/03\/allantoin-final.webp?resize=64%2C64&amp;ssl=1 64w\" sizes=\"auto, (max-width: 150px) 100vw, 150px\" \/><img loading=\"lazy\" decoding=\"async\" class=\"alignnone size-full wp-image-20903\" src=\"http:\/\/victoriavynn.ca\/wp-content\/uploads\/2024\/04\/glycerin.webp\" alt=\"GLYC\u00c9RINE\" width=\"150\" height=\"150\" srcset=\"https:\/\/i0.wp.com\/victoriavynn.ca\/wp-content\/uploads\/2024\/04\/glycerin.webp?w=150&amp;ssl=1 150w, https:\/\/i0.wp.com\/victoriavynn.ca\/wp-content\/uploads\/2024\/04\/glycerin.webp?resize=12%2C12&amp;ssl=1 12w, https:\/\/i0.wp.com\/victoriavynn.ca\/wp-content\/uploads\/2024\/04\/glycerin.webp?resize=32%2C32&amp;ssl=1 32w, https:\/\/i0.wp.com\/victoriavynn.ca\/wp-content\/uploads\/2024\/04\/glycerin.webp?resize=50%2C50&amp;ssl=1 50w, https:\/\/i0.wp.com\/victoriavynn.ca\/wp-content\/uploads\/2024\/04\/glycerin.webp?resize=100%2C100&amp;ssl=1 100w, https:\/\/i0.wp.com\/victoriavynn.ca\/wp-content\/uploads\/2024\/04\/glycerin.webp?resize=64%2C64&amp;ssl=1 64w\" sizes=\"auto, (max-width: 150px) 100vw, 150px\" \/><img loading=\"lazy\" decoding=\"async\" class=\"alignnone size-full wp-image-20430\" src=\"http:\/\/victoriavynn.ca\/wp-content\/uploads\/2023\/03\/betaine-final.webp\" alt=\"BETAINE FINALE\" width=\"150\" height=\"150\" srcset=\"https:\/\/i0.wp.com\/victoriavynn.ca\/wp-content\/uploads\/2023\/03\/betaine-final.webp?w=150&amp;ssl=1 150w, https:\/\/i0.wp.com\/victoriavynn.ca\/wp-content\/uploads\/2023\/03\/betaine-final.webp?resize=12%2C12&amp;ssl=1 12w, https:\/\/i0.wp.com\/victoriavynn.ca\/wp-content\/uploads\/2023\/03\/betaine-final.webp?resize=32%2C32&amp;ssl=1 32w, https:\/\/i0.wp.com\/victoriavynn.ca\/wp-content\/uploads\/2023\/03\/betaine-final.webp?resize=50%2C50&amp;ssl=1 50w, https:\/\/i0.wp.com\/victoriavynn.ca\/wp-content\/uploads\/2023\/03\/betaine-final.webp?resize=100%2C100&amp;ssl=1 100w, https:\/\/i0.wp.com\/victoriavynn.ca\/wp-content\/uploads\/2023\/03\/betaine-final.webp?resize=64%2C64&amp;ssl=1 64w\" sizes=\"auto, (max-width: 150px) 100vw, 150px\" \/><img loading=\"lazy\" decoding=\"async\" class=\"alignnone size-full wp-image-20904\" src=\"http:\/\/victoriavynn.ca\/wp-content\/uploads\/2024\/04\/prebiotic-inulin.webp\" alt=\"PR\u00c9BIOTIQUE (INULINE)\" width=\"150\" height=\"150\" srcset=\"https:\/\/i0.wp.com\/victoriavynn.ca\/wp-content\/uploads\/2024\/04\/prebiotic-inulin.webp?w=150&amp;ssl=1 150w, https:\/\/i0.wp.com\/victoriavynn.ca\/wp-content\/uploads\/2024\/04\/prebiotic-inulin.webp?resize=12%2C12&amp;ssl=1 12w, https:\/\/i0.wp.com\/victoriavynn.ca\/wp-content\/uploads\/2024\/04\/prebiotic-inulin.webp?resize=32%2C32&amp;ssl=1 32w, https:\/\/i0.wp.com\/victoriavynn.ca\/wp-content\/uploads\/2024\/04\/prebiotic-inulin.webp?resize=50%2C50&amp;ssl=1 50w, https:\/\/i0.wp.com\/victoriavynn.ca\/wp-content\/uploads\/2024\/04\/prebiotic-inulin.webp?resize=100%2C100&amp;ssl=1 100w, https:\/\/i0.wp.com\/victoriavynn.ca\/wp-content\/uploads\/2024\/04\/prebiotic-inulin.webp?resize=64%2C64&amp;ssl=1 64w\" sizes=\"auto, (max-width: 150px) 100vw, 150px\" \/><img loading=\"lazy\" decoding=\"async\" class=\"alignnone size-full wp-image-20884\" src=\"http:\/\/victoriavynn.ca\/wp-content\/uploads\/2024\/04\/lemongrass-oil.webp\" alt=\"HUILE DE CITRONNELLE\" width=\"150\" height=\"150\" srcset=\"https:\/\/i0.wp.com\/victoriavynn.ca\/wp-content\/uploads\/2024\/04\/lemongrass-oil.webp?w=150&amp;ssl=1 150w, https:\/\/i0.wp.com\/victoriavynn.ca\/wp-content\/uploads\/2024\/04\/lemongrass-oil.webp?resize=12%2C12&amp;ssl=1 12w, https:\/\/i0.wp.com\/victoriavynn.ca\/wp-content\/uploads\/2024\/04\/lemongrass-oil.webp?resize=32%2C32&amp;ssl=1 32w, https:\/\/i0.wp.com\/victoriavynn.ca\/wp-content\/uploads\/2024\/04\/lemongrass-oil.webp?resize=50%2C50&amp;ssl=1 50w, https:\/\/i0.wp.com\/victoriavynn.ca\/wp-content\/uploads\/2024\/04\/lemongrass-oil.webp?resize=100%2C100&amp;ssl=1 100w, https:\/\/i0.wp.com\/victoriavynn.ca\/wp-content\/uploads\/2024\/04\/lemongrass-oil.webp?resize=64%2C64&amp;ssl=1 64w\" sizes=\"auto, (max-width: 150px) 100vw, 150px\" \/><\/div>\n<div><\/div>","protected":false},"featured_media":20905,"comment_status":"open","ping_status":"closed","template":"","meta":{"jetpack_post_was_ever_published":false,"jetpack_publicize_message":"","jetpack_publicize_feature_enabled":true,"jetpack_social_post_already_shared":true,"jetpack_social_options":{"image_generator_settings":{"template":"highway","default_image_id":0,"font":"","enabled":false},"version":2}},"product_brand":[],"product_cat":[548],"product_tag":[],"class_list":{"0":"post-17496","1":"product","2":"type-product","3":"status-publish","4":"has-post-thumbnail","6":"product_cat-urea-line","8":"first","9":"instock","10":"taxable","11":"shipping-taxable","12":"purchasable","13":"product-type-simple"},"jetpack_publicize_connections":[],"jetpack-related-posts":[{"id":17500,"url":"https:\/\/victoriavynn.ca\/fr\/product\/pharm-foot-dermo-intense-250ml-urea-line\/","url_meta":{"origin":17496,"position":0},"title":"Pharm Foot Dermo Intense 250ml (Ligne Ur\u00e9e)","author":"Serge Sahakian","date":"avril 7, 2024","format":false,"excerpt":"CR\u00c8ME HYDRATANTE ANTI-CALLUS \u00c0 L'UREA ET AU COLLAG\u00c8NE Contenance 250 g Principes actifs : \u00a0","rel":"","context":"Similar post","block_context":{"text":"Similar post","link":""},"img":{"alt_text":"Pharm Foot Dermo Intense 250g","src":"https:\/\/i0.wp.com\/victoriavynn.ca\/wp-content\/uploads\/2024\/04\/pharm-foot-dermo-intense-250g-.webp?fit=750%2C1000&ssl=1&resize=350%2C200","width":350,"height":200,"srcset":"https:\/\/i0.wp.com\/victoriavynn.ca\/wp-content\/uploads\/2024\/04\/pharm-foot-dermo-intense-250g-.webp?fit=750%2C1000&ssl=1&resize=350%2C200 1x, https:\/\/i0.wp.com\/victoriavynn.ca\/wp-content\/uploads\/2024\/04\/pharm-foot-dermo-intense-250g-.webp?fit=750%2C1000&ssl=1&resize=525%2C300 1.5x, https:\/\/i0.wp.com\/victoriavynn.ca\/wp-content\/uploads\/2024\/04\/pharm-foot-dermo-intense-250g-.webp?fit=750%2C1000&ssl=1&resize=700%2C400 2x"},"classes":[]},{"id":10967,"url":"https:\/\/victoriavynn.ca\/fr\/product\/pharm-foot-dermo-resoftener-75ml-urea-line\/","url_meta":{"origin":17496,"position":1},"title":"Pharm Foot DERMO reSOFTENER 75ml (Ligne Ur\u00e9e)","author":"Serge Sahakian","date":"mars 9, 2023","format":false,"excerpt":"Cr\u00e8me adoucissante et hydratante \u00e0 l'ur\u00e9e 10% Contenance 75ml (environ 35 soins) Ingr\u00e9dients actifs :","rel":"","context":"Similar post","block_context":{"text":"Similar post","link":""},"img":{"alt_text":"pharm foot dermo resoftener 75ml","src":"https:\/\/i0.wp.com\/victoriavynn.ca\/wp-content\/uploads\/2023\/03\/pharm-foot-dermo-resoftener-75ml.webp?fit=750%2C1000&ssl=1&resize=350%2C200","width":350,"height":200,"srcset":"https:\/\/i0.wp.com\/victoriavynn.ca\/wp-content\/uploads\/2023\/03\/pharm-foot-dermo-resoftener-75ml.webp?fit=750%2C1000&ssl=1&resize=350%2C200 1x, https:\/\/i0.wp.com\/victoriavynn.ca\/wp-content\/uploads\/2023\/03\/pharm-foot-dermo-resoftener-75ml.webp?fit=750%2C1000&ssl=1&resize=525%2C300 1.5x, https:\/\/i0.wp.com\/victoriavynn.ca\/wp-content\/uploads\/2023\/03\/pharm-foot-dermo-resoftener-75ml.webp?fit=750%2C1000&ssl=1&resize=700%2C400 2x"},"classes":[]},{"id":10957,"url":"https:\/\/victoriavynn.ca\/fr\/product\/pharm-foot-foot-mousse-125ml-urea-line\/","url_meta":{"origin":17496,"position":2},"title":"Pharm Foot MOUSSE POUR LES PIEDS 105ml (Ligne Ur\u00e9e)","author":"Serge Sahakian","date":"mars 9, 2023","format":false,"excerpt":"MOUSSE - CR\u00c8ME DE FIN DE TRAITEMENT 5% urea Capacit\u00e9 105ml (environ 45 traitements) Ingr\u00e9dients actifs : \u00a0 \u00a0 \u00a0 \u00a0 \u00a0 \u00a0 \u00a0 \u00a0 \u00a0","rel":"","context":"Similar post","block_context":{"text":"Similar post","link":""},"img":{"alt_text":"pharm foot mousse 105ml","src":"https:\/\/i0.wp.com\/victoriavynn.ca\/wp-content\/uploads\/2023\/03\/pharm-foot-mousse-105ml.webp?fit=750%2C1000&ssl=1&resize=350%2C200","width":350,"height":200,"srcset":"https:\/\/i0.wp.com\/victoriavynn.ca\/wp-content\/uploads\/2023\/03\/pharm-foot-mousse-105ml.webp?fit=750%2C1000&ssl=1&resize=350%2C200 1x, https:\/\/i0.wp.com\/victoriavynn.ca\/wp-content\/uploads\/2023\/03\/pharm-foot-mousse-105ml.webp?fit=750%2C1000&ssl=1&resize=525%2C300 1.5x, https:\/\/i0.wp.com\/victoriavynn.ca\/wp-content\/uploads\/2023\/03\/pharm-foot-mousse-105ml.webp?fit=750%2C1000&ssl=1&resize=700%2C400 2x"},"classes":[]},{"id":17502,"url":"https:\/\/victoriavynn.ca\/fr\/product\/pharm-foot-derma-scraper-200g-urea-line\/","url_meta":{"origin":17496,"position":3},"title":"Pharm Foot Derma Scraper 200g (Urea Line)","author":"Serge Sahakian","date":"avril 7, 2024","format":false,"excerpt":"GOMMAGE ASSOUPLISSANT SEL &amp; SUCRE \u00e0 l'UREA &amp; GOJI Contenance 200g (environ 20 soins) Ingr\u00e9dients actifs : \u00a0 \u00a0 \u00a0 \u00a0 \u00a0 \u00a0 \u00a0 \u00a0 \u00a0 \u00a0","rel":"","context":"Similar post","block_context":{"text":"Similar post","link":""},"img":{"alt_text":"pharm foot derma scraper salt & sugar Softening Scrub","src":"https:\/\/i0.wp.com\/victoriavynn.ca\/wp-content\/uploads\/2024\/04\/pharm-foot-derma-scraper-salt-sugar-softening-scrub.webp?fit=750%2C1000&ssl=1&resize=350%2C200","width":350,"height":200,"srcset":"https:\/\/i0.wp.com\/victoriavynn.ca\/wp-content\/uploads\/2024\/04\/pharm-foot-derma-scraper-salt-sugar-softening-scrub.webp?fit=750%2C1000&ssl=1&resize=350%2C200 1x, https:\/\/i0.wp.com\/victoriavynn.ca\/wp-content\/uploads\/2024\/04\/pharm-foot-derma-scraper-salt-sugar-softening-scrub.webp?fit=750%2C1000&ssl=1&resize=525%2C300 1.5x, https:\/\/i0.wp.com\/victoriavynn.ca\/wp-content\/uploads\/2024\/04\/pharm-foot-derma-scraper-salt-sugar-softening-scrub.webp?fit=750%2C1000&ssl=1&resize=700%2C400 2x"},"classes":[]},{"id":17504,"url":"https:\/\/victoriavynn.ca\/fr\/product\/pharm-foot-urea-forte-75ml-urea-line\/","url_meta":{"origin":17496,"position":4},"title":"Pharm Foot Urea Forte 75ml (Ligne Urea)","author":"Serge Sahakian","date":"avril 7, 2024","format":false,"excerpt":"Pommade contre la k\u00e9ratisation de la peau avec UREA et \u00e9mollients Capacit\u00e9 75ml (environ 40 traitements) Ingr\u00e9dients actifs :","rel":"","context":"Similar post","block_context":{"text":"Similar post","link":""},"img":{"alt_text":"","src":"https:\/\/i0.wp.com\/victoriavynn.ca\/wp-content\/uploads\/2024\/04\/pharm-foot-urea-forte-1-5.webp?fit=750%2C1000&ssl=1&resize=350%2C200","width":350,"height":200,"srcset":"https:\/\/i0.wp.com\/victoriavynn.ca\/wp-content\/uploads\/2024\/04\/pharm-foot-urea-forte-1-5.webp?fit=750%2C1000&ssl=1&resize=350%2C200 1x, https:\/\/i0.wp.com\/victoriavynn.ca\/wp-content\/uploads\/2024\/04\/pharm-foot-urea-forte-1-5.webp?fit=750%2C1000&ssl=1&resize=525%2C300 1.5x, https:\/\/i0.wp.com\/victoriavynn.ca\/wp-content\/uploads\/2024\/04\/pharm-foot-urea-forte-1-5.webp?fit=750%2C1000&ssl=1&resize=700%2C400 2x"},"classes":[]},{"id":10993,"url":"https:\/\/victoriavynn.ca\/fr\/product\/best-hand-and-body-moisturizer-for-dry-skin\/","url_meta":{"origin":17496,"position":5},"title":"Pharm Foot O3 CONCENTRATE 400ml (Ozone Oil Line)","author":"Serge Sahakian","date":"mars 9, 2023","format":false,"excerpt":"Pharm Foot O3 CONCENTRE - BEURRE PROTECTEUR POUR LE CORPS ET LES MAINS \u00e0 l'huile d'ozone et au beurre de karit\u00e9 est nomm\u00e9 parmi les meilleurs hydratants pour les mains et le corps pour les peaux s\u00e8ches. O3 CONCENTRE reconstruit l'\u00e9piderme et apaise les irritations. Il prot\u00e8ge \u00e9galement contre le dess\u00e8chement et les effets n\u00e9fastes des facteurs externes. Pour...","rel":"","context":"Similar post","block_context":{"text":"Similar post","link":""},"img":{"alt_text":"Pharm Foot best hand and body moisturizer for dry skin Ozone Oil o3 Concentre Butter","src":"https:\/\/i0.wp.com\/victoriavynn.ca\/wp-content\/uploads\/2023\/03\/Pharm-Foot-best-hand-and-body-moisturizer-for-dry-skin-Ozone-Oil-o3-Concentre-Butter.webp?fit=750%2C1000&ssl=1&resize=350%2C200","width":350,"height":200,"srcset":"https:\/\/i0.wp.com\/victoriavynn.ca\/wp-content\/uploads\/2023\/03\/Pharm-Foot-best-hand-and-body-moisturizer-for-dry-skin-Ozone-Oil-o3-Concentre-Butter.webp?fit=750%2C1000&ssl=1&resize=350%2C200 1x, https:\/\/i0.wp.com\/victoriavynn.ca\/wp-content\/uploads\/2023\/03\/Pharm-Foot-best-hand-and-body-moisturizer-for-dry-skin-Ozone-Oil-o3-Concentre-Butter.webp?fit=750%2C1000&ssl=1&resize=525%2C300 1.5x, https:\/\/i0.wp.com\/victoriavynn.ca\/wp-content\/uploads\/2023\/03\/Pharm-Foot-best-hand-and-body-moisturizer-for-dry-skin-Ozone-Oil-o3-Concentre-Butter.webp?fit=750%2C1000&ssl=1&resize=700%2C400 2x"},"classes":[]}],"jetpack_sharing_enabled":true,"_links":{"self":[{"href":"https:\/\/victoriavynn.ca\/fr\/wp-json\/wp\/v2\/product\/17496","targetHints":{"allow":["GET"]}}],"collection":[{"href":"https:\/\/victoriavynn.ca\/fr\/wp-json\/wp\/v2\/product"}],"about":[{"href":"https:\/\/victoriavynn.ca\/fr\/wp-json\/wp\/v2\/types\/product"}],"replies":[{"embeddable":true,"href":"https:\/\/victoriavynn.ca\/fr\/wp-json\/wp\/v2\/comments?post=17496"}],"wp:featuredmedia":[{"embeddable":true,"href":"https:\/\/victoriavynn.ca\/fr\/wp-json\/wp\/v2\/media\/20905"}],"wp:attachment":[{"href":"https:\/\/victoriavynn.ca\/fr\/wp-json\/wp\/v2\/media?parent=17496"}],"wp:term":[{"taxonomy":"product_brand","embeddable":true,"href":"https:\/\/victoriavynn.ca\/fr\/wp-json\/wp\/v2\/product_brand?post=17496"},{"taxonomy":"product_cat","embeddable":true,"href":"https:\/\/victoriavynn.ca\/fr\/wp-json\/wp\/v2\/product_cat?post=17496"},{"taxonomy":"product_tag","embeddable":true,"href":"https:\/\/victoriavynn.ca\/fr\/wp-json\/wp\/v2\/product_tag?post=17496"}],"curies":[{"name":"wp","href":"https:\/\/api.w.org\/{rel}","templated":true}]}}