{"id":17504,"date":"2024-04-07T22:12:58","date_gmt":"2024-04-08T02:12:58","guid":{"rendered":"https:\/\/victoriavynn.ca\/product\/pharm-foot-urea-forte-75ml-urea-line\/"},"modified":"2026-04-14T14:05:52","modified_gmt":"2026-04-14T18:05:52","slug":"pharm-foot-urea-forte-75ml-urea-line","status":"publish","type":"product","link":"https:\/\/victoriavynn.ca\/fr\/product\/pharm-foot-urea-forte-75ml-urea-line\/","title":{"rendered":"Pharm Foot Urea Forte 75ml (Ligne Urea)"},"content":{"rendered":"<h2 class=\"wp-block-heading\">RECOMMANDATIONS<br><strong>UREA FORTE<\/strong><\/h2>\n\n\n\n<ul class=\"wp-block-list\">\n<li>pour la peau tr\u00e8s s\u00e8che et craquel\u00e9e des pieds, sujette aux callosit\u00e9s<\/li>\n\n\n\n<li>\u00e9galement recommand\u00e9 pour les diab\u00e9tiques<\/li>\n<\/ul>\n\n\n\n<h2 class=\"wp-block-heading\">EFFET<br><strong>UREA FORTE<\/strong><\/h2>\n\n\n\n<ul class=\"wp-block-list\">\n<li>il r\u00e9duit la rugosit\u00e9 de la peau<\/li>\n\n\n\n<li>adoucit et hydrate<\/li>\n\n\n\n<li>emp\u00eache la k\u00e9ratinisation ult\u00e9rieure gr\u00e2ce \u00e0 l'exfoliation progressive<\/li>\n\n\n\n<li>r\u00e9g\u00e9n\u00e8re<\/li>\n\n\n\n<li>il laisse les pieds doux et lisses<\/li>\n<\/ul>\n\n\n\n<h2 class=\"wp-block-heading\">MODE D'EMPLOI<br><strong>UREA FORTE<\/strong><\/h2>\n\n\n\n<ul class=\"wp-block-list\">\n<li>la pommade doit \u00eatre appliqu\u00e9e sur les pieds, sur les zones calleuses<\/li>\n\n\n\n<li>Appliquer par massage et laisser p\u00e9n\u00e9trer<\/li>\n\n\n\n<li>la pr\u00e9paration doit \u00eatre appliqu\u00e9e sous la supervision et sur la base des recommandations d'un sp\u00e9cialiste.<\/li>\n<\/ul>\n\n\n\n<h2 class=\"wp-block-heading\">INGREDIENTS<br><strong>UREA FORTE<\/strong><\/h2>\n\n\n\n<p>Aqua, Urea, Glycerin, Caprylic\/Capric Triglyceride, Olus Oil, Butyrospermum Parkii Butter, Cocos Nucifera Oil, Polyglyceryl-6 Stearate, Glyceryl Stearates, Cetyl Alcohol, Hydrogenanted Vegetable Oil, Synthetic Wax, Tocopheryl Acetate, Triethanolamine, Panthenol, Candellila Cera, Allantoin, Lactic Acid, Polyglyceryl-6 Behenate, Sodium Benzoate, Carbomer, Cymbopogon Flexuosus Herb Oil, Tocopherol, Lecithin, Ascorbyl Palmitate, Glyceryl Stearate, Glyceryl Oleate, Citric Acid, Disodium EDTA, Phenoxyethanol, Ethylhexylglycerin, Parfum, Citral, Geraniol, Linalool, Citronellol, Limonene, Alpha-Isomethyl Ionone.<\/p>","protected":false},"excerpt":{"rendered":"<div class=\"title\" style=\"box-sizing: border-box; margin-bottom: 30px; color: #706f6f; font-family: Montserrat, sans-serif;\">\n<h2 style=\"color: #333333; font-family: Georgia, 'Times New Roman', 'Bitstream Charter', Times, serif;\">Pommade contre la k\u00e9ratisation de la peau avec UREA et \u00e9mollients<\/h2>\n<div class=\"product-box-1\">\n<div class=\"product-box-1\" style=\"color: #333333; font-family: Georgia, 'Times New Roman', 'Bitstream Charter', Times, serif;\">Capacit\u00e9\u00a0<strong>75ml<\/strong><\/div>\n<div class=\"product-box-1\" style=\"color: #333333; font-family: Georgia, 'Times New Roman', 'Bitstream Charter', Times, serif;\">(environ 40 traitements)<\/div>\n<\/div>\n<\/div>\n<div>Ingr\u00e9dients actifs :<\/div>\n<div><img loading=\"lazy\" decoding=\"async\" class=\"alignnone size-full wp-image-20442\" src=\"http:\/\/victoriavynn.ca\/wp-content\/uploads\/2024\/04\/urea-final.webp\" alt=\"UREA FINALE\" width=\"150\" height=\"150\" srcset=\"https:\/\/i0.wp.com\/victoriavynn.ca\/wp-content\/uploads\/2024\/04\/urea-final.webp?w=150&amp;ssl=1 150w, https:\/\/i0.wp.com\/victoriavynn.ca\/wp-content\/uploads\/2024\/04\/urea-final.webp?resize=12%2C12&amp;ssl=1 12w, https:\/\/i0.wp.com\/victoriavynn.ca\/wp-content\/uploads\/2024\/04\/urea-final.webp?resize=32%2C32&amp;ssl=1 32w, https:\/\/i0.wp.com\/victoriavynn.ca\/wp-content\/uploads\/2024\/04\/urea-final.webp?resize=50%2C50&amp;ssl=1 50w, https:\/\/i0.wp.com\/victoriavynn.ca\/wp-content\/uploads\/2024\/04\/urea-final.webp?resize=100%2C100&amp;ssl=1 100w, https:\/\/i0.wp.com\/victoriavynn.ca\/wp-content\/uploads\/2024\/04\/urea-final.webp?resize=64%2C64&amp;ssl=1 64w\" sizes=\"auto, (max-width: 150px) 100vw, 150px\" \/><img loading=\"lazy\" decoding=\"async\" class=\"alignnone size-full wp-image-20426\" src=\"http:\/\/victoriavynn.ca\/wp-content\/uploads\/2023\/03\/vitamin-e-final.webp\" alt=\"VITAMINE E FINALE\" width=\"150\" height=\"150\" srcset=\"https:\/\/i0.wp.com\/victoriavynn.ca\/wp-content\/uploads\/2023\/03\/vitamin-e-final.webp?w=150&amp;ssl=1 150w, https:\/\/i0.wp.com\/victoriavynn.ca\/wp-content\/uploads\/2023\/03\/vitamin-e-final.webp?resize=12%2C12&amp;ssl=1 12w, https:\/\/i0.wp.com\/victoriavynn.ca\/wp-content\/uploads\/2023\/03\/vitamin-e-final.webp?resize=32%2C32&amp;ssl=1 32w, https:\/\/i0.wp.com\/victoriavynn.ca\/wp-content\/uploads\/2023\/03\/vitamin-e-final.webp?resize=50%2C50&amp;ssl=1 50w, https:\/\/i0.wp.com\/victoriavynn.ca\/wp-content\/uploads\/2023\/03\/vitamin-e-final.webp?resize=100%2C100&amp;ssl=1 100w, https:\/\/i0.wp.com\/victoriavynn.ca\/wp-content\/uploads\/2023\/03\/vitamin-e-final.webp?resize=64%2C64&amp;ssl=1 64w\" sizes=\"auto, (max-width: 150px) 100vw, 150px\" \/><img loading=\"lazy\" decoding=\"async\" class=\"alignnone size-full wp-image-20447\" src=\"http:\/\/victoriavynn.ca\/wp-content\/uploads\/2024\/04\/shea-butter-final.webp\" alt=\"Beurre de karit\u00e9\" width=\"150\" height=\"150\" srcset=\"https:\/\/i0.wp.com\/victoriavynn.ca\/wp-content\/uploads\/2024\/04\/shea-butter-final.webp?w=150&amp;ssl=1 150w, https:\/\/i0.wp.com\/victoriavynn.ca\/wp-content\/uploads\/2024\/04\/shea-butter-final.webp?resize=12%2C12&amp;ssl=1 12w, https:\/\/i0.wp.com\/victoriavynn.ca\/wp-content\/uploads\/2024\/04\/shea-butter-final.webp?resize=32%2C32&amp;ssl=1 32w, https:\/\/i0.wp.com\/victoriavynn.ca\/wp-content\/uploads\/2024\/04\/shea-butter-final.webp?resize=50%2C50&amp;ssl=1 50w, https:\/\/i0.wp.com\/victoriavynn.ca\/wp-content\/uploads\/2024\/04\/shea-butter-final.webp?resize=100%2C100&amp;ssl=1 100w, https:\/\/i0.wp.com\/victoriavynn.ca\/wp-content\/uploads\/2024\/04\/shea-butter-final.webp?resize=64%2C64&amp;ssl=1 64w\" sizes=\"auto, (max-width: 150px) 100vw, 150px\" \/><img loading=\"lazy\" decoding=\"async\" class=\"alignnone size-full wp-image-20909\" src=\"http:\/\/victoriavynn.ca\/wp-content\/uploads\/2024\/04\/vegetable-oils.webp\" alt=\"HUILES V\u00c9G\u00c9TALES\" width=\"150\" height=\"150\" srcset=\"https:\/\/i0.wp.com\/victoriavynn.ca\/wp-content\/uploads\/2024\/04\/vegetable-oils.webp?w=150&amp;ssl=1 150w, https:\/\/i0.wp.com\/victoriavynn.ca\/wp-content\/uploads\/2024\/04\/vegetable-oils.webp?resize=12%2C12&amp;ssl=1 12w, https:\/\/i0.wp.com\/victoriavynn.ca\/wp-content\/uploads\/2024\/04\/vegetable-oils.webp?resize=32%2C32&amp;ssl=1 32w, https:\/\/i0.wp.com\/victoriavynn.ca\/wp-content\/uploads\/2024\/04\/vegetable-oils.webp?resize=50%2C50&amp;ssl=1 50w, https:\/\/i0.wp.com\/victoriavynn.ca\/wp-content\/uploads\/2024\/04\/vegetable-oils.webp?resize=100%2C100&amp;ssl=1 100w, https:\/\/i0.wp.com\/victoriavynn.ca\/wp-content\/uploads\/2024\/04\/vegetable-oils.webp?resize=64%2C64&amp;ssl=1 64w\" sizes=\"auto, (max-width: 150px) 100vw, 150px\" \/><img loading=\"lazy\" decoding=\"async\" class=\"alignnone size-full wp-image-20425\" src=\"http:\/\/victoriavynn.ca\/wp-content\/uploads\/2023\/03\/allantoin-final.webp\" alt=\"ALLANTO\u00cfNE FINALE\" width=\"150\" height=\"150\" srcset=\"https:\/\/i0.wp.com\/victoriavynn.ca\/wp-content\/uploads\/2023\/03\/allantoin-final.webp?w=150&amp;ssl=1 150w, https:\/\/i0.wp.com\/victoriavynn.ca\/wp-content\/uploads\/2023\/03\/allantoin-final.webp?resize=12%2C12&amp;ssl=1 12w, https:\/\/i0.wp.com\/victoriavynn.ca\/wp-content\/uploads\/2023\/03\/allantoin-final.webp?resize=32%2C32&amp;ssl=1 32w, https:\/\/i0.wp.com\/victoriavynn.ca\/wp-content\/uploads\/2023\/03\/allantoin-final.webp?resize=50%2C50&amp;ssl=1 50w, https:\/\/i0.wp.com\/victoriavynn.ca\/wp-content\/uploads\/2023\/03\/allantoin-final.webp?resize=100%2C100&amp;ssl=1 100w, https:\/\/i0.wp.com\/victoriavynn.ca\/wp-content\/uploads\/2023\/03\/allantoin-final.webp?resize=64%2C64&amp;ssl=1 64w\" sizes=\"auto, (max-width: 150px) 100vw, 150px\" \/><img loading=\"lazy\" decoding=\"async\" class=\"alignnone size-full wp-image-20427\" src=\"http:\/\/victoriavynn.ca\/wp-content\/uploads\/2023\/03\/panthenol-final.webp\" alt=\"PANTH\u00c9NOL FINAL\" width=\"150\" height=\"150\" srcset=\"https:\/\/i0.wp.com\/victoriavynn.ca\/wp-content\/uploads\/2023\/03\/panthenol-final.webp?w=150&amp;ssl=1 150w, https:\/\/i0.wp.com\/victoriavynn.ca\/wp-content\/uploads\/2023\/03\/panthenol-final.webp?resize=12%2C12&amp;ssl=1 12w, https:\/\/i0.wp.com\/victoriavynn.ca\/wp-content\/uploads\/2023\/03\/panthenol-final.webp?resize=32%2C32&amp;ssl=1 32w, https:\/\/i0.wp.com\/victoriavynn.ca\/wp-content\/uploads\/2023\/03\/panthenol-final.webp?resize=50%2C50&amp;ssl=1 50w, https:\/\/i0.wp.com\/victoriavynn.ca\/wp-content\/uploads\/2023\/03\/panthenol-final.webp?resize=100%2C100&amp;ssl=1 100w, https:\/\/i0.wp.com\/victoriavynn.ca\/wp-content\/uploads\/2023\/03\/panthenol-final.webp?resize=64%2C64&amp;ssl=1 64w\" sizes=\"auto, (max-width: 150px) 100vw, 150px\" \/><img loading=\"lazy\" decoding=\"async\" class=\"alignnone size-full wp-image-20910\" src=\"http:\/\/victoriavynn.ca\/wp-content\/uploads\/2024\/04\/candellila-wax.webp\" alt=\"CANDELLILA WAX\" width=\"150\" height=\"150\" srcset=\"https:\/\/i0.wp.com\/victoriavynn.ca\/wp-content\/uploads\/2024\/04\/candellila-wax.webp?w=150&amp;ssl=1 150w, https:\/\/i0.wp.com\/victoriavynn.ca\/wp-content\/uploads\/2024\/04\/candellila-wax.webp?resize=12%2C12&amp;ssl=1 12w, https:\/\/i0.wp.com\/victoriavynn.ca\/wp-content\/uploads\/2024\/04\/candellila-wax.webp?resize=32%2C32&amp;ssl=1 32w, https:\/\/i0.wp.com\/victoriavynn.ca\/wp-content\/uploads\/2024\/04\/candellila-wax.webp?resize=50%2C50&amp;ssl=1 50w, https:\/\/i0.wp.com\/victoriavynn.ca\/wp-content\/uploads\/2024\/04\/candellila-wax.webp?resize=100%2C100&amp;ssl=1 100w, https:\/\/i0.wp.com\/victoriavynn.ca\/wp-content\/uploads\/2024\/04\/candellila-wax.webp?resize=64%2C64&amp;ssl=1 64w\" sizes=\"auto, (max-width: 150px) 100vw, 150px\" \/><\/div>\n<div><\/div>\n<div class=\"title\" style=\"box-sizing: border-box; margin-bottom: 30px; color: #706f6f; font-family: Montserrat, sans-serif;\">\n<div><\/div>\n<\/div>","protected":false},"featured_media":20918,"comment_status":"open","ping_status":"closed","template":"","meta":{"jetpack_post_was_ever_published":false,"jetpack_publicize_message":"","jetpack_publicize_feature_enabled":true,"jetpack_social_post_already_shared":true,"jetpack_social_options":{"image_generator_settings":{"template":"highway","default_image_id":0,"font":"","enabled":false},"version":2}},"product_brand":[],"product_cat":[548],"product_tag":[],"class_list":{"0":"post-17504","1":"product","2":"type-product","3":"status-publish","4":"has-post-thumbnail","6":"product_cat-urea-line","7":"pa_size-75-ml","9":"first","10":"instock","11":"taxable","12":"shipping-taxable","13":"purchasable","14":"product-type-simple"},"jetpack_publicize_connections":[],"jetpack-related-posts":[{"id":10967,"url":"https:\/\/victoriavynn.ca\/fr\/product\/pharm-foot-dermo-resoftener-75ml-urea-line\/","url_meta":{"origin":17504,"position":0},"title":"Pharm Foot DERMO reSOFTENER 75ml (Ligne Ur\u00e9e)","author":"Serge Sahakian","date":"mars 9, 2023","format":false,"excerpt":"Cr\u00e8me adoucissante et hydratante \u00e0 l'ur\u00e9e 10% Contenance 75ml (environ 35 soins) Ingr\u00e9dients actifs :","rel":"","context":"Similar post","block_context":{"text":"Similar post","link":""},"img":{"alt_text":"pharm foot dermo resoftener 75ml","src":"https:\/\/i0.wp.com\/victoriavynn.ca\/wp-content\/uploads\/2023\/03\/pharm-foot-dermo-resoftener-75ml.webp?fit=750%2C1000&ssl=1&resize=350%2C200","width":350,"height":200,"srcset":"https:\/\/i0.wp.com\/victoriavynn.ca\/wp-content\/uploads\/2023\/03\/pharm-foot-dermo-resoftener-75ml.webp?fit=750%2C1000&ssl=1&resize=350%2C200 1x, https:\/\/i0.wp.com\/victoriavynn.ca\/wp-content\/uploads\/2023\/03\/pharm-foot-dermo-resoftener-75ml.webp?fit=750%2C1000&ssl=1&resize=525%2C300 1.5x, https:\/\/i0.wp.com\/victoriavynn.ca\/wp-content\/uploads\/2023\/03\/pharm-foot-dermo-resoftener-75ml.webp?fit=750%2C1000&ssl=1&resize=700%2C400 2x"},"classes":[]},{"id":10995,"url":"https:\/\/victoriavynn.ca\/fr\/product\/pharm-foot-cracked-heel-balm-75ml\/","url_meta":{"origin":17504,"position":1},"title":"Pharm Foot CRACKED HEEL PROTECTOR 75ml (Ozone Oil Line)","author":"Serge Sahakian","date":"mars 9, 2023","format":false,"excerpt":"Pharm Foot CRACKED HEEL PROTECTOR est vraiment la meilleure pommade pour r\u00e9parer les talons crevass\u00e9s. Gr\u00e2ce \u00e0 son puissant effet r\u00e9g\u00e9n\u00e9rant, CRACKED HEEL PROTECTOR soutient les processus de r\u00e9paration de la peau et cr\u00e9e une couche occlusive, emp\u00eachant la perte excessive d'eau. Il apaise, donne \u00e0 la peau \u00e9lasticit\u00e9, douceur et souplesse et assure une protection antimicrobienne....","rel":"","context":"Similar post","block_context":{"text":"Similar post","link":""},"img":{"alt_text":"Pharm Foot Best Cracked Heel Balm Ointment Cracked Heel Protector 75ml","src":"https:\/\/i0.wp.com\/victoriavynn.ca\/wp-content\/uploads\/2023\/03\/Pharm-Foot-Best-Cracked-Heel-Repair-Ointment-Cracked-Heel-Protector-75ml-.webp?fit=750%2C1000&ssl=1&resize=350%2C200","width":350,"height":200,"srcset":"https:\/\/i0.wp.com\/victoriavynn.ca\/wp-content\/uploads\/2023\/03\/Pharm-Foot-Best-Cracked-Heel-Repair-Ointment-Cracked-Heel-Protector-75ml-.webp?fit=750%2C1000&ssl=1&resize=350%2C200 1x, https:\/\/i0.wp.com\/victoriavynn.ca\/wp-content\/uploads\/2023\/03\/Pharm-Foot-Best-Cracked-Heel-Repair-Ointment-Cracked-Heel-Protector-75ml-.webp?fit=750%2C1000&ssl=1&resize=525%2C300 1.5x, https:\/\/i0.wp.com\/victoriavynn.ca\/wp-content\/uploads\/2023\/03\/Pharm-Foot-Best-Cracked-Heel-Repair-Ointment-Cracked-Heel-Protector-75ml-.webp?fit=750%2C1000&ssl=1&resize=700%2C400 2x"},"classes":[]},{"id":17496,"url":"https:\/\/victoriavynn.ca\/fr\/product\/pharm-foot-hydro-cream-250ml-urea-line\/","url_meta":{"origin":17504,"position":2},"title":"Pharm Foot Hydro Cream 250ml (Urea Line)","author":"Serge Sahakian","date":"avril 7, 2024","format":false,"excerpt":"Spray Hydratant Peau S\u00e8che avec 10% UREA &amp; Humectants Contenance 150ml Ingr\u00e9dients actifs :","rel":"","context":"Similar post","block_context":{"text":"Similar post","link":""},"img":{"alt_text":"PHARM FOOT HYDRO CREAM SPRAY","src":"https:\/\/i0.wp.com\/victoriavynn.ca\/wp-content\/uploads\/2024\/04\/pharm-foot-hydro-cream-spray-.webp?fit=750%2C1000&ssl=1&resize=350%2C200","width":350,"height":200,"srcset":"https:\/\/i0.wp.com\/victoriavynn.ca\/wp-content\/uploads\/2024\/04\/pharm-foot-hydro-cream-spray-.webp?fit=750%2C1000&ssl=1&resize=350%2C200 1x, https:\/\/i0.wp.com\/victoriavynn.ca\/wp-content\/uploads\/2024\/04\/pharm-foot-hydro-cream-spray-.webp?fit=750%2C1000&ssl=1&resize=525%2C300 1.5x, https:\/\/i0.wp.com\/victoriavynn.ca\/wp-content\/uploads\/2024\/04\/pharm-foot-hydro-cream-spray-.webp?fit=750%2C1000&ssl=1&resize=700%2C400 2x"},"classes":[]},{"id":10957,"url":"https:\/\/victoriavynn.ca\/fr\/product\/pharm-foot-foot-mousse-125ml-urea-line\/","url_meta":{"origin":17504,"position":3},"title":"Pharm Foot MOUSSE POUR LES PIEDS 105ml (Ligne Ur\u00e9e)","author":"Serge Sahakian","date":"mars 9, 2023","format":false,"excerpt":"MOUSSE - CR\u00c8ME DE FIN DE TRAITEMENT 5% urea Capacit\u00e9 105ml (environ 45 traitements) Ingr\u00e9dients actifs : \u00a0 \u00a0 \u00a0 \u00a0 \u00a0 \u00a0 \u00a0 \u00a0 \u00a0","rel":"","context":"Similar post","block_context":{"text":"Similar post","link":""},"img":{"alt_text":"pharm foot mousse 105ml","src":"https:\/\/i0.wp.com\/victoriavynn.ca\/wp-content\/uploads\/2023\/03\/pharm-foot-mousse-105ml.webp?fit=750%2C1000&ssl=1&resize=350%2C200","width":350,"height":200,"srcset":"https:\/\/i0.wp.com\/victoriavynn.ca\/wp-content\/uploads\/2023\/03\/pharm-foot-mousse-105ml.webp?fit=750%2C1000&ssl=1&resize=350%2C200 1x, https:\/\/i0.wp.com\/victoriavynn.ca\/wp-content\/uploads\/2023\/03\/pharm-foot-mousse-105ml.webp?fit=750%2C1000&ssl=1&resize=525%2C300 1.5x, https:\/\/i0.wp.com\/victoriavynn.ca\/wp-content\/uploads\/2023\/03\/pharm-foot-mousse-105ml.webp?fit=750%2C1000&ssl=1&resize=700%2C400 2x"},"classes":[]},{"id":17502,"url":"https:\/\/victoriavynn.ca\/fr\/product\/pharm-foot-derma-scraper-200g-urea-line\/","url_meta":{"origin":17504,"position":4},"title":"Pharm Foot Derma Scraper 200g (Urea Line)","author":"Serge Sahakian","date":"avril 7, 2024","format":false,"excerpt":"GOMMAGE ASSOUPLISSANT SEL &amp; SUCRE \u00e0 l'UREA &amp; GOJI Contenance 200g (environ 20 soins) Ingr\u00e9dients actifs : \u00a0 \u00a0 \u00a0 \u00a0 \u00a0 \u00a0 \u00a0 \u00a0 \u00a0 \u00a0","rel":"","context":"Similar post","block_context":{"text":"Similar post","link":""},"img":{"alt_text":"pharm foot derma scraper salt & sugar Softening Scrub","src":"https:\/\/i0.wp.com\/victoriavynn.ca\/wp-content\/uploads\/2024\/04\/pharm-foot-derma-scraper-salt-sugar-softening-scrub.webp?fit=750%2C1000&ssl=1&resize=350%2C200","width":350,"height":200,"srcset":"https:\/\/i0.wp.com\/victoriavynn.ca\/wp-content\/uploads\/2024\/04\/pharm-foot-derma-scraper-salt-sugar-softening-scrub.webp?fit=750%2C1000&ssl=1&resize=350%2C200 1x, https:\/\/i0.wp.com\/victoriavynn.ca\/wp-content\/uploads\/2024\/04\/pharm-foot-derma-scraper-salt-sugar-softening-scrub.webp?fit=750%2C1000&ssl=1&resize=525%2C300 1.5x, https:\/\/i0.wp.com\/victoriavynn.ca\/wp-content\/uploads\/2024\/04\/pharm-foot-derma-scraper-salt-sugar-softening-scrub.webp?fit=750%2C1000&ssl=1&resize=700%2C400 2x"},"classes":[]},{"id":17500,"url":"https:\/\/victoriavynn.ca\/fr\/product\/pharm-foot-dermo-intense-250ml-urea-line\/","url_meta":{"origin":17504,"position":5},"title":"Pharm Foot Dermo Intense 250ml (Ligne Ur\u00e9e)","author":"Serge Sahakian","date":"avril 7, 2024","format":false,"excerpt":"CR\u00c8ME HYDRATANTE ANTI-CALLUS \u00c0 L'UREA ET AU COLLAG\u00c8NE Contenance 250 g Principes actifs : \u00a0","rel":"","context":"Similar post","block_context":{"text":"Similar post","link":""},"img":{"alt_text":"Pharm Foot Dermo Intense 250g","src":"https:\/\/i0.wp.com\/victoriavynn.ca\/wp-content\/uploads\/2024\/04\/pharm-foot-dermo-intense-250g-.webp?fit=750%2C1000&ssl=1&resize=350%2C200","width":350,"height":200,"srcset":"https:\/\/i0.wp.com\/victoriavynn.ca\/wp-content\/uploads\/2024\/04\/pharm-foot-dermo-intense-250g-.webp?fit=750%2C1000&ssl=1&resize=350%2C200 1x, https:\/\/i0.wp.com\/victoriavynn.ca\/wp-content\/uploads\/2024\/04\/pharm-foot-dermo-intense-250g-.webp?fit=750%2C1000&ssl=1&resize=525%2C300 1.5x, https:\/\/i0.wp.com\/victoriavynn.ca\/wp-content\/uploads\/2024\/04\/pharm-foot-dermo-intense-250g-.webp?fit=750%2C1000&ssl=1&resize=700%2C400 2x"},"classes":[]}],"jetpack_sharing_enabled":true,"_links":{"self":[{"href":"https:\/\/victoriavynn.ca\/fr\/wp-json\/wp\/v2\/product\/17504","targetHints":{"allow":["GET"]}}],"collection":[{"href":"https:\/\/victoriavynn.ca\/fr\/wp-json\/wp\/v2\/product"}],"about":[{"href":"https:\/\/victoriavynn.ca\/fr\/wp-json\/wp\/v2\/types\/product"}],"replies":[{"embeddable":true,"href":"https:\/\/victoriavynn.ca\/fr\/wp-json\/wp\/v2\/comments?post=17504"}],"wp:featuredmedia":[{"embeddable":true,"href":"https:\/\/victoriavynn.ca\/fr\/wp-json\/wp\/v2\/media\/20918"}],"wp:attachment":[{"href":"https:\/\/victoriavynn.ca\/fr\/wp-json\/wp\/v2\/media?parent=17504"}],"wp:term":[{"taxonomy":"product_brand","embeddable":true,"href":"https:\/\/victoriavynn.ca\/fr\/wp-json\/wp\/v2\/product_brand?post=17504"},{"taxonomy":"product_cat","embeddable":true,"href":"https:\/\/victoriavynn.ca\/fr\/wp-json\/wp\/v2\/product_cat?post=17504"},{"taxonomy":"product_tag","embeddable":true,"href":"https:\/\/victoriavynn.ca\/fr\/wp-json\/wp\/v2\/product_tag?post=17504"}],"curies":[{"name":"wp","href":"https:\/\/api.w.org\/{rel}","templated":true}]}}