{"id":17506,"date":"2024-04-07T22:13:00","date_gmt":"2024-04-08T02:13:00","guid":{"rendered":"https:\/\/victoriavynn.ca\/product\/pharm-foot-biocompress-250-ml-colostrum-line\/"},"modified":"2026-04-16T14:34:03","modified_gmt":"2026-04-16T18:34:03","slug":"pharm-foot-biocompress-250-ml-colostrum-line","status":"publish","type":"product","link":"https:\/\/victoriavynn.ca\/fr\/product\/pharm-foot-biocompress-250-ml-colostrum-line\/","title":{"rendered":"Pharm Foot bioCOMPRESS 250 ml (Ligne Colostrum)"},"content":{"rendered":"","protected":false},"excerpt":{"rendered":"","protected":false},"featured_media":17508,"comment_status":"open","ping_status":"closed","template":"","meta":{"jetpack_post_was_ever_published":false,"jetpack_publicize_message":"","jetpack_publicize_feature_enabled":true,"jetpack_social_post_already_shared":true,"jetpack_social_options":{"image_generator_settings":{"template":"highway","default_image_id":0,"font":"","enabled":false},"version":2}},"product_brand":[],"product_cat":[549],"product_tag":[],"class_list":{"0":"post-17506","1":"product","2":"type-product","3":"status-publish","4":"has-post-thumbnail","6":"product_cat-colostrum-line","8":"first","9":"instock","10":"taxable","11":"shipping-taxable","12":"purchasable","13":"product-type-simple"},"jetpack_publicize_connections":[],"jetpack-related-posts":[{"id":10981,"url":"https:\/\/victoriavynn.ca\/fr\/product\/hand-and-body-serum-for-dry-skin\/","url_meta":{"origin":17506,"position":0},"title":"Pharm Foot bioACTIVATOR 400ml (Ligne Colostrum)","author":"Serge Sahakian","date":"mars 9, 2023","format":false,"excerpt":"Pharm Foot bioACTIVATOR - S\u00c9RUM R\u00c9G\u00c9N\u00c9RATEUR POUR LE CORPS ET LES MAINS au colostrum et au beurre de karit\u00e9 est d\u00e9sign\u00e9 comme le meilleur s\u00e9rum pour les mains et le corps pour les peaux s\u00e8ches. bioACTIVATOR apaise les irritations, adoucit et \u00e9claircit l'\u00e9piderme. Il renforce et am\u00e9liore visiblement l'\u00e9tat de la peau. Pour les salons et...","rel":"","context":"Similar post","block_context":{"text":"Similar post","link":""},"img":{"alt_text":"Pharm Foot Best Hand and Body Serum for dry Skin Colostrum BioActivator","src":"https:\/\/i0.wp.com\/victoriavynn.ca\/wp-content\/uploads\/2023\/03\/Pharm-Foot-Best-Hand-and-Body-Serum-for-dry-Skin-Colostrum-BioActivator-.webp?fit=750%2C1000&ssl=1&resize=350%2C200","width":350,"height":200,"srcset":"https:\/\/i0.wp.com\/victoriavynn.ca\/wp-content\/uploads\/2023\/03\/Pharm-Foot-Best-Hand-and-Body-Serum-for-dry-Skin-Colostrum-BioActivator-.webp?fit=750%2C1000&ssl=1&resize=350%2C200 1x, https:\/\/i0.wp.com\/victoriavynn.ca\/wp-content\/uploads\/2023\/03\/Pharm-Foot-Best-Hand-and-Body-Serum-for-dry-Skin-Colostrum-BioActivator-.webp?fit=750%2C1000&ssl=1&resize=525%2C300 1.5x, https:\/\/i0.wp.com\/victoriavynn.ca\/wp-content\/uploads\/2023\/03\/Pharm-Foot-Best-Hand-and-Body-Serum-for-dry-Skin-Colostrum-BioActivator-.webp?fit=750%2C1000&ssl=1&resize=700%2C400 2x"},"classes":[]},{"id":10876,"url":"https:\/\/victoriavynn.ca\/fr\/product\/pharm-foot-onyplasma-15ml-colostrum-line\/","url_meta":{"origin":17506,"position":1},"title":"Pharm Foot onyPLASMA 15ml (Ligne Colostrum)","author":"Serge Sahakian","date":"mars 8, 2023","format":false,"excerpt":"MELANGE D'ONYCHOLYSES avec colostrum 15ml","rel":"","context":"Similar post","block_context":{"text":"Similar post","link":""},"img":{"alt_text":"vynn_pf_onyplasma_15ml","src":"https:\/\/i0.wp.com\/victoriavynn.ca\/wp-content\/uploads\/2023\/03\/vynn_pf_onyplasma_15ml.webp?fit=750%2C1000&ssl=1&resize=350%2C200","width":350,"height":200,"srcset":"https:\/\/i0.wp.com\/victoriavynn.ca\/wp-content\/uploads\/2023\/03\/vynn_pf_onyplasma_15ml.webp?fit=750%2C1000&ssl=1&resize=350%2C200 1x, https:\/\/i0.wp.com\/victoriavynn.ca\/wp-content\/uploads\/2023\/03\/vynn_pf_onyplasma_15ml.webp?fit=750%2C1000&ssl=1&resize=525%2C300 1.5x, https:\/\/i0.wp.com\/victoriavynn.ca\/wp-content\/uploads\/2023\/03\/vynn_pf_onyplasma_15ml.webp?fit=750%2C1000&ssl=1&resize=700%2C400 2x"},"classes":[]},{"id":10983,"url":"https:\/\/victoriavynn.ca\/fr\/product\/pharm-foot-nutri-regenerator-75ml-colostrum-line\/","url_meta":{"origin":17506,"position":2},"title":"Pharm Foot NUTRI reGENERATOR 75ml (Ligne Colostrum)","author":"Serge Sahakian","date":"mars 9, 2023","format":false,"excerpt":"CR\u00c8ME NOURRISSANTE ET R\u00c9G\u00c9N\u00c9RATRICE au colostrum 75ml","rel":"","context":"Similar post","block_context":{"text":"Similar post","link":""},"img":{"alt_text":"vynn_pf_nutri_regenerator_75ml_kart","src":"https:\/\/i0.wp.com\/victoriavynn.ca\/wp-content\/uploads\/2023\/03\/vynn_pf_nutri_regenerator_75ml_kart.webp?fit=750%2C1000&ssl=1&resize=350%2C200","width":350,"height":200,"srcset":"https:\/\/i0.wp.com\/victoriavynn.ca\/wp-content\/uploads\/2023\/03\/vynn_pf_nutri_regenerator_75ml_kart.webp?fit=750%2C1000&ssl=1&resize=350%2C200 1x, https:\/\/i0.wp.com\/victoriavynn.ca\/wp-content\/uploads\/2023\/03\/vynn_pf_nutri_regenerator_75ml_kart.webp?fit=750%2C1000&ssl=1&resize=525%2C300 1.5x, https:\/\/i0.wp.com\/victoriavynn.ca\/wp-content\/uploads\/2023\/03\/vynn_pf_nutri_regenerator_75ml_kart.webp?fit=750%2C1000&ssl=1&resize=700%2C400 2x"},"classes":[]},{"id":10985,"url":"https:\/\/victoriavynn.ca\/fr\/product\/pharm-foot-nutri-regenerator-400ml-colostrum-line\/","url_meta":{"origin":17506,"position":3},"title":"Pharm Foot NUTRI reGENERATOR 400ml (Ligne Colostrum)","author":"Serge Sahakian","date":"mars 9, 2023","format":false,"excerpt":"CREME NOURRISSANTE &amp; REGENERATRICE au colostrum 400ml","rel":"","context":"Similar post","block_context":{"text":"Similar post","link":""},"img":{"alt_text":"vynn_pf_nutri_regenerator_400ml (1)","src":"https:\/\/i0.wp.com\/victoriavynn.ca\/wp-content\/uploads\/2023\/03\/vynn_pf_nutri_regenerator_400ml-1.webp?fit=750%2C1000&ssl=1&resize=350%2C200","width":350,"height":200,"srcset":"https:\/\/i0.wp.com\/victoriavynn.ca\/wp-content\/uploads\/2023\/03\/vynn_pf_nutri_regenerator_400ml-1.webp?fit=750%2C1000&ssl=1&resize=350%2C200 1x, https:\/\/i0.wp.com\/victoriavynn.ca\/wp-content\/uploads\/2023\/03\/vynn_pf_nutri_regenerator_400ml-1.webp?fit=750%2C1000&ssl=1&resize=525%2C300 1.5x, https:\/\/i0.wp.com\/victoriavynn.ca\/wp-content\/uploads\/2023\/03\/vynn_pf_nutri_regenerator_400ml-1.webp?fit=750%2C1000&ssl=1&resize=700%2C400 2x"},"classes":[]},{"id":17507,"url":"https:\/\/victoriavynn.ca\/fr\/product\/pharm-foot-ozone-safe-250-ml-ozone-oil-line\/","url_meta":{"origin":17506,"position":4},"title":"Pharm Foot OZONE SAFE 250 ml (Ozone Oil Line)","author":"Serge Sahakian","date":"avril 7, 2024","format":false,"excerpt":"","rel":"","context":"Similar post","block_context":{"text":"Similar post","link":""},"img":{"alt_text":"","src":"https:\/\/i0.wp.com\/victoriavynn.ca\/wp-content\/uploads\/2024\/04\/ozone-safe-250-ml.jpg?fit=800%2C800&ssl=1&resize=350%2C200","width":350,"height":200,"srcset":"https:\/\/i0.wp.com\/victoriavynn.ca\/wp-content\/uploads\/2024\/04\/ozone-safe-250-ml.jpg?fit=800%2C800&ssl=1&resize=350%2C200 1x, https:\/\/i0.wp.com\/victoriavynn.ca\/wp-content\/uploads\/2024\/04\/ozone-safe-250-ml.jpg?fit=800%2C800&ssl=1&resize=525%2C300 1.5x, https:\/\/i0.wp.com\/victoriavynn.ca\/wp-content\/uploads\/2024\/04\/ozone-safe-250-ml.jpg?fit=800%2C800&ssl=1&resize=700%2C400 2x"},"classes":[]},{"id":10987,"url":"https:\/\/victoriavynn.ca\/fr\/product\/hand-and-body-balm-for-dry-skin-400ml\/","url_meta":{"origin":17506,"position":5},"title":"Pharm Foot AgSPECIALIST 400ml (Ligne Microsilver)","author":"Serge Sahakian","date":"mars 9, 2023","format":false,"excerpt":"Pharm Foot AgSPECIALIST - BAUME ADOUCISSANT POUR LE CORPS ET LES MAINS au micro-argent et au beurre de karit\u00e9 est nomm\u00e9 parmi les meilleurs baume pour les mains et le corps pour les peaux s\u00e8ches. AgSPECIALIST apaise les irritations et prot\u00e8ge contre le dess\u00e8chement et les effets n\u00e9fastes des facteurs externes.Pour le salon et la maison - Capacit\u00e9 400ml (environ 50 traitements...","rel":"","context":"Similar post","block_context":{"text":"Similar post","link":""},"img":{"alt_text":"Pharm Foot Best Hand and Body Balm for dry Skin Microsilver Agspecialist","src":"https:\/\/i0.wp.com\/victoriavynn.ca\/wp-content\/uploads\/2023\/03\/Pharm-Foot-Best-Hand-and-Body-Balm-for-dry-Skin-Microsilver-Agspecialist.webp?fit=750%2C1000&ssl=1&resize=350%2C200","width":350,"height":200,"srcset":"https:\/\/i0.wp.com\/victoriavynn.ca\/wp-content\/uploads\/2023\/03\/Pharm-Foot-Best-Hand-and-Body-Balm-for-dry-Skin-Microsilver-Agspecialist.webp?fit=750%2C1000&ssl=1&resize=350%2C200 1x, https:\/\/i0.wp.com\/victoriavynn.ca\/wp-content\/uploads\/2023\/03\/Pharm-Foot-Best-Hand-and-Body-Balm-for-dry-Skin-Microsilver-Agspecialist.webp?fit=750%2C1000&ssl=1&resize=525%2C300 1.5x, https:\/\/i0.wp.com\/victoriavynn.ca\/wp-content\/uploads\/2023\/03\/Pharm-Foot-Best-Hand-and-Body-Balm-for-dry-Skin-Microsilver-Agspecialist.webp?fit=750%2C1000&ssl=1&resize=700%2C400 2x"},"classes":[]}],"jetpack_sharing_enabled":true,"_links":{"self":[{"href":"https:\/\/victoriavynn.ca\/fr\/wp-json\/wp\/v2\/product\/17506","targetHints":{"allow":["GET"]}}],"collection":[{"href":"https:\/\/victoriavynn.ca\/fr\/wp-json\/wp\/v2\/product"}],"about":[{"href":"https:\/\/victoriavynn.ca\/fr\/wp-json\/wp\/v2\/types\/product"}],"replies":[{"embeddable":true,"href":"https:\/\/victoriavynn.ca\/fr\/wp-json\/wp\/v2\/comments?post=17506"}],"wp:featuredmedia":[{"embeddable":true,"href":"https:\/\/victoriavynn.ca\/fr\/wp-json\/wp\/v2\/media\/17508"}],"wp:attachment":[{"href":"https:\/\/victoriavynn.ca\/fr\/wp-json\/wp\/v2\/media?parent=17506"}],"wp:term":[{"taxonomy":"product_brand","embeddable":true,"href":"https:\/\/victoriavynn.ca\/fr\/wp-json\/wp\/v2\/product_brand?post=17506"},{"taxonomy":"product_cat","embeddable":true,"href":"https:\/\/victoriavynn.ca\/fr\/wp-json\/wp\/v2\/product_cat?post=17506"},{"taxonomy":"product_tag","embeddable":true,"href":"https:\/\/victoriavynn.ca\/fr\/wp-json\/wp\/v2\/product_tag?post=17506"}],"curies":[{"name":"wp","href":"https:\/\/api.w.org\/{rel}","templated":true}]}}