{"id":17531,"date":"2024-04-10T13:38:15","date_gmt":"2024-04-10T17:38:15","guid":{"rendered":"https:\/\/victoriavynn.ca\/product\/victoria-vynn-salon-gel-polish-oh-my-gloss-top-coat-no-wipe-8ml\/"},"modified":"2026-04-02T22:50:38","modified_gmt":"2026-04-03T02:50:38","slug":"victoria-vynn-oh-my-gloss-top-coat-no-wipe","status":"publish","type":"product","link":"https:\/\/victoriavynn.ca\/fr\/product\/victoria-vynn-oh-my-gloss-top-coat-no-wipe\/","title":{"rendered":"Victoria VYNN Salon Gel Polish Oh ! My Gloss Top Coat No Wipe"},"content":{"rendered":"<p>La couche de finition la plus vendue au Canada : No Wipe. L'Ultimate Long Lasting Top Coat a un effet brillant extraordinaire sans laisser de couche collante. Pas besoin d'utiliser un nettoyant !!! Peut \u00eatre durci dans une lampe UV ou LED.<\/p>\n<ul>\n<li class=\"p1\">Pas de couche de dispersion apr\u00e8s le durcissement<\/li>\n<li class=\"p1\">Effet brillant instantan\u00e9 apr\u00e8s durcissement<\/li>\n<li class=\"p1\">Sans effet mat, il ne se fissure pas, ne s'\u00e9caille pas et ne jaunit pas.<\/li>\n<li class=\"p1\">Recommand\u00e9 comme finition pour les d\u00e9corations hybrides, en gel et acryliques<\/li>\n<li class=\"p1\">Enlev\u00e9 avec de l'ac\u00e9tone, un liquide \u00e0 base d'ac\u00e9tone ou une perceuse \u00e0 ongles.<\/li>\n<li class=\"p1\">Temps de durcissement :  Double lampe LED 30- 60 secondes, lampe UV -180 secondes<\/li>\n<\/ul>\n<p>Un produit prim\u00e9 ! Satisfaction garantie !<\/p>","protected":false},"excerpt":{"rendered":"<p>OH!MG ! \u00e7a vient...c'est l\u00e0 ! nouveau TOP GLOSS !<\/p>\n<p>L'id\u00e9al peut-il \u00eatre am\u00e9lior\u00e9 ? Nous prouvons que OUI !<\/p>\n<p>D\u00e9couvrez la nouvelle version du produit pr\u00e9f\u00e9r\u00e9 des proth\u00e9sistes ongulaires - TOP GLOSS - OH ! MY GLOSS.<br \/>\nBrillance intense sans essuyage.<\/p>\n<ul>\n<li class=\"p1\">Un Top Coat qui garantit une finition manucure encore plus brillante et durable.<\/li>\n<li class=\"p1\">Fait ressortir la couleur encore plus intens\u00e9ment.<\/li>\n<li class=\"p1\">Il prot\u00e8ge encore mieux votre style contre les rayures.<\/li>\n<\/ul>\n<p>Vous l'aimerez donc encore plus !<\/p>","protected":false},"featured_media":17536,"comment_status":"open","ping_status":"closed","template":"","meta":{"jetpack_post_was_ever_published":false,"jetpack_publicize_message":"","jetpack_publicize_feature_enabled":true,"jetpack_social_post_already_shared":true,"jetpack_social_options":{"image_generator_settings":{"template":"highway","default_image_id":0,"font":"","enabled":false},"version":2}},"product_brand":[],"product_cat":[55],"product_tag":[844],"class_list":{"0":"post-17531","1":"product","2":"type-product","3":"status-publish","4":"has-post-thumbnail","6":"product_cat-best-gel-top-coats","7":"product_tag-salon-gel-polish-top-coats","8":"pa_size-15ml","9":"pa_size-8ml","11":"first","12":"instock","13":"taxable","14":"shipping-taxable","15":"purchasable","16":"product-type-variable","17":"wvs-archive-product-wrapper"},"jetpack_publicize_connections":[],"jetpack-related-posts":[{"id":1696,"url":"https:\/\/victoriavynn.ca\/fr\/product\/top-coat-no-wipe-gloss\/","url_meta":{"origin":17531,"position":0},"title":"Salon Gel Polish Top Coat No Wipe Gloss","author":"Serge Sahakian","date":"mars 17, 2020","format":false,"excerpt":"Le Top Coat No Wipe le plus vendu au Canada. Le Top Coat Ultimate Long Lasting a un effet brillant extraordinaire sans laisser de couche collante. Pas besoin d'utiliser un nettoyant !!! Sans effet mat, ne craque pas, ne s'\u00e9caille pas et ne jaunit pas. Recommand\u00e9 comme finition pour les d\u00e9corations hybrides, gel et acryliques. Peut \u00eatre durci...","rel":"","context":"Similar post","block_context":{"text":"Similar post","link":""},"img":{"alt_text":"Victoria VYNN Top Coat No Wipe Gloss 8ML","src":"https:\/\/i0.wp.com\/victoriavynn.ca\/wp-content\/uploads\/2020\/03\/victoria-vynn-top-coat-no-wipe-gloss-8ml.webp?fit=750%2C1000&ssl=1&resize=350%2C200","width":350,"height":200,"srcset":"https:\/\/i0.wp.com\/victoriavynn.ca\/wp-content\/uploads\/2020\/03\/victoria-vynn-top-coat-no-wipe-gloss-8ml.webp?fit=750%2C1000&ssl=1&resize=350%2C200 1x, https:\/\/i0.wp.com\/victoriavynn.ca\/wp-content\/uploads\/2020\/03\/victoria-vynn-top-coat-no-wipe-gloss-8ml.webp?fit=750%2C1000&ssl=1&resize=525%2C300 1.5x, https:\/\/i0.wp.com\/victoriavynn.ca\/wp-content\/uploads\/2020\/03\/victoria-vynn-top-coat-no-wipe-gloss-8ml.webp?fit=750%2C1000&ssl=1&resize=700%2C400 2x"},"classes":[]},{"id":1704,"url":"https:\/\/victoriavynn.ca\/fr\/product\/gel-unblue-top-coat-no-wipe\/","url_meta":{"origin":17531,"position":1},"title":"Salon Gel Polish Top Coat No Wipe UNBLUE","author":"Serge Sahakian","date":"mars 17, 2020","format":false,"excerpt":"Le Top Coat Ultimate Unblue ne s'essuie pas sans un reflet bleu. Donne aux ongles un effet brillant jusqu'\u00e0 5 semaines. Durci dans des lampes UV et LED. Top unblue est la finition parfaite pour les designs hybrides et en gel ainsi que pour le nail art. Particuli\u00e8rement recommand\u00e9 pour les couleurs fonc\u00e9es. Transparent...","rel":"","context":"Similar post","block_context":{"text":"Similar post","link":""},"img":{"alt_text":"Victoria VYNN Unblue Top Coat No Wipe","src":"https:\/\/i0.wp.com\/victoriavynn.ca\/wp-content\/uploads\/2020\/03\/unblue-top-coat-no-wipe.webp?fit=750%2C1000&ssl=1&resize=350%2C200","width":350,"height":200,"srcset":"https:\/\/i0.wp.com\/victoriavynn.ca\/wp-content\/uploads\/2020\/03\/unblue-top-coat-no-wipe.webp?fit=750%2C1000&ssl=1&resize=350%2C200 1x, https:\/\/i0.wp.com\/victoriavynn.ca\/wp-content\/uploads\/2020\/03\/unblue-top-coat-no-wipe.webp?fit=750%2C1000&ssl=1&resize=525%2C300 1.5x, https:\/\/i0.wp.com\/victoriavynn.ca\/wp-content\/uploads\/2020\/03\/unblue-top-coat-no-wipe.webp?fit=750%2C1000&ssl=1&resize=700%2C400 2x"},"classes":[]},{"id":37067,"url":"https:\/\/victoriavynn.ca\/fr\/product\/victoria-vynn-salon-gel-polish-top-coat-top-it-no-wipe\/","url_meta":{"origin":17531,"position":2},"title":"Victoria VYNN Salon Gel Polish Top Coat \"Top It\" No Wipe","author":"Serge Sahakian","date":"octobre 18, 2025","format":false,"excerpt":"Victoria VYNN Top It No Wipe Top Coat est un vernis de finition solide de qualit\u00e9 professionnelle dont les caract\u00e9ristiques s'adaptent bien \u00e0 l'utilisation en salon - en particulier la facilit\u00e9 d'application sans essuyage, la fluidit\u00e9 de l'auto-nivellement et la finition tr\u00e8s brillante. Sp\u00e9cification du produit : \u00a0 \u00a0 \u00a0 \u00a0 \u00a0 \u00a0","rel":"","context":"Similar post","block_context":{"text":"Similar post","link":""},"img":{"alt_text":"victoria vynn top it 8ml","src":"https:\/\/i0.wp.com\/victoriavynn.ca\/wp-content\/uploads\/2025\/10\/victoria-vynn-top-it-8ml.webp?fit=750%2C1000&ssl=1&resize=350%2C200","width":350,"height":200,"srcset":"https:\/\/i0.wp.com\/victoriavynn.ca\/wp-content\/uploads\/2025\/10\/victoria-vynn-top-it-8ml.webp?fit=750%2C1000&ssl=1&resize=350%2C200 1x, https:\/\/i0.wp.com\/victoriavynn.ca\/wp-content\/uploads\/2025\/10\/victoria-vynn-top-it-8ml.webp?fit=750%2C1000&ssl=1&resize=525%2C300 1.5x, https:\/\/i0.wp.com\/victoriavynn.ca\/wp-content\/uploads\/2025\/10\/victoria-vynn-top-it-8ml.webp?fit=750%2C1000&ssl=1&resize=700%2C400 2x"},"classes":[]},{"id":37078,"url":"https:\/\/victoriavynn.ca\/fr\/product\/victoria-vynn-salon-gel-polish-top-coat-top-gun-no-wipe\/","url_meta":{"origin":17531,"position":3},"title":"Victoria VYNN Salon Gel Polish Top Coat \"Top Gun\" No Wipe","author":"Serge Sahakian","date":"octobre 18, 2025","format":false,"excerpt":"Une brillance pure en une seule couche. Le Top Coat GUN donne \u00e0 votre manucure la brillance miroir et la protection ultimes - lisse, solide et parfaite sans essuyage. Sp\u00e9cifications du produit : \u00a0 \u00a0 \u00a0 \u00a0 \u00a0 \u00a0","rel":"","context":"Similar post","block_context":{"text":"Similar post","link":""},"img":{"alt_text":"victoria vynn top coat gun 8ml","src":"https:\/\/i0.wp.com\/victoriavynn.ca\/wp-content\/uploads\/2025\/10\/victoria-vynn-top-coat-gun-8ml.webp?fit=750%2C1000&ssl=1&resize=350%2C200","width":350,"height":200,"srcset":"https:\/\/i0.wp.com\/victoriavynn.ca\/wp-content\/uploads\/2025\/10\/victoria-vynn-top-coat-gun-8ml.webp?fit=750%2C1000&ssl=1&resize=350%2C200 1x, https:\/\/i0.wp.com\/victoriavynn.ca\/wp-content\/uploads\/2025\/10\/victoria-vynn-top-coat-gun-8ml.webp?fit=750%2C1000&ssl=1&resize=525%2C300 1.5x, https:\/\/i0.wp.com\/victoriavynn.ca\/wp-content\/uploads\/2025\/10\/victoria-vynn-top-coat-gun-8ml.webp?fit=750%2C1000&ssl=1&resize=700%2C400 2x"},"classes":[]},{"id":1698,"url":"https:\/\/victoriavynn.ca\/fr\/product\/victoria-vynn-salon-gel-polish-top-coat-matt-no-wipe\/","url_meta":{"origin":17531,"position":4},"title":"Salon Gel Polish Top Coat No Wipe MATT","author":"Serge Sahakian","date":"mars 17, 2020","format":false,"excerpt":"Victoria VYNN Salon Gel Polish","rel":"","context":"Similar post","block_context":{"text":"Similar post","link":""},"img":{"alt_text":"victoria vynn top coat matt","src":"https:\/\/i0.wp.com\/victoriavynn.ca\/wp-content\/uploads\/2020\/03\/victoria-vynn-top-coat-matt.webp?fit=750%2C1000&ssl=1&resize=350%2C200","width":350,"height":200,"srcset":"https:\/\/i0.wp.com\/victoriavynn.ca\/wp-content\/uploads\/2020\/03\/victoria-vynn-top-coat-matt.webp?fit=750%2C1000&ssl=1&resize=350%2C200 1x, https:\/\/i0.wp.com\/victoriavynn.ca\/wp-content\/uploads\/2020\/03\/victoria-vynn-top-coat-matt.webp?fit=750%2C1000&ssl=1&resize=525%2C300 1.5x, https:\/\/i0.wp.com\/victoriavynn.ca\/wp-content\/uploads\/2020\/03\/victoria-vynn-top-coat-matt.webp?fit=750%2C1000&ssl=1&resize=700%2C400 2x"},"classes":[]},{"id":11612,"url":"https:\/\/victoriavynn.ca\/fr\/product\/victoria-vynn-best-gel-polish-starter-kit\/","url_meta":{"origin":17531,"position":5},"title":"Victoria VYNN Salon Gel Polish Starter Kit (Pack de 5)","author":"Serge Sahakian","date":"avril 27, 2023","format":false,"excerpt":"Le meilleur kit de d\u00e9marrage pour Gel Polish avec la qualit\u00e9 Premium Salon ! Le kit est compos\u00e9 de 5 produits les plus vendus dans le syst\u00e8me de vernis en gel de salon : Pr\u00e9paration pour ongles de salon Tape Bond Mega Rubber Base Coat Top Coat No Wipe Gloss Sp\u00e9cifications du produit :          ...","rel":"","context":"With 1 comment","block_context":{"text":"With 1 comment","link":"https:\/\/victoriavynn.ca\/fr\/product\/victoria-vynn-best-gel-polish-starter-kit\/#comments"},"img":{"alt_text":"Victoria VYNN Best Gel Polish Starter Kit","src":"https:\/\/i0.wp.com\/victoriavynn.ca\/wp-content\/uploads\/2023\/04\/Gel-Polish-Starter-Pack.webp?fit=750%2C1000&ssl=1&resize=350%2C200","width":350,"height":200,"srcset":"https:\/\/i0.wp.com\/victoriavynn.ca\/wp-content\/uploads\/2023\/04\/Gel-Polish-Starter-Pack.webp?fit=750%2C1000&ssl=1&resize=350%2C200 1x, https:\/\/i0.wp.com\/victoriavynn.ca\/wp-content\/uploads\/2023\/04\/Gel-Polish-Starter-Pack.webp?fit=750%2C1000&ssl=1&resize=525%2C300 1.5x, https:\/\/i0.wp.com\/victoriavynn.ca\/wp-content\/uploads\/2023\/04\/Gel-Polish-Starter-Pack.webp?fit=750%2C1000&ssl=1&resize=700%2C400 2x"},"classes":[]}],"jetpack_sharing_enabled":true,"_links":{"self":[{"href":"https:\/\/victoriavynn.ca\/fr\/wp-json\/wp\/v2\/product\/17531","targetHints":{"allow":["GET"]}}],"collection":[{"href":"https:\/\/victoriavynn.ca\/fr\/wp-json\/wp\/v2\/product"}],"about":[{"href":"https:\/\/victoriavynn.ca\/fr\/wp-json\/wp\/v2\/types\/product"}],"replies":[{"embeddable":true,"href":"https:\/\/victoriavynn.ca\/fr\/wp-json\/wp\/v2\/comments?post=17531"}],"wp:featuredmedia":[{"embeddable":true,"href":"https:\/\/victoriavynn.ca\/fr\/wp-json\/wp\/v2\/media\/17536"}],"wp:attachment":[{"href":"https:\/\/victoriavynn.ca\/fr\/wp-json\/wp\/v2\/media?parent=17531"}],"wp:term":[{"taxonomy":"product_brand","embeddable":true,"href":"https:\/\/victoriavynn.ca\/fr\/wp-json\/wp\/v2\/product_brand?post=17531"},{"taxonomy":"product_cat","embeddable":true,"href":"https:\/\/victoriavynn.ca\/fr\/wp-json\/wp\/v2\/product_cat?post=17531"},{"taxonomy":"product_tag","embeddable":true,"href":"https:\/\/victoriavynn.ca\/fr\/wp-json\/wp\/v2\/product_tag?post=17531"}],"curies":[{"name":"wp","href":"https:\/\/api.w.org\/{rel}","templated":true}]}}