{"id":17809,"date":"2024-05-09T22:31:20","date_gmt":"2024-05-10T02:31:20","guid":{"rendered":"https:\/\/victoriavynn.ca\/?post_type=product&#038;p=17809"},"modified":"2026-04-02T15:35:00","modified_gmt":"2026-04-02T19:35:00","slug":"victoria-vynn-easy-fiber-nail-gel","status":"publish","type":"product","link":"https:\/\/victoriavynn.ca\/fr\/product\/victoria-vynn-easy-fiber-nail-gel\/","title":{"rendered":"Easy Fiber Gel"},"content":{"rendered":"<h3>\u00c0 quoi sert le gel de fibres ?<\/h3>\n<p>Vous r\u00eavez d'une baby boomer durable et intemporelle, d'une manucure fran\u00e7aise \u00e9l\u00e9gante ou peut-\u00eatre d'une manucure de mariage sensuelle ? De nombreuses possibilit\u00e9s, et tout ce dont vous avez besoin, c'est d'une formule...\u00a0<b>Gel pour ongles en fibre facile de Victoria Vynn<\/b>.<\/p>\n<p>Deux teintes, laiteuse et rose, avec des particules subtilement scintillantes, soulignent leur caract\u00e8re unique.<\/p>\n<h3>Q&amp;R<\/h3>\n<ul>\n<li>Q : Qu'est-ce qu'un ongle en gel ?<\/li>\n<li>R : Gr\u00e2ce \u00e0 sa formule avanc\u00e9e contenant une forte concentration de microfibres de verre, le gel UV Easy Fiber cr\u00e9e une structure r\u00e9ticul\u00e9e qui augmente la durabilit\u00e9 du dessin.<\/li>\n<\/ul>\n<p>&nbsp;<\/p>\n<ul>\n<li>Q : Quelle est la dur\u00e9e de vie des ongles en gel ?<\/li>\n<li>R : Le gel conf\u00e8re aux ongles une r\u00e9sistance exceptionnelle aux fractures et aux fissures jusqu'\u00e0 5 semaines.<\/li>\n<\/ul>\n<p>&nbsp;<\/p>\n<ul>\n<li>Q : Le Fiber Gel est-il plus naturel que le Fiber Gel ? <a href=\"https:\/\/victoriavynn.ca\/fr\/produit\/best-acrylic-powder-for-nail-designs\/\">poudre pour ongles acryliques<\/a>?<\/li>\n<li>R : Oui. De plus, il permet d'allonger et de former facilement la forme des ongles naturels, ainsi que de travailler avec l'utilisation de <a href=\"https:\/\/victoriavynn.ca\/fr\/produit\/victoria-vynn-nail-forms-basic-100-pcs\/\">formulaires<\/a>, des conseils et des <a href=\"https:\/\/victoriavynn.ca\/fr\/produit\/nailly-professsional-dual-forms-plastic-full-form-standard-mold-100-pieces\/\">doubles formes<\/a>.<\/li>\n<\/ul>\n<h3>Informations compl\u00e9mentaires Comment appliquer Easy Fiber Nail Gel ?<\/h3>\n<p>Le produit peut \u00eatre utilis\u00e9 avec l'excellent gel de base pour fibres \"<a href=\"https:\/\/victoriavynn.ca\/fr\/produit\/boost-nail-repair-base-coat-2in1\/\">Base Boost<\/a>\"et peut se terminer par l'envo\u00fbtante <a href=\"https:\/\/victoriavynn.ca\/fr\/produit\/victoria-vynn-oh-my-gloss-top-coat-no-wipe\/\">Top Coat Oh ! My Gloss !<\/a><\/p>\n<p>Toutefois, il est recommand\u00e9 de commencer par utiliser notre syst\u00e8me Victoria VYNN <a href=\"https:\/\/victoriavynn.ca\/fr\/produit\/nail-prep-nail-dehydrator\/\">Pr\u00e9paration des ongles<\/a> et <a href=\"https:\/\/victoriavynn.ca\/fr\/produit\/acide-primaire\/\">L'ab\u00e9c\u00e9daire<\/a>.<\/p>\n<p>&nbsp;<\/p>\n<p>&nbsp;<\/p>","protected":false},"excerpt":{"rendered":"<div class=\"description\">\n<div class=\"title witle-width-2\">\n<h3>Des extensions d'ongles exceptionnellement solides et d'aspect naturel !<\/h3>\n<p><span style=\"font-size: 16px;\">La formule avanc\u00e9e contenant une forte concentration de microfibres de verre, notre <\/span><b style=\"font-size: 16px;\">Gel pour ongles en fibre<\/b><span style=\"font-size: 16px;\">\u00a0cr\u00e9e une structure r\u00e9ticul\u00e9e qui augmente la durabilit\u00e9 du dessin. Il permet d'\u00e9tendre et de former facilement la forme des ongles naturels, ainsi que de travailler avec l'utilisation de formes, de pointes et de formes doubles.<\/span><\/p>\n<\/div>\n<p class=\"text\">Le gel conf\u00e8re aux ongles une r\u00e9sistance exceptionnelle aux fractures et aux fissures.<\/p>\n<p>Sp\u00e9cifications du produit :<\/p>\n<p><img loading=\"lazy\" decoding=\"async\" class=\"size-full wp-image-8756 alignleft\" src=\"http:\/\/victoriavynn.ca\/wp-content\/uploads\/2020\/03\/SELF-LEVELING.webp\" alt=\"couche de base en caoutchouc\" width=\"125\" height=\"150\" \/><img loading=\"lazy\" decoding=\"async\" class=\"size-full wp-image-8773 alignleft\" src=\"http:\/\/victoriavynn.ca\/wp-content\/uploads\/2019\/11\/THREE-PHASE-SYSTEM.webp\" alt=\"\" width=\"125\" height=\"150\" \/><\/p>\n<\/div>\n<div class=\"product-preview-wrapper\">\n<p><img loading=\"lazy\" decoding=\"async\" class=\"size-full wp-image-8758 alignleft\" src=\"http:\/\/victoriavynn.ca\/wp-content\/uploads\/2020\/03\/FOR-UV-LED-LAMPS.webp\" alt=\"couche de base en caoutchouc\" width=\"125\" height=\"150\" \/><\/p>\n<p><img loading=\"lazy\" decoding=\"async\" class=\"size-full wp-image-11515 alignleft\" src=\"http:\/\/victoriavynn.ca\/wp-content\/uploads\/2023\/04\/STRONG-DURABLE.webp\" alt=\"SOLIDE ET DURABLE\" width=\"125\" height=\"150\" srcset=\"https:\/\/i0.wp.com\/victoriavynn.ca\/wp-content\/uploads\/2023\/04\/STRONG-DURABLE.webp?w=125&amp;ssl=1 125w, https:\/\/i0.wp.com\/victoriavynn.ca\/wp-content\/uploads\/2023\/04\/STRONG-DURABLE.webp?resize=10%2C12&amp;ssl=1 10w\" sizes=\"auto, (max-width: 125px) 100vw, 125px\" \/><\/p>\n<\/div>\n<p>&nbsp;<\/p>\n<p>&nbsp;<\/p>\n<p>&nbsp;<\/p>\n<p>&nbsp;<\/p>\n<p>&nbsp;<\/p>\n<p>&nbsp;<\/p>","protected":false},"featured_media":37930,"comment_status":"open","ping_status":"closed","template":"","meta":{"jetpack_post_was_ever_published":false,"jetpack_publicize_message":"","jetpack_publicize_feature_enabled":true,"jetpack_social_post_already_shared":true,"jetpack_social_options":{"image_generator_settings":{"template":"highway","default_image_id":0,"enabled":false},"version":2}},"product_brand":[],"product_cat":[851],"product_tag":[852,853],"class_list":{"0":"post-17809","1":"product","2":"type-product","3":"status-publish","4":"has-post-thumbnail","6":"product_cat-easy-fiber-gel","7":"product_tag-fiber-nail-gel","8":"product_tag-nail-extensions","9":"pa_size-15ml","10":"pa_size-50ml","12":"first","13":"instock","14":"taxable","15":"shipping-taxable","16":"purchasable","17":"product-type-variable","18":"wvs-archive-product-wrapper"},"jetpack_publicize_connections":[],"jetpack-related-posts":[{"id":1684,"url":"https:\/\/victoriavynn.ca\/fr\/product\/boost-nail-repair-base-coat-2in1\/","url_meta":{"origin":17809,"position":0},"title":"Vitamin Boost Base Nail Repair","author":"Serge Sahakian","date":"mars 17, 2020","format":false,"excerpt":"Boost Base (Nail Repair Base Coat) est une base hybride 2 en 1 et une vitamine pour les ongles naturels. La formule de BOOST BASE contient des fibres de polyamide haute r\u00e9sistance (Fiber Glass) qui renforcent la plaque de l'ongle naturel, et du calcium, des vitamines E et B5 qui r\u00e9g\u00e9n\u00e8rent les couches profondes de l'ongle lors de l'application. Gr\u00e2ce \u00e0 la...","rel":"","context":"Similar post","block_context":{"text":"Similar post","link":""},"img":{"alt_text":"vitamin boost base 8ml","src":"https:\/\/i0.wp.com\/victoriavynn.ca\/wp-content\/uploads\/2020\/03\/vitamin-boost-base-8ml.webp?fit=750%2C1000&ssl=1&resize=350%2C200","width":350,"height":200,"srcset":"https:\/\/i0.wp.com\/victoriavynn.ca\/wp-content\/uploads\/2020\/03\/vitamin-boost-base-8ml.webp?fit=750%2C1000&ssl=1&resize=350%2C200 1x, https:\/\/i0.wp.com\/victoriavynn.ca\/wp-content\/uploads\/2020\/03\/vitamin-boost-base-8ml.webp?fit=750%2C1000&ssl=1&resize=525%2C300 1.5x, https:\/\/i0.wp.com\/victoriavynn.ca\/wp-content\/uploads\/2020\/03\/vitamin-boost-base-8ml.webp?fit=750%2C1000&ssl=1&resize=700%2C400 2x"},"classes":[]},{"id":2946,"url":"https:\/\/victoriavynn.ca\/fr\/product\/victoria-vynn-nail-art-flat-gel-brush-4\/","url_meta":{"origin":17809,"position":1},"title":"Victoria VYNN Pinceau plat pour gel Nail Art 4","author":"Serge Sahakian","date":"ao\u00fbt 18, 2022","format":false,"excerpt":"Victoria VYNN Instruments et accessoires","rel":"","context":"Similar post","block_context":{"text":"Similar post","link":""},"img":{"alt_text":"","src":"https:\/\/i0.wp.com\/victoriavynn.ca\/wp-content\/uploads\/2022\/08\/nail-art-pedzel-do-zelu-4-plaski.jpeg?fit=700%2C700&ssl=1&resize=350%2C200","width":350,"height":200,"srcset":"https:\/\/i0.wp.com\/victoriavynn.ca\/wp-content\/uploads\/2022\/08\/nail-art-pedzel-do-zelu-4-plaski.jpeg?fit=700%2C700&ssl=1&resize=350%2C200 1x, https:\/\/i0.wp.com\/victoriavynn.ca\/wp-content\/uploads\/2022\/08\/nail-art-pedzel-do-zelu-4-plaski.jpeg?fit=700%2C700&ssl=1&resize=525%2C300 1.5x, https:\/\/i0.wp.com\/victoriavynn.ca\/wp-content\/uploads\/2022\/08\/nail-art-pedzel-do-zelu-4-plaski.jpeg?fit=700%2C700&ssl=1&resize=700%2C400 2x"},"classes":[]},{"id":2948,"url":"https:\/\/victoriavynn.ca\/fr\/product\/victoria-vynn-nail-art-oval-gel-brush-8\/","url_meta":{"origin":17809,"position":2},"title":"Victoria VYNN Nail Art pinceau ovale pour gel 8","author":"Serge Sahakian","date":"ao\u00fbt 18, 2022","format":false,"excerpt":"Victoria VYNN Instruments et accessoires","rel":"","context":"Similar post","block_context":{"text":"Similar post","link":""},"img":{"alt_text":"","src":"https:\/\/i0.wp.com\/victoriavynn.ca\/wp-content\/uploads\/2022\/08\/nail-art-pedzel-do-zelu-8-owalny.jpeg?fit=700%2C700&ssl=1&resize=350%2C200","width":350,"height":200,"srcset":"https:\/\/i0.wp.com\/victoriavynn.ca\/wp-content\/uploads\/2022\/08\/nail-art-pedzel-do-zelu-8-owalny.jpeg?fit=700%2C700&ssl=1&resize=350%2C200 1x, https:\/\/i0.wp.com\/victoriavynn.ca\/wp-content\/uploads\/2022\/08\/nail-art-pedzel-do-zelu-8-owalny.jpeg?fit=700%2C700&ssl=1&resize=525%2C300 1.5x, https:\/\/i0.wp.com\/victoriavynn.ca\/wp-content\/uploads\/2022\/08\/nail-art-pedzel-do-zelu-8-owalny.jpeg?fit=700%2C700&ssl=1&resize=700%2C400 2x"},"classes":[]},{"id":1706,"url":"https:\/\/victoriavynn.ca\/fr\/product\/nail-prep-nail-dehydrator\/","url_meta":{"origin":17809,"position":3},"title":"Pr\u00e9paration des ongles de salon (d\u00e9shydrateur d'ongles)","author":"Serge Sahakian","date":"mars 17, 2020","format":false,"excerpt":"Victoria VYNN Nail Prep est le d\u00e9shydrateur d'ongles le plus connu. Une pr\u00e9paration professionnelle pour d\u00e9graisser les ongles. Victoria VYNN, la marque de vernis gel la plus vendue au Canada, fournit aux proth\u00e9sistes ongulaires et aux professionnels des produits de haute qualit\u00e9 pour cr\u00e9er des finitions d'art de l'ongle \u00e9tonnantes. Consultez notre site fr\u00e9quemment pour les nouveaux produits !","rel":"","context":"Similar post","block_context":{"text":"Similar post","link":""},"img":{"alt_text":"victoria vynn nail prep salon dehydrator 15ml new","src":"https:\/\/i0.wp.com\/victoriavynn.ca\/wp-content\/uploads\/2020\/03\/victoria-vynn-nail-prep-salon-dehydrator-15ml-new.webp?fit=750%2C1000&ssl=1&resize=350%2C200","width":350,"height":200,"srcset":"https:\/\/i0.wp.com\/victoriavynn.ca\/wp-content\/uploads\/2020\/03\/victoria-vynn-nail-prep-salon-dehydrator-15ml-new.webp?fit=750%2C1000&ssl=1&resize=350%2C200 1x, https:\/\/i0.wp.com\/victoriavynn.ca\/wp-content\/uploads\/2020\/03\/victoria-vynn-nail-prep-salon-dehydrator-15ml-new.webp?fit=750%2C1000&ssl=1&resize=525%2C300 1.5x, https:\/\/i0.wp.com\/victoriavynn.ca\/wp-content\/uploads\/2020\/03\/victoria-vynn-nail-prep-salon-dehydrator-15ml-new.webp?fit=750%2C1000&ssl=1&resize=700%2C400 2x"},"classes":[]},{"id":21225,"url":"https:\/\/victoriavynn.ca\/fr\/product\/victoria-vynn-quick-trick-nail-forms-100-pieces\/","url_meta":{"origin":17809,"position":4},"title":"Victoria VYNN Quick Trick Nail Forms, 100 Pieces","author":"Serge Sahakian","date":"mars 19, 2025","format":false,"excerpt":"","rel":"","context":"Similar post","block_context":{"text":"Similar post","link":""},"img":{"alt_text":"","src":"https:\/\/i0.wp.com\/victoriavynn.ca\/wp-content\/uploads\/2025\/03\/quick-trick-nail-forms-100pcs-1.jpg?fit=1200%2C1200&ssl=1&resize=350%2C200","width":350,"height":200,"srcset":"https:\/\/i0.wp.com\/victoriavynn.ca\/wp-content\/uploads\/2025\/03\/quick-trick-nail-forms-100pcs-1.jpg?fit=1200%2C1200&ssl=1&resize=350%2C200 1x, https:\/\/i0.wp.com\/victoriavynn.ca\/wp-content\/uploads\/2025\/03\/quick-trick-nail-forms-100pcs-1.jpg?fit=1200%2C1200&ssl=1&resize=525%2C300 1.5x, https:\/\/i0.wp.com\/victoriavynn.ca\/wp-content\/uploads\/2025\/03\/quick-trick-nail-forms-100pcs-1.jpg?fit=1200%2C1200&ssl=1&resize=700%2C400 2x, https:\/\/i0.wp.com\/victoriavynn.ca\/wp-content\/uploads\/2025\/03\/quick-trick-nail-forms-100pcs-1.jpg?fit=1200%2C1200&ssl=1&resize=1050%2C600 3x"},"classes":[]},{"id":21227,"url":"https:\/\/victoriavynn.ca\/fr\/product\/victoria-vynn-quick-trick-nail-forms-400-pieces\/","url_meta":{"origin":17809,"position":5},"title":"Victoria VYNN Quick Trick Nail Forms, 400 Pieces,Victoria VYNN Quick Trick Nail Forms, 100 Pieces,Pharm Foot reSCUE ESSENCE 15ml (Manuka Line),Victoria VYNN Ceramic Mug, Pink,Victoria VYNN Ceramic Mug, Green,Victoria VYNN Universal Wipes, 100 Pieces,Pharm Foot reNEWAL Scraper 200g (Manuka Line),Pharm Foot RICH BALM 75g (Manuka Line),Victoria VYNN Hoodie, Pink, Medium (Oversize),Victoria VYNN Hoodie, Pink, XL (Oversize),Victoria VYNN Hoodie, Green, XL (Oversize),Victoria VYNN Hoodie, Green, Medium (Oversize),Victoria VYNN Senso Nail Care Oil Love Me,Victoria VYNN Senso Nail Care Oil Kiss Me,Victoria VYNN Senso Nail Care Oil Follow Me,Victoria VYNN Quick Trick Nail Forms, 400 Pieces,Victoria VYNN Quick Trick Nail Forms, 100 Pi\u00e8ces,Pharm Foot reSCUE ESSENCE 15ml (Manuka Line),Tasse en c\u00e9ramique Victoria VYNN, Rose,Tasse en c\u00e9ramique Victoria VYNN, Vert,Victoria VYNN Lingettes universelles, 100 pi\u00e8ces,Pharm Foot reNEWAL Scraper 200g (Manuka Line),Pharm Foot RICH BALM 75g (Manuka Line),Victoria VYNN Hoodie, Pink, Medium (Oversize),Victoria VYNN Hoodie, Pink, XL (Oversize),Victoria VYNN Hoodie, Vert, XL (Oversize),Victoria VYNN Hoodie, Vert, Medium (Oversize),Victoria VYNN Senso Nail Care Oil Love Me,Victoria VYNN Senso Huile de soin des ongles Kiss Me,Victoria VYNN Senso Huile de soin des ongles Follow Me, Victoria VYNN Senso Huile de soin des ongles Kiss Me.","author":"Serge Sahakian","date":"mars 19, 2025","format":false,"excerpt":"","rel":"","context":"Similar post","block_context":{"text":"Similar post","link":""},"img":{"alt_text":"","src":"https:\/\/i0.wp.com\/victoriavynn.ca\/wp-content\/uploads\/2025\/03\/quick-trick-nail-forms-400pcs-1.jpg?fit=1200%2C1200&ssl=1&resize=350%2C200","width":350,"height":200,"srcset":"https:\/\/i0.wp.com\/victoriavynn.ca\/wp-content\/uploads\/2025\/03\/quick-trick-nail-forms-400pcs-1.jpg?fit=1200%2C1200&ssl=1&resize=350%2C200 1x, https:\/\/i0.wp.com\/victoriavynn.ca\/wp-content\/uploads\/2025\/03\/quick-trick-nail-forms-400pcs-1.jpg?fit=1200%2C1200&ssl=1&resize=525%2C300 1.5x, https:\/\/i0.wp.com\/victoriavynn.ca\/wp-content\/uploads\/2025\/03\/quick-trick-nail-forms-400pcs-1.jpg?fit=1200%2C1200&ssl=1&resize=700%2C400 2x, https:\/\/i0.wp.com\/victoriavynn.ca\/wp-content\/uploads\/2025\/03\/quick-trick-nail-forms-400pcs-1.jpg?fit=1200%2C1200&ssl=1&resize=1050%2C600 3x"},"classes":[]}],"jetpack_sharing_enabled":true,"_links":{"self":[{"href":"https:\/\/victoriavynn.ca\/fr\/wp-json\/wp\/v2\/product\/17809","targetHints":{"allow":["GET"]}}],"collection":[{"href":"https:\/\/victoriavynn.ca\/fr\/wp-json\/wp\/v2\/product"}],"about":[{"href":"https:\/\/victoriavynn.ca\/fr\/wp-json\/wp\/v2\/types\/product"}],"replies":[{"embeddable":true,"href":"https:\/\/victoriavynn.ca\/fr\/wp-json\/wp\/v2\/comments?post=17809"}],"wp:featuredmedia":[{"embeddable":true,"href":"https:\/\/victoriavynn.ca\/fr\/wp-json\/wp\/v2\/media\/37930"}],"wp:attachment":[{"href":"https:\/\/victoriavynn.ca\/fr\/wp-json\/wp\/v2\/media?parent=17809"}],"wp:term":[{"taxonomy":"product_brand","embeddable":true,"href":"https:\/\/victoriavynn.ca\/fr\/wp-json\/wp\/v2\/product_brand?post=17809"},{"taxonomy":"product_cat","embeddable":true,"href":"https:\/\/victoriavynn.ca\/fr\/wp-json\/wp\/v2\/product_cat?post=17809"},{"taxonomy":"product_tag","embeddable":true,"href":"https:\/\/victoriavynn.ca\/fr\/wp-json\/wp\/v2\/product_tag?post=17809"}],"curies":[{"name":"wp","href":"https:\/\/api.w.org\/{rel}","templated":true}]}}