{"id":17981,"date":"2024-05-28T18:39:56","date_gmt":"2024-05-28T22:39:56","guid":{"rendered":"https:\/\/victoriavynn.ca\/product\/staleks-pro-white-refill-pads-on-a-soft-base-for-pedicure-disc-xs-320-grit-50-pcs\/"},"modified":"2026-03-04T18:40:40","modified_gmt":"2026-03-04T23:40:40","slug":"staleks-pro-white-refill-pads-on-a-soft-base-for-pedicure-disc-xs-320-grit-50-pcs","status":"publish","type":"product","link":"https:\/\/victoriavynn.ca\/fr\/product\/staleks-pro-white-refill-pads-on-a-soft-base-for-pedicure-disc-xs-320-grit-50-pcs\/","title":{"rendered":"Staleks PRO Tampons de recharge blancs sur une base souple pour disque de p\u00e9dicure XS, grain 320 (50 pcs)"},"content":{"rendered":"","protected":false},"excerpt":{"rendered":"<p>PDFS-10-320w<\/p>","protected":false},"featured_media":17982,"comment_status":"open","ping_status":"closed","template":"","meta":{"jetpack_post_was_ever_published":false,"jetpack_publicize_message":"","jetpack_publicize_feature_enabled":true,"jetpack_social_post_already_shared":true,"jetpack_social_options":{"image_generator_settings":{"template":"highway","default_image_id":0,"font":"","enabled":false},"version":2}},"product_brand":[935],"product_cat":[619],"product_tag":[],"class_list":{"0":"post-17981","1":"product","2":"type-product","3":"status-publish","4":"has-post-thumbnail","6":"product_brand-staleks","7":"product_cat-staleks-podo","9":"first","10":"instock","11":"taxable","12":"shipping-taxable","13":"purchasable","14":"product-type-simple"},"jetpack_publicize_connections":[],"jetpack-related-posts":[{"id":17979,"url":"https:\/\/victoriavynn.ca\/fr\/product\/staleks-pro-white-refill-pads-on-a-soft-base-for-pedicure-disc-s-100-grit-50-pcs\/","url_meta":{"origin":17981,"position":0},"title":"Staleks PRO Tampons de recharge blancs sur une base souple pour disque de p\u00e9dicure S, 100 grains (50 pcs)","author":"Serge Sahakian","date":"mai 28, 2024","format":false,"excerpt":"PDFS-15-100w","rel":"","context":"Similar post","block_context":{"text":"Similar post","link":""},"img":{"alt_text":"","src":"https:\/\/i0.wp.com\/victoriavynn.ca\/wp-content\/uploads\/2024\/05\/w_pdf_15-100_result-800x800-1.jpg?fit=800%2C800&ssl=1&resize=350%2C200","width":350,"height":200,"srcset":"https:\/\/i0.wp.com\/victoriavynn.ca\/wp-content\/uploads\/2024\/05\/w_pdf_15-100_result-800x800-1.jpg?fit=800%2C800&ssl=1&resize=350%2C200 1x, https:\/\/i0.wp.com\/victoriavynn.ca\/wp-content\/uploads\/2024\/05\/w_pdf_15-100_result-800x800-1.jpg?fit=800%2C800&ssl=1&resize=525%2C300 1.5x, https:\/\/i0.wp.com\/victoriavynn.ca\/wp-content\/uploads\/2024\/05\/w_pdf_15-100_result-800x800-1.jpg?fit=800%2C800&ssl=1&resize=700%2C400 2x"},"classes":[]},{"id":21173,"url":"https:\/\/victoriavynn.ca\/fr\/product\/staleks-pro-black-refill-pads-for-pedicure-foot-file-expert-10-80-grit-30-pcs\/","url_meta":{"origin":17981,"position":1},"title":"Staleks PRO Noir tampons de recharge pour lime \u00e0 pied Expert 10, 80 grit (30 Pcs)","author":"Serge Sahakian","date":"mars 18, 2025","format":false,"excerpt":"dfe-10-80,Staleks PRO Tampons de recharge noirs pour lime p\u00e9dicure Expert 10, grain 80 (30 Pcs) 1,Staleks PRO Tampons de recharge noirs pour lime p\u00e9dicure Expert 10, grain 80 (30 Pcs) 2","rel":"","context":"Similar post","block_context":{"text":"Similar post","link":""},"img":{"alt_text":"","src":"https:\/\/i0.wp.com\/victoriavynn.ca\/wp-content\/uploads\/2025\/03\/untitled-2.png?fit=645%2C833&ssl=1&resize=350%2C200","width":350,"height":200,"srcset":"https:\/\/i0.wp.com\/victoriavynn.ca\/wp-content\/uploads\/2025\/03\/untitled-2.png?fit=645%2C833&ssl=1&resize=350%2C200 1x, https:\/\/i0.wp.com\/victoriavynn.ca\/wp-content\/uploads\/2025\/03\/untitled-2.png?fit=645%2C833&ssl=1&resize=525%2C300 1.5x"},"classes":[]},{"id":13392,"url":"https:\/\/victoriavynn.ca\/fr\/product\/staleks-pro-refill-pads-for-pedicure-file\/","url_meta":{"origin":17981,"position":2},"title":"Staleks PRO Blanc Tampons de recharge pour p\u00e9dicure Expert 10 (30 Pcs)","author":"Serge Sahakian","date":"juin 29, 2023","format":false,"excerpt":"Staleks PRO Tampons de recharge pour limes de p\u00e9dicure - Qualit\u00e9 professionnelle de salon.  3 grains diff\u00e9rents sont disponibles dans cette cat\u00e9gorie. Victoria VYNN s'est associ\u00e9e \u00e0 Staleks au Canada pour fournir un ensemble complet de produits professionnels afin de rendre le travail de la technicienne en ongles compl\u00e8tement id\u00e9al. Compatible avec : Staleks PRO Metal...","rel":"","context":"Similar post","block_context":{"text":"Similar post","link":""},"img":{"alt_text":"staleks pro refill pads for pedicure file white expert 10","src":"https:\/\/i0.wp.com\/victoriavynn.ca\/wp-content\/uploads\/2023\/06\/staleks-pro-refill-pads-for-pedicure-file-wgite-expert-10.webp?fit=750%2C1000&ssl=1&resize=350%2C200","width":350,"height":200,"srcset":"https:\/\/i0.wp.com\/victoriavynn.ca\/wp-content\/uploads\/2023\/06\/staleks-pro-refill-pads-for-pedicure-file-wgite-expert-10.webp?fit=750%2C1000&ssl=1&resize=350%2C200 1x, https:\/\/i0.wp.com\/victoriavynn.ca\/wp-content\/uploads\/2023\/06\/staleks-pro-refill-pads-for-pedicure-file-wgite-expert-10.webp?fit=750%2C1000&ssl=1&resize=525%2C300 1.5x, https:\/\/i0.wp.com\/victoriavynn.ca\/wp-content\/uploads\/2023\/06\/staleks-pro-refill-pads-for-pedicure-file-wgite-expert-10.webp?fit=750%2C1000&ssl=1&resize=700%2C400 2x"},"classes":[]},{"id":13382,"url":"https:\/\/victoriavynn.ca\/fr\/product\/staleks-pro-metal-base-for-foot-file\/","url_meta":{"origin":17981,"position":3},"title":"Staleks PRO Base m\u00e9tallique pour lime \u00e0 pieds Expert 10","author":"Serge Sahakian","date":"juin 29, 2023","format":false,"excerpt":"Staleks PRO Metal Base for Foot File (MBE-10) Professional Use Quality. Victoria VYNN s'est associ\u00e9e \u00e0 Staleks au Canada pour fournir un ensemble complet de produits professionnels afin de rendre le travail de la technicienne en ongles compl\u00e8tement id\u00e9al. Compatible avec:Staleks PRO Tampons de recharge blancs pour lime \u00e0 pied Expert 10 (30...","rel":"","context":"Similar post","block_context":{"text":"Similar post","link":""},"img":{"alt_text":"staleks pro metal base for foot file expert 10 rasp","src":"https:\/\/i0.wp.com\/victoriavynn.ca\/wp-content\/uploads\/2023\/06\/staleks-metal-base-for-foot-file-expert-10-rasp-.webp?fit=750%2C1000&ssl=1&resize=350%2C200","width":350,"height":200,"srcset":"https:\/\/i0.wp.com\/victoriavynn.ca\/wp-content\/uploads\/2023\/06\/staleks-metal-base-for-foot-file-expert-10-rasp-.webp?fit=750%2C1000&ssl=1&resize=350%2C200 1x, https:\/\/i0.wp.com\/victoriavynn.ca\/wp-content\/uploads\/2023\/06\/staleks-metal-base-for-foot-file-expert-10-rasp-.webp?fit=750%2C1000&ssl=1&resize=525%2C300 1.5x, https:\/\/i0.wp.com\/victoriavynn.ca\/wp-content\/uploads\/2023\/06\/staleks-metal-base-for-foot-file-expert-10-rasp-.webp?fit=750%2C1000&ssl=1&resize=700%2C400 2x"},"classes":[]},{"id":13078,"url":"https:\/\/victoriavynn.ca\/fr\/product\/high-quality-staleks-pro-podo-disc-files\/","url_meta":{"origin":17981,"position":4},"title":"Staleks Pro Limes abrasives jetables pour p\u00e9dicure PodoDisc","author":"Serge Sahakian","date":"juin 27, 2023","format":false,"excerpt":"Les limes \u00e0 disques Ultimate Staleks PRO Podo sont parmi les outils les plus efficaces et les plus professionnels que tout technicien de l'ongle puisse avoir !  Une large gamme de tailles, de grains, de types et de couleurs est disponible dans cette cat\u00e9gorie. Victoria VYNN s'est associ\u00e9e \u00e0 Staleks au Canada pour fournir un ensemble professionnel complet de...","rel":"","context":"Similar post","block_context":{"text":"Similar post","link":""},"img":{"alt_text":"Staleks PRO podo disc files replaceable disposable file sponges and files","src":"https:\/\/i0.wp.com\/victoriavynn.ca\/wp-content\/uploads\/2023\/06\/staleks-pro-podo-disc-files-replaceable-disposable-files-.webp?fit=750%2C1000&ssl=1&resize=350%2C200","width":350,"height":200,"srcset":"https:\/\/i0.wp.com\/victoriavynn.ca\/wp-content\/uploads\/2023\/06\/staleks-pro-podo-disc-files-replaceable-disposable-files-.webp?fit=750%2C1000&ssl=1&resize=350%2C200 1x, https:\/\/i0.wp.com\/victoriavynn.ca\/wp-content\/uploads\/2023\/06\/staleks-pro-podo-disc-files-replaceable-disposable-files-.webp?fit=750%2C1000&ssl=1&resize=525%2C300 1.5x, https:\/\/i0.wp.com\/victoriavynn.ca\/wp-content\/uploads\/2023\/06\/staleks-pro-podo-disc-files-replaceable-disposable-files-.webp?fit=750%2C1000&ssl=1&resize=700%2C400 2x"},"classes":[]},{"id":17977,"url":"https:\/\/victoriavynn.ca\/fr\/product\/staleks-pro-white-disposable-files-for-straight-nail-file-soft-base-expert-20-100-grit-30-pcs\/","url_meta":{"origin":17981,"position":5},"title":"Staleks PRO Limes jetables blanches pour ongles droits (base souple) Expert 20, 100 grit (30 pcs)","author":"Serge Sahakian","date":"mai 28, 2024","format":false,"excerpt":"DFE-20-100w","rel":"","context":"Similar post","block_context":{"text":"Similar post","link":""},"img":{"alt_text":"","src":"https:\/\/i0.wp.com\/victoriavynn.ca\/wp-content\/uploads\/2024\/05\/staleksproexpert20whitedisposablefilesforstraightnailfile_softbase_30pcsdfe-20-100w1_540x.jpg?fit=540%2C540&ssl=1&resize=350%2C200","width":350,"height":200,"srcset":"https:\/\/i0.wp.com\/victoriavynn.ca\/wp-content\/uploads\/2024\/05\/staleksproexpert20whitedisposablefilesforstraightnailfile_softbase_30pcsdfe-20-100w1_540x.jpg?fit=540%2C540&ssl=1&resize=350%2C200 1x, https:\/\/i0.wp.com\/victoriavynn.ca\/wp-content\/uploads\/2024\/05\/staleksproexpert20whitedisposablefilesforstraightnailfile_softbase_30pcsdfe-20-100w1_540x.jpg?fit=540%2C540&ssl=1&resize=525%2C300 1.5x"},"classes":[]}],"jetpack_sharing_enabled":true,"_links":{"self":[{"href":"https:\/\/victoriavynn.ca\/fr\/wp-json\/wp\/v2\/product\/17981","targetHints":{"allow":["GET"]}}],"collection":[{"href":"https:\/\/victoriavynn.ca\/fr\/wp-json\/wp\/v2\/product"}],"about":[{"href":"https:\/\/victoriavynn.ca\/fr\/wp-json\/wp\/v2\/types\/product"}],"replies":[{"embeddable":true,"href":"https:\/\/victoriavynn.ca\/fr\/wp-json\/wp\/v2\/comments?post=17981"}],"wp:featuredmedia":[{"embeddable":true,"href":"https:\/\/victoriavynn.ca\/fr\/wp-json\/wp\/v2\/media\/17982"}],"wp:attachment":[{"href":"https:\/\/victoriavynn.ca\/fr\/wp-json\/wp\/v2\/media?parent=17981"}],"wp:term":[{"taxonomy":"product_brand","embeddable":true,"href":"https:\/\/victoriavynn.ca\/fr\/wp-json\/wp\/v2\/product_brand?post=17981"},{"taxonomy":"product_cat","embeddable":true,"href":"https:\/\/victoriavynn.ca\/fr\/wp-json\/wp\/v2\/product_cat?post=17981"},{"taxonomy":"product_tag","embeddable":true,"href":"https:\/\/victoriavynn.ca\/fr\/wp-json\/wp\/v2\/product_tag?post=17981"}],"curies":[{"name":"wp","href":"https:\/\/api.w.org\/{rel}","templated":true}]}}