{"id":17983,"date":"2024-05-28T18:44:57","date_gmt":"2024-05-28T22:44:57","guid":{"rendered":"https:\/\/victoriavynn.ca\/product\/staleks-pro-splinter-tweezers-podo-10\/"},"modified":"2026-03-04T18:40:40","modified_gmt":"2026-03-04T23:40:40","slug":"staleks-pro-splinter-tweezers-podo-10","status":"publish","type":"product","link":"https:\/\/victoriavynn.ca\/fr\/product\/staleks-pro-splinter-tweezers-podo-10\/","title":{"rendered":"Staleks PRO Pince \u00e0 \u00e9piler pour \u00e9chardes PODO 10"},"content":{"rendered":"","protected":false},"excerpt":{"rendered":"<p>TP-10<\/p>","protected":false},"featured_media":17984,"comment_status":"open","ping_status":"closed","template":"","meta":{"jetpack_post_was_ever_published":false,"jetpack_publicize_message":"","jetpack_publicize_feature_enabled":true,"jetpack_social_post_already_shared":true,"jetpack_social_options":{"image_generator_settings":{"template":"highway","default_image_id":0,"font":"","enabled":false},"version":2}},"product_brand":[935],"product_cat":[619],"product_tag":[],"class_list":{"0":"post-17983","1":"product","2":"type-product","3":"status-publish","4":"has-post-thumbnail","6":"product_brand-staleks","7":"product_cat-staleks-podo","9":"first","10":"instock","11":"taxable","12":"shipping-taxable","13":"purchasable","14":"product-type-simple"},"jetpack_publicize_connections":[],"jetpack-related-posts":[{"id":21042,"url":"https:\/\/victoriavynn.ca\/fr\/product\/staleks-podology-splinter-tweezers-small-podo-11\/","url_meta":{"origin":17983,"position":0},"title":"Staleks Podology Pince \u00e0 \u00e9piler pour \u00e9chardes Petite PODO 11","author":"Serge Sahakian","date":"mars 14, 2025","format":false,"excerpt":"TP-11,Staleks Podologie Pince \u00e0 \u00e9piler Splinter Small PODO 11 1,Staleks Podologie Pince \u00e0 \u00e9piler Splinter Small PODO 11 2","rel":"","context":"Similar post","block_context":{"text":"Similar post","link":""},"img":{"alt_text":"","src":"https:\/\/i0.wp.com\/victoriavynn.ca\/wp-content\/uploads\/2025\/03\/podologysplintertweezerssmallpodo112.jpg?fit=1100%2C1100&ssl=1&resize=350%2C200","width":350,"height":200,"srcset":"https:\/\/i0.wp.com\/victoriavynn.ca\/wp-content\/uploads\/2025\/03\/podologysplintertweezerssmallpodo112.jpg?fit=1100%2C1100&ssl=1&resize=350%2C200 1x, https:\/\/i0.wp.com\/victoriavynn.ca\/wp-content\/uploads\/2025\/03\/podologysplintertweezerssmallpodo112.jpg?fit=1100%2C1100&ssl=1&resize=525%2C300 1.5x, https:\/\/i0.wp.com\/victoriavynn.ca\/wp-content\/uploads\/2025\/03\/podologysplintertweezerssmallpodo112.jpg?fit=1100%2C1100&ssl=1&resize=700%2C400 2x, https:\/\/i0.wp.com\/victoriavynn.ca\/wp-content\/uploads\/2025\/03\/podologysplintertweezerssmallpodo112.jpg?fit=1100%2C1100&ssl=1&resize=1050%2C600 3x"},"classes":[]},{"id":18046,"url":"https:\/\/victoriavynn.ca\/fr\/product\/staleks-pro-professional-eyelash-tweezers-expert-40-type-10-straight\/","url_meta":{"origin":17983,"position":1},"title":"Staleks PRO Pince \u00e0 cils professionnelle EXPERT 40 TYPE 10 (droite)","author":"Serge Sahakian","date":"mai 29, 2024","format":false,"excerpt":"TE-40\/10","rel":"","context":"Similar post","block_context":{"text":"Similar post","link":""},"img":{"alt_text":"","src":"https:\/\/i0.wp.com\/victoriavynn.ca\/wp-content\/uploads\/2024\/05\/pinczet-professionalnyj-dlya-resnicz-te-40-10_2-2-800x800-1.jpg?fit=800%2C800&ssl=1&resize=350%2C200","width":350,"height":200,"srcset":"https:\/\/i0.wp.com\/victoriavynn.ca\/wp-content\/uploads\/2024\/05\/pinczet-professionalnyj-dlya-resnicz-te-40-10_2-2-800x800-1.jpg?fit=800%2C800&ssl=1&resize=350%2C200 1x, https:\/\/i0.wp.com\/victoriavynn.ca\/wp-content\/uploads\/2024\/05\/pinczet-professionalnyj-dlya-resnicz-te-40-10_2-2-800x800-1.jpg?fit=800%2C800&ssl=1&resize=525%2C300 1.5x, https:\/\/i0.wp.com\/victoriavynn.ca\/wp-content\/uploads\/2024\/05\/pinczet-professionalnyj-dlya-resnicz-te-40-10_2-2-800x800-1.jpg?fit=800%2C800&ssl=1&resize=700%2C400 2x"},"classes":[]},{"id":18070,"url":"https:\/\/victoriavynn.ca\/fr\/product\/staleks-pro-professional-eyelash-tweezers-expert-41-type-10-straight\/","url_meta":{"origin":17983,"position":2},"title":"Staleks PRO Pince \u00e0 cils professionnelle EXPERT 41 TYPE 10 (droite)","author":"Serge Sahakian","date":"mai 29, 2024","format":false,"excerpt":"TE-41\/10","rel":"","context":"Similar post","block_context":{"text":"Similar post","link":""},"img":{"alt_text":"","src":"https:\/\/i0.wp.com\/victoriavynn.ca\/wp-content\/uploads\/2024\/05\/pinczet-dlya-resnicz-te-41-10-800x800-1.jpg?fit=800%2C800&ssl=1&resize=350%2C200","width":350,"height":200,"srcset":"https:\/\/i0.wp.com\/victoriavynn.ca\/wp-content\/uploads\/2024\/05\/pinczet-dlya-resnicz-te-41-10-800x800-1.jpg?fit=800%2C800&ssl=1&resize=350%2C200 1x, https:\/\/i0.wp.com\/victoriavynn.ca\/wp-content\/uploads\/2024\/05\/pinczet-dlya-resnicz-te-41-10-800x800-1.jpg?fit=800%2C800&ssl=1&resize=525%2C300 1.5x, https:\/\/i0.wp.com\/victoriavynn.ca\/wp-content\/uploads\/2024\/05\/pinczet-dlya-resnicz-te-41-10-800x800-1.jpg?fit=800%2C800&ssl=1&resize=700%2C400 2x"},"classes":[]},{"id":13434,"url":"https:\/\/victoriavynn.ca\/fr\/product\/staleks-pro-curette-pedicure-tool-podo-10\/","url_meta":{"origin":17983,"position":3},"title":"Staleks PRO Outil de p\u00e9dicure Podo 10 Curette \u00e0 double extr\u00e9mit\u00e9","author":"Serge Sahakian","date":"juin 29, 2023","format":false,"excerpt":"Staleks PRO Curette Pedicure Tool - Double Ended. La marque d'outils de p\u00e9dicure pr\u00e9f\u00e9r\u00e9e des podiatres. Victoria VYNN s'est associ\u00e9e \u00e0 Staleks au Canada pour fournir un ensemble complet de produits professionnels afin de rendre le travail de la technicienne en ongles compl\u00e8tement id\u00e9al. Sp\u00e9cifications du produit : \u00a0 \u00a0 \u00a0 \u00a0 \u00a0","rel":"","context":"Similar post","block_context":{"text":"Similar post","link":""},"img":{"alt_text":"Staleks PRO Pedicure tool Podo 10 Double Ended Curette Type 1","src":"https:\/\/i0.wp.com\/victoriavynn.ca\/wp-content\/uploads\/2023\/06\/staleks-pro-pedicure-tool-podo-10-double-ended-curette-type-1-1-3.webp?fit=750%2C1000&ssl=1&resize=350%2C200","width":350,"height":200,"srcset":"https:\/\/i0.wp.com\/victoriavynn.ca\/wp-content\/uploads\/2023\/06\/staleks-pro-pedicure-tool-podo-10-double-ended-curette-type-1-1-3.webp?fit=750%2C1000&ssl=1&resize=350%2C200 1x, https:\/\/i0.wp.com\/victoriavynn.ca\/wp-content\/uploads\/2023\/06\/staleks-pro-pedicure-tool-podo-10-double-ended-curette-type-1-1-3.webp?fit=750%2C1000&ssl=1&resize=525%2C300 1.5x, https:\/\/i0.wp.com\/victoriavynn.ca\/wp-content\/uploads\/2023\/06\/staleks-pro-pedicure-tool-podo-10-double-ended-curette-type-1-1-3.webp?fit=750%2C1000&ssl=1&resize=700%2C400 2x"},"classes":[]},{"id":21173,"url":"https:\/\/victoriavynn.ca\/fr\/product\/staleks-pro-black-refill-pads-for-pedicure-foot-file-expert-10-80-grit-30-pcs\/","url_meta":{"origin":17983,"position":4},"title":"Staleks PRO Noir tampons de recharge pour lime \u00e0 pied Expert 10, 80 grit (30 Pcs)","author":"Serge Sahakian","date":"mars 18, 2025","format":false,"excerpt":"dfe-10-80,Staleks PRO Tampons de recharge noirs pour lime p\u00e9dicure Expert 10, grain 80 (30 Pcs) 1,Staleks PRO Tampons de recharge noirs pour lime p\u00e9dicure Expert 10, grain 80 (30 Pcs) 2","rel":"","context":"Similar post","block_context":{"text":"Similar post","link":""},"img":{"alt_text":"","src":"https:\/\/i0.wp.com\/victoriavynn.ca\/wp-content\/uploads\/2025\/03\/untitled-2.png?fit=645%2C833&ssl=1&resize=350%2C200","width":350,"height":200,"srcset":"https:\/\/i0.wp.com\/victoriavynn.ca\/wp-content\/uploads\/2025\/03\/untitled-2.png?fit=645%2C833&ssl=1&resize=350%2C200 1x, https:\/\/i0.wp.com\/victoriavynn.ca\/wp-content\/uploads\/2025\/03\/untitled-2.png?fit=645%2C833&ssl=1&resize=525%2C300 1.5x"},"classes":[]},{"id":13342,"url":"https:\/\/victoriavynn.ca\/fr\/product\/staleks-pro-pedicure-file-expert-10\/","url_meta":{"origin":17983,"position":5},"title":"Staleks PRO Lime \u00e0 p\u00e9dicure Expert 10","author":"Serge Sahakian","date":"juin 29, 2023","format":false,"excerpt":"Staleks PRO Pedicure File Expert 10 Series - La lime \u00e0 pied pr\u00e9f\u00e9r\u00e9e de nombreux professionnels !  3 grains diff\u00e9rents sont disponibles dans cette cat\u00e9gorie. Victoria VYNN s'est associ\u00e9e \u00e0 Staleks au Canada pour fournir un ensemble complet de produits professionnels afin de rendre le travail de la technicienne en ongles compl\u00e8tement id\u00e9al. Les produits...","rel":"","context":"Similar post","block_context":{"text":"Similar post","link":""},"img":{"alt_text":"Staleks PRO Pedicure File Expert 10","src":"https:\/\/i0.wp.com\/victoriavynn.ca\/wp-content\/uploads\/2023\/06\/staleks-pro-pedicure-file-expert-10.webp?fit=750%2C1000&ssl=1&resize=350%2C200","width":350,"height":200,"srcset":"https:\/\/i0.wp.com\/victoriavynn.ca\/wp-content\/uploads\/2023\/06\/staleks-pro-pedicure-file-expert-10.webp?fit=750%2C1000&ssl=1&resize=350%2C200 1x, https:\/\/i0.wp.com\/victoriavynn.ca\/wp-content\/uploads\/2023\/06\/staleks-pro-pedicure-file-expert-10.webp?fit=750%2C1000&ssl=1&resize=525%2C300 1.5x, https:\/\/i0.wp.com\/victoriavynn.ca\/wp-content\/uploads\/2023\/06\/staleks-pro-pedicure-file-expert-10.webp?fit=750%2C1000&ssl=1&resize=700%2C400 2x"},"classes":[]}],"jetpack_sharing_enabled":true,"_links":{"self":[{"href":"https:\/\/victoriavynn.ca\/fr\/wp-json\/wp\/v2\/product\/17983","targetHints":{"allow":["GET"]}}],"collection":[{"href":"https:\/\/victoriavynn.ca\/fr\/wp-json\/wp\/v2\/product"}],"about":[{"href":"https:\/\/victoriavynn.ca\/fr\/wp-json\/wp\/v2\/types\/product"}],"replies":[{"embeddable":true,"href":"https:\/\/victoriavynn.ca\/fr\/wp-json\/wp\/v2\/comments?post=17983"}],"wp:featuredmedia":[{"embeddable":true,"href":"https:\/\/victoriavynn.ca\/fr\/wp-json\/wp\/v2\/media\/17984"}],"wp:attachment":[{"href":"https:\/\/victoriavynn.ca\/fr\/wp-json\/wp\/v2\/media?parent=17983"}],"wp:term":[{"taxonomy":"product_brand","embeddable":true,"href":"https:\/\/victoriavynn.ca\/fr\/wp-json\/wp\/v2\/product_brand?post=17983"},{"taxonomy":"product_cat","embeddable":true,"href":"https:\/\/victoriavynn.ca\/fr\/wp-json\/wp\/v2\/product_cat?post=17983"},{"taxonomy":"product_tag","embeddable":true,"href":"https:\/\/victoriavynn.ca\/fr\/wp-json\/wp\/v2\/product_tag?post=17983"}],"curies":[{"name":"wp","href":"https:\/\/api.w.org\/{rel}","templated":true}]}}