{"id":17987,"date":"2024-05-28T18:53:57","date_gmt":"2024-05-28T22:53:57","guid":{"rendered":"https:\/\/victoriavynn.ca\/product\/staleks-beauty-care-10-type-2-matte-cuticle-scissors\/"},"modified":"2026-03-04T18:40:40","modified_gmt":"2026-03-04T23:40:40","slug":"staleks-beauty-care-10-type-2-matte-cuticle-scissors","status":"publish","type":"product","link":"https:\/\/victoriavynn.ca\/fr\/product\/staleks-beauty-care-10-type-2-matte-cuticle-scissors\/","title":{"rendered":"Staleks Beauty &amp; Care 10 Type 2 Matte Ciseaux \u00e0 cuticules"},"content":{"rendered":"","protected":false},"excerpt":{"rendered":"<p>SBC-10\/2<\/p>","protected":false},"featured_media":17988,"comment_status":"open","ping_status":"closed","template":"","meta":{"jetpack_post_was_ever_published":false,"jetpack_publicize_message":"","jetpack_publicize_feature_enabled":true,"jetpack_social_post_already_shared":true,"jetpack_social_options":{"image_generator_settings":{"template":"highway","default_image_id":0,"font":"","enabled":false},"version":2}},"product_brand":[935],"product_cat":[542],"product_tag":[],"class_list":{"0":"post-17987","1":"product","2":"type-product","3":"status-publish","4":"has-post-thumbnail","6":"product_brand-staleks","7":"product_cat-staleks-nail-scissors","9":"first","10":"instock","11":"taxable","12":"shipping-taxable","13":"purchasable","14":"product-type-simple"},"jetpack_publicize_connections":[],"jetpack-related-posts":[{"id":17985,"url":"https:\/\/victoriavynn.ca\/fr\/product\/staleks-beauty-care-10-type-3-matte-cuticle-scissors\/","url_meta":{"origin":17987,"position":0},"title":"Staleks Beauty &amp; Care 10 Type 3 Matte Ciseaux \u00e0 cuticules","author":"Serge Sahakian","date":"mai 28, 2024","format":false,"excerpt":"SBC-10\/3","rel":"","context":"Similar post","block_context":{"text":"Similar post","link":""},"img":{"alt_text":"","src":"https:\/\/i0.wp.com\/victoriavynn.ca\/wp-content\/uploads\/2024\/05\/nozhniczy-universalnye-sbc-10-3_2-1-800x800-1.jpg?fit=800%2C800&ssl=1&resize=350%2C200","width":350,"height":200,"srcset":"https:\/\/i0.wp.com\/victoriavynn.ca\/wp-content\/uploads\/2024\/05\/nozhniczy-universalnye-sbc-10-3_2-1-800x800-1.jpg?fit=800%2C800&ssl=1&resize=350%2C200 1x, https:\/\/i0.wp.com\/victoriavynn.ca\/wp-content\/uploads\/2024\/05\/nozhniczy-universalnye-sbc-10-3_2-1-800x800-1.jpg?fit=800%2C800&ssl=1&resize=525%2C300 1.5x, https:\/\/i0.wp.com\/victoriavynn.ca\/wp-content\/uploads\/2024\/05\/nozhniczy-universalnye-sbc-10-3_2-1-800x800-1.jpg?fit=800%2C800&ssl=1&resize=700%2C400 2x"},"classes":[]},{"id":17989,"url":"https:\/\/victoriavynn.ca\/fr\/product\/staleks-beauty-care-10-type-4-matte-nail-scissors-for-kids\/","url_meta":{"origin":17987,"position":1},"title":"Staleks Beauty &amp; Care 10 Type 4 Matte Ciseaux \u00e0 ongles pour enfants","author":"Serge Sahakian","date":"mai 28, 2024","format":false,"excerpt":"SBC-10\/4","rel":"","context":"Similar post","block_context":{"text":"Similar post","link":""},"img":{"alt_text":"","src":"https:\/\/i0.wp.com\/victoriavynn.ca\/wp-content\/uploads\/2024\/05\/sbc-10-4-800x800-1.jpg?fit=800%2C800&ssl=1&resize=350%2C200","width":350,"height":200,"srcset":"https:\/\/i0.wp.com\/victoriavynn.ca\/wp-content\/uploads\/2024\/05\/sbc-10-4-800x800-1.jpg?fit=800%2C800&ssl=1&resize=350%2C200 1x, https:\/\/i0.wp.com\/victoriavynn.ca\/wp-content\/uploads\/2024\/05\/sbc-10-4-800x800-1.jpg?fit=800%2C800&ssl=1&resize=525%2C300 1.5x, https:\/\/i0.wp.com\/victoriavynn.ca\/wp-content\/uploads\/2024\/05\/sbc-10-4-800x800-1.jpg?fit=800%2C800&ssl=1&resize=700%2C400 2x"},"classes":[]},{"id":15129,"url":"https:\/\/victoriavynn.ca\/fr\/product\/staleks-set-of-matte-scissors-for-children-nail-file-beauty-care-10-type-7\/","url_meta":{"origin":17987,"position":2},"title":"Staleks Set de ciseaux mats pour enfants + lime \u00e0 ongles Beauty &amp; Care 10 Type 7","author":"Serge Sahakian","date":"septembre 9, 2023","format":false,"excerpt":"SBC-10\/7","rel":"","context":"Similar post","block_context":{"text":"Similar post","link":""},"img":{"alt_text":"","src":"https:\/\/i0.wp.com\/victoriavynn.ca\/wp-content\/uploads\/2023\/09\/sbc-10-7_7-1.jpg?fit=1200%2C1200&ssl=1&resize=350%2C200","width":350,"height":200,"srcset":"https:\/\/i0.wp.com\/victoriavynn.ca\/wp-content\/uploads\/2023\/09\/sbc-10-7_7-1.jpg?fit=1200%2C1200&ssl=1&resize=350%2C200 1x, https:\/\/i0.wp.com\/victoriavynn.ca\/wp-content\/uploads\/2023\/09\/sbc-10-7_7-1.jpg?fit=1200%2C1200&ssl=1&resize=525%2C300 1.5x, https:\/\/i0.wp.com\/victoriavynn.ca\/wp-content\/uploads\/2023\/09\/sbc-10-7_7-1.jpg?fit=1200%2C1200&ssl=1&resize=700%2C400 2x, https:\/\/i0.wp.com\/victoriavynn.ca\/wp-content\/uploads\/2023\/09\/sbc-10-7_7-1.jpg?fit=1200%2C1200&ssl=1&resize=1050%2C600 3x"},"classes":[]},{"id":17991,"url":"https:\/\/victoriavynn.ca\/fr\/product\/staleks-beauty-care-11-type-3-pink-multi-purpose-scissors\/","url_meta":{"origin":17987,"position":3},"title":"Staleks Beauty &amp; Care 11 Type 3 Pink Multi Purpose Scissors (ciseaux \u00e0 usages multiples)","author":"Serge Sahakian","date":"mai 28, 2024","format":false,"excerpt":"SBC-11\/3","rel":"","context":"Similar post","block_context":{"text":"Similar post","link":""},"img":{"alt_text":"","src":"https:\/\/i0.wp.com\/victoriavynn.ca\/wp-content\/uploads\/2024\/05\/nozhniczy-universalnye-sbc-11-3_2-1.jpg?fit=1200%2C1200&ssl=1&resize=350%2C200","width":350,"height":200,"srcset":"https:\/\/i0.wp.com\/victoriavynn.ca\/wp-content\/uploads\/2024\/05\/nozhniczy-universalnye-sbc-11-3_2-1.jpg?fit=1200%2C1200&ssl=1&resize=350%2C200 1x, https:\/\/i0.wp.com\/victoriavynn.ca\/wp-content\/uploads\/2024\/05\/nozhniczy-universalnye-sbc-11-3_2-1.jpg?fit=1200%2C1200&ssl=1&resize=525%2C300 1.5x, https:\/\/i0.wp.com\/victoriavynn.ca\/wp-content\/uploads\/2024\/05\/nozhniczy-universalnye-sbc-11-3_2-1.jpg?fit=1200%2C1200&ssl=1&resize=700%2C400 2x, https:\/\/i0.wp.com\/victoriavynn.ca\/wp-content\/uploads\/2024\/05\/nozhniczy-universalnye-sbc-11-3_2-1.jpg?fit=1200%2C1200&ssl=1&resize=1050%2C600 3x"},"classes":[]},{"id":10481,"url":"https:\/\/victoriavynn.ca\/fr\/product\/staleks-cuticle-scissors-curved-bc-10\/","url_meta":{"origin":17987,"position":4},"title":"Staleks Beauty &amp; Care 10 Type 1 Matte Ciseaux \u00e0 cuticules","author":"Serge Sahakian","date":"f\u00e9vrier 4, 2023","format":false,"excerpt":"Ciseaux \u00e0 cuticules professionnels de haute qualit\u00e9, courb\u00e9s. Staleks se consacre \u00e0 la qualit\u00e9 de ses produits. L'acier utilis\u00e9 pour la production des embouts est exceptionnellement r\u00e9sistant \u00e0 la corrosion et d'une duret\u00e9 in\u00e9gal\u00e9e, garantissant un tranchant durable. Nous nous sommes associ\u00e9s \u00e0 Staleks au Canada pour fournir un ensemble complet de produits professionnels...","rel":"","context":"Similar post","block_context":{"text":"Similar post","link":""},"img":{"alt_text":"STALEKS BEAUTY & CARE Nail Cuticle Scissors Curved 10 Type 1","src":"https:\/\/i0.wp.com\/victoriavynn.ca\/wp-content\/uploads\/2023\/02\/STALEKS-BEAUTY-CARE-Nail-Cuticle-Scissors-Curved-10-Type-1-.webp?fit=750%2C1000&ssl=1&resize=350%2C200","width":350,"height":200,"srcset":"https:\/\/i0.wp.com\/victoriavynn.ca\/wp-content\/uploads\/2023\/02\/STALEKS-BEAUTY-CARE-Nail-Cuticle-Scissors-Curved-10-Type-1-.webp?fit=750%2C1000&ssl=1&resize=350%2C200 1x, https:\/\/i0.wp.com\/victoriavynn.ca\/wp-content\/uploads\/2023\/02\/STALEKS-BEAUTY-CARE-Nail-Cuticle-Scissors-Curved-10-Type-1-.webp?fit=750%2C1000&ssl=1&resize=525%2C300 1.5x, https:\/\/i0.wp.com\/victoriavynn.ca\/wp-content\/uploads\/2023\/02\/STALEKS-BEAUTY-CARE-Nail-Cuticle-Scissors-Curved-10-Type-1-.webp?fit=750%2C1000&ssl=1&resize=700%2C400 2x"},"classes":[]},{"id":18076,"url":"https:\/\/victoriavynn.ca\/fr\/product\/staleks-pro-professional-cuticle-scissors-ballerina-uniq-10-type-4\/","url_meta":{"origin":17987,"position":5},"title":"Staleks PRO Ciseaux \u00e0 cuticules professionnels Ballerina UNIQ 10 TYPE 4","author":"Serge Sahakian","date":"mai 29, 2024","format":false,"excerpt":"SQ-10\/4","rel":"","context":"Similar post","block_context":{"text":"Similar post","link":""},"img":{"alt_text":"","src":"https:\/\/i0.wp.com\/victoriavynn.ca\/wp-content\/uploads\/2024\/05\/sq-10-4_result-800x800-1.jpg?fit=800%2C800&ssl=1&resize=350%2C200","width":350,"height":200,"srcset":"https:\/\/i0.wp.com\/victoriavynn.ca\/wp-content\/uploads\/2024\/05\/sq-10-4_result-800x800-1.jpg?fit=800%2C800&ssl=1&resize=350%2C200 1x, https:\/\/i0.wp.com\/victoriavynn.ca\/wp-content\/uploads\/2024\/05\/sq-10-4_result-800x800-1.jpg?fit=800%2C800&ssl=1&resize=525%2C300 1.5x, https:\/\/i0.wp.com\/victoriavynn.ca\/wp-content\/uploads\/2024\/05\/sq-10-4_result-800x800-1.jpg?fit=800%2C800&ssl=1&resize=700%2C400 2x"},"classes":[]}],"jetpack_sharing_enabled":true,"_links":{"self":[{"href":"https:\/\/victoriavynn.ca\/fr\/wp-json\/wp\/v2\/product\/17987","targetHints":{"allow":["GET"]}}],"collection":[{"href":"https:\/\/victoriavynn.ca\/fr\/wp-json\/wp\/v2\/product"}],"about":[{"href":"https:\/\/victoriavynn.ca\/fr\/wp-json\/wp\/v2\/types\/product"}],"replies":[{"embeddable":true,"href":"https:\/\/victoriavynn.ca\/fr\/wp-json\/wp\/v2\/comments?post=17987"}],"wp:featuredmedia":[{"embeddable":true,"href":"https:\/\/victoriavynn.ca\/fr\/wp-json\/wp\/v2\/media\/17988"}],"wp:attachment":[{"href":"https:\/\/victoriavynn.ca\/fr\/wp-json\/wp\/v2\/media?parent=17987"}],"wp:term":[{"taxonomy":"product_brand","embeddable":true,"href":"https:\/\/victoriavynn.ca\/fr\/wp-json\/wp\/v2\/product_brand?post=17987"},{"taxonomy":"product_cat","embeddable":true,"href":"https:\/\/victoriavynn.ca\/fr\/wp-json\/wp\/v2\/product_cat?post=17987"},{"taxonomy":"product_tag","embeddable":true,"href":"https:\/\/victoriavynn.ca\/fr\/wp-json\/wp\/v2\/product_tag?post=17987"}],"curies":[{"name":"wp","href":"https:\/\/api.w.org\/{rel}","templated":true}]}}