{"id":17991,"date":"2024-05-28T19:02:58","date_gmt":"2024-05-28T23:02:58","guid":{"rendered":"https:\/\/victoriavynn.ca\/product\/staleks-beauty-care-11-type-3-pink-multi-purpose-scissors\/"},"modified":"2026-03-05T19:57:47","modified_gmt":"2026-03-06T00:57:47","slug":"staleks-beauty-care-11-type-3-pink-multi-purpose-scissors","status":"publish","type":"product","link":"https:\/\/victoriavynn.ca\/fr\/product\/staleks-beauty-care-11-type-3-pink-multi-purpose-scissors\/","title":{"rendered":"Staleks Beauty &amp; Care 11 Type 3 Pink Multi Purpose Scissors (ciseaux \u00e0 usages multiples)"},"content":{"rendered":"","protected":false},"excerpt":{"rendered":"<p>SBC-11\/3<\/p>","protected":false},"featured_media":17992,"comment_status":"open","ping_status":"closed","template":"","meta":{"jetpack_post_was_ever_published":false,"jetpack_publicize_message":"","jetpack_publicize_feature_enabled":true,"jetpack_social_post_already_shared":true,"jetpack_social_options":{"image_generator_settings":{"template":"highway","default_image_id":0,"font":"","enabled":false},"version":2}},"product_brand":[935],"product_cat":[542,540],"product_tag":[],"class_list":{"0":"post-17991","1":"product","2":"type-product","3":"status-publish","4":"has-post-thumbnail","6":"product_brand-staleks","7":"product_cat-staleks-nail-scissors","8":"product_cat-staleks-cuticle-scissors","10":"first","11":"instock","12":"taxable","13":"shipping-taxable","14":"purchasable","15":"product-type-simple"},"jetpack_publicize_connections":[],"jetpack-related-posts":[{"id":17985,"url":"https:\/\/victoriavynn.ca\/fr\/product\/staleks-beauty-care-10-type-3-matte-cuticle-scissors\/","url_meta":{"origin":17991,"position":0},"title":"Staleks Beauty &amp; Care 10 Type 3 Matte Ciseaux \u00e0 cuticules","author":"Serge Sahakian","date":"mai 28, 2024","format":false,"excerpt":"SBC-10\/3","rel":"","context":"Similar post","block_context":{"text":"Similar post","link":""},"img":{"alt_text":"","src":"https:\/\/i0.wp.com\/victoriavynn.ca\/wp-content\/uploads\/2024\/05\/nozhniczy-universalnye-sbc-10-3_2-1-800x800-1.jpg?fit=800%2C800&ssl=1&resize=350%2C200","width":350,"height":200,"srcset":"https:\/\/i0.wp.com\/victoriavynn.ca\/wp-content\/uploads\/2024\/05\/nozhniczy-universalnye-sbc-10-3_2-1-800x800-1.jpg?fit=800%2C800&ssl=1&resize=350%2C200 1x, https:\/\/i0.wp.com\/victoriavynn.ca\/wp-content\/uploads\/2024\/05\/nozhniczy-universalnye-sbc-10-3_2-1-800x800-1.jpg?fit=800%2C800&ssl=1&resize=525%2C300 1.5x, https:\/\/i0.wp.com\/victoriavynn.ca\/wp-content\/uploads\/2024\/05\/nozhniczy-universalnye-sbc-10-3_2-1-800x800-1.jpg?fit=800%2C800&ssl=1&resize=700%2C400 2x"},"classes":[]},{"id":17987,"url":"https:\/\/victoriavynn.ca\/fr\/product\/staleks-beauty-care-10-type-2-matte-cuticle-scissors\/","url_meta":{"origin":17991,"position":1},"title":"Staleks Beauty &amp; Care 10 Type 2 Matte Ciseaux \u00e0 cuticules","author":"Serge Sahakian","date":"mai 28, 2024","format":false,"excerpt":"SBC-10\/2","rel":"","context":"Similar post","block_context":{"text":"Similar post","link":""},"img":{"alt_text":"","src":"https:\/\/i0.wp.com\/victoriavynn.ca\/wp-content\/uploads\/2024\/05\/nozhniczy-dlya-nogtej-sbc-10-2_2-1-800x800-1.jpg?fit=800%2C800&ssl=1&resize=350%2C200","width":350,"height":200,"srcset":"https:\/\/i0.wp.com\/victoriavynn.ca\/wp-content\/uploads\/2024\/05\/nozhniczy-dlya-nogtej-sbc-10-2_2-1-800x800-1.jpg?fit=800%2C800&ssl=1&resize=350%2C200 1x, https:\/\/i0.wp.com\/victoriavynn.ca\/wp-content\/uploads\/2024\/05\/nozhniczy-dlya-nogtej-sbc-10-2_2-1-800x800-1.jpg?fit=800%2C800&ssl=1&resize=525%2C300 1.5x, https:\/\/i0.wp.com\/victoriavynn.ca\/wp-content\/uploads\/2024\/05\/nozhniczy-dlya-nogtej-sbc-10-2_2-1-800x800-1.jpg?fit=800%2C800&ssl=1&resize=700%2C400 2x"},"classes":[]},{"id":17989,"url":"https:\/\/victoriavynn.ca\/fr\/product\/staleks-beauty-care-10-type-4-matte-nail-scissors-for-kids\/","url_meta":{"origin":17991,"position":2},"title":"Staleks Beauty &amp; Care 10 Type 4 Matte Ciseaux \u00e0 ongles pour enfants","author":"Serge Sahakian","date":"mai 28, 2024","format":false,"excerpt":"SBC-10\/4","rel":"","context":"Similar post","block_context":{"text":"Similar post","link":""},"img":{"alt_text":"","src":"https:\/\/i0.wp.com\/victoriavynn.ca\/wp-content\/uploads\/2024\/05\/sbc-10-4-800x800-1.jpg?fit=800%2C800&ssl=1&resize=350%2C200","width":350,"height":200,"srcset":"https:\/\/i0.wp.com\/victoriavynn.ca\/wp-content\/uploads\/2024\/05\/sbc-10-4-800x800-1.jpg?fit=800%2C800&ssl=1&resize=350%2C200 1x, https:\/\/i0.wp.com\/victoriavynn.ca\/wp-content\/uploads\/2024\/05\/sbc-10-4-800x800-1.jpg?fit=800%2C800&ssl=1&resize=525%2C300 1.5x, https:\/\/i0.wp.com\/victoriavynn.ca\/wp-content\/uploads\/2024\/05\/sbc-10-4-800x800-1.jpg?fit=800%2C800&ssl=1&resize=700%2C400 2x"},"classes":[]},{"id":15129,"url":"https:\/\/victoriavynn.ca\/fr\/product\/staleks-set-of-matte-scissors-for-children-nail-file-beauty-care-10-type-7\/","url_meta":{"origin":17991,"position":3},"title":"Staleks Set de ciseaux mats pour enfants + lime \u00e0 ongles Beauty &amp; Care 10 Type 7","author":"Serge Sahakian","date":"septembre 9, 2023","format":false,"excerpt":"SBC-10\/7","rel":"","context":"Similar post","block_context":{"text":"Similar post","link":""},"img":{"alt_text":"","src":"https:\/\/i0.wp.com\/victoriavynn.ca\/wp-content\/uploads\/2023\/09\/sbc-10-7_7-1.jpg?fit=1200%2C1200&ssl=1&resize=350%2C200","width":350,"height":200,"srcset":"https:\/\/i0.wp.com\/victoriavynn.ca\/wp-content\/uploads\/2023\/09\/sbc-10-7_7-1.jpg?fit=1200%2C1200&ssl=1&resize=350%2C200 1x, https:\/\/i0.wp.com\/victoriavynn.ca\/wp-content\/uploads\/2023\/09\/sbc-10-7_7-1.jpg?fit=1200%2C1200&ssl=1&resize=525%2C300 1.5x, https:\/\/i0.wp.com\/victoriavynn.ca\/wp-content\/uploads\/2023\/09\/sbc-10-7_7-1.jpg?fit=1200%2C1200&ssl=1&resize=700%2C400 2x, https:\/\/i0.wp.com\/victoriavynn.ca\/wp-content\/uploads\/2023\/09\/sbc-10-7_7-1.jpg?fit=1200%2C1200&ssl=1&resize=1050%2C600 3x"},"classes":[]},{"id":10475,"url":"https:\/\/victoriavynn.ca\/fr\/product\/staleks-pink-nail-cuticle-scissors-bc-11\/","url_meta":{"origin":17991,"position":4},"title":"Staleks Beauty &amp; Care 11 Type 1 Ciseaux \u00e0 cuticules roses","author":"Serge Sahakian","date":"f\u00e9vrier 4, 2023","format":false,"excerpt":"Ciseaux \u00e0 cuticules professionnels de haute qualit\u00e9. Staleks se consacre \u00e0 la qualit\u00e9 de ses produits. L'acier utilis\u00e9 pour la production des embouts est exceptionnellement r\u00e9sistant \u00e0 la corrosion et d'une duret\u00e9 in\u00e9gal\u00e9e, garantissant un tranchant durable. Nous nous sommes associ\u00e9s \u00e0 Staleks au Canada pour fournir un ensemble complet de produits professionnels...","rel":"","context":"Similar post","block_context":{"text":"Similar post","link":""},"img":{"alt_text":"STALEKS BEAUTY & CARE Nail Cuticle Scissors 11 Type 1","src":"https:\/\/i0.wp.com\/victoriavynn.ca\/wp-content\/uploads\/2023\/02\/STALEKS-BEAUTY-CARE-Nail-Cuticle-Scissors-11-Type-1.webp?fit=750%2C1000&ssl=1&resize=350%2C200","width":350,"height":200,"srcset":"https:\/\/i0.wp.com\/victoriavynn.ca\/wp-content\/uploads\/2023\/02\/STALEKS-BEAUTY-CARE-Nail-Cuticle-Scissors-11-Type-1.webp?fit=750%2C1000&ssl=1&resize=350%2C200 1x, https:\/\/i0.wp.com\/victoriavynn.ca\/wp-content\/uploads\/2023\/02\/STALEKS-BEAUTY-CARE-Nail-Cuticle-Scissors-11-Type-1.webp?fit=750%2C1000&ssl=1&resize=525%2C300 1.5x, https:\/\/i0.wp.com\/victoriavynn.ca\/wp-content\/uploads\/2023\/02\/STALEKS-BEAUTY-CARE-Nail-Cuticle-Scissors-11-Type-1.webp?fit=750%2C1000&ssl=1&resize=700%2C400 2x"},"classes":[]},{"id":10573,"url":"https:\/\/victoriavynn.ca\/fr\/product\/multi-purpose-manicure-scissors-classic-31\/","url_meta":{"origin":17991,"position":5},"title":"Staleks Classic 31 Type 1 Ciseaux multi-usages (pour ongles et cuticules)","author":"Serge Sahakian","date":"f\u00e9vrier 5, 2023","format":false,"excerpt":"Ciseaux de manucure droits et polyvalents de haute qualit\u00e9. Staleks se consacre \u00e0 la qualit\u00e9 de ses produits. L'acier utilis\u00e9 pour la production des embouts est exceptionnellement r\u00e9sistant \u00e0 la corrosion et d'une duret\u00e9 in\u00e9gal\u00e9e, garantissant un tranchant durable. Nous nous sommes associ\u00e9s \u00e0 Staleks au Canada pour fournir un ensemble complet de produits professionnels...","rel":"","context":"Similar post","block_context":{"text":"Similar post","link":""},"img":{"alt_text":"Staleks Multi purpose manicure scissors Classic 31 Type 1","src":"https:\/\/i0.wp.com\/victoriavynn.ca\/wp-content\/uploads\/2023\/02\/Staleks-Nail-and-Cuticle-Scissors-Classic-31-Type-1.webp?fit=750%2C1000&ssl=1&resize=350%2C200","width":350,"height":200,"srcset":"https:\/\/i0.wp.com\/victoriavynn.ca\/wp-content\/uploads\/2023\/02\/Staleks-Nail-and-Cuticle-Scissors-Classic-31-Type-1.webp?fit=750%2C1000&ssl=1&resize=350%2C200 1x, https:\/\/i0.wp.com\/victoriavynn.ca\/wp-content\/uploads\/2023\/02\/Staleks-Nail-and-Cuticle-Scissors-Classic-31-Type-1.webp?fit=750%2C1000&ssl=1&resize=525%2C300 1.5x, https:\/\/i0.wp.com\/victoriavynn.ca\/wp-content\/uploads\/2023\/02\/Staleks-Nail-and-Cuticle-Scissors-Classic-31-Type-1.webp?fit=750%2C1000&ssl=1&resize=700%2C400 2x"},"classes":[]}],"jetpack_sharing_enabled":true,"_links":{"self":[{"href":"https:\/\/victoriavynn.ca\/fr\/wp-json\/wp\/v2\/product\/17991","targetHints":{"allow":["GET"]}}],"collection":[{"href":"https:\/\/victoriavynn.ca\/fr\/wp-json\/wp\/v2\/product"}],"about":[{"href":"https:\/\/victoriavynn.ca\/fr\/wp-json\/wp\/v2\/types\/product"}],"replies":[{"embeddable":true,"href":"https:\/\/victoriavynn.ca\/fr\/wp-json\/wp\/v2\/comments?post=17991"}],"wp:featuredmedia":[{"embeddable":true,"href":"https:\/\/victoriavynn.ca\/fr\/wp-json\/wp\/v2\/media\/17992"}],"wp:attachment":[{"href":"https:\/\/victoriavynn.ca\/fr\/wp-json\/wp\/v2\/media?parent=17991"}],"wp:term":[{"taxonomy":"product_brand","embeddable":true,"href":"https:\/\/victoriavynn.ca\/fr\/wp-json\/wp\/v2\/product_brand?post=17991"},{"taxonomy":"product_cat","embeddable":true,"href":"https:\/\/victoriavynn.ca\/fr\/wp-json\/wp\/v2\/product_cat?post=17991"},{"taxonomy":"product_tag","embeddable":true,"href":"https:\/\/victoriavynn.ca\/fr\/wp-json\/wp\/v2\/product_tag?post=17991"}],"curies":[{"name":"wp","href":"https:\/\/api.w.org\/{rel}","templated":true}]}}