{"id":17993,"date":"2024-05-28T19:09:01","date_gmt":"2024-05-28T23:09:01","guid":{"rendered":"https:\/\/victoriavynn.ca\/product\/staleks-pro-pedicure-nippers-podo-30-for-ingrown-nails\/"},"modified":"2026-05-13T14:53:23","modified_gmt":"2026-05-13T18:53:23","slug":"staleks-pro-pedicure-nippers-podo-30-pour-les-ongles-incarnes","status":"publish","type":"product","link":"https:\/\/victoriavynn.ca\/fr\/product\/staleks-pro-pedicure-nippers-podo-30-for-ingrown-nails\/","title":{"rendered":"Staleks PRO Pince \u00e0 p\u00e9dicure PODO 30 (pour ongles incarn\u00e9s)"},"content":{"rendered":"","protected":false},"excerpt":{"rendered":"<p>NP-30-18<\/p>","protected":false},"featured_media":17994,"comment_status":"open","ping_status":"closed","template":"","meta":[],"product_brand":[935],"product_cat":[619],"product_tag":[],"class_list":{"0":"post-17993","1":"product","2":"type-product","3":"status-publish","4":"has-post-thumbnail","6":"product_brand-staleks","7":"product_cat-staleks-podo","9":"first","10":"instock","11":"taxable","12":"shipping-taxable","13":"purchasable","14":"product-type-simple"},"jetpack_sharing_enabled":true,"_links":{"self":[{"href":"https:\/\/victoriavynn.ca\/fr\/wp-json\/wp\/v2\/product\/17993","targetHints":{"allow":["GET"]}}],"collection":[{"href":"https:\/\/victoriavynn.ca\/fr\/wp-json\/wp\/v2\/product"}],"about":[{"href":"https:\/\/victoriavynn.ca\/fr\/wp-json\/wp\/v2\/types\/product"}],"replies":[{"embeddable":true,"href":"https:\/\/victoriavynn.ca\/fr\/wp-json\/wp\/v2\/comments?post=17993"}],"wp:featuredmedia":[{"embeddable":true,"href":"https:\/\/victoriavynn.ca\/fr\/wp-json\/wp\/v2\/media\/17994"}],"wp:attachment":[{"href":"https:\/\/victoriavynn.ca\/fr\/wp-json\/wp\/v2\/media?parent=17993"}],"wp:term":[{"taxonomy":"product_brand","embeddable":true,"href":"https:\/\/victoriavynn.ca\/fr\/wp-json\/wp\/v2\/product_brand?post=17993"},{"taxonomy":"product_cat","embeddable":true,"href":"https:\/\/victoriavynn.ca\/fr\/wp-json\/wp\/v2\/product_cat?post=17993"},{"taxonomy":"product_tag","embeddable":true,"href":"https:\/\/victoriavynn.ca\/fr\/wp-json\/wp\/v2\/product_tag?post=17993"}],"curies":[{"name":"wp","href":"https:\/\/api.w.org\/{rel}","templated":true}]}}