{"id":17997,"date":"2024-05-28T19:16:58","date_gmt":"2024-05-28T23:16:58","guid":{"rendered":"https:\/\/victoriavynn.ca\/product\/staleks-expert-80-6mm-full-jaw-professional-cuticle-nipper\/"},"modified":"2026-03-04T18:40:38","modified_gmt":"2026-03-04T23:40:38","slug":"staleks-expert-80-6mm-full-jaw-professional-cuticle-nipper","status":"publish","type":"product","link":"https:\/\/victoriavynn.ca\/fr\/product\/staleks-expert-80-6mm-full-jaw-professional-cuticle-nipper\/","title":{"rendered":"Staleks Expert 80 6mm Full Jaw Professional Cuticle Nipper"},"content":{"rendered":"","protected":false},"excerpt":{"rendered":"<p>NE-80-6<\/p>","protected":false},"featured_media":17998,"comment_status":"open","ping_status":"closed","template":"","meta":{"jetpack_post_was_ever_published":false,"jetpack_publicize_message":"","jetpack_publicize_feature_enabled":true,"jetpack_social_post_already_shared":true,"jetpack_social_options":{"image_generator_settings":{"template":"highway","default_image_id":0,"font":"","enabled":false},"version":2}},"product_brand":[935],"product_cat":[528],"product_tag":[],"class_list":{"0":"post-17997","1":"product","2":"type-product","3":"status-publish","4":"has-post-thumbnail","6":"product_brand-staleks","7":"product_cat-staleks-cuticle-nippers","9":"first","10":"instock","11":"taxable","12":"shipping-taxable","13":"purchasable","14":"product-type-simple"},"jetpack_publicize_connections":[],"jetpack-related-posts":[{"id":17995,"url":"https:\/\/victoriavynn.ca\/fr\/product\/staleks-expert-80-9mm-full-jaw-professional-cuticle-nipper\/","url_meta":{"origin":17997,"position":0},"title":"Staleks Expert 80 9mm Full Jaw Professional Cuticle Nipper (pince \u00e0 cuticules professionnelle)","author":"Serge Sahakian","date":"mai 28, 2024","format":false,"excerpt":"NE-80-9","rel":"","context":"Similar post","block_context":{"text":"Similar post","link":""},"img":{"alt_text":"","src":"https:\/\/i0.wp.com\/victoriavynn.ca\/wp-content\/uploads\/2024\/05\/ne-80-9_3_result-800x800-1.jpg?fit=800%2C800&ssl=1&resize=350%2C200","width":350,"height":200,"srcset":"https:\/\/i0.wp.com\/victoriavynn.ca\/wp-content\/uploads\/2024\/05\/ne-80-9_3_result-800x800-1.jpg?fit=800%2C800&ssl=1&resize=350%2C200 1x, https:\/\/i0.wp.com\/victoriavynn.ca\/wp-content\/uploads\/2024\/05\/ne-80-9_3_result-800x800-1.jpg?fit=800%2C800&ssl=1&resize=525%2C300 1.5x, https:\/\/i0.wp.com\/victoriavynn.ca\/wp-content\/uploads\/2024\/05\/ne-80-9_3_result-800x800-1.jpg?fit=800%2C800&ssl=1&resize=700%2C400 2x"},"classes":[]},{"id":10409,"url":"https:\/\/victoriavynn.ca\/fr\/product\/staleks-full-jaw-cuticle-nipper-expert-11\/","url_meta":{"origin":17997,"position":1},"title":"Staleks Expert 11 Pince \u00e0 cuticules professionnelle","author":"Serge Sahakian","date":"f\u00e9vrier 3, 2023","format":false,"excerpt":"Pince \u00e0 cuticules professionnelle \u00e0 m\u00e2choire compl\u00e8te de haute qualit\u00e9. Staleks se consacre \u00e0 la qualit\u00e9 de ses produits. L'acier utilis\u00e9 pour la production des embouts est exceptionnellement r\u00e9sistant \u00e0 la corrosion et d'une duret\u00e9 in\u00e9gal\u00e9e, garantissant un tranchant durable. Nous nous sommes associ\u00e9s \u00e0 Staleks au Canada pour fournir un ensemble complet de produits professionnels...","rel":"","context":"Similar post","block_context":{"text":"Similar post","link":""},"img":{"alt_text":"Staleks Full Jaw Cuticle Nipper Expert 11","src":"https:\/\/i0.wp.com\/victoriavynn.ca\/wp-content\/uploads\/2023\/02\/Steleks-Full-Jaw-Cuticle-Nipper-Expert-11-11mm.webp?fit=750%2C1000&ssl=1&resize=350%2C200","width":350,"height":200,"srcset":"https:\/\/i0.wp.com\/victoriavynn.ca\/wp-content\/uploads\/2023\/02\/Steleks-Full-Jaw-Cuticle-Nipper-Expert-11-11mm.webp?fit=750%2C1000&ssl=1&resize=350%2C200 1x, https:\/\/i0.wp.com\/victoriavynn.ca\/wp-content\/uploads\/2023\/02\/Steleks-Full-Jaw-Cuticle-Nipper-Expert-11-11mm.webp?fit=750%2C1000&ssl=1&resize=525%2C300 1.5x, https:\/\/i0.wp.com\/victoriavynn.ca\/wp-content\/uploads\/2023\/02\/Steleks-Full-Jaw-Cuticle-Nipper-Expert-11-11mm.webp?fit=750%2C1000&ssl=1&resize=700%2C400 2x"},"classes":[]},{"id":18084,"url":"https:\/\/victoriavynn.ca\/fr\/product\/staleks-smart-50-7mm-full-jaw-professional-cuticle-nipper\/","url_meta":{"origin":17997,"position":2},"title":"Staleks Smart 50 7mm Full Jaw Professional Cuticle Nipper (pince \u00e0 cuticules professionnelle)","author":"Serge Sahakian","date":"mai 30, 2024","format":false,"excerpt":"NS-50-7","rel":"","context":"Similar post","block_context":{"text":"Similar post","link":""},"img":{"alt_text":"","src":"https:\/\/i0.wp.com\/victoriavynn.ca\/wp-content\/uploads\/2024\/05\/73c6af899c1daf8cca2fe53aec6e212b-800x800-1.jpg?fit=800%2C800&ssl=1&resize=350%2C200","width":350,"height":200,"srcset":"https:\/\/i0.wp.com\/victoriavynn.ca\/wp-content\/uploads\/2024\/05\/73c6af899c1daf8cca2fe53aec6e212b-800x800-1.jpg?fit=800%2C800&ssl=1&resize=350%2C200 1x, https:\/\/i0.wp.com\/victoriavynn.ca\/wp-content\/uploads\/2024\/05\/73c6af899c1daf8cca2fe53aec6e212b-800x800-1.jpg?fit=800%2C800&ssl=1&resize=525%2C300 1.5x, https:\/\/i0.wp.com\/victoriavynn.ca\/wp-content\/uploads\/2024\/05\/73c6af899c1daf8cca2fe53aec6e212b-800x800-1.jpg?fit=800%2C800&ssl=1&resize=700%2C400 2x"},"classes":[]},{"id":10431,"url":"https:\/\/victoriavynn.ca\/fr\/product\/staleks-cuticles-clipper-expert-81-6mm\/","url_meta":{"origin":17997,"position":3},"title":"Staleks Expert 81 6mm Pince \u00e0 cuticules professionnelle","author":"Serge Sahakian","date":"f\u00e9vrier 3, 2023","format":false,"excerpt":"Tondeuse \u00e0 cuticules professionnelle de haute qualit\u00e9. Staleks se consacre \u00e0 la qualit\u00e9 de ses produits. L'acier utilis\u00e9 pour la production des m\u00e8ches est exceptionnellement r\u00e9sistant \u00e0 la corrosion et d'une duret\u00e9 in\u00e9gal\u00e9e, garantissant un tranchant durable. Nous nous sommes associ\u00e9s \u00e0 Staleks au Canada pour fournir un ensemble complet de produits professionnels \u00e0...","rel":"","context":"Similar post","block_context":{"text":"Similar post","link":""},"img":{"alt_text":"Staleks Best Cuticles Clipper Expert 81 6mm","src":"https:\/\/i0.wp.com\/victoriavynn.ca\/wp-content\/uploads\/2023\/02\/Staleks-Best-Cuticles-Clipper-Expert-81-6mm-1-3.webp?fit=750%2C1000&ssl=1&resize=350%2C200","width":350,"height":200,"srcset":"https:\/\/i0.wp.com\/victoriavynn.ca\/wp-content\/uploads\/2023\/02\/Staleks-Best-Cuticles-Clipper-Expert-81-6mm-1-3.webp?fit=750%2C1000&ssl=1&resize=350%2C200 1x, https:\/\/i0.wp.com\/victoriavynn.ca\/wp-content\/uploads\/2023\/02\/Staleks-Best-Cuticles-Clipper-Expert-81-6mm-1-3.webp?fit=750%2C1000&ssl=1&resize=525%2C300 1.5x, https:\/\/i0.wp.com\/victoriavynn.ca\/wp-content\/uploads\/2023\/02\/Staleks-Best-Cuticles-Clipper-Expert-81-6mm-1-3.webp?fit=750%2C1000&ssl=1&resize=700%2C400 2x"},"classes":[]},{"id":18088,"url":"https:\/\/victoriavynn.ca\/fr\/product\/staleks-smart-50-4mm-quarter-jaw-professional-cuticle-nipper\/","url_meta":{"origin":17997,"position":4},"title":"Staleks Smart 50 4mm Quart de m\u00e2choire Pince \u00e0 cuticules professionnelle","author":"Serge Sahakian","date":"mai 30, 2024","format":false,"excerpt":"NS-50-4","rel":"","context":"Similar post","block_context":{"text":"Similar post","link":""},"img":{"alt_text":"","src":"https:\/\/i0.wp.com\/victoriavynn.ca\/wp-content\/uploads\/2024\/05\/968ecb09193951e602e1d69c775edc39-800x800-1.jpg?fit=800%2C800&ssl=1&resize=350%2C200","width":350,"height":200,"srcset":"https:\/\/i0.wp.com\/victoriavynn.ca\/wp-content\/uploads\/2024\/05\/968ecb09193951e602e1d69c775edc39-800x800-1.jpg?fit=800%2C800&ssl=1&resize=350%2C200 1x, https:\/\/i0.wp.com\/victoriavynn.ca\/wp-content\/uploads\/2024\/05\/968ecb09193951e602e1d69c775edc39-800x800-1.jpg?fit=800%2C800&ssl=1&resize=525%2C300 1.5x, https:\/\/i0.wp.com\/victoriavynn.ca\/wp-content\/uploads\/2024\/05\/968ecb09193951e602e1d69c775edc39-800x800-1.jpg?fit=800%2C800&ssl=1&resize=700%2C400 2x"},"classes":[]},{"id":18090,"url":"https:\/\/victoriavynn.ca\/fr\/product\/staleks-smart-50-3mm-quarter-jaw-professional-cuticle-nipper\/","url_meta":{"origin":17997,"position":5},"title":"Staleks Smart 50 3mm Quarter Jaw Professional Cuticle Nipper (pince \u00e0 cuticules professionnelle)","author":"Serge Sahakian","date":"mai 30, 2024","format":false,"excerpt":"NS-50-3","rel":"","context":"Similar post","block_context":{"text":"Similar post","link":""},"img":{"alt_text":"","src":"https:\/\/i0.wp.com\/victoriavynn.ca\/wp-content\/uploads\/2024\/05\/b195e77b9958af38b54f01fd09e4d38d-800x800-1.jpg?fit=800%2C800&ssl=1&resize=350%2C200","width":350,"height":200,"srcset":"https:\/\/i0.wp.com\/victoriavynn.ca\/wp-content\/uploads\/2024\/05\/b195e77b9958af38b54f01fd09e4d38d-800x800-1.jpg?fit=800%2C800&ssl=1&resize=350%2C200 1x, https:\/\/i0.wp.com\/victoriavynn.ca\/wp-content\/uploads\/2024\/05\/b195e77b9958af38b54f01fd09e4d38d-800x800-1.jpg?fit=800%2C800&ssl=1&resize=525%2C300 1.5x, https:\/\/i0.wp.com\/victoriavynn.ca\/wp-content\/uploads\/2024\/05\/b195e77b9958af38b54f01fd09e4d38d-800x800-1.jpg?fit=800%2C800&ssl=1&resize=700%2C400 2x"},"classes":[]}],"jetpack_sharing_enabled":true,"_links":{"self":[{"href":"https:\/\/victoriavynn.ca\/fr\/wp-json\/wp\/v2\/product\/17997","targetHints":{"allow":["GET"]}}],"collection":[{"href":"https:\/\/victoriavynn.ca\/fr\/wp-json\/wp\/v2\/product"}],"about":[{"href":"https:\/\/victoriavynn.ca\/fr\/wp-json\/wp\/v2\/types\/product"}],"replies":[{"embeddable":true,"href":"https:\/\/victoriavynn.ca\/fr\/wp-json\/wp\/v2\/comments?post=17997"}],"wp:featuredmedia":[{"embeddable":true,"href":"https:\/\/victoriavynn.ca\/fr\/wp-json\/wp\/v2\/media\/17998"}],"wp:attachment":[{"href":"https:\/\/victoriavynn.ca\/fr\/wp-json\/wp\/v2\/media?parent=17997"}],"wp:term":[{"taxonomy":"product_brand","embeddable":true,"href":"https:\/\/victoriavynn.ca\/fr\/wp-json\/wp\/v2\/product_brand?post=17997"},{"taxonomy":"product_cat","embeddable":true,"href":"https:\/\/victoriavynn.ca\/fr\/wp-json\/wp\/v2\/product_cat?post=17997"},{"taxonomy":"product_tag","embeddable":true,"href":"https:\/\/victoriavynn.ca\/fr\/wp-json\/wp\/v2\/product_tag?post=17997"}],"curies":[{"name":"wp","href":"https:\/\/api.w.org\/{rel}","templated":true}]}}