{"id":18058,"date":"2024-05-29T21:10:01","date_gmt":"2024-05-30T01:10:01","guid":{"rendered":"https:\/\/victoriavynn.ca\/product\/staleks-pro-professional-eyelash-tweezers-expert-40-type-7-curved\/"},"modified":"2026-03-04T18:40:46","modified_gmt":"2026-03-04T23:40:46","slug":"staleks-pro-professional-eyelash-tweezers-expert-40-type-7-curved","status":"publish","type":"product","link":"https:\/\/victoriavynn.ca\/fr\/product\/staleks-pro-professional-eyelash-tweezers-expert-40-type-7-curved\/","title":{"rendered":"Staleks PRO Pince \u00e0 cils professionnelle EXPERT 40 TYPE 7 (courb\u00e9e)"},"content":{"rendered":"","protected":false},"excerpt":{"rendered":"<p>TE-40\/7<\/p>","protected":false},"featured_media":18059,"comment_status":"open","ping_status":"closed","template":"","meta":{"jetpack_post_was_ever_published":false,"jetpack_publicize_message":"","jetpack_publicize_feature_enabled":true,"jetpack_social_post_already_shared":true,"jetpack_social_options":{"image_generator_settings":{"template":"highway","default_image_id":0,"font":"","enabled":false},"version":2}},"product_brand":[935],"product_cat":[856],"product_tag":[],"class_list":{"0":"post-18058","1":"product","2":"type-product","3":"status-publish","4":"has-post-thumbnail","6":"product_brand-staleks","7":"product_cat-staleks-eyelash-extension-tools-tweezers","9":"first","10":"instock","11":"taxable","12":"shipping-taxable","13":"purchasable","14":"product-type-simple"},"jetpack_publicize_connections":[],"jetpack-related-posts":[{"id":42432,"url":"https:\/\/victoriavynn.ca\/fr\/product\/staleks-professional-eyelash-tweezers-with-fiber-tips-expert-45-type-2-l-shaped-40\/","url_meta":{"origin":18058,"position":0},"title":"Staleks Pince \u00e0 cils professionnelle avec pointes en fibre EXPERT 45 TYPE 2 (en forme de L, 40\u2032)","author":"Serge Sahakian","date":"D\u00e9cembre 2, 2025","format":false,"excerpt":"TE-45\/2","rel":"","context":"Similar post","block_context":{"text":"Similar post","link":""},"img":{"alt_text":"Professional eyelash tweezers with fiber tips EXPERT 45 TYPE 2 (L-shaped, 40')","src":"https:\/\/i0.wp.com\/victoriavynn.ca\/wp-content\/uploads\/2025\/12\/professional-eyelash-tweezers-with-fiber-tips-expert-45-type-2-l-shaped-40.webp?fit=750%2C1000&ssl=1&resize=350%2C200","width":350,"height":200,"srcset":"https:\/\/i0.wp.com\/victoriavynn.ca\/wp-content\/uploads\/2025\/12\/professional-eyelash-tweezers-with-fiber-tips-expert-45-type-2-l-shaped-40.webp?fit=750%2C1000&ssl=1&resize=350%2C200 1x, https:\/\/i0.wp.com\/victoriavynn.ca\/wp-content\/uploads\/2025\/12\/professional-eyelash-tweezers-with-fiber-tips-expert-45-type-2-l-shaped-40.webp?fit=750%2C1000&ssl=1&resize=525%2C300 1.5x, https:\/\/i0.wp.com\/victoriavynn.ca\/wp-content\/uploads\/2025\/12\/professional-eyelash-tweezers-with-fiber-tips-expert-45-type-2-l-shaped-40.webp?fit=750%2C1000&ssl=1&resize=700%2C400 2x"},"classes":[]},{"id":42430,"url":"https:\/\/victoriavynn.ca\/fr\/product\/staleks-professional-eyelash-tweezers-with-fiber-tips-expert-45-type-1-curved\/","url_meta":{"origin":18058,"position":1},"title":"Staleks Pince \u00e0 cils professionnelle avec pointes en fibre EXPERT 45 TYPE 1 (courb\u00e9e)","author":"Serge Sahakian","date":"D\u00e9cembre 2, 2025","format":false,"excerpt":"TE-45\/1","rel":"","context":"Similar post","block_context":{"text":"Similar post","link":""},"img":{"alt_text":"Professional eyelash tweezers with fiber tips EXPERT 44 TYPE 12 (L-shaped, 65')","src":"https:\/\/i0.wp.com\/victoriavynn.ca\/wp-content\/uploads\/2025\/12\/professional-eyelash-tweezers-with-fiber-tips-expert-44-type-12-l-shaped-65-1.webp?fit=750%2C1000&ssl=1&resize=350%2C200","width":350,"height":200,"srcset":"https:\/\/i0.wp.com\/victoriavynn.ca\/wp-content\/uploads\/2025\/12\/professional-eyelash-tweezers-with-fiber-tips-expert-44-type-12-l-shaped-65-1.webp?fit=750%2C1000&ssl=1&resize=350%2C200 1x, https:\/\/i0.wp.com\/victoriavynn.ca\/wp-content\/uploads\/2025\/12\/professional-eyelash-tweezers-with-fiber-tips-expert-44-type-12-l-shaped-65-1.webp?fit=750%2C1000&ssl=1&resize=525%2C300 1.5x, https:\/\/i0.wp.com\/victoriavynn.ca\/wp-content\/uploads\/2025\/12\/professional-eyelash-tweezers-with-fiber-tips-expert-44-type-12-l-shaped-65-1.webp?fit=750%2C1000&ssl=1&resize=700%2C400 2x"},"classes":[]},{"id":42434,"url":"https:\/\/victoriavynn.ca\/fr\/product\/staleks-professional-eyelash-tweezers-with-fiber-tips-expert-45-type-8-mini-l\/","url_meta":{"origin":18058,"position":2},"title":"Staleks Pince \u00e0 cils professionnelle avec pointes en fibre EXPERT 45 TYPE 8 (mini L)","author":"Serge Sahakian","date":"D\u00e9cembre 2, 2025","format":false,"excerpt":"TE-45\/8","rel":"","context":"Similar post","block_context":{"text":"Similar post","link":""},"img":{"alt_text":"Professional eyelash tweezers with fiber tips EXPERT 45 TYPE 8 (mini L)","src":"https:\/\/i0.wp.com\/victoriavynn.ca\/wp-content\/uploads\/2025\/12\/professional-eyelash-tweezers-with-fiber-tips-expert-45-type-8-mini-l.webp?fit=750%2C1000&ssl=1&resize=350%2C200","width":350,"height":200,"srcset":"https:\/\/i0.wp.com\/victoriavynn.ca\/wp-content\/uploads\/2025\/12\/professional-eyelash-tweezers-with-fiber-tips-expert-45-type-8-mini-l.webp?fit=750%2C1000&ssl=1&resize=350%2C200 1x, https:\/\/i0.wp.com\/victoriavynn.ca\/wp-content\/uploads\/2025\/12\/professional-eyelash-tweezers-with-fiber-tips-expert-45-type-8-mini-l.webp?fit=750%2C1000&ssl=1&resize=525%2C300 1.5x, https:\/\/i0.wp.com\/victoriavynn.ca\/wp-content\/uploads\/2025\/12\/professional-eyelash-tweezers-with-fiber-tips-expert-45-type-8-mini-l.webp?fit=750%2C1000&ssl=1&resize=700%2C400 2x"},"classes":[]},{"id":42428,"url":"https:\/\/victoriavynn.ca\/fr\/product\/staleks-professional-eyelash-tweezers-with-fiber-tips-expert-44-type-12-l-shaped-65\/","url_meta":{"origin":18058,"position":3},"title":"Staleks Pince \u00e0 cils professionnelle avec pointes en fibre EXPERT 44 TYPE 12 (en forme de L, 65\u2032)","author":"Serge Sahakian","date":"D\u00e9cembre 2, 2025","format":false,"excerpt":"TE-44\/12","rel":"","context":"Similar post","block_context":{"text":"Similar post","link":""},"img":{"alt_text":"Professional eyelash tweezers with fiber tips EXPERT 44 TYPE 12 (L-shaped, 65')","src":"https:\/\/i0.wp.com\/victoriavynn.ca\/wp-content\/uploads\/2025\/12\/professional-eyelash-tweezers-with-fiber-tips-expert-44-type-12-l-shaped-65.webp?fit=750%2C1000&ssl=1&resize=350%2C200","width":350,"height":200,"srcset":"https:\/\/i0.wp.com\/victoriavynn.ca\/wp-content\/uploads\/2025\/12\/professional-eyelash-tweezers-with-fiber-tips-expert-44-type-12-l-shaped-65.webp?fit=750%2C1000&ssl=1&resize=350%2C200 1x, https:\/\/i0.wp.com\/victoriavynn.ca\/wp-content\/uploads\/2025\/12\/professional-eyelash-tweezers-with-fiber-tips-expert-44-type-12-l-shaped-65.webp?fit=750%2C1000&ssl=1&resize=525%2C300 1.5x, https:\/\/i0.wp.com\/victoriavynn.ca\/wp-content\/uploads\/2025\/12\/professional-eyelash-tweezers-with-fiber-tips-expert-44-type-12-l-shaped-65.webp?fit=750%2C1000&ssl=1&resize=700%2C400 2x"},"classes":[]},{"id":42420,"url":"https:\/\/victoriavynn.ca\/fr\/product\/staleks-reverse-%d0%b0ction-tweezers-for-nail-art-expert-31-type-2\/","url_meta":{"origin":18058,"position":4},"title":"Staleks Pince \u00e0 \u00e9piler \u00e0 \u0430ction invers\u00e9e pour le nail art EXPERT 31 TYPE 2","author":"Serge Sahakian","date":"D\u00e9cembre 2, 2025","format":false,"excerpt":"","rel":"","context":"Similar post","block_context":{"text":"Similar post","link":""},"img":{"alt_text":"Reverse \u0430ction tweezers for nail art EXPERT 31 TYPE 2","src":"https:\/\/i0.wp.com\/victoriavynn.ca\/wp-content\/uploads\/2025\/12\/reverse-%D0%B0ction-tweezers-for-nail-art-expert-31-type-2-1.webp?fit=750%2C1000&ssl=1&resize=350%2C200","width":350,"height":200,"srcset":"https:\/\/i0.wp.com\/victoriavynn.ca\/wp-content\/uploads\/2025\/12\/reverse-%D0%B0ction-tweezers-for-nail-art-expert-31-type-2-1.webp?fit=750%2C1000&ssl=1&resize=350%2C200 1x, https:\/\/i0.wp.com\/victoriavynn.ca\/wp-content\/uploads\/2025\/12\/reverse-%D0%B0ction-tweezers-for-nail-art-expert-31-type-2-1.webp?fit=750%2C1000&ssl=1&resize=525%2C300 1.5x, https:\/\/i0.wp.com\/victoriavynn.ca\/wp-content\/uploads\/2025\/12\/reverse-%D0%B0ction-tweezers-for-nail-art-expert-31-type-2-1.webp?fit=750%2C1000&ssl=1&resize=700%2C400 2x"},"classes":[]},{"id":42437,"url":"https:\/\/victoriavynn.ca\/fr\/product\/staleks-eyelash-lifting-tool-expert-10\/","url_meta":{"origin":18058,"position":5},"title":"Outil de levage de cils Staleks EXPERT 10","author":"Serge Sahakian","date":"D\u00e9cembre 2, 2025","format":false,"excerpt":"LTE-10","rel":"","context":"Similar post","block_context":{"text":"Similar post","link":""},"img":{"alt_text":"Eyelash Lifting Tool EXPERT 10","src":"https:\/\/i0.wp.com\/victoriavynn.ca\/wp-content\/uploads\/2025\/12\/eyelash-lifting-tool-expert-10.webp?fit=750%2C1000&ssl=1&resize=350%2C200","width":350,"height":200,"srcset":"https:\/\/i0.wp.com\/victoriavynn.ca\/wp-content\/uploads\/2025\/12\/eyelash-lifting-tool-expert-10.webp?fit=750%2C1000&ssl=1&resize=350%2C200 1x, https:\/\/i0.wp.com\/victoriavynn.ca\/wp-content\/uploads\/2025\/12\/eyelash-lifting-tool-expert-10.webp?fit=750%2C1000&ssl=1&resize=525%2C300 1.5x, https:\/\/i0.wp.com\/victoriavynn.ca\/wp-content\/uploads\/2025\/12\/eyelash-lifting-tool-expert-10.webp?fit=750%2C1000&ssl=1&resize=700%2C400 2x"},"classes":[]}],"jetpack_sharing_enabled":true,"_links":{"self":[{"href":"https:\/\/victoriavynn.ca\/fr\/wp-json\/wp\/v2\/product\/18058","targetHints":{"allow":["GET"]}}],"collection":[{"href":"https:\/\/victoriavynn.ca\/fr\/wp-json\/wp\/v2\/product"}],"about":[{"href":"https:\/\/victoriavynn.ca\/fr\/wp-json\/wp\/v2\/types\/product"}],"replies":[{"embeddable":true,"href":"https:\/\/victoriavynn.ca\/fr\/wp-json\/wp\/v2\/comments?post=18058"}],"wp:featuredmedia":[{"embeddable":true,"href":"https:\/\/victoriavynn.ca\/fr\/wp-json\/wp\/v2\/media\/18059"}],"wp:attachment":[{"href":"https:\/\/victoriavynn.ca\/fr\/wp-json\/wp\/v2\/media?parent=18058"}],"wp:term":[{"taxonomy":"product_brand","embeddable":true,"href":"https:\/\/victoriavynn.ca\/fr\/wp-json\/wp\/v2\/product_brand?post=18058"},{"taxonomy":"product_cat","embeddable":true,"href":"https:\/\/victoriavynn.ca\/fr\/wp-json\/wp\/v2\/product_cat?post=18058"},{"taxonomy":"product_tag","embeddable":true,"href":"https:\/\/victoriavynn.ca\/fr\/wp-json\/wp\/v2\/product_tag?post=18058"}],"curies":[{"name":"wp","href":"https:\/\/api.w.org\/{rel}","templated":true}]}}