{"id":18072,"date":"2024-05-29T21:23:17","date_gmt":"2024-05-30T01:23:17","guid":{"rendered":"https:\/\/victoriavynn.ca\/product\/staleks-pro-professional-cuticle-scissors-asymmetric-uniq-20-type-4\/"},"modified":"2026-04-14T14:05:52","modified_gmt":"2026-04-14T18:05:52","slug":"staleks-pro-professional-cuticle-scissors-asymmetric-uniq-20-type-4","status":"publish","type":"product","link":"https:\/\/victoriavynn.ca\/fr\/product\/staleks-pro-professional-cuticle-scissors-asymmetric-uniq-20-type-4\/","title":{"rendered":"Staleks PRO Ciseaux \u00e0 cuticules professionnels Asym\u00e9triques UNIQ 20 TYPE 4"},"content":{"rendered":"","protected":false},"excerpt":{"rendered":"<p>SQ-20\/4<\/p>","protected":false},"featured_media":18073,"comment_status":"open","ping_status":"closed","template":"","meta":{"jetpack_post_was_ever_published":false,"jetpack_publicize_message":"","jetpack_publicize_feature_enabled":true,"jetpack_social_post_already_shared":true,"jetpack_social_options":{"image_generator_settings":{"template":"highway","default_image_id":0,"font":"","enabled":false},"version":2}},"product_brand":[935],"product_cat":[540],"product_tag":[],"class_list":{"0":"post-18072","1":"product","2":"type-product","3":"status-publish","4":"has-post-thumbnail","6":"product_brand-staleks","7":"product_cat-staleks-cuticle-scissors","9":"first","10":"instock","11":"taxable","12":"shipping-taxable","13":"purchasable","14":"product-type-simple"},"jetpack_publicize_connections":[],"jetpack-related-posts":[{"id":18074,"url":"https:\/\/victoriavynn.ca\/fr\/product\/stalesk-pro-professional-cuticle-scissors-asymmetric-uniq-30-type-4\/","url_meta":{"origin":18072,"position":0},"title":"Stalesk PRO Ciseaux \u00e0 cuticules professionnels asym\u00e9triques UNIQ 30 TYPE 4","author":"Serge Sahakian","date":"mai 29, 2024","format":false,"excerpt":"SQ-30\/4","rel":"","context":"Similar post","block_context":{"text":"Similar post","link":""},"img":{"alt_text":"","src":"https:\/\/i0.wp.com\/victoriavynn.ca\/wp-content\/uploads\/2024\/05\/sq-30-4_result-800x800-1.jpg?fit=800%2C800&ssl=1&resize=350%2C200","width":350,"height":200,"srcset":"https:\/\/i0.wp.com\/victoriavynn.ca\/wp-content\/uploads\/2024\/05\/sq-30-4_result-800x800-1.jpg?fit=800%2C800&ssl=1&resize=350%2C200 1x, https:\/\/i0.wp.com\/victoriavynn.ca\/wp-content\/uploads\/2024\/05\/sq-30-4_result-800x800-1.jpg?fit=800%2C800&ssl=1&resize=525%2C300 1.5x, https:\/\/i0.wp.com\/victoriavynn.ca\/wp-content\/uploads\/2024\/05\/sq-30-4_result-800x800-1.jpg?fit=800%2C800&ssl=1&resize=700%2C400 2x"},"classes":[]},{"id":18076,"url":"https:\/\/victoriavynn.ca\/fr\/product\/staleks-pro-professional-cuticle-scissors-ballerina-uniq-10-type-4\/","url_meta":{"origin":18072,"position":1},"title":"Staleks PRO Ciseaux \u00e0 cuticules professionnels Ballerina UNIQ 10 TYPE 4","author":"Serge Sahakian","date":"mai 29, 2024","format":false,"excerpt":"SQ-10\/4","rel":"","context":"Similar post","block_context":{"text":"Similar post","link":""},"img":{"alt_text":"","src":"https:\/\/i0.wp.com\/victoriavynn.ca\/wp-content\/uploads\/2024\/05\/sq-10-4_result-800x800-1.jpg?fit=800%2C800&ssl=1&resize=350%2C200","width":350,"height":200,"srcset":"https:\/\/i0.wp.com\/victoriavynn.ca\/wp-content\/uploads\/2024\/05\/sq-10-4_result-800x800-1.jpg?fit=800%2C800&ssl=1&resize=350%2C200 1x, https:\/\/i0.wp.com\/victoriavynn.ca\/wp-content\/uploads\/2024\/05\/sq-10-4_result-800x800-1.jpg?fit=800%2C800&ssl=1&resize=525%2C300 1.5x, https:\/\/i0.wp.com\/victoriavynn.ca\/wp-content\/uploads\/2024\/05\/sq-10-4_result-800x800-1.jpg?fit=800%2C800&ssl=1&resize=700%2C400 2x"},"classes":[]},{"id":18078,"url":"https:\/\/victoriavynn.ca\/fr\/product\/staleks-pro-professional-cuticle-scissors-ballerina-uniq-10-type-3\/","url_meta":{"origin":18072,"position":2},"title":"Staleks PRO Ciseaux \u00e0 cuticules professionnels Ballerina UNIQ 10 TYPE 3","author":"Serge Sahakian","date":"mai 29, 2024","format":false,"excerpt":"SQ-10\/3","rel":"","context":"Similar post","block_context":{"text":"Similar post","link":""},"img":{"alt_text":"","src":"https:\/\/i0.wp.com\/victoriavynn.ca\/wp-content\/uploads\/2024\/05\/sq-10-3_result-800x800-1.jpg?fit=800%2C800&ssl=1&resize=350%2C200","width":350,"height":200,"srcset":"https:\/\/i0.wp.com\/victoriavynn.ca\/wp-content\/uploads\/2024\/05\/sq-10-3_result-800x800-1.jpg?fit=800%2C800&ssl=1&resize=350%2C200 1x, https:\/\/i0.wp.com\/victoriavynn.ca\/wp-content\/uploads\/2024\/05\/sq-10-3_result-800x800-1.jpg?fit=800%2C800&ssl=1&resize=525%2C300 1.5x, https:\/\/i0.wp.com\/victoriavynn.ca\/wp-content\/uploads\/2024\/05\/sq-10-3_result-800x800-1.jpg?fit=800%2C800&ssl=1&resize=700%2C400 2x"},"classes":[]},{"id":10518,"url":"https:\/\/victoriavynn.ca\/fr\/product\/staleks-pro-cuticle-scissors-expert-20\/","url_meta":{"origin":18072,"position":3},"title":"Staleks Expert 20 Type 2 Ciseaux \u00e0 cuticules professionnels","author":"Serge Sahakian","date":"f\u00e9vrier 4, 2023","format":false,"excerpt":"Ciseaux \u00e0 cuticules Staleks PRO de haute qualit\u00e9. Staleks se consacre \u00e0 la qualit\u00e9 de ses produits. L'acier utilis\u00e9 pour la production des embouts est exceptionnellement r\u00e9sistant \u00e0 la corrosion et d'une duret\u00e9 in\u00e9gal\u00e9e, garantissant un tranchant durable. Nous nous sommes associ\u00e9s \u00e0 Staleks au Canada pour fournir un ensemble complet de produits professionnels \u00e0...","rel":"","context":"Similar post","block_context":{"text":"Similar post","link":""},"img":{"alt_text":"Staleks PRO Cuticle Scissors Expert 20","src":"https:\/\/i0.wp.com\/victoriavynn.ca\/wp-content\/uploads\/2023\/02\/Staleks-PRO-Cuticle-Scissors-Expert-20.webp?fit=750%2C1000&ssl=1&resize=350%2C200","width":350,"height":200,"srcset":"https:\/\/i0.wp.com\/victoriavynn.ca\/wp-content\/uploads\/2023\/02\/Staleks-PRO-Cuticle-Scissors-Expert-20.webp?fit=750%2C1000&ssl=1&resize=350%2C200 1x, https:\/\/i0.wp.com\/victoriavynn.ca\/wp-content\/uploads\/2023\/02\/Staleks-PRO-Cuticle-Scissors-Expert-20.webp?fit=750%2C1000&ssl=1&resize=525%2C300 1.5x, https:\/\/i0.wp.com\/victoriavynn.ca\/wp-content\/uploads\/2023\/02\/Staleks-PRO-Cuticle-Scissors-Expert-20.webp?fit=750%2C1000&ssl=1&resize=700%2C400 2x"},"classes":[]},{"id":18094,"url":"https:\/\/victoriavynn.ca\/fr\/product\/staleks-pro-manicure-pusher-gummy-with-silicone-handle-uniq-10-type-4-2-rounded-narrow-pusher-and-bent-blade\/","url_meta":{"origin":18072,"position":4},"title":"Staleks PRO Poussoir \u00e0 manucure Gummy avec manche en silicone UNIQ 10 TYPE 4.2 (poussoir \u00e9troit et arrondi et lame courb\u00e9e)","author":"Serge Sahakian","date":"mai 30, 2024","format":false,"excerpt":"PQ-10\/4.2","rel":"","context":"Similar post","block_context":{"text":"Similar post","link":""},"img":{"alt_text":"","src":"https:\/\/i0.wp.com\/victoriavynn.ca\/wp-content\/uploads\/2024\/05\/pq-10-4.2_result-800x800-1.jpg?fit=800%2C800&ssl=1&resize=350%2C200","width":350,"height":200,"srcset":"https:\/\/i0.wp.com\/victoriavynn.ca\/wp-content\/uploads\/2024\/05\/pq-10-4.2_result-800x800-1.jpg?fit=800%2C800&ssl=1&resize=350%2C200 1x, https:\/\/i0.wp.com\/victoriavynn.ca\/wp-content\/uploads\/2024\/05\/pq-10-4.2_result-800x800-1.jpg?fit=800%2C800&ssl=1&resize=525%2C300 1.5x, https:\/\/i0.wp.com\/victoriavynn.ca\/wp-content\/uploads\/2024\/05\/pq-10-4.2_result-800x800-1.jpg?fit=800%2C800&ssl=1&resize=700%2C400 2x"},"classes":[]},{"id":17899,"url":"https:\/\/victoriavynn.ca\/fr\/product\/staleks-pro-expert-51-type-3-scissors\/","url_meta":{"origin":18072,"position":5},"title":"Staleks Expert 51 Type 3 Ciseaux \u00e0 cuticules professionnels","author":"Serge Sahakian","date":"mai 17, 2024","format":false,"excerpt":"Ciseaux \u00e0 cuticules professionnels de haute qualit\u00e9. Ciseaux \u00e0 cuticules PRO Expert 51 Type 3 de Staleks. Staleks se consacre \u00e0 la qualit\u00e9 de ses produits. L'acier utilis\u00e9 pour la production des embouts est exceptionnellement r\u00e9sistant \u00e0 la corrosion et a une duret\u00e9 in\u00e9gal\u00e9e, assurant un tranchant durable. Nous avons \u00e9tabli un partenariat avec Staleks au Canada pour...","rel":"","context":"Similar post","block_context":{"text":"Similar post","link":""},"img":{"alt_text":"Staleks PRO Expert 51 Scissors Type 3","src":"https:\/\/i0.wp.com\/victoriavynn.ca\/wp-content\/uploads\/2024\/05\/staleks-expert-51-scissors-type-3-.webp?fit=750%2C1000&ssl=1&resize=350%2C200","width":350,"height":200,"srcset":"https:\/\/i0.wp.com\/victoriavynn.ca\/wp-content\/uploads\/2024\/05\/staleks-expert-51-scissors-type-3-.webp?fit=750%2C1000&ssl=1&resize=350%2C200 1x, https:\/\/i0.wp.com\/victoriavynn.ca\/wp-content\/uploads\/2024\/05\/staleks-expert-51-scissors-type-3-.webp?fit=750%2C1000&ssl=1&resize=525%2C300 1.5x, https:\/\/i0.wp.com\/victoriavynn.ca\/wp-content\/uploads\/2024\/05\/staleks-expert-51-scissors-type-3-.webp?fit=750%2C1000&ssl=1&resize=700%2C400 2x"},"classes":[]}],"jetpack_sharing_enabled":true,"_links":{"self":[{"href":"https:\/\/victoriavynn.ca\/fr\/wp-json\/wp\/v2\/product\/18072","targetHints":{"allow":["GET"]}}],"collection":[{"href":"https:\/\/victoriavynn.ca\/fr\/wp-json\/wp\/v2\/product"}],"about":[{"href":"https:\/\/victoriavynn.ca\/fr\/wp-json\/wp\/v2\/types\/product"}],"replies":[{"embeddable":true,"href":"https:\/\/victoriavynn.ca\/fr\/wp-json\/wp\/v2\/comments?post=18072"}],"wp:featuredmedia":[{"embeddable":true,"href":"https:\/\/victoriavynn.ca\/fr\/wp-json\/wp\/v2\/media\/18073"}],"wp:attachment":[{"href":"https:\/\/victoriavynn.ca\/fr\/wp-json\/wp\/v2\/media?parent=18072"}],"wp:term":[{"taxonomy":"product_brand","embeddable":true,"href":"https:\/\/victoriavynn.ca\/fr\/wp-json\/wp\/v2\/product_brand?post=18072"},{"taxonomy":"product_cat","embeddable":true,"href":"https:\/\/victoriavynn.ca\/fr\/wp-json\/wp\/v2\/product_cat?post=18072"},{"taxonomy":"product_tag","embeddable":true,"href":"https:\/\/victoriavynn.ca\/fr\/wp-json\/wp\/v2\/product_tag?post=18072"}],"curies":[{"name":"wp","href":"https:\/\/api.w.org\/{rel}","templated":true}]}}