{"id":18084,"date":"2024-05-30T16:55:09","date_gmt":"2024-05-30T20:55:09","guid":{"rendered":"https:\/\/victoriavynn.ca\/product\/staleks-smart-50-7mm-full-jaw-professional-cuticle-nipper\/"},"modified":"2026-03-16T16:34:33","modified_gmt":"2026-03-16T20:34:33","slug":"staleks-smart-50-pince-a-cuticules-professionnelle-a-machoire-pleine-de-7-mm","status":"publish","type":"product","link":"https:\/\/victoriavynn.ca\/fr\/product\/staleks-smart-50-7mm-full-jaw-professional-cuticle-nipper\/","title":{"rendered":"Staleks Smart 50 7mm Full Jaw Professional Cuticle Nipper (pince \u00e0 cuticules professionnelle)"},"content":{"rendered":"","protected":false},"excerpt":{"rendered":"<p>NS-50-7<\/p>","protected":false},"featured_media":18085,"comment_status":"open","ping_status":"closed","template":"","meta":{"jetpack_post_was_ever_published":false,"jetpack_publicize_message":"","jetpack_publicize_feature_enabled":true,"jetpack_social_post_already_shared":true,"jetpack_social_options":{"image_generator_settings":{"template":"highway","default_image_id":0,"font":"","enabled":false},"version":2}},"product_brand":[935],"product_cat":[528],"product_tag":[],"class_list":{"0":"post-18084","1":"product","2":"type-product","3":"status-publish","4":"has-post-thumbnail","6":"product_brand-staleks","7":"product_cat-staleks-cuticle-nippers","9":"first","10":"instock","11":"taxable","12":"shipping-taxable","13":"purchasable","14":"product-type-simple"},"jetpack_publicize_connections":[],"jetpack-related-posts":[{"id":51440,"url":"https:\/\/victoriavynn.ca\/fr\/product\/staleks-double-ended-brush-expert-liner-7-mm-for-gel-7mm\/","url_meta":{"origin":18084,"position":0},"title":"Staleks Pinceau \u00e0 double extr\u00e9mit\u00e9 EXPERT liner 7 mm \/ pour gel 7mm","author":"Serge Sahakian","date":"mars 4, 2026","format":false,"excerpt":"NBE-01\/04","rel":"","context":"Similar post","block_context":{"text":"Similar post","link":""},"img":{"alt_text":"","src":"https:\/\/i0.wp.com\/victoriavynn.ca\/wp-content\/uploads\/2026\/03\/a1ca4602065c44329acaca479c213949.jpg?fit=1200%2C1200&ssl=1&resize=350%2C200","width":350,"height":200,"srcset":"https:\/\/i0.wp.com\/victoriavynn.ca\/wp-content\/uploads\/2026\/03\/a1ca4602065c44329acaca479c213949.jpg?fit=1200%2C1200&ssl=1&resize=350%2C200 1x, https:\/\/i0.wp.com\/victoriavynn.ca\/wp-content\/uploads\/2026\/03\/a1ca4602065c44329acaca479c213949.jpg?fit=1200%2C1200&ssl=1&resize=525%2C300 1.5x, https:\/\/i0.wp.com\/victoriavynn.ca\/wp-content\/uploads\/2026\/03\/a1ca4602065c44329acaca479c213949.jpg?fit=1200%2C1200&ssl=1&resize=700%2C400 2x, https:\/\/i0.wp.com\/victoriavynn.ca\/wp-content\/uploads\/2026\/03\/a1ca4602065c44329acaca479c213949.jpg?fit=1200%2C1200&ssl=1&resize=1050%2C600 3x"},"classes":[]},{"id":42446,"url":"https:\/\/victoriavynn.ca\/fr\/product\/staleks-pro-professional-cuticle-scissors-with-hook-for-left-handed-users-expert-13-type-3\/","url_meta":{"origin":18084,"position":1},"title":"Staleks PRO Ciseaux \u00e0 cuticules professionnels avec crochet pour gauchers EXPERT 13 TYPE 3","author":"Serge Sahakian","date":"D\u00e9cembre 2, 2025","format":false,"excerpt":"SE-13\/3","rel":"","context":"Similar post","block_context":{"text":"Similar post","link":""},"img":{"alt_text":"Professional cuticle scissors with hook for left-handed users EXPERT 13 TYPE 3","src":"https:\/\/i0.wp.com\/victoriavynn.ca\/wp-content\/uploads\/2025\/12\/professional-cuticle-scissors-with-hook-for-left-handed-users-expert-13-type-3.webp?fit=750%2C1000&ssl=1&resize=350%2C200","width":350,"height":200,"srcset":"https:\/\/i0.wp.com\/victoriavynn.ca\/wp-content\/uploads\/2025\/12\/professional-cuticle-scissors-with-hook-for-left-handed-users-expert-13-type-3.webp?fit=750%2C1000&ssl=1&resize=350%2C200 1x, https:\/\/i0.wp.com\/victoriavynn.ca\/wp-content\/uploads\/2025\/12\/professional-cuticle-scissors-with-hook-for-left-handed-users-expert-13-type-3.webp?fit=750%2C1000&ssl=1&resize=525%2C300 1.5x, https:\/\/i0.wp.com\/victoriavynn.ca\/wp-content\/uploads\/2025\/12\/professional-cuticle-scissors-with-hook-for-left-handed-users-expert-13-type-3.webp?fit=750%2C1000&ssl=1&resize=700%2C400 2x"},"classes":[]},{"id":51463,"url":"https:\/\/victoriavynn.ca\/fr\/product\/staleks-straight-wide-mineral-nail-file-100-100-grit-50-pcs\/","url_meta":{"origin":18084,"position":2},"title":"Staleks Lime \u00e0 ongles min\u00e9rale large et droite 100\/100 grit (50 pcs)","author":"Serge Sahakian","date":"mars 4, 2026","format":false,"excerpt":"NF-30-100\/100-50","rel":"","context":"Similar post","block_context":{"text":"Similar post","link":""},"img":{"alt_text":"straight 100-100 (50 pack) copy","src":"https:\/\/i0.wp.com\/victoriavynn.ca\/wp-content\/uploads\/2026\/03\/straight-100-100-50-pack-copy.webp?fit=750%2C1000&ssl=1&resize=350%2C200","width":350,"height":200,"srcset":"https:\/\/i0.wp.com\/victoriavynn.ca\/wp-content\/uploads\/2026\/03\/straight-100-100-50-pack-copy.webp?fit=750%2C1000&ssl=1&resize=350%2C200 1x, https:\/\/i0.wp.com\/victoriavynn.ca\/wp-content\/uploads\/2026\/03\/straight-100-100-50-pack-copy.webp?fit=750%2C1000&ssl=1&resize=525%2C300 1.5x, https:\/\/i0.wp.com\/victoriavynn.ca\/wp-content\/uploads\/2026\/03\/straight-100-100-50-pack-copy.webp?fit=750%2C1000&ssl=1&resize=700%2C400 2x"},"classes":[]},{"id":51460,"url":"https:\/\/victoriavynn.ca\/fr\/product\/staleks-straight-wide-mineral-nail-file-80-80-grit-50-pcs\/","url_meta":{"origin":18084,"position":3},"title":"Staleks Lime \u00e0 ongles min\u00e9rale large et droite 80\/80 (50 pcs)","author":"Serge Sahakian","date":"mars 4, 2026","format":false,"excerpt":"NF-30-80\/80-50","rel":"","context":"Similar post","block_context":{"text":"Similar post","link":""},"img":{"alt_text":"straight 80-80 (50 pack) copy","src":"https:\/\/i0.wp.com\/victoriavynn.ca\/wp-content\/uploads\/2026\/03\/straight-80-80-50-pack-copy.webp?fit=750%2C1000&ssl=1&resize=350%2C200","width":350,"height":200,"srcset":"https:\/\/i0.wp.com\/victoriavynn.ca\/wp-content\/uploads\/2026\/03\/straight-80-80-50-pack-copy.webp?fit=750%2C1000&ssl=1&resize=350%2C200 1x, https:\/\/i0.wp.com\/victoriavynn.ca\/wp-content\/uploads\/2026\/03\/straight-80-80-50-pack-copy.webp?fit=750%2C1000&ssl=1&resize=525%2C300 1.5x, https:\/\/i0.wp.com\/victoriavynn.ca\/wp-content\/uploads\/2026\/03\/straight-80-80-50-pack-copy.webp?fit=750%2C1000&ssl=1&resize=700%2C400 2x"},"classes":[]},{"id":42364,"url":"https:\/\/victoriavynn.ca\/fr\/product\/staleks-pro-grinding-buff-rectangular-mini-expert-51-100-180-grit-50-pcs\/","url_meta":{"origin":18084,"position":4},"title":"Staleks PRO Meule rectangulaire mini EXPERT 51 100\/180 grit (50 pcs)","author":"Serge Sahakian","date":"D\u00e9cembre 2, 2025","format":false,"excerpt":"NFB-51m-100\/180-50","rel":"","context":"Similar post","block_context":{"text":"Similar post","link":""},"img":{"alt_text":"","src":"https:\/\/i0.wp.com\/victoriavynn.ca\/wp-content\/uploads\/2025\/12\/grinding-buff-rectangular-mini-expert-51-5.jpg?fit=603%2C603&ssl=1&resize=350%2C200","width":350,"height":200,"srcset":"https:\/\/i0.wp.com\/victoriavynn.ca\/wp-content\/uploads\/2025\/12\/grinding-buff-rectangular-mini-expert-51-5.jpg?fit=603%2C603&ssl=1&resize=350%2C200 1x, https:\/\/i0.wp.com\/victoriavynn.ca\/wp-content\/uploads\/2025\/12\/grinding-buff-rectangular-mini-expert-51-5.jpg?fit=603%2C603&ssl=1&resize=525%2C300 1.5x"},"classes":[]},{"id":42430,"url":"https:\/\/victoriavynn.ca\/fr\/product\/staleks-professional-eyelash-tweezers-with-fiber-tips-expert-45-type-1-curved\/","url_meta":{"origin":18084,"position":5},"title":"Staleks Pince \u00e0 cils professionnelle avec pointes en fibre EXPERT 45 TYPE 1 (courb\u00e9e)","author":"Serge Sahakian","date":"D\u00e9cembre 2, 2025","format":false,"excerpt":"TE-45\/1","rel":"","context":"Similar post","block_context":{"text":"Similar post","link":""},"img":{"alt_text":"Professional eyelash tweezers with fiber tips EXPERT 44 TYPE 12 (L-shaped, 65')","src":"https:\/\/i0.wp.com\/victoriavynn.ca\/wp-content\/uploads\/2025\/12\/professional-eyelash-tweezers-with-fiber-tips-expert-44-type-12-l-shaped-65-1.webp?fit=750%2C1000&ssl=1&resize=350%2C200","width":350,"height":200,"srcset":"https:\/\/i0.wp.com\/victoriavynn.ca\/wp-content\/uploads\/2025\/12\/professional-eyelash-tweezers-with-fiber-tips-expert-44-type-12-l-shaped-65-1.webp?fit=750%2C1000&ssl=1&resize=350%2C200 1x, https:\/\/i0.wp.com\/victoriavynn.ca\/wp-content\/uploads\/2025\/12\/professional-eyelash-tweezers-with-fiber-tips-expert-44-type-12-l-shaped-65-1.webp?fit=750%2C1000&ssl=1&resize=525%2C300 1.5x, https:\/\/i0.wp.com\/victoriavynn.ca\/wp-content\/uploads\/2025\/12\/professional-eyelash-tweezers-with-fiber-tips-expert-44-type-12-l-shaped-65-1.webp?fit=750%2C1000&ssl=1&resize=700%2C400 2x"},"classes":[]}],"jetpack_sharing_enabled":true,"_links":{"self":[{"href":"https:\/\/victoriavynn.ca\/fr\/wp-json\/wp\/v2\/product\/18084","targetHints":{"allow":["GET"]}}],"collection":[{"href":"https:\/\/victoriavynn.ca\/fr\/wp-json\/wp\/v2\/product"}],"about":[{"href":"https:\/\/victoriavynn.ca\/fr\/wp-json\/wp\/v2\/types\/product"}],"replies":[{"embeddable":true,"href":"https:\/\/victoriavynn.ca\/fr\/wp-json\/wp\/v2\/comments?post=18084"}],"wp:featuredmedia":[{"embeddable":true,"href":"https:\/\/victoriavynn.ca\/fr\/wp-json\/wp\/v2\/media\/18085"}],"wp:attachment":[{"href":"https:\/\/victoriavynn.ca\/fr\/wp-json\/wp\/v2\/media?parent=18084"}],"wp:term":[{"taxonomy":"product_brand","embeddable":true,"href":"https:\/\/victoriavynn.ca\/fr\/wp-json\/wp\/v2\/product_brand?post=18084"},{"taxonomy":"product_cat","embeddable":true,"href":"https:\/\/victoriavynn.ca\/fr\/wp-json\/wp\/v2\/product_cat?post=18084"},{"taxonomy":"product_tag","embeddable":true,"href":"https:\/\/victoriavynn.ca\/fr\/wp-json\/wp\/v2\/product_tag?post=18084"}],"curies":[{"name":"wp","href":"https:\/\/api.w.org\/{rel}","templated":true}]}}