{"id":18092,"date":"2024-05-30T17:07:02","date_gmt":"2024-05-30T21:07:02","guid":{"rendered":"https:\/\/victoriavynn.ca\/product\/staleks-pro-manicure-pusher-gummy-with-silicone-handle-uniq-10-type-1-rounded-wide-and-rounded-narrow-pusher\/"},"modified":"2026-03-04T18:40:33","modified_gmt":"2026-03-04T23:40:33","slug":"staleks-pro-manicure-pusher-gummy-with-silicone-handle-uniq-10-type-1-rounded-wide-and-rounded-narrow-pusher","status":"publish","type":"product","link":"https:\/\/victoriavynn.ca\/fr\/product\/staleks-pro-manicure-pusher-gummy-with-silicone-handle-uniq-10-type-1-rounded-wide-and-rounded-narrow-pusher\/","title":{"rendered":"Staleks PRO Poussoir \u00e0 manucure Gummy avec manche en silicone UNIQ 10 TYPE 1 (poussoir arrondi large et poussoir arrondi \u00e9troit)"},"content":{"rendered":"","protected":false},"excerpt":{"rendered":"<p>PQ-10\/1<\/p>","protected":false},"featured_media":18093,"comment_status":"open","ping_status":"closed","template":"","meta":{"jetpack_post_was_ever_published":false,"jetpack_publicize_message":"","jetpack_publicize_feature_enabled":true,"jetpack_social_post_already_shared":true,"jetpack_social_options":{"image_generator_settings":{"template":"highway","default_image_id":0,"font":"","enabled":false},"version":2}},"product_brand":[935],"product_cat":[362],"product_tag":[606],"class_list":{"0":"post-18092","1":"product","2":"type-product","3":"status-publish","4":"has-post-thumbnail","6":"product_brand-staleks","7":"product_cat-staleks-cuticle-pushers","8":"product_tag-cuticle-pushers","10":"first","11":"instock","12":"taxable","13":"shipping-taxable","14":"purchasable","15":"product-type-simple"},"jetpack_publicize_connections":[],"jetpack-related-posts":[{"id":42387,"url":"https:\/\/victoriavynn.ca\/fr\/product\/staleks-eyebrow-tweezers-expert-10-type-1-wide-straight\/","url_meta":{"origin":18092,"position":0},"title":"Staleks Pince \u00e0 sourcils EXPERT 10 TYPE 1 (large et droite)","author":"Serge Sahakian","date":"D\u00e9cembre 2, 2025","format":false,"excerpt":"TE-10\/1","rel":"","context":"Similar post","block_context":{"text":"Similar post","link":""},"img":{"alt_text":"Eyebrow tweezers EXPERT 10 TYPE 1 (wide straight)","src":"https:\/\/i0.wp.com\/victoriavynn.ca\/wp-content\/uploads\/2025\/12\/eyebrow-tweezers-expert-10-type-1-wide-straight.webp?fit=750%2C1000&ssl=1&resize=350%2C200","width":350,"height":200,"srcset":"https:\/\/i0.wp.com\/victoriavynn.ca\/wp-content\/uploads\/2025\/12\/eyebrow-tweezers-expert-10-type-1-wide-straight.webp?fit=750%2C1000&ssl=1&resize=350%2C200 1x, https:\/\/i0.wp.com\/victoriavynn.ca\/wp-content\/uploads\/2025\/12\/eyebrow-tweezers-expert-10-type-1-wide-straight.webp?fit=750%2C1000&ssl=1&resize=525%2C300 1.5x, https:\/\/i0.wp.com\/victoriavynn.ca\/wp-content\/uploads\/2025\/12\/eyebrow-tweezers-expert-10-type-1-wide-straight.webp?fit=750%2C1000&ssl=1&resize=700%2C400 2x"},"classes":[]},{"id":42378,"url":"https:\/\/victoriavynn.ca\/fr\/product\/staleks-eyebrow-tweezers-classic-10-type-1-wide-straight\/","url_meta":{"origin":18092,"position":1},"title":"Staleks Pince \u00e0 \u00e9piler pour sourcils CLASSIC 10 TYPE 1 (large et droite)","author":"Serge Sahakian","date":"D\u00e9cembre 2, 2025","format":false,"excerpt":"TC-10\/1","rel":"","context":"Similar post","block_context":{"text":"Similar post","link":""},"img":{"alt_text":"staleks tweezers","src":"https:\/\/i0.wp.com\/victoriavynn.ca\/wp-content\/uploads\/2025\/12\/staleks-tweezers.webp?fit=750%2C1000&ssl=1&resize=350%2C200","width":350,"height":200,"srcset":"https:\/\/i0.wp.com\/victoriavynn.ca\/wp-content\/uploads\/2025\/12\/staleks-tweezers.webp?fit=750%2C1000&ssl=1&resize=350%2C200 1x, https:\/\/i0.wp.com\/victoriavynn.ca\/wp-content\/uploads\/2025\/12\/staleks-tweezers.webp?fit=750%2C1000&ssl=1&resize=525%2C300 1.5x, https:\/\/i0.wp.com\/victoriavynn.ca\/wp-content\/uploads\/2025\/12\/staleks-tweezers.webp?fit=750%2C1000&ssl=1&resize=700%2C400 2x"},"classes":[]},{"id":42389,"url":"https:\/\/victoriavynn.ca\/fr\/product\/staleks-eyebrow-tweezers-expert-10-type-2-narrow-straight\/","url_meta":{"origin":18092,"position":2},"title":"Staleks Pince \u00e0 sourcils EXPERT 10 TYPE 2 (droite \u00e9troite)","author":"Serge Sahakian","date":"D\u00e9cembre 2, 2025","format":false,"excerpt":"TE-10\/2","rel":"","context":"Similar post","block_context":{"text":"Similar post","link":""},"img":{"alt_text":"Eyebrow tweezers EXPERT 10 TYPE 2 (narrow straight)","src":"https:\/\/i0.wp.com\/victoriavynn.ca\/wp-content\/uploads\/2025\/12\/eyebrow-tweezers-expert-10-type-2-narrow-straight.webp?fit=750%2C1000&ssl=1&resize=350%2C200","width":350,"height":200,"srcset":"https:\/\/i0.wp.com\/victoriavynn.ca\/wp-content\/uploads\/2025\/12\/eyebrow-tweezers-expert-10-type-2-narrow-straight.webp?fit=750%2C1000&ssl=1&resize=350%2C200 1x, https:\/\/i0.wp.com\/victoriavynn.ca\/wp-content\/uploads\/2025\/12\/eyebrow-tweezers-expert-10-type-2-narrow-straight.webp?fit=750%2C1000&ssl=1&resize=525%2C300 1.5x, https:\/\/i0.wp.com\/victoriavynn.ca\/wp-content\/uploads\/2025\/12\/eyebrow-tweezers-expert-10-type-2-narrow-straight.webp?fit=750%2C1000&ssl=1&resize=700%2C400 2x"},"classes":[]},{"id":42366,"url":"https:\/\/victoriavynn.ca\/fr\/product\/staleks-eyebrow-tweezers-beauty-care-10-type-2-narrow-straight\/","url_meta":{"origin":18092,"position":3},"title":"Staleks Pince \u00e0 \u00e9piler pour sourcils BEAUTY &amp; CARE 10 TYPE 2 (droite \u00e9troite)","author":"Serge Sahakian","date":"D\u00e9cembre 2, 2025","format":false,"excerpt":"TBC-10\/2","rel":"","context":"Similar post","block_context":{"text":"Similar post","link":""},"img":{"alt_text":"Staleks Staleks Eyebrow tweezers BEAUTY & CARE 10 TYPE 2 (narrow straight)","src":"https:\/\/i0.wp.com\/victoriavynn.ca\/wp-content\/uploads\/2025\/12\/staleks-staleks-eyebrow-tweezers-beauty-care-10-type-2-narrow-straight.webp?fit=750%2C1000&ssl=1&resize=350%2C200","width":350,"height":200,"srcset":"https:\/\/i0.wp.com\/victoriavynn.ca\/wp-content\/uploads\/2025\/12\/staleks-staleks-eyebrow-tweezers-beauty-care-10-type-2-narrow-straight.webp?fit=750%2C1000&ssl=1&resize=350%2C200 1x, https:\/\/i0.wp.com\/victoriavynn.ca\/wp-content\/uploads\/2025\/12\/staleks-staleks-eyebrow-tweezers-beauty-care-10-type-2-narrow-straight.webp?fit=750%2C1000&ssl=1&resize=525%2C300 1.5x, https:\/\/i0.wp.com\/victoriavynn.ca\/wp-content\/uploads\/2025\/12\/staleks-staleks-eyebrow-tweezers-beauty-care-10-type-2-narrow-straight.webp?fit=750%2C1000&ssl=1&resize=700%2C400 2x"},"classes":[]},{"id":42393,"url":"https:\/\/victoriavynn.ca\/fr\/product\/staleks-eyebrow-tweezers-expert-10-type-4-narrow-beveled\/","url_meta":{"origin":18092,"position":4},"title":"Staleks Pince \u00e0 sourcils EXPERT 10 TYPE 4 (biseau \u00e9troit)","author":"Serge Sahakian","date":"D\u00e9cembre 2, 2025","format":false,"excerpt":"TE-10\/4","rel":"","context":"Similar post","block_context":{"text":"Similar post","link":""},"img":{"alt_text":"Eyebrow tweezers EXPERT 10 TYPE 4 (narrow beveled)","src":"https:\/\/i0.wp.com\/victoriavynn.ca\/wp-content\/uploads\/2025\/12\/eyebrow-tweezers-expert-10-type-4-narrow-beveled.webp?fit=750%2C1000&ssl=1&resize=350%2C200","width":350,"height":200,"srcset":"https:\/\/i0.wp.com\/victoriavynn.ca\/wp-content\/uploads\/2025\/12\/eyebrow-tweezers-expert-10-type-4-narrow-beveled.webp?fit=750%2C1000&ssl=1&resize=350%2C200 1x, https:\/\/i0.wp.com\/victoriavynn.ca\/wp-content\/uploads\/2025\/12\/eyebrow-tweezers-expert-10-type-4-narrow-beveled.webp?fit=750%2C1000&ssl=1&resize=525%2C300 1.5x, https:\/\/i0.wp.com\/victoriavynn.ca\/wp-content\/uploads\/2025\/12\/eyebrow-tweezers-expert-10-type-4-narrow-beveled.webp?fit=750%2C1000&ssl=1&resize=700%2C400 2x"},"classes":[]},{"id":42994,"url":"https:\/\/victoriavynn.ca\/fr\/product\/ulka-diamond-nail-drill-bit-rounded-cylinder-red-head-diameter-3-mm-working-part-10-mm-c310-f-2\/","url_meta":{"origin":18092,"position":5},"title":"\u00dcLKA M\u00e8che \u00e0 clou diamant\u00e9e cylindre arrondi t\u00eate rouge diam\u00e8tre 3 mm \/ partie travaillante 10 mm (C310-F)","author":"Serge Sahakian","date":"D\u00e9cembre 10, 2025","format":false,"excerpt":"Le cylindre arrondi \u00dcLKA Diamond en marquage rouge est destin\u00e9 aux ongles fins et sensibles. Il permet d'affiner la surface en douceur et de r\u00e9aliser des finitions pr\u00e9cises, tout en garantissant la s\u00e9curit\u00e9 et le confort pendant le processus. Embout cylindrique diamant\u00e9 \u00e0 grain fin pour une finition d\u00e9licate. Caract\u00e9ristiques du produit : Travail doux et pr\u00e9cis sur les zones sensibles Laisse...","rel":"","context":"Similar post","block_context":{"text":"Similar post","link":""},"img":{"alt_text":"ulka diamond drill bit f310","src":"https:\/\/i0.wp.com\/victoriavynn.ca\/wp-content\/uploads\/2025\/12\/ulka-diamond-drill-bit-f310-.webp?fit=750%2C1000&ssl=1&resize=350%2C200","width":350,"height":200,"srcset":"https:\/\/i0.wp.com\/victoriavynn.ca\/wp-content\/uploads\/2025\/12\/ulka-diamond-drill-bit-f310-.webp?fit=750%2C1000&ssl=1&resize=350%2C200 1x, https:\/\/i0.wp.com\/victoriavynn.ca\/wp-content\/uploads\/2025\/12\/ulka-diamond-drill-bit-f310-.webp?fit=750%2C1000&ssl=1&resize=525%2C300 1.5x, https:\/\/i0.wp.com\/victoriavynn.ca\/wp-content\/uploads\/2025\/12\/ulka-diamond-drill-bit-f310-.webp?fit=750%2C1000&ssl=1&resize=700%2C400 2x"},"classes":[]}],"jetpack_sharing_enabled":true,"_links":{"self":[{"href":"https:\/\/victoriavynn.ca\/fr\/wp-json\/wp\/v2\/product\/18092","targetHints":{"allow":["GET"]}}],"collection":[{"href":"https:\/\/victoriavynn.ca\/fr\/wp-json\/wp\/v2\/product"}],"about":[{"href":"https:\/\/victoriavynn.ca\/fr\/wp-json\/wp\/v2\/types\/product"}],"replies":[{"embeddable":true,"href":"https:\/\/victoriavynn.ca\/fr\/wp-json\/wp\/v2\/comments?post=18092"}],"wp:featuredmedia":[{"embeddable":true,"href":"https:\/\/victoriavynn.ca\/fr\/wp-json\/wp\/v2\/media\/18093"}],"wp:attachment":[{"href":"https:\/\/victoriavynn.ca\/fr\/wp-json\/wp\/v2\/media?parent=18092"}],"wp:term":[{"taxonomy":"product_brand","embeddable":true,"href":"https:\/\/victoriavynn.ca\/fr\/wp-json\/wp\/v2\/product_brand?post=18092"},{"taxonomy":"product_cat","embeddable":true,"href":"https:\/\/victoriavynn.ca\/fr\/wp-json\/wp\/v2\/product_cat?post=18092"},{"taxonomy":"product_tag","embeddable":true,"href":"https:\/\/victoriavynn.ca\/fr\/wp-json\/wp\/v2\/product_tag?post=18092"}],"curies":[{"name":"wp","href":"https:\/\/api.w.org\/{rel}","templated":true}]}}