{"id":18107,"date":"2024-05-30T18:11:41","date_gmt":"2024-05-30T22:11:41","guid":{"rendered":"https:\/\/victoriavynn.ca\/product\/staleks-pro-diamond-nail-drill-bit-frustum-blue-expert-head-diameter-25-mm-working-part-8-mm\/"},"modified":"2026-04-06T11:04:56","modified_gmt":"2026-04-06T15:04:56","slug":"staleks-pro-diamond-nail-drill-bit-frustum-blue-expert-head-diameter-25-mm-working-part-8-mm","status":"publish","type":"product","link":"https:\/\/victoriavynn.ca\/fr\/product\/staleks-pro-diamond-nail-drill-bit-frustum-blue-expert-head-diameter-25-mm-working-part-8-mm\/","title":{"rendered":"Staleks PRO Foret \u00e0 clous diamant\u00e9 frustum bleu EXPERT t\u00eate diam\u00e8tre 2,5 mm \/ partie travaillante 8 mm"},"content":{"rendered":"","protected":false},"excerpt":{"rendered":"<p>FA70B025\/8<\/p>","protected":false},"featured_media":18108,"comment_status":"open","ping_status":"closed","template":"","meta":[],"product_brand":[935],"product_cat":[365],"product_tag":[602],"class_list":{"0":"post-18107","1":"product","2":"type-product","3":"status-publish","4":"has-post-thumbnail","6":"product_brand-staleks","7":"product_cat-staleks-nail-bits","8":"product_tag-diamond-drill-bit","10":"first","11":"instock","12":"taxable","13":"shipping-taxable","14":"purchasable","15":"product-type-simple"},"jetpack_sharing_enabled":true,"_links":{"self":[{"href":"https:\/\/victoriavynn.ca\/fr\/wp-json\/wp\/v2\/product\/18107","targetHints":{"allow":["GET"]}}],"collection":[{"href":"https:\/\/victoriavynn.ca\/fr\/wp-json\/wp\/v2\/product"}],"about":[{"href":"https:\/\/victoriavynn.ca\/fr\/wp-json\/wp\/v2\/types\/product"}],"replies":[{"embeddable":true,"href":"https:\/\/victoriavynn.ca\/fr\/wp-json\/wp\/v2\/comments?post=18107"}],"wp:featuredmedia":[{"embeddable":true,"href":"https:\/\/victoriavynn.ca\/fr\/wp-json\/wp\/v2\/media\/18108"}],"wp:attachment":[{"href":"https:\/\/victoriavynn.ca\/fr\/wp-json\/wp\/v2\/media?parent=18107"}],"wp:term":[{"taxonomy":"product_brand","embeddable":true,"href":"https:\/\/victoriavynn.ca\/fr\/wp-json\/wp\/v2\/product_brand?post=18107"},{"taxonomy":"product_cat","embeddable":true,"href":"https:\/\/victoriavynn.ca\/fr\/wp-json\/wp\/v2\/product_cat?post=18107"},{"taxonomy":"product_tag","embeddable":true,"href":"https:\/\/victoriavynn.ca\/fr\/wp-json\/wp\/v2\/product_tag?post=18107"}],"curies":[{"name":"wp","href":"https:\/\/api.w.org\/{rel}","templated":true}]}}