{"id":18117,"date":"2024-05-30T18:21:08","date_gmt":"2024-05-30T22:21:08","guid":{"rendered":"https:\/\/victoriavynn.ca\/product\/staleks-pro-carbide-nail-drill-bit-for-left-handed-users-corn-blue-expert-head-diameter-6-mm-working-part-14-mm\/"},"modified":"2026-04-06T12:10:54","modified_gmt":"2026-04-06T16:10:54","slug":"staleks-pro-carbide-nail-drill-bit-for-left-handed-users-corn-blue-expert-head-diameter-6-mm-working-part-14-mm","status":"publish","type":"product","link":"https:\/\/victoriavynn.ca\/fr\/product\/staleks-pro-carbide-nail-drill-bit-for-left-handed-users-corn-blue-expert-head-diameter-6-mm-working-part-14-mm\/","title":{"rendered":"STALEKS PRO M\u00e8che \u00e0 clous en carbure pour gauchers ma\u00efs bleu EXPERT diam\u00e8tre de la t\u00eate 6 mm \/ partie travaillante 14 mm"},"content":{"rendered":"","protected":false},"excerpt":{"rendered":"<p>FT91B060\/14<\/p>","protected":false},"featured_media":18118,"comment_status":"open","ping_status":"closed","template":"","meta":{"jetpack_post_was_ever_published":false,"jetpack_publicize_message":"","jetpack_publicize_feature_enabled":true,"jetpack_social_post_already_shared":true,"jetpack_social_options":{"image_generator_settings":{"template":"highway","default_image_id":0,"font":"","enabled":false},"version":2}},"product_brand":[935],"product_cat":[365],"product_tag":[603],"class_list":{"0":"post-18117","1":"product","2":"type-product","3":"status-publish","4":"has-post-thumbnail","6":"product_brand-staleks","7":"product_cat-staleks-nail-bits","8":"product_tag-carbide-drill-bits","10":"first","11":"instock","12":"taxable","13":"shipping-taxable","14":"purchasable","15":"product-type-simple"},"jetpack_publicize_connections":[],"jetpack-related-posts":[{"id":21135,"url":"https:\/\/victoriavynn.ca\/fr\/product\/staleks-carbide-nail-drill-bit-corn-red-head-diameter-6mm-working-part-14mm-for-left-handed-users-ft91r060-14\/","url_meta":{"origin":18117,"position":0},"title":"Staleks Carbide Nail Drill Bit, \"Corn\", Red, Head Diameter 6mm, Working Part 14mm - Pour gauchers (FT91R060\/14)","author":"Serge Sahakian","date":"mars 15, 2025","format":false,"excerpt":"FT91R060\/14","rel":"","context":"Similar post","block_context":{"text":"Similar post","link":""},"img":{"alt_text":"","src":"https:\/\/i0.wp.com\/victoriavynn.ca\/wp-content\/uploads\/2025\/03\/ft91r06014_result.jpg?fit=1200%2C1200&ssl=1&resize=350%2C200","width":350,"height":200,"srcset":"https:\/\/i0.wp.com\/victoriavynn.ca\/wp-content\/uploads\/2025\/03\/ft91r06014_result.jpg?fit=1200%2C1200&ssl=1&resize=350%2C200 1x, https:\/\/i0.wp.com\/victoriavynn.ca\/wp-content\/uploads\/2025\/03\/ft91r06014_result.jpg?fit=1200%2C1200&ssl=1&resize=525%2C300 1.5x, https:\/\/i0.wp.com\/victoriavynn.ca\/wp-content\/uploads\/2025\/03\/ft91r06014_result.jpg?fit=1200%2C1200&ssl=1&resize=700%2C400 2x, https:\/\/i0.wp.com\/victoriavynn.ca\/wp-content\/uploads\/2025\/03\/ft91r06014_result.jpg?fit=1200%2C1200&ssl=1&resize=1050%2C600 3x"},"classes":[]},{"id":21133,"url":"https:\/\/victoriavynn.ca\/fr\/product\/staleks-carbide-nail-drill-bit-cone-blue-head-diameter-6mm-working-part-14mm-for-left-handed-users-ft73b060-14\/","url_meta":{"origin":18117,"position":1},"title":"Staleks Carbide Nail Drill Bit, \"Cone\", Blue, Head Diameter 6mm, Working Part 14mm - Pour gauchers (FT73B060\/14)","author":"Serge Sahakian","date":"mars 15, 2025","format":false,"excerpt":"FT73B060\/14","rel":"","context":"Similar post","block_context":{"text":"Similar post","link":""},"img":{"alt_text":"","src":"https:\/\/i0.wp.com\/victoriavynn.ca\/wp-content\/uploads\/2025\/03\/ft73b060_14_result.jpg?fit=1200%2C1200&ssl=1&resize=350%2C200","width":350,"height":200,"srcset":"https:\/\/i0.wp.com\/victoriavynn.ca\/wp-content\/uploads\/2025\/03\/ft73b060_14_result.jpg?fit=1200%2C1200&ssl=1&resize=350%2C200 1x, https:\/\/i0.wp.com\/victoriavynn.ca\/wp-content\/uploads\/2025\/03\/ft73b060_14_result.jpg?fit=1200%2C1200&ssl=1&resize=525%2C300 1.5x, https:\/\/i0.wp.com\/victoriavynn.ca\/wp-content\/uploads\/2025\/03\/ft73b060_14_result.jpg?fit=1200%2C1200&ssl=1&resize=700%2C400 2x, https:\/\/i0.wp.com\/victoriavynn.ca\/wp-content\/uploads\/2025\/03\/ft73b060_14_result.jpg?fit=1200%2C1200&ssl=1&resize=1050%2C600 3x"},"classes":[]},{"id":21144,"url":"https:\/\/victoriavynn.ca\/fr\/product\/staleks-carbide-nail-drill-bit-corn-blue-head-diameter-4mm-working-part-14mm-ft90b040-14\/","url_meta":{"origin":18117,"position":2},"title":"Staleks Carbide Nail Drill Bit, \"Corn\", bleu, diam\u00e8tre de la t\u00eate 4mm, partie travaillante 14mm (FT90B040\/14)","author":"Serge Sahakian","date":"mars 16, 2025","format":false,"excerpt":"FT90B040\/14","rel":"","context":"Similar post","block_context":{"text":"Similar post","link":""},"img":{"alt_text":"","src":"https:\/\/i0.wp.com\/victoriavynn.ca\/wp-content\/uploads\/2025\/03\/ft90b040_14_result.jpg?fit=1200%2C1200&ssl=1&resize=350%2C200","width":350,"height":200,"srcset":"https:\/\/i0.wp.com\/victoriavynn.ca\/wp-content\/uploads\/2025\/03\/ft90b040_14_result.jpg?fit=1200%2C1200&ssl=1&resize=350%2C200 1x, https:\/\/i0.wp.com\/victoriavynn.ca\/wp-content\/uploads\/2025\/03\/ft90b040_14_result.jpg?fit=1200%2C1200&ssl=1&resize=525%2C300 1.5x, https:\/\/i0.wp.com\/victoriavynn.ca\/wp-content\/uploads\/2025\/03\/ft90b040_14_result.jpg?fit=1200%2C1200&ssl=1&resize=700%2C400 2x, https:\/\/i0.wp.com\/victoriavynn.ca\/wp-content\/uploads\/2025\/03\/ft90b040_14_result.jpg?fit=1200%2C1200&ssl=1&resize=1050%2C600 3x"},"classes":[]},{"id":21131,"url":"https:\/\/victoriavynn.ca\/fr\/product\/staleks-carbide-nail-drill-bit-cone-red-head-diameter-6mm-working-part-14mm-for-left-handed-users-ft73r060-14\/","url_meta":{"origin":18117,"position":3},"title":"Staleks Carbide Nail Drill Bit, \"Cone\", Red, Head Diameter 6mm, Working Part 14mm - Pour gauchers (FT73R060\/14)","author":"Serge Sahakian","date":"mars 15, 2025","format":false,"excerpt":"FT73R060\/14","rel":"","context":"Similar post","block_context":{"text":"Similar post","link":""},"img":{"alt_text":"","src":"https:\/\/i0.wp.com\/victoriavynn.ca\/wp-content\/uploads\/2025\/03\/ft73r060_14_result.jpg?fit=1200%2C1200&ssl=1&resize=350%2C200","width":350,"height":200,"srcset":"https:\/\/i0.wp.com\/victoriavynn.ca\/wp-content\/uploads\/2025\/03\/ft73r060_14_result.jpg?fit=1200%2C1200&ssl=1&resize=350%2C200 1x, https:\/\/i0.wp.com\/victoriavynn.ca\/wp-content\/uploads\/2025\/03\/ft73r060_14_result.jpg?fit=1200%2C1200&ssl=1&resize=525%2C300 1.5x, https:\/\/i0.wp.com\/victoriavynn.ca\/wp-content\/uploads\/2025\/03\/ft73r060_14_result.jpg?fit=1200%2C1200&ssl=1&resize=700%2C400 2x, https:\/\/i0.wp.com\/victoriavynn.ca\/wp-content\/uploads\/2025\/03\/ft73r060_14_result.jpg?fit=1200%2C1200&ssl=1&resize=1050%2C600 3x"},"classes":[]},{"id":18107,"url":"https:\/\/victoriavynn.ca\/fr\/product\/staleks-pro-diamond-nail-drill-bit-frustum-blue-expert-head-diameter-25-mm-working-part-8-mm\/","url_meta":{"origin":18117,"position":4},"title":"Staleks PRO Foret \u00e0 clous diamant\u00e9 frustum bleu EXPERT t\u00eate diam\u00e8tre 2,5 mm \/ partie travaillante 8 mm","author":"Serge Sahakian","date":"mai 30, 2024","format":false,"excerpt":"FA70B025\/8","rel":"","context":"Similar post","block_context":{"text":"Similar post","link":""},"img":{"alt_text":"","src":"https:\/\/i0.wp.com\/victoriavynn.ca\/wp-content\/uploads\/2024\/05\/fa70b0258_result-800x800-1.jpg?fit=800%2C800&ssl=1&resize=350%2C200","width":350,"height":200,"srcset":"https:\/\/i0.wp.com\/victoriavynn.ca\/wp-content\/uploads\/2024\/05\/fa70b0258_result-800x800-1.jpg?fit=800%2C800&ssl=1&resize=350%2C200 1x, https:\/\/i0.wp.com\/victoriavynn.ca\/wp-content\/uploads\/2024\/05\/fa70b0258_result-800x800-1.jpg?fit=800%2C800&ssl=1&resize=525%2C300 1.5x, https:\/\/i0.wp.com\/victoriavynn.ca\/wp-content\/uploads\/2024\/05\/fa70b0258_result-800x800-1.jpg?fit=800%2C800&ssl=1&resize=700%2C400 2x"},"classes":[]},{"id":21092,"url":"https:\/\/victoriavynn.ca\/fr\/product\/staleks-pro-expert-diamond-nail-drill-bit-pointed-pear-blue-head-diameter-5-mm-working-part-12-mm\/","url_meta":{"origin":18117,"position":5},"title":"Staleks PRO EXPERT Foret \u00e0 ongles diamant\u00e9 pointu Pear Blue (diam\u00e8tre de la t\u00eate 5 mm \/ partie travaillante 12 mm)","author":"Serge Sahakian","date":"mars 14, 2025","format":false,"excerpt":"FA100B050\/12","rel":"","context":"Similar post","block_context":{"text":"Similar post","link":""},"img":{"alt_text":"","src":"https:\/\/i0.wp.com\/victoriavynn.ca\/wp-content\/uploads\/2025\/03\/3995be99594a7453790efa9ec14fcd85.jpg?fit=1200%2C1200&ssl=1&resize=350%2C200","width":350,"height":200,"srcset":"https:\/\/i0.wp.com\/victoriavynn.ca\/wp-content\/uploads\/2025\/03\/3995be99594a7453790efa9ec14fcd85.jpg?fit=1200%2C1200&ssl=1&resize=350%2C200 1x, https:\/\/i0.wp.com\/victoriavynn.ca\/wp-content\/uploads\/2025\/03\/3995be99594a7453790efa9ec14fcd85.jpg?fit=1200%2C1200&ssl=1&resize=525%2C300 1.5x, https:\/\/i0.wp.com\/victoriavynn.ca\/wp-content\/uploads\/2025\/03\/3995be99594a7453790efa9ec14fcd85.jpg?fit=1200%2C1200&ssl=1&resize=700%2C400 2x, https:\/\/i0.wp.com\/victoriavynn.ca\/wp-content\/uploads\/2025\/03\/3995be99594a7453790efa9ec14fcd85.jpg?fit=1200%2C1200&ssl=1&resize=1050%2C600 3x"},"classes":[]}],"jetpack_sharing_enabled":true,"_links":{"self":[{"href":"https:\/\/victoriavynn.ca\/fr\/wp-json\/wp\/v2\/product\/18117","targetHints":{"allow":["GET"]}}],"collection":[{"href":"https:\/\/victoriavynn.ca\/fr\/wp-json\/wp\/v2\/product"}],"about":[{"href":"https:\/\/victoriavynn.ca\/fr\/wp-json\/wp\/v2\/types\/product"}],"replies":[{"embeddable":true,"href":"https:\/\/victoriavynn.ca\/fr\/wp-json\/wp\/v2\/comments?post=18117"}],"wp:featuredmedia":[{"embeddable":true,"href":"https:\/\/victoriavynn.ca\/fr\/wp-json\/wp\/v2\/media\/18118"}],"wp:attachment":[{"href":"https:\/\/victoriavynn.ca\/fr\/wp-json\/wp\/v2\/media?parent=18117"}],"wp:term":[{"taxonomy":"product_brand","embeddable":true,"href":"https:\/\/victoriavynn.ca\/fr\/wp-json\/wp\/v2\/product_brand?post=18117"},{"taxonomy":"product_cat","embeddable":true,"href":"https:\/\/victoriavynn.ca\/fr\/wp-json\/wp\/v2\/product_cat?post=18117"},{"taxonomy":"product_tag","embeddable":true,"href":"https:\/\/victoriavynn.ca\/fr\/wp-json\/wp\/v2\/product_tag?post=18117"}],"curies":[{"name":"wp","href":"https:\/\/api.w.org\/{rel}","templated":true}]}}