{"id":18121,"date":"2024-05-30T18:27:43","date_gmt":"2024-05-30T22:27:43","guid":{"rendered":"https:\/\/victoriavynn.ca\/product\/staleks-pro-cosmetology-double-ended-spoon-expert-20-type-2-uno-and-round-with-19-holes\/"},"modified":"2026-03-04T18:40:45","modified_gmt":"2026-03-04T23:40:45","slug":"staleks-pro-cosmetology-double-ended-spoon-expert-20-type-2-uno-and-round-with-19-holes","status":"publish","type":"product","link":"https:\/\/victoriavynn.ca\/fr\/product\/staleks-pro-cosmetology-double-ended-spoon-expert-20-type-2-uno-and-round-with-19-holes\/","title":{"rendered":"STALEKS PRO Cosm\u00e9tologie cuill\u00e8re \u00e0 double extr\u00e9mit\u00e9 EXPERT 20 TYPE 2 (Uno et ronde avec 19 trous)"},"content":{"rendered":"","protected":false},"excerpt":{"rendered":"<p>ZE-20\/2<\/p>","protected":false},"featured_media":18122,"comment_status":"open","ping_status":"closed","template":"","meta":{"jetpack_post_was_ever_published":false,"jetpack_publicize_message":"","jetpack_publicize_feature_enabled":true,"jetpack_social_post_already_shared":true,"jetpack_social_options":{"image_generator_settings":{"template":"highway","default_image_id":0,"font":"","enabled":false},"version":2}},"product_brand":[935],"product_cat":[855],"product_tag":[],"class_list":{"0":"post-18121","1":"product","2":"type-product","3":"status-publish","4":"has-post-thumbnail","6":"product_brand-staleks","7":"product_cat-staleks-skin-care-tools","9":"first","10":"instock","11":"taxable","12":"shipping-taxable","13":"purchasable","14":"product-type-simple"},"jetpack_publicize_connections":[],"jetpack-related-posts":[{"id":18119,"url":"https:\/\/victoriavynn.ca\/fr\/product\/staleks-pro-cosmetology-double-ended-spoon-expert-20-type-1-uno-and-oval-with-15-holes\/","url_meta":{"origin":18121,"position":0},"title":"STALEKS PRO Cuill\u00e8re de cosm\u00e9tologie \u00e0 double extr\u00e9mit\u00e9 EXPERT 20 TYPE 1 (Uno et ovale avec 15 trous)","author":"Serge Sahakian","date":"mai 30, 2024","format":false,"excerpt":"ZE-20\/1","rel":"","context":"Similar post","block_context":{"text":"Similar post","link":""},"img":{"alt_text":"","src":"https:\/\/i0.wp.com\/victoriavynn.ca\/wp-content\/uploads\/2024\/05\/b3144fcb3ceb972363fb33d88a6d7c96-800x800-1.jpg?fit=800%2C800&ssl=1&resize=350%2C200","width":350,"height":200,"srcset":"https:\/\/i0.wp.com\/victoriavynn.ca\/wp-content\/uploads\/2024\/05\/b3144fcb3ceb972363fb33d88a6d7c96-800x800-1.jpg?fit=800%2C800&ssl=1&resize=350%2C200 1x, https:\/\/i0.wp.com\/victoriavynn.ca\/wp-content\/uploads\/2024\/05\/b3144fcb3ceb972363fb33d88a6d7c96-800x800-1.jpg?fit=800%2C800&ssl=1&resize=525%2C300 1.5x, https:\/\/i0.wp.com\/victoriavynn.ca\/wp-content\/uploads\/2024\/05\/b3144fcb3ceb972363fb33d88a6d7c96-800x800-1.jpg?fit=800%2C800&ssl=1&resize=700%2C400 2x"},"classes":[]},{"id":18123,"url":"https:\/\/victoriavynn.ca\/fr\/product\/staleks-pro-cosmetology-double-ended-tool-expert-20-type-4-uno-spoon-and-vidal-needle-straight\/","url_meta":{"origin":18121,"position":1},"title":"STALEKS PRO Outil de cosm\u00e9tologie \u00e0 double extr\u00e9mit\u00e9 EXPERT 20 TYPE 4 (cuill\u00e8re Uno et aiguille Vidal droite)","author":"Serge Sahakian","date":"mai 30, 2024","format":false,"excerpt":"ZE-20\/4","rel":"","context":"Similar post","block_context":{"text":"Similar post","link":""},"img":{"alt_text":"","src":"https:\/\/i0.wp.com\/victoriavynn.ca\/wp-content\/uploads\/2024\/05\/88054d8367328eb73e60a762078ecbfd-800x800-1.jpg?fit=800%2C800&ssl=1&resize=350%2C200","width":350,"height":200,"srcset":"https:\/\/i0.wp.com\/victoriavynn.ca\/wp-content\/uploads\/2024\/05\/88054d8367328eb73e60a762078ecbfd-800x800-1.jpg?fit=800%2C800&ssl=1&resize=350%2C200 1x, https:\/\/i0.wp.com\/victoriavynn.ca\/wp-content\/uploads\/2024\/05\/88054d8367328eb73e60a762078ecbfd-800x800-1.jpg?fit=800%2C800&ssl=1&resize=525%2C300 1.5x, https:\/\/i0.wp.com\/victoriavynn.ca\/wp-content\/uploads\/2024\/05\/88054d8367328eb73e60a762078ecbfd-800x800-1.jpg?fit=800%2C800&ssl=1&resize=700%2C400 2x"},"classes":[]},{"id":18125,"url":"https:\/\/victoriavynn.ca\/fr\/product\/staleks-pro-cosmetology-double-ended-tool-expert-21-type-4-uno-spoon-with-larger-hole-size-and-vidal-needle-straight\/","url_meta":{"origin":18121,"position":2},"title":"STALEKS PRO Outil de cosm\u00e9tologie \u00e0 double extr\u00e9mit\u00e9 EXPERT 21 TYPE 4 (cuill\u00e8re Uno avec un trou plus grand et aiguille Vidal droite)","author":"Serge Sahakian","date":"mai 30, 2024","format":false,"excerpt":"ZE-21\/4","rel":"","context":"Similar post","block_context":{"text":"Similar post","link":""},"img":{"alt_text":"","src":"https:\/\/i0.wp.com\/victoriavynn.ca\/wp-content\/uploads\/2024\/05\/dd0331ed90a056b37348caf77b50c1cd-800x800-1.jpg?fit=800%2C800&ssl=1&resize=350%2C200","width":350,"height":200,"srcset":"https:\/\/i0.wp.com\/victoriavynn.ca\/wp-content\/uploads\/2024\/05\/dd0331ed90a056b37348caf77b50c1cd-800x800-1.jpg?fit=800%2C800&ssl=1&resize=350%2C200 1x, https:\/\/i0.wp.com\/victoriavynn.ca\/wp-content\/uploads\/2024\/05\/dd0331ed90a056b37348caf77b50c1cd-800x800-1.jpg?fit=800%2C800&ssl=1&resize=525%2C300 1.5x, https:\/\/i0.wp.com\/victoriavynn.ca\/wp-content\/uploads\/2024\/05\/dd0331ed90a056b37348caf77b50c1cd-800x800-1.jpg?fit=800%2C800&ssl=1&resize=700%2C400 2x"},"classes":[]},{"id":18131,"url":"https:\/\/victoriavynn.ca\/fr\/product\/staleks-pro-cosmetology-toolset-clean-skin-beauty-care-30-uno-spoon-round-tool-with-19-holes-and-double-ended-loop\/","url_meta":{"origin":18121,"position":3},"title":"STALEKS PRO Outils de cosm\u00e9tologie \"Clean Skin\" BEAUTY &amp; CARE 30 (cuill\u00e8re Uno, outil rond avec 19 trous et boucle \u00e0 double extr\u00e9mit\u00e9)","author":"Serge Sahakian","date":"mai 30, 2024","format":false,"excerpt":"ZBC-30","rel":"","context":"Similar post","block_context":{"text":"Similar post","link":""},"img":{"alt_text":"","src":"https:\/\/i0.wp.com\/victoriavynn.ca\/wp-content\/uploads\/2024\/05\/169fba9e7a2769212f3fd1acf7327927-800x800-1.jpg?fit=800%2C800&ssl=1&resize=350%2C200","width":350,"height":200,"srcset":"https:\/\/i0.wp.com\/victoriavynn.ca\/wp-content\/uploads\/2024\/05\/169fba9e7a2769212f3fd1acf7327927-800x800-1.jpg?fit=800%2C800&ssl=1&resize=350%2C200 1x, https:\/\/i0.wp.com\/victoriavynn.ca\/wp-content\/uploads\/2024\/05\/169fba9e7a2769212f3fd1acf7327927-800x800-1.jpg?fit=800%2C800&ssl=1&resize=525%2C300 1.5x, https:\/\/i0.wp.com\/victoriavynn.ca\/wp-content\/uploads\/2024\/05\/169fba9e7a2769212f3fd1acf7327927-800x800-1.jpg?fit=800%2C800&ssl=1&resize=700%2C400 2x"},"classes":[]},{"id":18127,"url":"https:\/\/victoriavynn.ca\/fr\/product\/staleks-pro-cosmetology-double-ended-loop-expert-30-type-1\/","url_meta":{"origin":18121,"position":4},"title":"STALEKS PRO Cosm\u00e9tologie boucle \u00e0 double extr\u00e9mit\u00e9 EXPERT 30 TYPE 1","author":"Serge Sahakian","date":"mai 30, 2024","format":false,"excerpt":"ZE-30\/1","rel":"","context":"Similar post","block_context":{"text":"Similar post","link":""},"img":{"alt_text":"","src":"https:\/\/i0.wp.com\/victoriavynn.ca\/wp-content\/uploads\/2024\/05\/9f99665741fd9027e9d2bf5669150c7d-800x800-1.jpg?fit=800%2C800&ssl=1&resize=350%2C200","width":350,"height":200,"srcset":"https:\/\/i0.wp.com\/victoriavynn.ca\/wp-content\/uploads\/2024\/05\/9f99665741fd9027e9d2bf5669150c7d-800x800-1.jpg?fit=800%2C800&ssl=1&resize=350%2C200 1x, https:\/\/i0.wp.com\/victoriavynn.ca\/wp-content\/uploads\/2024\/05\/9f99665741fd9027e9d2bf5669150c7d-800x800-1.jpg?fit=800%2C800&ssl=1&resize=525%2C300 1.5x, https:\/\/i0.wp.com\/victoriavynn.ca\/wp-content\/uploads\/2024\/05\/9f99665741fd9027e9d2bf5669150c7d-800x800-1.jpg?fit=800%2C800&ssl=1&resize=700%2C400 2x"},"classes":[]},{"id":18129,"url":"https:\/\/victoriavynn.ca\/fr\/product\/staleks-pro-cosmetology-double-ended-loop-beauty-care-20-type-1\/","url_meta":{"origin":18121,"position":5},"title":"STALEKS PRO Cosm\u00e9tologie boucle \u00e0 double extr\u00e9mit\u00e9 BEAUTY &amp; CARE 20 TYPE 1","author":"Serge Sahakian","date":"mai 30, 2024","format":false,"excerpt":"ZBC-20\/1","rel":"","context":"Similar post","block_context":{"text":"Similar post","link":""},"img":{"alt_text":"","src":"https:\/\/i0.wp.com\/victoriavynn.ca\/wp-content\/uploads\/2024\/05\/d37935d9a947004a9cf0b2e60a2c1019-800x800-1.jpg?fit=800%2C800&ssl=1&resize=350%2C200","width":350,"height":200,"srcset":"https:\/\/i0.wp.com\/victoriavynn.ca\/wp-content\/uploads\/2024\/05\/d37935d9a947004a9cf0b2e60a2c1019-800x800-1.jpg?fit=800%2C800&ssl=1&resize=350%2C200 1x, https:\/\/i0.wp.com\/victoriavynn.ca\/wp-content\/uploads\/2024\/05\/d37935d9a947004a9cf0b2e60a2c1019-800x800-1.jpg?fit=800%2C800&ssl=1&resize=525%2C300 1.5x, https:\/\/i0.wp.com\/victoriavynn.ca\/wp-content\/uploads\/2024\/05\/d37935d9a947004a9cf0b2e60a2c1019-800x800-1.jpg?fit=800%2C800&ssl=1&resize=700%2C400 2x"},"classes":[]}],"jetpack_sharing_enabled":true,"_links":{"self":[{"href":"https:\/\/victoriavynn.ca\/fr\/wp-json\/wp\/v2\/product\/18121","targetHints":{"allow":["GET"]}}],"collection":[{"href":"https:\/\/victoriavynn.ca\/fr\/wp-json\/wp\/v2\/product"}],"about":[{"href":"https:\/\/victoriavynn.ca\/fr\/wp-json\/wp\/v2\/types\/product"}],"replies":[{"embeddable":true,"href":"https:\/\/victoriavynn.ca\/fr\/wp-json\/wp\/v2\/comments?post=18121"}],"wp:featuredmedia":[{"embeddable":true,"href":"https:\/\/victoriavynn.ca\/fr\/wp-json\/wp\/v2\/media\/18122"}],"wp:attachment":[{"href":"https:\/\/victoriavynn.ca\/fr\/wp-json\/wp\/v2\/media?parent=18121"}],"wp:term":[{"taxonomy":"product_brand","embeddable":true,"href":"https:\/\/victoriavynn.ca\/fr\/wp-json\/wp\/v2\/product_brand?post=18121"},{"taxonomy":"product_cat","embeddable":true,"href":"https:\/\/victoriavynn.ca\/fr\/wp-json\/wp\/v2\/product_cat?post=18121"},{"taxonomy":"product_tag","embeddable":true,"href":"https:\/\/victoriavynn.ca\/fr\/wp-json\/wp\/v2\/product_tag?post=18121"}],"curies":[{"name":"wp","href":"https:\/\/api.w.org\/{rel}","templated":true}]}}