{"id":18522,"date":"2024-08-19T19:45:39","date_gmt":"2024-08-19T23:45:39","guid":{"rendered":"https:\/\/victoriavynn.ca\/product\/victoria-vynn-perfect-shape-almond-dual-forms-120-pieces\/"},"modified":"2026-03-09T19:18:46","modified_gmt":"2026-03-09T23:18:46","slug":"victoria-vynn-perfect-shape-almond-dual-forms-120-pieces","status":"publish","type":"product","link":"https:\/\/victoriavynn.ca\/fr\/product\/victoria-vynn-perfect-shape-almond-dual-forms-120-pieces\/","title":{"rendered":"Victoria VYNN Perfect Shape Almond Dual Forms 120 pi\u00e8ces"},"content":{"rendered":"","protected":false},"excerpt":{"rendered":"","protected":false},"featured_media":18523,"comment_status":"open","ping_status":"closed","template":"","meta":{"jetpack_post_was_ever_published":false,"jetpack_publicize_message":"","jetpack_publicize_feature_enabled":true,"jetpack_social_post_already_shared":true,"jetpack_social_options":{"image_generator_settings":{"template":"highway","default_image_id":0,"font":"","enabled":false},"version":2}},"product_brand":[],"product_cat":[31],"product_tag":[],"class_list":{"0":"post-18522","1":"product","2":"type-product","3":"status-publish","4":"has-post-thumbnail","6":"product_cat-nail-tools-and-accessories","8":"first","9":"instock","10":"taxable","11":"shipping-taxable","12":"purchasable","13":"product-type-simple"},"jetpack_publicize_connections":[],"jetpack-related-posts":[{"id":18520,"url":"https:\/\/victoriavynn.ca\/fr\/product\/victoria-vynn-perfect-shape-square-dual-forms-120-pieces\/","url_meta":{"origin":18522,"position":0},"title":"Victoria VYNN Perfect Shape Square Dual Forms 120 pi\u00e8ces","author":"Serge Sahakian","date":"ao\u00fbt 19, 2024","format":false,"excerpt":"","rel":"","context":"Similar post","block_context":{"text":"Similar post","link":""},"img":{"alt_text":"","src":"https:\/\/i0.wp.com\/victoriavynn.ca\/wp-content\/uploads\/2024\/08\/perfect-shape-dual-forms-square-120-pcs.jpg?fit=1200%2C1200&ssl=1&resize=350%2C200","width":350,"height":200,"srcset":"https:\/\/i0.wp.com\/victoriavynn.ca\/wp-content\/uploads\/2024\/08\/perfect-shape-dual-forms-square-120-pcs.jpg?fit=1200%2C1200&ssl=1&resize=350%2C200 1x, https:\/\/i0.wp.com\/victoriavynn.ca\/wp-content\/uploads\/2024\/08\/perfect-shape-dual-forms-square-120-pcs.jpg?fit=1200%2C1200&ssl=1&resize=525%2C300 1.5x, https:\/\/i0.wp.com\/victoriavynn.ca\/wp-content\/uploads\/2024\/08\/perfect-shape-dual-forms-square-120-pcs.jpg?fit=1200%2C1200&ssl=1&resize=700%2C400 2x, https:\/\/i0.wp.com\/victoriavynn.ca\/wp-content\/uploads\/2024\/08\/perfect-shape-dual-forms-square-120-pcs.jpg?fit=1200%2C1200&ssl=1&resize=1050%2C600 3x"},"classes":[]},{"id":18524,"url":"https:\/\/victoriavynn.ca\/fr\/product\/victoria-vynn-perfect-shape-universal-dual-forms-120-pieces\/","url_meta":{"origin":18522,"position":1},"title":"Victoria VYNN Perfect Shape Universal Dual Forms 120 pi\u00e8ces","author":"Serge Sahakian","date":"ao\u00fbt 19, 2024","format":false,"excerpt":"","rel":"","context":"Similar post","block_context":{"text":"Similar post","link":""},"img":{"alt_text":"","src":"https:\/\/i0.wp.com\/victoriavynn.ca\/wp-content\/uploads\/2024\/08\/perfect-shape-dual-forms-universal-120.jpg?fit=1200%2C1200&ssl=1&resize=350%2C200","width":350,"height":200,"srcset":"https:\/\/i0.wp.com\/victoriavynn.ca\/wp-content\/uploads\/2024\/08\/perfect-shape-dual-forms-universal-120.jpg?fit=1200%2C1200&ssl=1&resize=350%2C200 1x, https:\/\/i0.wp.com\/victoriavynn.ca\/wp-content\/uploads\/2024\/08\/perfect-shape-dual-forms-universal-120.jpg?fit=1200%2C1200&ssl=1&resize=525%2C300 1.5x, https:\/\/i0.wp.com\/victoriavynn.ca\/wp-content\/uploads\/2024\/08\/perfect-shape-dual-forms-universal-120.jpg?fit=1200%2C1200&ssl=1&resize=700%2C400 2x, https:\/\/i0.wp.com\/victoriavynn.ca\/wp-content\/uploads\/2024\/08\/perfect-shape-dual-forms-universal-120.jpg?fit=1200%2C1200&ssl=1&resize=1050%2C600 3x"},"classes":[]},{"id":11336,"url":"https:\/\/victoriavynn.ca\/fr\/product\/victoria-vynn-soft-gel-tips-starter-kit\/","url_meta":{"origin":18522,"position":2},"title":"Kit de d\u00e9marrage Victoria VYNN Soft Gel Tips","author":"Serge Sahakian","date":"avril 13, 2023","format":false,"excerpt":"Le kit de d\u00e9marrage Soft Gel Tips comprend : Kit de pr\u00e9paration (\u00e9tape 1 \u00e0 \u00e9tape 4) + Tips Medium Almond (500 pi\u00e8ces) + Lampe LED Soft Gel Tips Sp\u00e9cifications du produit : \u00a0 \u00a0 \u00a0 \u00a0 \u00a0 \u00a0 \u00a0","rel":"","context":"Similar post","block_context":{"text":"Similar post","link":""},"img":{"alt_text":"Soft Gel Tips Starter Kit","src":"https:\/\/i0.wp.com\/victoriavynn.ca\/wp-content\/uploads\/2023\/04\/Soft-Gel-Tips-Starter-Kit.webp?fit=750%2C1000&ssl=1&resize=350%2C200","width":350,"height":200,"srcset":"https:\/\/i0.wp.com\/victoriavynn.ca\/wp-content\/uploads\/2023\/04\/Soft-Gel-Tips-Starter-Kit.webp?fit=750%2C1000&ssl=1&resize=350%2C200 1x, https:\/\/i0.wp.com\/victoriavynn.ca\/wp-content\/uploads\/2023\/04\/Soft-Gel-Tips-Starter-Kit.webp?fit=750%2C1000&ssl=1&resize=525%2C300 1.5x, https:\/\/i0.wp.com\/victoriavynn.ca\/wp-content\/uploads\/2023\/04\/Soft-Gel-Tips-Starter-Kit.webp?fit=750%2C1000&ssl=1&resize=700%2C400 2x"},"classes":[]},{"id":11314,"url":"https:\/\/victoriavynn.ca\/fr\/product\/soft-gel-tips-medium-almond-500-pieces\/","url_meta":{"origin":18522,"position":3},"title":"Victoria VYNN Soft Gel Tips Medium Almond 500 pi\u00e8ces","author":"Serge Sahakian","date":"avril 13, 2023","format":false,"excerpt":"Soft Gel Tips Medium Almond. Des pointes de gel pr\u00e9form\u00e9es qui offrent un aspect naturel et une application extr\u00eamement facile. L'emballage contient les tailles : 0-9. Sp\u00e9cifications du produit : \u00a0 \u00a0 \u00a0 \u00a0 \u00a0 \u00a0","rel":"","context":"Similar post","block_context":{"text":"Similar post","link":""},"img":{"alt_text":"soft gel tips medium almond tips","src":"https:\/\/i0.wp.com\/victoriavynn.ca\/wp-content\/uploads\/2023\/04\/soft-gel-tips-medium-almond-tips-1-2.webp?fit=750%2C1000&ssl=1&resize=350%2C200","width":350,"height":200,"srcset":"https:\/\/i0.wp.com\/victoriavynn.ca\/wp-content\/uploads\/2023\/04\/soft-gel-tips-medium-almond-tips-1-2.webp?fit=750%2C1000&ssl=1&resize=350%2C200 1x, https:\/\/i0.wp.com\/victoriavynn.ca\/wp-content\/uploads\/2023\/04\/soft-gel-tips-medium-almond-tips-1-2.webp?fit=750%2C1000&ssl=1&resize=525%2C300 1.5x, https:\/\/i0.wp.com\/victoriavynn.ca\/wp-content\/uploads\/2023\/04\/soft-gel-tips-medium-almond-tips-1-2.webp?fit=750%2C1000&ssl=1&resize=700%2C400 2x"},"classes":[]},{"id":11328,"url":"https:\/\/victoriavynn.ca\/fr\/product\/soft-gel-tips-medium-almond-kit\/","url_meta":{"origin":18522,"position":4},"title":"Victoria VYNN Set de pointes en gel souple avec pointes en amande moyenne","author":"Serge Sahakian","date":"avril 13, 2023","format":false,"excerpt":"Kit Soft Gel Tips Medium Almond Comprend : Kit de pr\u00e9paration (\u00e9tape 1 \u00e0 \u00e9tape 4) + Tips Medium Almond (500 pi\u00e8ces) + Soft Gel Tips Lampe LED Sp\u00e9cifications du produit : \u00a0 \u00a0 \u00a0 \u00a0 \u00a0 \u00a0","rel":"","context":"Similar post","block_context":{"text":"Similar post","link":""},"img":{"alt_text":"soft gel tips medium almond kit","src":"https:\/\/i0.wp.com\/victoriavynn.ca\/wp-content\/uploads\/2023\/04\/soft-gel-tips-medium-almond-kit-.webp?fit=750%2C1000&ssl=1&resize=350%2C200","width":350,"height":200,"srcset":"https:\/\/i0.wp.com\/victoriavynn.ca\/wp-content\/uploads\/2023\/04\/soft-gel-tips-medium-almond-kit-.webp?fit=750%2C1000&ssl=1&resize=350%2C200 1x, https:\/\/i0.wp.com\/victoriavynn.ca\/wp-content\/uploads\/2023\/04\/soft-gel-tips-medium-almond-kit-.webp?fit=750%2C1000&ssl=1&resize=525%2C300 1.5x, https:\/\/i0.wp.com\/victoriavynn.ca\/wp-content\/uploads\/2023\/04\/soft-gel-tips-medium-almond-kit-.webp?fit=750%2C1000&ssl=1&resize=700%2C400 2x"},"classes":[]},{"id":17809,"url":"https:\/\/victoriavynn.ca\/fr\/product\/victoria-vynn-easy-fiber-nail-gel\/","url_meta":{"origin":18522,"position":5},"title":"Easy Fiber Gel","author":"Serge Sahakian","date":"mai 9, 2024","format":false,"excerpt":"Des extensions d'ongles exceptionnellement solides et d'aspect naturel ! La formule avanc\u00e9e contenant une forte concentration de microfibres de verre, notre gel fibre pour ongles cr\u00e9e une structure r\u00e9ticul\u00e9e qui augmente la durabilit\u00e9 du dessin. Il permet une extension facile et la formation de la forme des ongles naturels, ainsi que le travail avec l'utilisation de formes,...","rel":"","context":"Similar post","block_context":{"text":"Similar post","link":""},"img":{"alt_text":"victoria vynn fiber gel","src":"https:\/\/i0.wp.com\/victoriavynn.ca\/wp-content\/uploads\/2024\/05\/victoria-vynn-fiber-gel.webp?fit=750%2C1000&ssl=1&resize=350%2C200","width":350,"height":200,"srcset":"https:\/\/i0.wp.com\/victoriavynn.ca\/wp-content\/uploads\/2024\/05\/victoria-vynn-fiber-gel.webp?fit=750%2C1000&ssl=1&resize=350%2C200 1x, https:\/\/i0.wp.com\/victoriavynn.ca\/wp-content\/uploads\/2024\/05\/victoria-vynn-fiber-gel.webp?fit=750%2C1000&ssl=1&resize=525%2C300 1.5x, https:\/\/i0.wp.com\/victoriavynn.ca\/wp-content\/uploads\/2024\/05\/victoria-vynn-fiber-gel.webp?fit=750%2C1000&ssl=1&resize=700%2C400 2x"},"classes":[]}],"jetpack_sharing_enabled":true,"_links":{"self":[{"href":"https:\/\/victoriavynn.ca\/fr\/wp-json\/wp\/v2\/product\/18522","targetHints":{"allow":["GET"]}}],"collection":[{"href":"https:\/\/victoriavynn.ca\/fr\/wp-json\/wp\/v2\/product"}],"about":[{"href":"https:\/\/victoriavynn.ca\/fr\/wp-json\/wp\/v2\/types\/product"}],"replies":[{"embeddable":true,"href":"https:\/\/victoriavynn.ca\/fr\/wp-json\/wp\/v2\/comments?post=18522"}],"wp:featuredmedia":[{"embeddable":true,"href":"https:\/\/victoriavynn.ca\/fr\/wp-json\/wp\/v2\/media\/18523"}],"wp:attachment":[{"href":"https:\/\/victoriavynn.ca\/fr\/wp-json\/wp\/v2\/media?parent=18522"}],"wp:term":[{"taxonomy":"product_brand","embeddable":true,"href":"https:\/\/victoriavynn.ca\/fr\/wp-json\/wp\/v2\/product_brand?post=18522"},{"taxonomy":"product_cat","embeddable":true,"href":"https:\/\/victoriavynn.ca\/fr\/wp-json\/wp\/v2\/product_cat?post=18522"},{"taxonomy":"product_tag","embeddable":true,"href":"https:\/\/victoriavynn.ca\/fr\/wp-json\/wp\/v2\/product_tag?post=18522"}],"curies":[{"name":"wp","href":"https:\/\/api.w.org\/{rel}","templated":true}]}}