{"id":18526,"date":"2024-08-19T20:00:20","date_gmt":"2024-08-20T00:00:20","guid":{"rendered":"https:\/\/victoriavynn.ca\/product\/victoria-vynn-soft-gel-tips-starter-kit-short-round\/"},"modified":"2026-02-13T18:37:52","modified_gmt":"2026-02-13T23:37:52","slug":"victoria-vynn-soft-gel-tips-starter-kit-short-round","status":"publish","type":"product","link":"https:\/\/victoriavynn.ca\/fr\/product\/victoria-vynn-soft-gel-tips-starter-kit-short-round\/","title":{"rendered":"Victoria VYNN Soft Gel Tips Starter Kit Short Round"},"content":{"rendered":"","protected":false},"excerpt":{"rendered":"","protected":false},"featured_media":18527,"comment_status":"open","ping_status":"closed","template":"","meta":{"jetpack_post_was_ever_published":false,"jetpack_publicize_message":"","jetpack_publicize_feature_enabled":true,"jetpack_social_post_already_shared":true,"jetpack_social_options":{"image_generator_settings":{"template":"highway","default_image_id":0,"font":"","enabled":false},"version":2}},"product_brand":[],"product_cat":[558],"product_tag":[],"class_list":{"0":"post-18526","1":"product","2":"type-product","3":"status-publish","4":"has-post-thumbnail","6":"product_cat-soft-gel-nail-tips","8":"first","9":"instock","10":"taxable","11":"shipping-taxable","12":"purchasable","13":"product-type-simple"},"jetpack_publicize_connections":[],"jetpack-related-posts":[{"id":18528,"url":"https:\/\/victoriavynn.ca\/fr\/product\/victoria-vynn-soft-gel-tips-starter-kit-long-coffin\/","url_meta":{"origin":18526,"position":0},"title":"Victoria VYNN Soft Gel Tips Starter Kit Long Coffin","author":"Serge Sahakian","date":"ao\u00fbt 19, 2024","format":false,"excerpt":"","rel":"","context":"Similar post","block_context":{"text":"Similar post","link":""},"img":{"alt_text":"","src":"https:\/\/i0.wp.com\/victoriavynn.ca\/wp-content\/uploads\/2024\/08\/soft-gel-tips-starter-kit-with-long-coffin.jpg?fit=1200%2C1200&ssl=1&resize=350%2C200","width":350,"height":200,"srcset":"https:\/\/i0.wp.com\/victoriavynn.ca\/wp-content\/uploads\/2024\/08\/soft-gel-tips-starter-kit-with-long-coffin.jpg?fit=1200%2C1200&ssl=1&resize=350%2C200 1x, https:\/\/i0.wp.com\/victoriavynn.ca\/wp-content\/uploads\/2024\/08\/soft-gel-tips-starter-kit-with-long-coffin.jpg?fit=1200%2C1200&ssl=1&resize=525%2C300 1.5x, https:\/\/i0.wp.com\/victoriavynn.ca\/wp-content\/uploads\/2024\/08\/soft-gel-tips-starter-kit-with-long-coffin.jpg?fit=1200%2C1200&ssl=1&resize=700%2C400 2x, https:\/\/i0.wp.com\/victoriavynn.ca\/wp-content\/uploads\/2024\/08\/soft-gel-tips-starter-kit-with-long-coffin.jpg?fit=1200%2C1200&ssl=1&resize=1050%2C600 3x"},"classes":[]},{"id":11336,"url":"https:\/\/victoriavynn.ca\/fr\/product\/victoria-vynn-soft-gel-tips-starter-kit\/","url_meta":{"origin":18526,"position":1},"title":"Kit de d\u00e9marrage Victoria VYNN Soft Gel Tips","author":"Serge Sahakian","date":"avril 13, 2023","format":false,"excerpt":"Le kit de d\u00e9marrage Soft Gel Tips comprend : Kit de pr\u00e9paration (\u00e9tape 1 \u00e0 \u00e9tape 4) + Tips Medium Almond (500 pi\u00e8ces) + Lampe LED Soft Gel Tips Sp\u00e9cifications du produit : \u00a0 \u00a0 \u00a0 \u00a0 \u00a0 \u00a0 \u00a0","rel":"","context":"Similar post","block_context":{"text":"Similar post","link":""},"img":{"alt_text":"Soft Gel Tips Starter Kit","src":"https:\/\/i0.wp.com\/victoriavynn.ca\/wp-content\/uploads\/2023\/04\/Soft-Gel-Tips-Starter-Kit.webp?fit=750%2C1000&ssl=1&resize=350%2C200","width":350,"height":200,"srcset":"https:\/\/i0.wp.com\/victoriavynn.ca\/wp-content\/uploads\/2023\/04\/Soft-Gel-Tips-Starter-Kit.webp?fit=750%2C1000&ssl=1&resize=350%2C200 1x, https:\/\/i0.wp.com\/victoriavynn.ca\/wp-content\/uploads\/2023\/04\/Soft-Gel-Tips-Starter-Kit.webp?fit=750%2C1000&ssl=1&resize=525%2C300 1.5x, https:\/\/i0.wp.com\/victoriavynn.ca\/wp-content\/uploads\/2023\/04\/Soft-Gel-Tips-Starter-Kit.webp?fit=750%2C1000&ssl=1&resize=700%2C400 2x"},"classes":[]},{"id":11332,"url":"https:\/\/victoriavynn.ca\/fr\/product\/3in1-short-round-soft-gel-tips-kit\/","url_meta":{"origin":18526,"position":2},"title":"Victoria VYNN Set d'embouts en gel souple avec embouts courts et ronds","author":"Serge Sahakian","date":"avril 13, 2023","format":false,"excerpt":"Le kit de pointes de gel souples courtes et rondes comprend : Kit de pr\u00e9paration (\u00e9tape 1 \u00e0 \u00e9tape 4) + Short Round Tips (500 pi\u00e8ces) + Soft Gel Tips Lampe LED Sp\u00e9cifications du produit : \u00a0 \u00a0 \u00a0 \u00a0 \u00a0 \u00a0","rel":"","context":"Similar post","block_context":{"text":"Similar post","link":""},"img":{"alt_text":"Short Round Soft Gel Tips Kit","src":"https:\/\/i0.wp.com\/victoriavynn.ca\/wp-content\/uploads\/2023\/04\/Short-Round-Soft-Gel-Tips-Kit.webp?fit=750%2C1000&ssl=1&resize=350%2C200","width":350,"height":200,"srcset":"https:\/\/i0.wp.com\/victoriavynn.ca\/wp-content\/uploads\/2023\/04\/Short-Round-Soft-Gel-Tips-Kit.webp?fit=750%2C1000&ssl=1&resize=350%2C200 1x, https:\/\/i0.wp.com\/victoriavynn.ca\/wp-content\/uploads\/2023\/04\/Short-Round-Soft-Gel-Tips-Kit.webp?fit=750%2C1000&ssl=1&resize=525%2C300 1.5x, https:\/\/i0.wp.com\/victoriavynn.ca\/wp-content\/uploads\/2023\/04\/Short-Round-Soft-Gel-Tips-Kit.webp?fit=750%2C1000&ssl=1&resize=700%2C400 2x"},"classes":[]},{"id":11334,"url":"https:\/\/victoriavynn.ca\/fr\/product\/victoria-vynn-soft-gel-tips-short-round\/","url_meta":{"origin":18526,"position":3},"title":"Victoria VYNN Soft Gel Tips Short Round 500 Pieces","author":"Serge Sahakian","date":"avril 13, 2023","format":false,"excerpt":"Soft Gel Tips Short Round. Pre-shaped gel tips which provide a\u00a0natural look and extremely easy application. The package contains sizes: 0-9. Product Specifications: \u00a0 \u00a0 \u00a0 \u00a0 \u00a0 \u00a0","rel":"","context":"Similar post","block_context":{"text":"Similar post","link":""},"img":{"alt_text":"Victoria VYNN Soft Gel Tips Short Round","src":"https:\/\/i0.wp.com\/victoriavynn.ca\/wp-content\/uploads\/2023\/04\/Soft-Gel-Tps-Short-Round.webp?fit=750%2C1000&ssl=1&resize=350%2C200","width":350,"height":200,"srcset":"https:\/\/i0.wp.com\/victoriavynn.ca\/wp-content\/uploads\/2023\/04\/Soft-Gel-Tps-Short-Round.webp?fit=750%2C1000&ssl=1&resize=350%2C200 1x, https:\/\/i0.wp.com\/victoriavynn.ca\/wp-content\/uploads\/2023\/04\/Soft-Gel-Tps-Short-Round.webp?fit=750%2C1000&ssl=1&resize=525%2C300 1.5x, https:\/\/i0.wp.com\/victoriavynn.ca\/wp-content\/uploads\/2023\/04\/Soft-Gel-Tps-Short-Round.webp?fit=750%2C1000&ssl=1&resize=700%2C400 2x"},"classes":[]},{"id":11320,"url":"https:\/\/victoriavynn.ca\/fr\/product\/soft-gel-tips-preparation-kit-4-pieces-set\/","url_meta":{"origin":18526,"position":4},"title":"Victoria VYNN Soft Gel Tips Preparation Kit (4 Pieces Set)","author":"Serge Sahakian","date":"avril 13, 2023","format":false,"excerpt":"Victoria VYNN Soft Gel Tips Preparation Kit est un ensemble de pr\u00e9parations pour l'application de Soft Gel Tips. Le kit comprend le Nail Prep, le Acid-Free Primer, le Tips Gel et le Top Coat No Wipe. Etapes 1 \u00e0 4 de la pr\u00e9paration. Sp\u00e9cifications du produit : \u00a0 \u00a0 \u00a0 \u00a0 \u00a0 \u00a0 \u00a0","rel":"","context":"Similar post","block_context":{"text":"Similar post","link":""},"img":{"alt_text":"Soft Gel Tips Preparation Kit","src":"https:\/\/i0.wp.com\/victoriavynn.ca\/wp-content\/uploads\/2023\/04\/Soft-Gel-Tips-Preparation-Kit-.webp?fit=750%2C1000&ssl=1&resize=350%2C200","width":350,"height":200,"srcset":"https:\/\/i0.wp.com\/victoriavynn.ca\/wp-content\/uploads\/2023\/04\/Soft-Gel-Tips-Preparation-Kit-.webp?fit=750%2C1000&ssl=1&resize=350%2C200 1x, https:\/\/i0.wp.com\/victoriavynn.ca\/wp-content\/uploads\/2023\/04\/Soft-Gel-Tips-Preparation-Kit-.webp?fit=750%2C1000&ssl=1&resize=525%2C300 1.5x, https:\/\/i0.wp.com\/victoriavynn.ca\/wp-content\/uploads\/2023\/04\/Soft-Gel-Tips-Preparation-Kit-.webp?fit=750%2C1000&ssl=1&resize=700%2C400 2x"},"classes":[]},{"id":19185,"url":"https:\/\/victoriavynn.ca\/fr\/product\/victoria-vynn-gel-polish-starter-kit-with-mini-led\/","url_meta":{"origin":18526,"position":5},"title":"Victoria VYNN Gel Polish Starter Kit avec Mini LED","author":"Serge Sahakian","date":"octobre 2, 2024","format":false,"excerpt":"","rel":"","context":"Similar post","block_context":{"text":"Similar post","link":""},"img":{"alt_text":"","src":"https:\/\/i0.wp.com\/victoriavynn.ca\/wp-content\/uploads\/2024\/10\/gel-polish-starter-set.jpg?fit=1200%2C1200&ssl=1&resize=350%2C200","width":350,"height":200,"srcset":"https:\/\/i0.wp.com\/victoriavynn.ca\/wp-content\/uploads\/2024\/10\/gel-polish-starter-set.jpg?fit=1200%2C1200&ssl=1&resize=350%2C200 1x, https:\/\/i0.wp.com\/victoriavynn.ca\/wp-content\/uploads\/2024\/10\/gel-polish-starter-set.jpg?fit=1200%2C1200&ssl=1&resize=525%2C300 1.5x, https:\/\/i0.wp.com\/victoriavynn.ca\/wp-content\/uploads\/2024\/10\/gel-polish-starter-set.jpg?fit=1200%2C1200&ssl=1&resize=700%2C400 2x, https:\/\/i0.wp.com\/victoriavynn.ca\/wp-content\/uploads\/2024\/10\/gel-polish-starter-set.jpg?fit=1200%2C1200&ssl=1&resize=1050%2C600 3x"},"classes":[]}],"jetpack_sharing_enabled":true,"_links":{"self":[{"href":"https:\/\/victoriavynn.ca\/fr\/wp-json\/wp\/v2\/product\/18526","targetHints":{"allow":["GET"]}}],"collection":[{"href":"https:\/\/victoriavynn.ca\/fr\/wp-json\/wp\/v2\/product"}],"about":[{"href":"https:\/\/victoriavynn.ca\/fr\/wp-json\/wp\/v2\/types\/product"}],"replies":[{"embeddable":true,"href":"https:\/\/victoriavynn.ca\/fr\/wp-json\/wp\/v2\/comments?post=18526"}],"wp:featuredmedia":[{"embeddable":true,"href":"https:\/\/victoriavynn.ca\/fr\/wp-json\/wp\/v2\/media\/18527"}],"wp:attachment":[{"href":"https:\/\/victoriavynn.ca\/fr\/wp-json\/wp\/v2\/media?parent=18526"}],"wp:term":[{"taxonomy":"product_brand","embeddable":true,"href":"https:\/\/victoriavynn.ca\/fr\/wp-json\/wp\/v2\/product_brand?post=18526"},{"taxonomy":"product_cat","embeddable":true,"href":"https:\/\/victoriavynn.ca\/fr\/wp-json\/wp\/v2\/product_cat?post=18526"},{"taxonomy":"product_tag","embeddable":true,"href":"https:\/\/victoriavynn.ca\/fr\/wp-json\/wp\/v2\/product_tag?post=18526"}],"curies":[{"name":"wp","href":"https:\/\/api.w.org\/{rel}","templated":true}]}}