{"id":18538,"date":"2024-08-19T20:15:32","date_gmt":"2024-08-20T00:15:32","guid":{"rendered":"https:\/\/victoriavynn.ca\/product\/victoria-vynn-summer-pure-creamy-hybrid-collection-display\/"},"modified":"2026-02-13T18:37:50","modified_gmt":"2026-02-13T23:37:50","slug":"victoria-vynn-summer-pure-creamy-hybrid-collection-display","status":"publish","type":"product","link":"https:\/\/victoriavynn.ca\/fr\/product\/victoria-vynn-summer-pure-creamy-hybrid-collection-display\/","title":{"rendered":"Victoria VYNN Summer Pure Creamy Hybrid Collection Display"},"content":{"rendered":"","protected":false},"excerpt":{"rendered":"","protected":false},"featured_media":18539,"comment_status":"open","ping_status":"closed","template":"","meta":{"jetpack_post_was_ever_published":false,"jetpack_publicize_message":"","jetpack_publicize_feature_enabled":true,"jetpack_social_post_already_shared":true,"jetpack_social_options":{"image_generator_settings":{"template":"highway","default_image_id":0,"font":"","enabled":false},"version":2}},"product_brand":[],"product_cat":[31],"product_tag":[],"class_list":{"0":"post-18538","1":"product","2":"type-product","3":"status-publish","4":"has-post-thumbnail","6":"product_cat-nail-tools-and-accessories","8":"first","9":"instock","10":"taxable","11":"shipping-taxable","12":"purchasable","13":"product-type-simple"},"jetpack_publicize_connections":[],"jetpack-related-posts":[{"id":21181,"url":"https:\/\/victoriavynn.ca\/fr\/product\/victoria-vynn-pomodoro-pure-creamy-hybrid-collection-display\/","url_meta":{"origin":18538,"position":0},"title":"Victoria VYNN Pomodoro Pure Creamy Hybrid Collection Display","author":"Serge Sahakian","date":"mars 19, 2025","format":false,"excerpt":"","rel":"","context":"Similar post","block_context":{"text":"Similar post","link":""},"img":{"alt_text":"","src":"https:\/\/i0.wp.com\/victoriavynn.ca\/wp-content\/uploads\/2025\/03\/color-chart-display-pomodoro-1.jpg?fit=1200%2C1200&ssl=1&resize=350%2C200","width":350,"height":200,"srcset":"https:\/\/i0.wp.com\/victoriavynn.ca\/wp-content\/uploads\/2025\/03\/color-chart-display-pomodoro-1.jpg?fit=1200%2C1200&ssl=1&resize=350%2C200 1x, https:\/\/i0.wp.com\/victoriavynn.ca\/wp-content\/uploads\/2025\/03\/color-chart-display-pomodoro-1.jpg?fit=1200%2C1200&ssl=1&resize=525%2C300 1.5x, https:\/\/i0.wp.com\/victoriavynn.ca\/wp-content\/uploads\/2025\/03\/color-chart-display-pomodoro-1.jpg?fit=1200%2C1200&ssl=1&resize=700%2C400 2x, https:\/\/i0.wp.com\/victoriavynn.ca\/wp-content\/uploads\/2025\/03\/color-chart-display-pomodoro-1.jpg?fit=1200%2C1200&ssl=1&resize=1050%2C600 3x"},"classes":[]},{"id":22144,"url":"https:\/\/victoriavynn.ca\/fr\/product\/victoria-vynn-autumn-pure-creamy-hybrid-collection-display\/","url_meta":{"origin":18538,"position":1},"title":"Victoria VYNN Autumn Pure Creamy Hybrid Collection Display","author":"Serge Sahakian","date":"juin 18, 2025","format":false,"excerpt":"","rel":"","context":"Similar post","block_context":{"text":"Similar post","link":""},"img":{"alt_text":"","src":"https:\/\/i0.wp.com\/victoriavynn.ca\/wp-content\/uploads\/2025\/06\/color-chart-display-pure-autumn.jpg?fit=1200%2C1200&ssl=1&resize=350%2C200","width":350,"height":200,"srcset":"https:\/\/i0.wp.com\/victoriavynn.ca\/wp-content\/uploads\/2025\/06\/color-chart-display-pure-autumn.jpg?fit=1200%2C1200&ssl=1&resize=350%2C200 1x, https:\/\/i0.wp.com\/victoriavynn.ca\/wp-content\/uploads\/2025\/06\/color-chart-display-pure-autumn.jpg?fit=1200%2C1200&ssl=1&resize=525%2C300 1.5x, https:\/\/i0.wp.com\/victoriavynn.ca\/wp-content\/uploads\/2025\/06\/color-chart-display-pure-autumn.jpg?fit=1200%2C1200&ssl=1&resize=700%2C400 2x, https:\/\/i0.wp.com\/victoriavynn.ca\/wp-content\/uploads\/2025\/06\/color-chart-display-pure-autumn.jpg?fit=1200%2C1200&ssl=1&resize=1050%2C600 3x"},"classes":[]},{"id":18534,"url":"https:\/\/victoriavynn.ca\/fr\/product\/victoria-vynn-wedding-pure-creamy-hybrid-collection-display\/","url_meta":{"origin":18538,"position":2},"title":"Victoria VYNN Wedding Pure Creamy Hybrid Collection Display","author":"Serge Sahakian","date":"ao\u00fbt 19, 2024","format":false,"excerpt":"","rel":"","context":"Similar post","block_context":{"text":"Similar post","link":""},"img":{"alt_text":"","src":"https:\/\/i0.wp.com\/victoriavynn.ca\/wp-content\/uploads\/2024\/08\/color-chart-display-wedding-colors-pure.jpg?fit=1200%2C1200&ssl=1&resize=350%2C200","width":350,"height":200,"srcset":"https:\/\/i0.wp.com\/victoriavynn.ca\/wp-content\/uploads\/2024\/08\/color-chart-display-wedding-colors-pure.jpg?fit=1200%2C1200&ssl=1&resize=350%2C200 1x, https:\/\/i0.wp.com\/victoriavynn.ca\/wp-content\/uploads\/2024\/08\/color-chart-display-wedding-colors-pure.jpg?fit=1200%2C1200&ssl=1&resize=525%2C300 1.5x, https:\/\/i0.wp.com\/victoriavynn.ca\/wp-content\/uploads\/2024\/08\/color-chart-display-wedding-colors-pure.jpg?fit=1200%2C1200&ssl=1&resize=700%2C400 2x, https:\/\/i0.wp.com\/victoriavynn.ca\/wp-content\/uploads\/2024\/08\/color-chart-display-wedding-colors-pure.jpg?fit=1200%2C1200&ssl=1&resize=1050%2C600 3x"},"classes":[]},{"id":18546,"url":"https:\/\/victoriavynn.ca\/fr\/product\/victoria-vynn-awakening-pure-creamy-hybrid-collection-display\/","url_meta":{"origin":18538,"position":3},"title":"Victoria VYNN Awakening Pure Creamy Hybrid Collection Display","author":"Serge Sahakian","date":"ao\u00fbt 19, 2024","format":false,"excerpt":"","rel":"","context":"Similar post","block_context":{"text":"Similar post","link":""},"img":{"alt_text":"","src":"https:\/\/i0.wp.com\/victoriavynn.ca\/wp-content\/uploads\/2024\/08\/color-chart-display-pure-awakening.jpg?fit=1200%2C1200&ssl=1&resize=350%2C200","width":350,"height":200,"srcset":"https:\/\/i0.wp.com\/victoriavynn.ca\/wp-content\/uploads\/2024\/08\/color-chart-display-pure-awakening.jpg?fit=1200%2C1200&ssl=1&resize=350%2C200 1x, https:\/\/i0.wp.com\/victoriavynn.ca\/wp-content\/uploads\/2024\/08\/color-chart-display-pure-awakening.jpg?fit=1200%2C1200&ssl=1&resize=525%2C300 1.5x, https:\/\/i0.wp.com\/victoriavynn.ca\/wp-content\/uploads\/2024\/08\/color-chart-display-pure-awakening.jpg?fit=1200%2C1200&ssl=1&resize=700%2C400 2x, https:\/\/i0.wp.com\/victoriavynn.ca\/wp-content\/uploads\/2024\/08\/color-chart-display-pure-awakening.jpg?fit=1200%2C1200&ssl=1&resize=1050%2C600 3x"},"classes":[]},{"id":4447,"url":"https:\/\/victoriavynn.ca\/fr\/product\/summer-peach-nails-007-sweet-ice-cream\/","url_meta":{"origin":18538,"position":4},"title":"Vernis gel hybride Pure Creamy No. 007 Sweet Ice Cream","author":"Serge Sahakian","date":"septembre 2, 2022","format":false,"excerpt":"Adorable Summer Peach Nails! Victoria VYNN Pure Creamy Hybrid Gel Nail Polish Sweet Ice Cream No. 007 is the best selling peach colored gel nail polish. Canada's Leading Distributor of Professional Nail Supplies. Buy with Confidence! Product Specifications: \u00a0 \u00a0 \u00a0 \u00a0 \u00a0 \u00a0 \u00a0 Stock Availability:","rel":"","context":"Similar post","block_context":{"text":"Similar post","link":""},"img":{"alt_text":"adorable summer peach nails 007 victoria vynn pure creamy sweet ice cream","src":"https:\/\/i0.wp.com\/victoriavynn.ca\/wp-content\/uploads\/2022\/09\/adorable-summer-peach-nails-007-victoria-vynn-pure-creamy-sweet-ice-cream.webp?fit=750%2C1000&ssl=1&resize=350%2C200","width":350,"height":200,"srcset":"https:\/\/i0.wp.com\/victoriavynn.ca\/wp-content\/uploads\/2022\/09\/adorable-summer-peach-nails-007-victoria-vynn-pure-creamy-sweet-ice-cream.webp?fit=750%2C1000&ssl=1&resize=350%2C200 1x, https:\/\/i0.wp.com\/victoriavynn.ca\/wp-content\/uploads\/2022\/09\/adorable-summer-peach-nails-007-victoria-vynn-pure-creamy-sweet-ice-cream.webp?fit=750%2C1000&ssl=1&resize=525%2C300 1.5x, https:\/\/i0.wp.com\/victoriavynn.ca\/wp-content\/uploads\/2022\/09\/adorable-summer-peach-nails-007-victoria-vynn-pure-creamy-sweet-ice-cream.webp?fit=750%2C1000&ssl=1&resize=700%2C400 2x"},"classes":[]},{"id":4403,"url":"https:\/\/victoriavynn.ca\/fr\/product\/best-turquoise-nails-032-turquoise-island\/","url_meta":{"origin":18538,"position":5},"title":"Pure Creamy Hybrid Gel Polish No. 032 Turquoise Island","author":"Serge Sahakian","date":"septembre 2, 2022","format":false,"excerpt":"De magnifiques ongles turquoise pour l'\u00e9t\u00e9 ! Victoria VYNN Pure Creamy Hybrid High Pigment Gel Polish 032 Turquoise Island est un turquoise noble qui \u00e9voque des souvenirs de vacances lointaines. Le premier distributeur canadien de fournitures professionnelles pour les ongles. Achetez en toute confiance ! Sp\u00e9cifications du produit :               Disponibilit\u00e9 du stock :","rel":"","context":"Similar post","block_context":{"text":"Similar post","link":""},"img":{"alt_text":"Best Summer Turquoise Nails Victoria VYNN Pure Cream Hybrid Turquoise Islan 032","src":"https:\/\/i0.wp.com\/victoriavynn.ca\/wp-content\/uploads\/2022\/09\/Best-Summer-Turquoise-Nails-Victoria-VYNN-Pure-Cream-Hybrid-Turquoise-Islan-032-1-1.webp?fit=750%2C1000&ssl=1&resize=350%2C200","width":350,"height":200,"srcset":"https:\/\/i0.wp.com\/victoriavynn.ca\/wp-content\/uploads\/2022\/09\/Best-Summer-Turquoise-Nails-Victoria-VYNN-Pure-Cream-Hybrid-Turquoise-Islan-032-1-1.webp?fit=750%2C1000&ssl=1&resize=350%2C200 1x, https:\/\/i0.wp.com\/victoriavynn.ca\/wp-content\/uploads\/2022\/09\/Best-Summer-Turquoise-Nails-Victoria-VYNN-Pure-Cream-Hybrid-Turquoise-Islan-032-1-1.webp?fit=750%2C1000&ssl=1&resize=525%2C300 1.5x, https:\/\/i0.wp.com\/victoriavynn.ca\/wp-content\/uploads\/2022\/09\/Best-Summer-Turquoise-Nails-Victoria-VYNN-Pure-Cream-Hybrid-Turquoise-Islan-032-1-1.webp?fit=750%2C1000&ssl=1&resize=700%2C400 2x"},"classes":[]}],"jetpack_sharing_enabled":true,"_links":{"self":[{"href":"https:\/\/victoriavynn.ca\/fr\/wp-json\/wp\/v2\/product\/18538","targetHints":{"allow":["GET"]}}],"collection":[{"href":"https:\/\/victoriavynn.ca\/fr\/wp-json\/wp\/v2\/product"}],"about":[{"href":"https:\/\/victoriavynn.ca\/fr\/wp-json\/wp\/v2\/types\/product"}],"replies":[{"embeddable":true,"href":"https:\/\/victoriavynn.ca\/fr\/wp-json\/wp\/v2\/comments?post=18538"}],"wp:featuredmedia":[{"embeddable":true,"href":"https:\/\/victoriavynn.ca\/fr\/wp-json\/wp\/v2\/media\/18539"}],"wp:attachment":[{"href":"https:\/\/victoriavynn.ca\/fr\/wp-json\/wp\/v2\/media?parent=18538"}],"wp:term":[{"taxonomy":"product_brand","embeddable":true,"href":"https:\/\/victoriavynn.ca\/fr\/wp-json\/wp\/v2\/product_brand?post=18538"},{"taxonomy":"product_cat","embeddable":true,"href":"https:\/\/victoriavynn.ca\/fr\/wp-json\/wp\/v2\/product_cat?post=18538"},{"taxonomy":"product_tag","embeddable":true,"href":"https:\/\/victoriavynn.ca\/fr\/wp-json\/wp\/v2\/product_tag?post=18538"}],"curies":[{"name":"wp","href":"https:\/\/api.w.org\/{rel}","templated":true}]}}