{"id":18556,"date":"2024-08-19T20:55:25","date_gmt":"2024-08-20T00:55:25","guid":{"rendered":"https:\/\/victoriavynn.ca\/product\/pharm-foot-cracked-heel-protector-20ml-ozone-oil-line\/"},"modified":"2026-03-22T14:10:52","modified_gmt":"2026-03-22T18:10:52","slug":"pharm-foot-cracked-heel-protector-20ml-ozone-oil-line","status":"publish","type":"product","link":"https:\/\/victoriavynn.ca\/fr\/product\/pharm-foot-cracked-heel-protector-20ml-ozone-oil-line\/","title":{"rendered":"Pharm Foot CRACKED HEEL PROTECTOR 20ml (Ozone Oil Line)"},"content":{"rendered":"<div class=\"title\">\n<div class=\"title\">\n<p>Pharm Foot <strong>PROT\u00c8GE-TALON FISSUR\u00c9<\/strong> est v\u00e9ritablement la meilleure pommade r\u00e9paratrice pour talons crevass\u00e9s. Gr\u00e2ce \u00e0 son puissant effet r\u00e9g\u00e9n\u00e9rant, CRACKED HEEL PROTECTOR soutient les processus de r\u00e9paration de la peau et cr\u00e9e une couche occlusive, emp\u00eachant la perte excessive d'eau. Il apaise, donne \u00e0 la peau \u00e9lasticit\u00e9, douceur et souplesse et assure une protection antimicrobienne.<\/p>\n<p>Pour le salon et la maison - Capacit\u00e9\u00a0<strong>20ml<\/strong><br \/>(environ 12 traitements)<\/p>\n<p>\u00c9galement disponible ,<\/p>\n<p>Pour les salons et la maison - <a href=\"https:\/\/victoriavynn.ca\/fr\/produit\/pharm-foot-cracked-heel-balm-75ml\/\">Capacit\u00e9 <strong>75ml<\/strong><\/a><br \/>(environ 40 traitements)<\/p>\n<p>Pour les salons et la maison - <a href=\"https:\/\/victoriavynn.ca\/fr\/produit\/pharm-foot-cracked-heel-repair-protector\/\">Capacit\u00e9 <strong>200ml<\/strong><\/a><br \/>(environ 125 traitements)<\/p>\n<div class=\"title\">\n<h2>RECOMMANDATIONS<br \/><strong>Protecteur de talon fissur\u00e9 20ml<\/strong><\/h2>\n<\/div>\n<div class=\"text text-2\">\n<ul>\n<li>pommade nourrissante pour la r\u00e9g\u00e9n\u00e9ration intensive de la peau s\u00e8che, rugueuse et crevass\u00e9e du talon<\/li>\n<li>\u00e9galement recommand\u00e9 pour les diab\u00e9tiques<\/li>\n<\/ul>\n<\/div>\n<\/div>\n<div class=\"text text-2\">\n<div class=\"title\">\n<div class=\"title\">\n<h2>EFFET<br \/><strong>Protecteur de talon fissur\u00e9 20ml<\/strong><\/h2>\n<\/div>\n<div class=\"text text-2\">\n<ul>\n<li>a un fort effet r\u00e9g\u00e9n\u00e9rant<\/li>\n<li>favorise les processus de r\u00e9paration de la peau<\/li>\n<li>cr\u00e9e une couche occlusive, emp\u00eache la perte excessive d'eau<\/li>\n<li>apaise, donne de l'\u00e9lasticit\u00e9, de la douceur et de la souplesse \u00e0 la peau<\/li>\n<li>assure une protection antimicrobienne<\/li>\n<\/ul>\n<\/div>\n<\/div>\n<div class=\"text text-2\">\n<div class=\"title\">\n<div class=\"title\">\n<h2>MODE D'EMPLOI<br \/><strong>Protecteur de talon fissur\u00e9 20ml<\/strong><\/h2>\n<\/div>\n<div class=\"text text-2\">\n<ul>\n<li>appliquer la pommade sur une zone nettoy\u00e9e<\/li>\n<li>utilisation sous occlusion d'un film pendant ou \u00e0 la fin du traitement<\/li>\n<li>utiliser le soir en raison de la richesse de la composition des ingr\u00e9dients<\/li>\n<\/ul>\n<\/div>\n<\/div>\n<div class=\"text text-2\">\n<div class=\"title\">\n<h2>INGREDIENTS<br \/><strong>Protecteur de talon fissur\u00e9 20ml<\/strong><\/h2>\n<\/div>\n<div class=\"text text-center\">\n<div class=\"wrapper-3\">\n<p style=\"text-align: left;\">Aqua, Lanolin, Urea, Petrolatum, Glycerin, Cocoglycerides, Cetearyl Alcohol, Glyceryl Stearates, Butyrospermum parksi Butter, Cetyl Alcohol, Ozonized Olive Oil, Sodium Caproyl \/ Lauroyl Lactylate, Triethyl Citrate, Prunus Amygdalus Dulcis Oil, Olus, Olus , Lactic Acid, Triethanolamine, Climbazole, Disodium EDTA, Sodium Polyacrylate, Allantoin, Citronellyl Methylcrotonate, Ceteareth-20, Panthenol, Citric Acid, Parfum, Phenoxyethanol, Methylparaben, Propylparaben, Polyacrylate, Polyacrylate-20, Polyacrylate-paraben, Polyacrylate 20, Isost\u00e9arate de polyacrylate-paraben, gomme xanthane, l\u00e9cithine, palmitate d'ascorbyle, ol\u00e9ate de glyc\u00e9ryle, citronellol, eug\u00e9nol, hexyl cinnamal, limon\u00e8ne, linalol, alpha-isom\u00e9thyl ionone.<\/p>\n<\/div>\n<\/div>\n<\/div>\n<\/div>\n<\/div>\n<\/div>\n\n\n<p>Le produit a pass\u00e9 avec succ\u00e8s les tests in vivo d'activit\u00e9 antibact\u00e9rienne et antifongique.<strong>.<\/strong><\/p>","protected":false},"excerpt":{"rendered":"<p>Pharm Foot <strong>PROT\u00c8GE-TALON FISSUR\u00c9<\/strong> est v\u00e9ritablement la meilleure pommade r\u00e9paratrice pour talons crevass\u00e9s. Gr\u00e2ce \u00e0 son puissant effet r\u00e9g\u00e9n\u00e9rant, CRACKED HEEL PROTECTOR soutient les processus de r\u00e9paration de la peau et cr\u00e9e une couche occlusive, emp\u00eachant la perte excessive d'eau. Il apaise, donne \u00e0 la peau \u00e9lasticit\u00e9, douceur et souplesse et assure une protection antimicrobienne.<\/p>\n<p>Pour le salon et la maison - Capacit\u00e9\u00a0<strong>20ml<\/strong> (environ 12 traitements)<\/p>\n<p>\u00c9galement disponible ,<\/p>\n<p>Pour les salons et la maison - <a href=\"https:\/\/victoriavynn.ca\/fr\/produit\/pharm-foot-cracked-heel-balm-75ml\/\">Capacit\u00e9 <strong>75ml<\/strong><\/a> (environ 40 traitements)<\/p>\n<p>Pour les salons et la maison - <a href=\"https:\/\/victoriavynn.ca\/fr\/produit\/pharm-foot-cracked-heel-repair-protector\/\">Capacit\u00e9 <strong>200ml<\/strong><\/a> (environ 125 traitements)<\/p>\n<p>&nbsp;<\/p>\n<p>Ingr\u00e9dients actifs :<\/p>\n<p><img loading=\"lazy\" decoding=\"async\" class=\"size-full wp-image-20457 alignleft\" src=\"http:\/\/victoriavynn.ca\/wp-content\/uploads\/2023\/03\/lanolin-final.webp\" alt=\"LANOLIN Final\" width=\"150\" height=\"150\" srcset=\"https:\/\/i0.wp.com\/victoriavynn.ca\/wp-content\/uploads\/2023\/03\/lanolin-final.webp?w=150&amp;ssl=1 150w, https:\/\/i0.wp.com\/victoriavynn.ca\/wp-content\/uploads\/2023\/03\/lanolin-final.webp?resize=12%2C12&amp;ssl=1 12w, https:\/\/i0.wp.com\/victoriavynn.ca\/wp-content\/uploads\/2023\/03\/lanolin-final.webp?resize=32%2C32&amp;ssl=1 32w, https:\/\/i0.wp.com\/victoriavynn.ca\/wp-content\/uploads\/2023\/03\/lanolin-final.webp?resize=50%2C50&amp;ssl=1 50w, https:\/\/i0.wp.com\/victoriavynn.ca\/wp-content\/uploads\/2023\/03\/lanolin-final.webp?resize=100%2C100&amp;ssl=1 100w, https:\/\/i0.wp.com\/victoriavynn.ca\/wp-content\/uploads\/2023\/03\/lanolin-final.webp?resize=64%2C64&amp;ssl=1 64w\" sizes=\"auto, (max-width: 150px) 100vw, 150px\" \/> <img loading=\"lazy\" decoding=\"async\" class=\"size-full wp-image-20458 alignleft\" src=\"http:\/\/victoriavynn.ca\/wp-content\/uploads\/2023\/03\/almond-oil-final.webp\" alt=\"Huile d&#039;amande finale\" width=\"150\" height=\"150\" srcset=\"https:\/\/i0.wp.com\/victoriavynn.ca\/wp-content\/uploads\/2023\/03\/almond-oil-final.webp?w=150&amp;ssl=1 150w, https:\/\/i0.wp.com\/victoriavynn.ca\/wp-content\/uploads\/2023\/03\/almond-oil-final.webp?resize=12%2C12&amp;ssl=1 12w, https:\/\/i0.wp.com\/victoriavynn.ca\/wp-content\/uploads\/2023\/03\/almond-oil-final.webp?resize=32%2C32&amp;ssl=1 32w, https:\/\/i0.wp.com\/victoriavynn.ca\/wp-content\/uploads\/2023\/03\/almond-oil-final.webp?resize=50%2C50&amp;ssl=1 50w, https:\/\/i0.wp.com\/victoriavynn.ca\/wp-content\/uploads\/2023\/03\/almond-oil-final.webp?resize=100%2C100&amp;ssl=1 100w, https:\/\/i0.wp.com\/victoriavynn.ca\/wp-content\/uploads\/2023\/03\/almond-oil-final.webp?resize=64%2C64&amp;ssl=1 64w\" sizes=\"auto, (max-width: 150px) 100vw, 150px\" \/><img loading=\"lazy\" decoding=\"async\" class=\"size-full wp-image-20431 alignleft\" src=\"http:\/\/victoriavynn.ca\/wp-content\/uploads\/2023\/03\/oilve-oil-final.webp\" alt=\"huile d&#039;olive huile FINAL\" width=\"150\" height=\"150\" srcset=\"https:\/\/i0.wp.com\/victoriavynn.ca\/wp-content\/uploads\/2023\/03\/oilve-oil-final.webp?w=150&amp;ssl=1 150w, https:\/\/i0.wp.com\/victoriavynn.ca\/wp-content\/uploads\/2023\/03\/oilve-oil-final.webp?resize=12%2C12&amp;ssl=1 12w, https:\/\/i0.wp.com\/victoriavynn.ca\/wp-content\/uploads\/2023\/03\/oilve-oil-final.webp?resize=32%2C32&amp;ssl=1 32w, https:\/\/i0.wp.com\/victoriavynn.ca\/wp-content\/uploads\/2023\/03\/oilve-oil-final.webp?resize=50%2C50&amp;ssl=1 50w, https:\/\/i0.wp.com\/victoriavynn.ca\/wp-content\/uploads\/2023\/03\/oilve-oil-final.webp?resize=100%2C100&amp;ssl=1 100w, https:\/\/i0.wp.com\/victoriavynn.ca\/wp-content\/uploads\/2023\/03\/oilve-oil-final.webp?resize=64%2C64&amp;ssl=1 64w\" sizes=\"auto, (max-width: 150px) 100vw, 150px\" \/> <img loading=\"lazy\" decoding=\"async\" class=\"size-full wp-image-20425 alignleft\" src=\"http:\/\/victoriavynn.ca\/wp-content\/uploads\/2023\/03\/allantoin-final.webp\" alt=\"ALLANTO\u00cfNE FINALE\" width=\"150\" height=\"150\" srcset=\"https:\/\/i0.wp.com\/victoriavynn.ca\/wp-content\/uploads\/2023\/03\/allantoin-final.webp?w=150&amp;ssl=1 150w, https:\/\/i0.wp.com\/victoriavynn.ca\/wp-content\/uploads\/2023\/03\/allantoin-final.webp?resize=12%2C12&amp;ssl=1 12w, https:\/\/i0.wp.com\/victoriavynn.ca\/wp-content\/uploads\/2023\/03\/allantoin-final.webp?resize=32%2C32&amp;ssl=1 32w, https:\/\/i0.wp.com\/victoriavynn.ca\/wp-content\/uploads\/2023\/03\/allantoin-final.webp?resize=50%2C50&amp;ssl=1 50w, https:\/\/i0.wp.com\/victoriavynn.ca\/wp-content\/uploads\/2023\/03\/allantoin-final.webp?resize=100%2C100&amp;ssl=1 100w, https:\/\/i0.wp.com\/victoriavynn.ca\/wp-content\/uploads\/2023\/03\/allantoin-final.webp?resize=64%2C64&amp;ssl=1 64w\" sizes=\"auto, (max-width: 150px) 100vw, 150px\" \/> <img loading=\"lazy\" decoding=\"async\" class=\"size-full wp-image-20442 alignleft\" src=\"http:\/\/victoriavynn.ca\/wp-content\/uploads\/2024\/04\/urea-final.webp\" alt=\"UREA FINALE\" width=\"150\" height=\"150\" srcset=\"https:\/\/i0.wp.com\/victoriavynn.ca\/wp-content\/uploads\/2024\/04\/urea-final.webp?w=150&amp;ssl=1 150w, https:\/\/i0.wp.com\/victoriavynn.ca\/wp-content\/uploads\/2024\/04\/urea-final.webp?resize=12%2C12&amp;ssl=1 12w, https:\/\/i0.wp.com\/victoriavynn.ca\/wp-content\/uploads\/2024\/04\/urea-final.webp?resize=32%2C32&amp;ssl=1 32w, https:\/\/i0.wp.com\/victoriavynn.ca\/wp-content\/uploads\/2024\/04\/urea-final.webp?resize=50%2C50&amp;ssl=1 50w, https:\/\/i0.wp.com\/victoriavynn.ca\/wp-content\/uploads\/2024\/04\/urea-final.webp?resize=100%2C100&amp;ssl=1 100w, https:\/\/i0.wp.com\/victoriavynn.ca\/wp-content\/uploads\/2024\/04\/urea-final.webp?resize=64%2C64&amp;ssl=1 64w\" sizes=\"auto, (max-width: 150px) 100vw, 150px\" \/> <img loading=\"lazy\" decoding=\"async\" class=\"size-full wp-image-20427 alignleft\" src=\"http:\/\/victoriavynn.ca\/wp-content\/uploads\/2023\/03\/panthenol-final.webp\" alt=\"PANTH\u00c9NOL FINAL\" width=\"150\" height=\"150\" srcset=\"https:\/\/i0.wp.com\/victoriavynn.ca\/wp-content\/uploads\/2023\/03\/panthenol-final.webp?w=150&amp;ssl=1 150w, https:\/\/i0.wp.com\/victoriavynn.ca\/wp-content\/uploads\/2023\/03\/panthenol-final.webp?resize=12%2C12&amp;ssl=1 12w, https:\/\/i0.wp.com\/victoriavynn.ca\/wp-content\/uploads\/2023\/03\/panthenol-final.webp?resize=32%2C32&amp;ssl=1 32w, https:\/\/i0.wp.com\/victoriavynn.ca\/wp-content\/uploads\/2023\/03\/panthenol-final.webp?resize=50%2C50&amp;ssl=1 50w, https:\/\/i0.wp.com\/victoriavynn.ca\/wp-content\/uploads\/2023\/03\/panthenol-final.webp?resize=100%2C100&amp;ssl=1 100w, https:\/\/i0.wp.com\/victoriavynn.ca\/wp-content\/uploads\/2023\/03\/panthenol-final.webp?resize=64%2C64&amp;ssl=1 64w\" sizes=\"auto, (max-width: 150px) 100vw, 150px\" \/><img loading=\"lazy\" decoding=\"async\" class=\"size-full wp-image-20447 alignleft\" src=\"http:\/\/victoriavynn.ca\/wp-content\/uploads\/2024\/04\/shea-butter-final.webp\" alt=\"Beurre de karit\u00e9\" width=\"150\" height=\"150\" srcset=\"https:\/\/i0.wp.com\/victoriavynn.ca\/wp-content\/uploads\/2024\/04\/shea-butter-final.webp?w=150&amp;ssl=1 150w, https:\/\/i0.wp.com\/victoriavynn.ca\/wp-content\/uploads\/2024\/04\/shea-butter-final.webp?resize=12%2C12&amp;ssl=1 12w, https:\/\/i0.wp.com\/victoriavynn.ca\/wp-content\/uploads\/2024\/04\/shea-butter-final.webp?resize=32%2C32&amp;ssl=1 32w, https:\/\/i0.wp.com\/victoriavynn.ca\/wp-content\/uploads\/2024\/04\/shea-butter-final.webp?resize=50%2C50&amp;ssl=1 50w, https:\/\/i0.wp.com\/victoriavynn.ca\/wp-content\/uploads\/2024\/04\/shea-butter-final.webp?resize=100%2C100&amp;ssl=1 100w, https:\/\/i0.wp.com\/victoriavynn.ca\/wp-content\/uploads\/2024\/04\/shea-butter-final.webp?resize=64%2C64&amp;ssl=1 64w\" sizes=\"auto, (max-width: 150px) 100vw, 150px\" \/><\/p>\n<p>&nbsp;<\/p>\n<p>&nbsp;<\/p>\n<p>&nbsp;<\/p>\n<p>&nbsp;<\/p>","protected":false},"featured_media":20471,"comment_status":"open","ping_status":"closed","template":"","meta":{"jetpack_post_was_ever_published":false,"jetpack_publicize_message":"","jetpack_publicize_feature_enabled":true,"jetpack_social_post_already_shared":true,"jetpack_social_options":{"image_generator_settings":{"template":"highway","default_image_id":0,"font":"","enabled":false},"version":2}},"product_brand":[],"product_cat":[551],"product_tag":[],"class_list":{"0":"post-18556","1":"product","2":"type-product","3":"status-publish","4":"has-post-thumbnail","6":"product_cat-ozone-oil-line","8":"first","9":"instock","10":"taxable","11":"shipping-taxable","12":"purchasable","13":"product-type-simple"},"jetpack_publicize_connections":[],"jetpack-related-posts":[{"id":10997,"url":"https:\/\/victoriavynn.ca\/fr\/product\/pharm-foot-cracked-heel-repair-protector\/","url_meta":{"origin":18556,"position":0},"title":"Pharm Foot CRACKED HEEL PROTECTOR 200 ml (Ozone Oil Line)","author":"Serge Sahakian","date":"mars 9, 2023","format":false,"excerpt":"Pharm Foot CRACKED HEEL PROTECTOR est vraiment la meilleure pommade pour r\u00e9parer les talons crevass\u00e9s. Gr\u00e2ce \u00e0 son puissant effet r\u00e9g\u00e9n\u00e9rant, CRACKED HEEL PROTECTOR soutient les processus de r\u00e9paration de la peau et cr\u00e9e une couche occlusive, emp\u00eachant la perte excessive d'eau. Il apaise, donne \u00e0 la peau \u00e9lasticit\u00e9, douceur et souplesse et assure une protection antimicrobienne....","rel":"","context":"Similar post","block_context":{"text":"Similar post","link":""},"img":{"alt_text":"Pharm Foot Best Cracked Heel Repair Ointment Cracked Heel Protector 200ml","src":"https:\/\/i0.wp.com\/victoriavynn.ca\/wp-content\/uploads\/2023\/03\/Pharm-Foot-Best-Cracked-Heel-Repair-Ointment-Cracked-Heel-Protector-200ml.webp?fit=750%2C1000&ssl=1&resize=350%2C200","width":350,"height":200,"srcset":"https:\/\/i0.wp.com\/victoriavynn.ca\/wp-content\/uploads\/2023\/03\/Pharm-Foot-Best-Cracked-Heel-Repair-Ointment-Cracked-Heel-Protector-200ml.webp?fit=750%2C1000&ssl=1&resize=350%2C200 1x, https:\/\/i0.wp.com\/victoriavynn.ca\/wp-content\/uploads\/2023\/03\/Pharm-Foot-Best-Cracked-Heel-Repair-Ointment-Cracked-Heel-Protector-200ml.webp?fit=750%2C1000&ssl=1&resize=525%2C300 1.5x, https:\/\/i0.wp.com\/victoriavynn.ca\/wp-content\/uploads\/2023\/03\/Pharm-Foot-Best-Cracked-Heel-Repair-Ointment-Cracked-Heel-Protector-200ml.webp?fit=750%2C1000&ssl=1&resize=700%2C400 2x"},"classes":[]},{"id":10995,"url":"https:\/\/victoriavynn.ca\/fr\/product\/pharm-foot-cracked-heel-balm-75ml\/","url_meta":{"origin":18556,"position":1},"title":"Pharm Foot CRACKED HEEL PROTECTOR 75ml (Ozone Oil Line)","author":"Serge Sahakian","date":"mars 9, 2023","format":false,"excerpt":"Pharm Foot CRACKED HEEL PROTECTOR est vraiment la meilleure pommade pour r\u00e9parer les talons crevass\u00e9s. Gr\u00e2ce \u00e0 son puissant effet r\u00e9g\u00e9n\u00e9rant, CRACKED HEEL PROTECTOR soutient les processus de r\u00e9paration de la peau et cr\u00e9e une couche occlusive, emp\u00eachant la perte excessive d'eau. Il apaise, donne \u00e0 la peau \u00e9lasticit\u00e9, douceur et souplesse et assure une protection antimicrobienne....","rel":"","context":"Similar post","block_context":{"text":"Similar post","link":""},"img":{"alt_text":"Pharm Foot Best Cracked Heel Balm Ointment Cracked Heel Protector 75ml","src":"https:\/\/i0.wp.com\/victoriavynn.ca\/wp-content\/uploads\/2023\/03\/Pharm-Foot-Best-Cracked-Heel-Repair-Ointment-Cracked-Heel-Protector-75ml-.webp?fit=750%2C1000&ssl=1&resize=350%2C200","width":350,"height":200,"srcset":"https:\/\/i0.wp.com\/victoriavynn.ca\/wp-content\/uploads\/2023\/03\/Pharm-Foot-Best-Cracked-Heel-Repair-Ointment-Cracked-Heel-Protector-75ml-.webp?fit=750%2C1000&ssl=1&resize=350%2C200 1x, https:\/\/i0.wp.com\/victoriavynn.ca\/wp-content\/uploads\/2023\/03\/Pharm-Foot-Best-Cracked-Heel-Repair-Ointment-Cracked-Heel-Protector-75ml-.webp?fit=750%2C1000&ssl=1&resize=525%2C300 1.5x, https:\/\/i0.wp.com\/victoriavynn.ca\/wp-content\/uploads\/2023\/03\/Pharm-Foot-Best-Cracked-Heel-Repair-Ointment-Cracked-Heel-Protector-75ml-.webp?fit=750%2C1000&ssl=1&resize=700%2C400 2x"},"classes":[]},{"id":11344,"url":"https:\/\/victoriavynn.ca\/fr\/product\/best-protective-pedicure-barrier-ointment\/","url_meta":{"origin":18556,"position":2},"title":"Pharm Foot PREVENTIC SALVE 75ml (Ozone Oil &amp; Herbs Line)","author":"Serge Sahakian","date":"avril 13, 2023","format":false,"excerpt":"Pharm Foot PREVENTIC SALVE figure parmi les meilleures pommades protectrices pour les pieds, la peau, les mains et le corps. Elle forme une couche occlusive qui prot\u00e8ge la peau de la perte d'humidit\u00e9 et des facteurs externes. En outre, il renforce et am\u00e9liore l'\u00e9tat de la peau. Pour les salons et l'usage domestique...","rel":"","context":"Similar post","block_context":{"text":"Similar post","link":""},"img":{"alt_text":"pharm foot best protective pedicure barrier ointment pharm foot","src":"https:\/\/i0.wp.com\/victoriavynn.ca\/wp-content\/uploads\/2023\/04\/pharm-foot-best-protective-pedicure-barrier-ointment-pharm-foot.webp?fit=750%2C1000&ssl=1&resize=350%2C200","width":350,"height":200,"srcset":"https:\/\/i0.wp.com\/victoriavynn.ca\/wp-content\/uploads\/2023\/04\/pharm-foot-best-protective-pedicure-barrier-ointment-pharm-foot.webp?fit=750%2C1000&ssl=1&resize=350%2C200 1x, https:\/\/i0.wp.com\/victoriavynn.ca\/wp-content\/uploads\/2023\/04\/pharm-foot-best-protective-pedicure-barrier-ointment-pharm-foot.webp?fit=750%2C1000&ssl=1&resize=525%2C300 1.5x, https:\/\/i0.wp.com\/victoriavynn.ca\/wp-content\/uploads\/2023\/04\/pharm-foot-best-protective-pedicure-barrier-ointment-pharm-foot.webp?fit=750%2C1000&ssl=1&resize=700%2C400 2x"},"classes":[]},{"id":17504,"url":"https:\/\/victoriavynn.ca\/fr\/product\/pharm-foot-urea-forte-75ml-urea-line\/","url_meta":{"origin":18556,"position":3},"title":"Pharm Foot Urea Forte 75ml (Ligne Urea)","author":"Serge Sahakian","date":"avril 7, 2024","format":false,"excerpt":"Pommade contre la k\u00e9ratisation de la peau avec UREA et \u00e9mollients Capacit\u00e9 75ml (environ 40 traitements) Ingr\u00e9dients actifs :","rel":"","context":"Similar post","block_context":{"text":"Similar post","link":""},"img":{"alt_text":"","src":"https:\/\/i0.wp.com\/victoriavynn.ca\/wp-content\/uploads\/2024\/04\/pharm-foot-urea-forte-1-5.webp?fit=750%2C1000&ssl=1&resize=350%2C200","width":350,"height":200,"srcset":"https:\/\/i0.wp.com\/victoriavynn.ca\/wp-content\/uploads\/2024\/04\/pharm-foot-urea-forte-1-5.webp?fit=750%2C1000&ssl=1&resize=350%2C200 1x, https:\/\/i0.wp.com\/victoriavynn.ca\/wp-content\/uploads\/2024\/04\/pharm-foot-urea-forte-1-5.webp?fit=750%2C1000&ssl=1&resize=525%2C300 1.5x, https:\/\/i0.wp.com\/victoriavynn.ca\/wp-content\/uploads\/2024\/04\/pharm-foot-urea-forte-1-5.webp?fit=750%2C1000&ssl=1&resize=700%2C400 2x"},"classes":[]},{"id":10981,"url":"https:\/\/victoriavynn.ca\/fr\/product\/hand-and-body-serum-for-dry-skin\/","url_meta":{"origin":18556,"position":4},"title":"Pharm Foot bioACTIVATOR 400ml (Ligne Colostrum)","author":"Serge Sahakian","date":"mars 9, 2023","format":false,"excerpt":"Pharm Foot bioACTIVATOR - S\u00c9RUM R\u00c9G\u00c9N\u00c9RATEUR POUR LE CORPS ET LES MAINS au colostrum et au beurre de karit\u00e9 est d\u00e9sign\u00e9 comme le meilleur s\u00e9rum pour les mains et le corps pour les peaux s\u00e8ches. bioACTIVATOR apaise les irritations, adoucit et \u00e9claircit l'\u00e9piderme. Il renforce et am\u00e9liore visiblement l'\u00e9tat de la peau. Pour les salons et...","rel":"","context":"Similar post","block_context":{"text":"Similar post","link":""},"img":{"alt_text":"Pharm Foot Best Hand and Body Serum for dry Skin Colostrum BioActivator","src":"https:\/\/i0.wp.com\/victoriavynn.ca\/wp-content\/uploads\/2023\/03\/Pharm-Foot-Best-Hand-and-Body-Serum-for-dry-Skin-Colostrum-BioActivator-.webp?fit=750%2C1000&ssl=1&resize=350%2C200","width":350,"height":200,"srcset":"https:\/\/i0.wp.com\/victoriavynn.ca\/wp-content\/uploads\/2023\/03\/Pharm-Foot-Best-Hand-and-Body-Serum-for-dry-Skin-Colostrum-BioActivator-.webp?fit=750%2C1000&ssl=1&resize=350%2C200 1x, https:\/\/i0.wp.com\/victoriavynn.ca\/wp-content\/uploads\/2023\/03\/Pharm-Foot-Best-Hand-and-Body-Serum-for-dry-Skin-Colostrum-BioActivator-.webp?fit=750%2C1000&ssl=1&resize=525%2C300 1.5x, https:\/\/i0.wp.com\/victoriavynn.ca\/wp-content\/uploads\/2023\/03\/Pharm-Foot-Best-Hand-and-Body-Serum-for-dry-Skin-Colostrum-BioActivator-.webp?fit=750%2C1000&ssl=1&resize=700%2C400 2x"},"classes":[]},{"id":11340,"url":"https:\/\/victoriavynn.ca\/fr\/product\/salon-herbal-pedicure-salt-1250g\/","url_meta":{"origin":18556,"position":5},"title":"Pharm Foot Herbal reMEDY 1250g (Ligne Ozone Oil &amp; Herbs)","author":"Serge Sahakian","date":"avril 13, 2023","format":false,"excerpt":"Meilleur sel de p\u00e9dicure \u00e0 base de plantes de salon. Pharm Foot Herbal reMEDY est un produit tr\u00e8s bien class\u00e9 en mati\u00e8re de soulagement.  Herbal reMEDY soulage les pieds fatigu\u00e9s et lourds et r\u00e9duit leur gonflement. Pour le salon et la maison - Capacit\u00e9 1250g (environ 30 traitements) Sp\u00e9cifications des produits :          ...","rel":"","context":"Similar post","block_context":{"text":"Similar post","link":""},"img":{"alt_text":"Pharm Foot best salon herbal pedicure salt Pharm Foot 1250g","src":"https:\/\/i0.wp.com\/victoriavynn.ca\/wp-content\/uploads\/2023\/04\/Pharm-Foot-best-salon-herbal-pedicure-salt-Pharm-Foot-1250g.webp?fit=750%2C1000&ssl=1&resize=350%2C200","width":350,"height":200,"srcset":"https:\/\/i0.wp.com\/victoriavynn.ca\/wp-content\/uploads\/2023\/04\/Pharm-Foot-best-salon-herbal-pedicure-salt-Pharm-Foot-1250g.webp?fit=750%2C1000&ssl=1&resize=350%2C200 1x, https:\/\/i0.wp.com\/victoriavynn.ca\/wp-content\/uploads\/2023\/04\/Pharm-Foot-best-salon-herbal-pedicure-salt-Pharm-Foot-1250g.webp?fit=750%2C1000&ssl=1&resize=525%2C300 1.5x, https:\/\/i0.wp.com\/victoriavynn.ca\/wp-content\/uploads\/2023\/04\/Pharm-Foot-best-salon-herbal-pedicure-salt-Pharm-Foot-1250g.webp?fit=750%2C1000&ssl=1&resize=700%2C400 2x"},"classes":[]}],"jetpack_sharing_enabled":true,"_links":{"self":[{"href":"https:\/\/victoriavynn.ca\/fr\/wp-json\/wp\/v2\/product\/18556","targetHints":{"allow":["GET"]}}],"collection":[{"href":"https:\/\/victoriavynn.ca\/fr\/wp-json\/wp\/v2\/product"}],"about":[{"href":"https:\/\/victoriavynn.ca\/fr\/wp-json\/wp\/v2\/types\/product"}],"replies":[{"embeddable":true,"href":"https:\/\/victoriavynn.ca\/fr\/wp-json\/wp\/v2\/comments?post=18556"}],"wp:featuredmedia":[{"embeddable":true,"href":"https:\/\/victoriavynn.ca\/fr\/wp-json\/wp\/v2\/media\/20471"}],"wp:attachment":[{"href":"https:\/\/victoriavynn.ca\/fr\/wp-json\/wp\/v2\/media?parent=18556"}],"wp:term":[{"taxonomy":"product_brand","embeddable":true,"href":"https:\/\/victoriavynn.ca\/fr\/wp-json\/wp\/v2\/product_brand?post=18556"},{"taxonomy":"product_cat","embeddable":true,"href":"https:\/\/victoriavynn.ca\/fr\/wp-json\/wp\/v2\/product_cat?post=18556"},{"taxonomy":"product_tag","embeddable":true,"href":"https:\/\/victoriavynn.ca\/fr\/wp-json\/wp\/v2\/product_tag?post=18556"}],"curies":[{"name":"wp","href":"https:\/\/api.w.org\/{rel}","templated":true}]}}