{"id":18560,"date":"2024-08-19T20:55:28","date_gmt":"2024-08-20T00:55:28","guid":{"rendered":"https:\/\/victoriavynn.ca\/product\/pharm-foot-bamboo-socks-after-treatment-with-microsilver-size-35-38-black\/"},"modified":"2026-03-04T17:40:15","modified_gmt":"2026-03-04T22:40:15","slug":"pharm-foot-bamboo-socks-after-treatment-with-microsilver-size-35-38-black","status":"publish","type":"product","link":"https:\/\/victoriavynn.ca\/fr\/product\/pharm-foot-bamboo-socks-after-treatment-with-microsilver-size-35-38-black\/","title":{"rendered":"Pharm Foot Chaussettes en bambou apr\u00e8s traitement avec Microsilver Taille 35-38 (Noir)"},"content":{"rendered":"","protected":false},"excerpt":{"rendered":"","protected":false},"featured_media":18561,"comment_status":"open","ping_status":"closed","template":"","meta":{"jetpack_post_was_ever_published":false,"jetpack_publicize_message":"","jetpack_publicize_feature_enabled":true,"jetpack_social_post_already_shared":true,"jetpack_social_options":{"image_generator_settings":{"template":"highway","default_image_id":0,"font":"","enabled":false},"version":2}},"product_brand":[],"product_cat":[552,553],"product_tag":[],"class_list":{"0":"post-18560","1":"product","2":"type-product","3":"status-publish","4":"has-post-thumbnail","6":"product_cat-microsilver-line","7":"product_cat-pharm-foot-tools-accessories","9":"first","10":"instock","11":"taxable","12":"shipping-taxable","13":"purchasable","14":"product-type-simple"},"jetpack_publicize_connections":[],"jetpack-related-posts":[{"id":10899,"url":"https:\/\/victoriavynn.ca\/fr\/product\/pharm-foot-bamboo-socks-after-treatment-with-microsilver-size-35-38\/","url_meta":{"origin":18560,"position":0},"title":"Pharm Foot Chaussettes en bambou apr\u00e8s traitement avec Microsilver Taille 35-38","author":"Serge Sahakian","date":"mars 8, 2023","format":false,"excerpt":"","rel":"","context":"Similar post","block_context":{"text":"Similar post","link":""},"img":{"alt_text":"","src":"https:\/\/i0.wp.com\/victoriavynn.ca\/wp-content\/uploads\/2023\/03\/bamboo-socks-after-treatment-with-microsilver-size-35-38.jpeg?fit=370%2C355&ssl=1&resize=350%2C200","width":350,"height":200},"classes":[]},{"id":18558,"url":"https:\/\/victoriavynn.ca\/fr\/product\/pharm-foot-bamboo-socks-after-treatment-with-microsilver-size-43-46-black\/","url_meta":{"origin":18560,"position":1},"title":"Pharm Foot Chaussettes en bambou apr\u00e8s traitement avec Microsilver Taille 43-46 (Noir)","author":"Serge Sahakian","date":"ao\u00fbt 19, 2024","format":false,"excerpt":"","rel":"","context":"Similar post","block_context":{"text":"Similar post","link":""},"img":{"alt_text":"","src":"https:\/\/i0.wp.com\/victoriavynn.ca\/wp-content\/uploads\/2024\/08\/bamboo-socks-black-size-43-46-pf.jpg?fit=800%2C800&ssl=1&resize=350%2C200","width":350,"height":200,"srcset":"https:\/\/i0.wp.com\/victoriavynn.ca\/wp-content\/uploads\/2024\/08\/bamboo-socks-black-size-43-46-pf.jpg?fit=800%2C800&ssl=1&resize=350%2C200 1x, https:\/\/i0.wp.com\/victoriavynn.ca\/wp-content\/uploads\/2024\/08\/bamboo-socks-black-size-43-46-pf.jpg?fit=800%2C800&ssl=1&resize=525%2C300 1.5x, https:\/\/i0.wp.com\/victoriavynn.ca\/wp-content\/uploads\/2024\/08\/bamboo-socks-black-size-43-46-pf.jpg?fit=800%2C800&ssl=1&resize=700%2C400 2x"},"classes":[]},{"id":10901,"url":"https:\/\/victoriavynn.ca\/fr\/product\/pharm-foot-bamboo-socks-after-treatment-with-microsilver-size-39-42\/","url_meta":{"origin":18560,"position":2},"title":"Pharm Foot Chaussettes en bambou apr\u00e8s traitement avec Microsilver Taille 39-42","author":"Serge Sahakian","date":"mars 8, 2023","format":false,"excerpt":"","rel":"","context":"Similar post","block_context":{"text":"Similar post","link":""},"img":{"alt_text":"","src":"https:\/\/i0.wp.com\/victoriavynn.ca\/wp-content\/uploads\/2023\/03\/bamboo-socks-after-treatment-with-microsilver-size-35-38-1.jpeg?fit=370%2C355&ssl=1&resize=350%2C200","width":350,"height":200},"classes":[]},{"id":10903,"url":"https:\/\/victoriavynn.ca\/fr\/product\/pharm-foot-bamboo-socks-after-treatment-with-microsilver-size-43-46\/","url_meta":{"origin":18560,"position":3},"title":"Pharm Foot Chaussettes en bambou apr\u00e8s traitement avec Microsilver Taille 43-46","author":"Serge Sahakian","date":"mars 8, 2023","format":false,"excerpt":"","rel":"","context":"Similar post","block_context":{"text":"Similar post","link":""},"img":{"alt_text":"","src":"https:\/\/i0.wp.com\/victoriavynn.ca\/wp-content\/uploads\/2023\/03\/bamboo-socks-after-treatment-with-microsilver-size-35-38-2.jpeg?fit=370%2C355&ssl=1&resize=350%2C200","width":350,"height":200},"classes":[]},{"id":10987,"url":"https:\/\/victoriavynn.ca\/fr\/product\/hand-and-body-balm-for-dry-skin-400ml\/","url_meta":{"origin":18560,"position":4},"title":"Pharm Foot AgSPECIALIST 400ml (Ligne Microsilver)","author":"Serge Sahakian","date":"mars 9, 2023","format":false,"excerpt":"Pharm Foot AgSPECIALIST - BAUME ADOUCISSANT POUR LE CORPS ET LES MAINS au micro-argent et au beurre de karit\u00e9 est nomm\u00e9 parmi les meilleurs baume pour les mains et le corps pour les peaux s\u00e8ches. AgSPECIALIST apaise les irritations et prot\u00e8ge contre le dess\u00e8chement et les effets n\u00e9fastes des facteurs externes.Pour le salon et la maison - Capacit\u00e9 400ml (environ 50 traitements...","rel":"","context":"Similar post","block_context":{"text":"Similar post","link":""},"img":{"alt_text":"Pharm Foot Best Hand and Body Balm for dry Skin Microsilver Agspecialist","src":"https:\/\/i0.wp.com\/victoriavynn.ca\/wp-content\/uploads\/2023\/03\/Pharm-Foot-Best-Hand-and-Body-Balm-for-dry-Skin-Microsilver-Agspecialist.webp?fit=750%2C1000&ssl=1&resize=350%2C200","width":350,"height":200,"srcset":"https:\/\/i0.wp.com\/victoriavynn.ca\/wp-content\/uploads\/2023\/03\/Pharm-Foot-Best-Hand-and-Body-Balm-for-dry-Skin-Microsilver-Agspecialist.webp?fit=750%2C1000&ssl=1&resize=350%2C200 1x, https:\/\/i0.wp.com\/victoriavynn.ca\/wp-content\/uploads\/2023\/03\/Pharm-Foot-Best-Hand-and-Body-Balm-for-dry-Skin-Microsilver-Agspecialist.webp?fit=750%2C1000&ssl=1&resize=525%2C300 1.5x, https:\/\/i0.wp.com\/victoriavynn.ca\/wp-content\/uploads\/2023\/03\/Pharm-Foot-Best-Hand-and-Body-Balm-for-dry-Skin-Microsilver-Agspecialist.webp?fit=750%2C1000&ssl=1&resize=700%2C400 2x"},"classes":[]},{"id":10878,"url":"https:\/\/victoriavynn.ca\/fr\/product\/pharm-foot-silver-booster-15ml-microsilver-line\/","url_meta":{"origin":18560,"position":5},"title":"Pharm Foot SILVER BOOSTER 15ml (Ligne Microsilver)","author":"Serge Sahakian","date":"mars 8, 2023","format":false,"excerpt":"S\u00e9rum avec Microsilver aux propri\u00e9t\u00e9s antibact\u00e9riennes et antimicrobiennes Ingr\u00e9dients actifs : \u00a0 \u00a0 \u00a0 \u00a0 \u00a0 \u00a0 \u00a0","rel":"","context":"Similar post","block_context":{"text":"Similar post","link":""},"img":{"alt_text":"pharm foot microsilver","src":"https:\/\/i0.wp.com\/victoriavynn.ca\/wp-content\/uploads\/2023\/03\/pharm-foot-microsilver.webp?fit=750%2C1000&ssl=1&resize=350%2C200","width":350,"height":200,"srcset":"https:\/\/i0.wp.com\/victoriavynn.ca\/wp-content\/uploads\/2023\/03\/pharm-foot-microsilver.webp?fit=750%2C1000&ssl=1&resize=350%2C200 1x, https:\/\/i0.wp.com\/victoriavynn.ca\/wp-content\/uploads\/2023\/03\/pharm-foot-microsilver.webp?fit=750%2C1000&ssl=1&resize=525%2C300 1.5x, https:\/\/i0.wp.com\/victoriavynn.ca\/wp-content\/uploads\/2023\/03\/pharm-foot-microsilver.webp?fit=750%2C1000&ssl=1&resize=700%2C400 2x"},"classes":[]}],"jetpack_sharing_enabled":true,"_links":{"self":[{"href":"https:\/\/victoriavynn.ca\/fr\/wp-json\/wp\/v2\/product\/18560","targetHints":{"allow":["GET"]}}],"collection":[{"href":"https:\/\/victoriavynn.ca\/fr\/wp-json\/wp\/v2\/product"}],"about":[{"href":"https:\/\/victoriavynn.ca\/fr\/wp-json\/wp\/v2\/types\/product"}],"replies":[{"embeddable":true,"href":"https:\/\/victoriavynn.ca\/fr\/wp-json\/wp\/v2\/comments?post=18560"}],"wp:featuredmedia":[{"embeddable":true,"href":"https:\/\/victoriavynn.ca\/fr\/wp-json\/wp\/v2\/media\/18561"}],"wp:attachment":[{"href":"https:\/\/victoriavynn.ca\/fr\/wp-json\/wp\/v2\/media?parent=18560"}],"wp:term":[{"taxonomy":"product_brand","embeddable":true,"href":"https:\/\/victoriavynn.ca\/fr\/wp-json\/wp\/v2\/product_brand?post=18560"},{"taxonomy":"product_cat","embeddable":true,"href":"https:\/\/victoriavynn.ca\/fr\/wp-json\/wp\/v2\/product_cat?post=18560"},{"taxonomy":"product_tag","embeddable":true,"href":"https:\/\/victoriavynn.ca\/fr\/wp-json\/wp\/v2\/product_tag?post=18560"}],"curies":[{"name":"wp","href":"https:\/\/api.w.org\/{rel}","templated":true}]}}