{"id":19037,"date":"2024-09-25T13:40:26","date_gmt":"2024-09-25T17:40:26","guid":{"rendered":"https:\/\/victoriavynn.ca\/product\/victoria-vynn-color-chart-im-a-woman-gel-polish-384-391\/"},"modified":"2026-03-04T17:53:13","modified_gmt":"2026-03-04T22:53:13","slug":"victoria-vynn-color-chart-im-a-woman-gel-polish-384-391","status":"publish","type":"product","link":"https:\/\/victoriavynn.ca\/fr\/product\/victoria-vynn-color-chart-im-a-woman-gel-polish-384-391\/","title":{"rendered":"Victoria VYNN Color Chart I'm a Woman Gel Polish 384-391"},"content":{"rendered":"","protected":false},"excerpt":{"rendered":"","protected":false},"featured_media":19038,"comment_status":"open","ping_status":"closed","template":"","meta":{"jetpack_post_was_ever_published":false,"jetpack_publicize_message":"","jetpack_publicize_feature_enabled":true,"jetpack_social_post_already_shared":true,"jetpack_social_options":{"image_generator_settings":{"template":"highway","default_image_id":0,"font":"","enabled":false},"version":2}},"product_brand":[],"product_cat":[31],"product_tag":[70],"class_list":{"0":"post-19037","1":"product","2":"type-product","3":"status-publish","4":"has-post-thumbnail","6":"product_cat-nail-tools-and-accessories","7":"product_tag-gel-polish-color-charts","9":"first","10":"instock","11":"taxable","12":"shipping-taxable","13":"purchasable","14":"product-type-simple"},"jetpack_publicize_connections":[],"jetpack-related-posts":[{"id":19035,"url":"https:\/\/victoriavynn.ca\/fr\/product\/victoria-vynn-gel-polish-no-391-im-classy\/","url_meta":{"origin":19037,"position":0},"title":"Victoria VYNN Gel Polish No. 391 I'm Classy","author":"Serge Sahakian","date":"septembre 25, 2024","format":false,"excerpt":"Force, Passion, Style - Parce que chaque femme est unique ! Que vous soyez une athl\u00e8te passionn\u00e9e qui commence sa journ\u00e9e par une s\u00e9ance d'entra\u00eenement, une ma\u00eetresse de l'organisation qui g\u00e8re des projets au bureau ou une \u00e9tudiante qui passe son temps \u00e0 l'universit\u00e9, peu importe le super-h\u00e9ros de tous les jours. Malgr\u00e9 des styles de vie diff\u00e9rents, nous sommes unies par #FEMALE_POWER contenu dans...","rel":"","context":"Similar post","block_context":{"text":"Similar post","link":""},"img":{"alt_text":"Victoria VYNN I'm Woman Collection Gel Polish No. 391 - I'm Classy","src":"https:\/\/i0.wp.com\/victoriavynn.ca\/wp-content\/uploads\/2024\/09\/victoria-vynn-im-woman-collection-gel-polish-no.-391-im-classy-1-1.webp?fit=750%2C1000&ssl=1&resize=350%2C200","width":350,"height":200,"srcset":"https:\/\/i0.wp.com\/victoriavynn.ca\/wp-content\/uploads\/2024\/09\/victoria-vynn-im-woman-collection-gel-polish-no.-391-im-classy-1-1.webp?fit=750%2C1000&ssl=1&resize=350%2C200 1x, https:\/\/i0.wp.com\/victoriavynn.ca\/wp-content\/uploads\/2024\/09\/victoria-vynn-im-woman-collection-gel-polish-no.-391-im-classy-1-1.webp?fit=750%2C1000&ssl=1&resize=525%2C300 1.5x, https:\/\/i0.wp.com\/victoriavynn.ca\/wp-content\/uploads\/2024\/09\/victoria-vynn-im-woman-collection-gel-polish-no.-391-im-classy-1-1.webp?fit=750%2C1000&ssl=1&resize=700%2C400 2x"},"classes":[]},{"id":19021,"url":"https:\/\/victoriavynn.ca\/fr\/product\/victoria-vynn-gel-polish-no-384-im-creative\/","url_meta":{"origin":19037,"position":1},"title":"Victoria VYNN Gel Polish No. 384 I'm Creative","author":"Serge Sahakian","date":"septembre 25, 2024","format":false,"excerpt":"Force, Passion, Style - Parce que chaque femme est unique ! Que vous soyez une athl\u00e8te passionn\u00e9e qui commence sa journ\u00e9e par une s\u00e9ance d'entra\u00eenement, une ma\u00eetresse de l'organisation qui g\u00e8re des projets au bureau ou une \u00e9tudiante qui passe son temps \u00e0 l'universit\u00e9, peu importe le super-h\u00e9ros de tous les jours. Malgr\u00e9 des styles de vie diff\u00e9rents, nous sommes unies par #FEMALE_POWER contenu dans...","rel":"","context":"Similar post","block_context":{"text":"Similar post","link":""},"img":{"alt_text":"Victoria VYNN I'm Woman Collection Gel Polish No. 384 - I'm Creative","src":"https:\/\/i0.wp.com\/victoriavynn.ca\/wp-content\/uploads\/2024\/09\/victoria-vynn-im-woman-collection-gel-polish-no.-384-im-creative-1-3.webp?fit=750%2C1000&ssl=1&resize=350%2C200","width":350,"height":200,"srcset":"https:\/\/i0.wp.com\/victoriavynn.ca\/wp-content\/uploads\/2024\/09\/victoria-vynn-im-woman-collection-gel-polish-no.-384-im-creative-1-3.webp?fit=750%2C1000&ssl=1&resize=350%2C200 1x, https:\/\/i0.wp.com\/victoriavynn.ca\/wp-content\/uploads\/2024\/09\/victoria-vynn-im-woman-collection-gel-polish-no.-384-im-creative-1-3.webp?fit=750%2C1000&ssl=1&resize=525%2C300 1.5x, https:\/\/i0.wp.com\/victoriavynn.ca\/wp-content\/uploads\/2024\/09\/victoria-vynn-im-woman-collection-gel-polish-no.-384-im-creative-1-3.webp?fit=750%2C1000&ssl=1&resize=700%2C400 2x"},"classes":[]},{"id":19023,"url":"https:\/\/victoriavynn.ca\/fr\/product\/victoria-vynn-gel-polish-no-385-im-strong\/","url_meta":{"origin":19037,"position":2},"title":"Victoria VYNN Gel Polish No. 385 I'm Strong","author":"Serge Sahakian","date":"septembre 25, 2024","format":false,"excerpt":"Force, Passion, Style - Parce que chaque femme est unique ! Que vous soyez une athl\u00e8te passionn\u00e9e qui commence sa journ\u00e9e par une s\u00e9ance d'entra\u00eenement, une ma\u00eetresse de l'organisation qui g\u00e8re des projets au bureau ou une \u00e9tudiante qui passe son temps \u00e0 l'universit\u00e9, peu importe le super-h\u00e9ros de tous les jours. Malgr\u00e9 des styles de vie diff\u00e9rents, nous sommes unies par #FEMALE_POWER contenu dans...","rel":"","context":"Similar post","block_context":{"text":"Similar post","link":""},"img":{"alt_text":"Victoria VYNN I'm Woman Collection Gel Polish No. 385 - I'm Strong","src":"https:\/\/i0.wp.com\/victoriavynn.ca\/wp-content\/uploads\/2024\/09\/victoria-vynn-im-woman-collection-gel-polish-no.-385-im-strong-1-3.webp?fit=750%2C1000&ssl=1&resize=350%2C200","width":350,"height":200,"srcset":"https:\/\/i0.wp.com\/victoriavynn.ca\/wp-content\/uploads\/2024\/09\/victoria-vynn-im-woman-collection-gel-polish-no.-385-im-strong-1-3.webp?fit=750%2C1000&ssl=1&resize=350%2C200 1x, https:\/\/i0.wp.com\/victoriavynn.ca\/wp-content\/uploads\/2024\/09\/victoria-vynn-im-woman-collection-gel-polish-no.-385-im-strong-1-3.webp?fit=750%2C1000&ssl=1&resize=525%2C300 1.5x, https:\/\/i0.wp.com\/victoriavynn.ca\/wp-content\/uploads\/2024\/09\/victoria-vynn-im-woman-collection-gel-polish-no.-385-im-strong-1-3.webp?fit=750%2C1000&ssl=1&resize=700%2C400 2x"},"classes":[]},{"id":19025,"url":"https:\/\/victoriavynn.ca\/fr\/product\/victoria-vynn-gel-polish-no-386-im-divine\/","url_meta":{"origin":19037,"position":3},"title":"Victoria VYNN Gel Polish No. 386 I'm Divine","author":"Serge Sahakian","date":"septembre 25, 2024","format":false,"excerpt":"Force, Passion, Style - Parce que chaque femme est unique ! Que vous soyez une athl\u00e8te passionn\u00e9e qui commence sa journ\u00e9e par une s\u00e9ance d'entra\u00eenement, une ma\u00eetresse de l'organisation qui g\u00e8re des projets au bureau ou une \u00e9tudiante qui passe son temps \u00e0 l'universit\u00e9, peu importe le super-h\u00e9ros de tous les jours. Malgr\u00e9 des styles de vie diff\u00e9rents, nous sommes unies par #FEMALE_POWER contenu dans...","rel":"","context":"Similar post","block_context":{"text":"Similar post","link":""},"img":{"alt_text":"Victoria VYNN I'm Woman Collection Gel Polish No. 386 - I'm Devine","src":"https:\/\/i0.wp.com\/victoriavynn.ca\/wp-content\/uploads\/2024\/09\/victoria-vynn-im-woman-collection-gel-polish-no.-386-im-devine-.webp?fit=750%2C1000&ssl=1&resize=350%2C200","width":350,"height":200,"srcset":"https:\/\/i0.wp.com\/victoriavynn.ca\/wp-content\/uploads\/2024\/09\/victoria-vynn-im-woman-collection-gel-polish-no.-386-im-devine-.webp?fit=750%2C1000&ssl=1&resize=350%2C200 1x, https:\/\/i0.wp.com\/victoriavynn.ca\/wp-content\/uploads\/2024\/09\/victoria-vynn-im-woman-collection-gel-polish-no.-386-im-devine-.webp?fit=750%2C1000&ssl=1&resize=525%2C300 1.5x, https:\/\/i0.wp.com\/victoriavynn.ca\/wp-content\/uploads\/2024\/09\/victoria-vynn-im-woman-collection-gel-polish-no.-386-im-devine-.webp?fit=750%2C1000&ssl=1&resize=700%2C400 2x"},"classes":[]},{"id":19027,"url":"https:\/\/victoriavynn.ca\/fr\/product\/victoria-vynn-gel-polish-no-387-im-fearless\/","url_meta":{"origin":19037,"position":4},"title":"Victoria VYNN Gel Polish No. 387 I'm Fearless (Je n'ai pas peur)","author":"Serge Sahakian","date":"septembre 25, 2024","format":false,"excerpt":"Force, Passion, Style - Parce que chaque femme est unique ! Que vous soyez une athl\u00e8te passionn\u00e9e qui commence sa journ\u00e9e par une s\u00e9ance d'entra\u00eenement, une ma\u00eetresse de l'organisation qui g\u00e8re des projets au bureau ou une \u00e9tudiante qui passe son temps \u00e0 l'universit\u00e9, peu importe le super-h\u00e9ros de tous les jours. Malgr\u00e9 des styles de vie diff\u00e9rents, nous sommes unies par #FEMALE_POWER contenu dans...","rel":"","context":"Similar post","block_context":{"text":"Similar post","link":""},"img":{"alt_text":"Victoria VYNN I'm Woman Collection Gel Polish No. 387 - I'm fearless","src":"https:\/\/i0.wp.com\/victoriavynn.ca\/wp-content\/uploads\/2024\/09\/victoria-vynn-im-woman-collection-gel-polish-no.-387-im-fearless-.webp?fit=750%2C1000&ssl=1&resize=350%2C200","width":350,"height":200,"srcset":"https:\/\/i0.wp.com\/victoriavynn.ca\/wp-content\/uploads\/2024\/09\/victoria-vynn-im-woman-collection-gel-polish-no.-387-im-fearless-.webp?fit=750%2C1000&ssl=1&resize=350%2C200 1x, https:\/\/i0.wp.com\/victoriavynn.ca\/wp-content\/uploads\/2024\/09\/victoria-vynn-im-woman-collection-gel-polish-no.-387-im-fearless-.webp?fit=750%2C1000&ssl=1&resize=525%2C300 1.5x, https:\/\/i0.wp.com\/victoriavynn.ca\/wp-content\/uploads\/2024\/09\/victoria-vynn-im-woman-collection-gel-polish-no.-387-im-fearless-.webp?fit=750%2C1000&ssl=1&resize=700%2C400 2x"},"classes":[]},{"id":19029,"url":"https:\/\/victoriavynn.ca\/fr\/product\/victoria-vynn-gel-polish-no-388-im-sexy\/","url_meta":{"origin":19037,"position":5},"title":"Victoria VYNN Gel Polish No. 388 I'm Sexy","author":"Serge Sahakian","date":"septembre 25, 2024","format":false,"excerpt":"Force, Passion, Style - Parce que chaque femme est unique ! Que vous soyez une athl\u00e8te passionn\u00e9e qui commence sa journ\u00e9e par une s\u00e9ance d'entra\u00eenement, une ma\u00eetresse de l'organisation qui g\u00e8re des projets au bureau ou une \u00e9tudiante qui passe son temps \u00e0 l'universit\u00e9, peu importe le super-h\u00e9ros de tous les jours. Malgr\u00e9 des styles de vie diff\u00e9rents, nous sommes unies par #FEMALE_POWER contenu dans...","rel":"","context":"Similar post","block_context":{"text":"Similar post","link":""},"img":{"alt_text":"Victoria VYNN I'm Woman Collection Gel Polish No. 388 - I'm Sexy","src":"https:\/\/i0.wp.com\/victoriavynn.ca\/wp-content\/uploads\/2024\/09\/victoria-vynn-im-woman-collection-gel-polish-no.-388-im-sexy-.webp?fit=750%2C1000&ssl=1&resize=350%2C200","width":350,"height":200,"srcset":"https:\/\/i0.wp.com\/victoriavynn.ca\/wp-content\/uploads\/2024\/09\/victoria-vynn-im-woman-collection-gel-polish-no.-388-im-sexy-.webp?fit=750%2C1000&ssl=1&resize=350%2C200 1x, https:\/\/i0.wp.com\/victoriavynn.ca\/wp-content\/uploads\/2024\/09\/victoria-vynn-im-woman-collection-gel-polish-no.-388-im-sexy-.webp?fit=750%2C1000&ssl=1&resize=525%2C300 1.5x, https:\/\/i0.wp.com\/victoriavynn.ca\/wp-content\/uploads\/2024\/09\/victoria-vynn-im-woman-collection-gel-polish-no.-388-im-sexy-.webp?fit=750%2C1000&ssl=1&resize=700%2C400 2x"},"classes":[]}],"jetpack_sharing_enabled":true,"_links":{"self":[{"href":"https:\/\/victoriavynn.ca\/fr\/wp-json\/wp\/v2\/product\/19037","targetHints":{"allow":["GET"]}}],"collection":[{"href":"https:\/\/victoriavynn.ca\/fr\/wp-json\/wp\/v2\/product"}],"about":[{"href":"https:\/\/victoriavynn.ca\/fr\/wp-json\/wp\/v2\/types\/product"}],"replies":[{"embeddable":true,"href":"https:\/\/victoriavynn.ca\/fr\/wp-json\/wp\/v2\/comments?post=19037"}],"wp:featuredmedia":[{"embeddable":true,"href":"https:\/\/victoriavynn.ca\/fr\/wp-json\/wp\/v2\/media\/19038"}],"wp:attachment":[{"href":"https:\/\/victoriavynn.ca\/fr\/wp-json\/wp\/v2\/media?parent=19037"}],"wp:term":[{"taxonomy":"product_brand","embeddable":true,"href":"https:\/\/victoriavynn.ca\/fr\/wp-json\/wp\/v2\/product_brand?post=19037"},{"taxonomy":"product_cat","embeddable":true,"href":"https:\/\/victoriavynn.ca\/fr\/wp-json\/wp\/v2\/product_cat?post=19037"},{"taxonomy":"product_tag","embeddable":true,"href":"https:\/\/victoriavynn.ca\/fr\/wp-json\/wp\/v2\/product_tag?post=19037"}],"curies":[{"name":"wp","href":"https:\/\/api.w.org\/{rel}","templated":true}]}}