{"id":19223,"date":"2024-10-09T14:20:17","date_gmt":"2024-10-09T18:20:17","guid":{"rendered":"https:\/\/victoriavynn.ca\/product\/gloss-max-high-gloss-top-coat-no-wipe-15ml\/"},"modified":"2026-04-04T12:54:52","modified_gmt":"2026-04-04T16:54:52","slug":"gloss-max-high-gloss-top-coat-no-wipe-15ml","status":"publish","type":"product","link":"https:\/\/victoriavynn.ca\/fr\/product\/gloss-max-high-gloss-top-coat-no-wipe-15ml\/","title":{"rendered":"Gloss MAX High Gloss Top Coat No Wipe 15ml"},"content":{"rendered":"","protected":false},"excerpt":{"rendered":"","protected":false},"featured_media":19224,"comment_status":"open","ping_status":"closed","template":"","meta":{"jetpack_post_was_ever_published":false,"jetpack_publicize_message":"","jetpack_publicize_feature_enabled":true,"jetpack_social_post_already_shared":true,"jetpack_social_options":{"image_generator_settings":{"template":"highway","default_image_id":0,"font":"","enabled":false},"version":2}},"product_brand":[],"product_cat":[591],"product_tag":[],"class_list":{"0":"post-19223","1":"product","2":"type-product","3":"status-publish","4":"has-post-thumbnail","6":"product_cat-nailly-professional-salon-essentials","8":"first","9":"instock","10":"taxable","11":"shipping-taxable","12":"purchasable","13":"product-type-simple"},"jetpack_publicize_connections":[],"jetpack-related-posts":[{"id":17531,"url":"https:\/\/victoriavynn.ca\/fr\/product\/victoria-vynn-oh-my-gloss-top-coat-no-wipe\/","url_meta":{"origin":19223,"position":0},"title":"Victoria VYNN Salon Gel Polish Oh ! My Gloss Top Coat No Wipe","author":"Serge Sahakian","date":"avril 10, 2024","format":false,"excerpt":"OH!MG ! \u00e7a vient...c'est l\u00e0 ! nouveau TOP GLOSS ! Peut-on am\u00e9liorer l'id\u00e9al ? Nous prouvons que OUI ! D\u00e9couvrez la nouvelle version du produit pr\u00e9f\u00e9r\u00e9 des proth\u00e9sistes ongulaires - TOP GLOSS - OH ! MY GLOSS. Une brillance intense sans essuyage. Un Top Coat qui garantit une finition manucure encore plus brillante et durable. Apporte...","rel":"","context":"Similar post","block_context":{"text":"Similar post","link":""},"img":{"alt_text":"Victoria VYNN Salon Gel Polish Top Coat Gloss Oh! My Gloss 8ml","src":"https:\/\/i0.wp.com\/victoriavynn.ca\/wp-content\/uploads\/2024\/04\/victoria-vynn-salon-gel-polish-top-coat-gloss-omg-8ml-oh-my-gloss-super-shine-top-coat.webp?fit=750%2C1000&ssl=1&resize=350%2C200","width":350,"height":200,"srcset":"https:\/\/i0.wp.com\/victoriavynn.ca\/wp-content\/uploads\/2024\/04\/victoria-vynn-salon-gel-polish-top-coat-gloss-omg-8ml-oh-my-gloss-super-shine-top-coat.webp?fit=750%2C1000&ssl=1&resize=350%2C200 1x, https:\/\/i0.wp.com\/victoriavynn.ca\/wp-content\/uploads\/2024\/04\/victoria-vynn-salon-gel-polish-top-coat-gloss-omg-8ml-oh-my-gloss-super-shine-top-coat.webp?fit=750%2C1000&ssl=1&resize=525%2C300 1.5x, https:\/\/i0.wp.com\/victoriavynn.ca\/wp-content\/uploads\/2024\/04\/victoria-vynn-salon-gel-polish-top-coat-gloss-omg-8ml-oh-my-gloss-super-shine-top-coat.webp?fit=750%2C1000&ssl=1&resize=700%2C400 2x"},"classes":[]},{"id":1696,"url":"https:\/\/victoriavynn.ca\/fr\/product\/top-coat-no-wipe-gloss\/","url_meta":{"origin":19223,"position":1},"title":"Salon Gel Polish Top Coat No Wipe Gloss","author":"Serge Sahakian","date":"mars 17, 2020","format":false,"excerpt":"Le Top Coat No Wipe le plus vendu au Canada. Le Top Coat Ultimate Long Lasting a un effet brillant extraordinaire sans laisser de couche collante. Pas besoin d'utiliser un nettoyant !!! Sans effet mat, ne craque pas, ne s'\u00e9caille pas et ne jaunit pas. Recommand\u00e9 comme finition pour les d\u00e9corations hybrides, gel et acryliques. Peut \u00eatre durci...","rel":"","context":"Similar post","block_context":{"text":"Similar post","link":""},"img":{"alt_text":"Victoria VYNN Top Coat No Wipe Gloss 8ML","src":"https:\/\/i0.wp.com\/victoriavynn.ca\/wp-content\/uploads\/2020\/03\/victoria-vynn-top-coat-no-wipe-gloss-8ml.webp?fit=750%2C1000&ssl=1&resize=350%2C200","width":350,"height":200,"srcset":"https:\/\/i0.wp.com\/victoriavynn.ca\/wp-content\/uploads\/2020\/03\/victoria-vynn-top-coat-no-wipe-gloss-8ml.webp?fit=750%2C1000&ssl=1&resize=350%2C200 1x, https:\/\/i0.wp.com\/victoriavynn.ca\/wp-content\/uploads\/2020\/03\/victoria-vynn-top-coat-no-wipe-gloss-8ml.webp?fit=750%2C1000&ssl=1&resize=525%2C300 1.5x, https:\/\/i0.wp.com\/victoriavynn.ca\/wp-content\/uploads\/2020\/03\/victoria-vynn-top-coat-no-wipe-gloss-8ml.webp?fit=750%2C1000&ssl=1&resize=700%2C400 2x"},"classes":[]},{"id":1704,"url":"https:\/\/victoriavynn.ca\/fr\/product\/gel-unblue-top-coat-no-wipe\/","url_meta":{"origin":19223,"position":2},"title":"Salon Gel Polish Top Coat No Wipe UNBLUE","author":"Serge Sahakian","date":"mars 17, 2020","format":false,"excerpt":"Le Top Coat Ultimate Unblue ne s'essuie pas sans un reflet bleu. Donne aux ongles un effet brillant jusqu'\u00e0 5 semaines. Durci dans des lampes UV et LED. Top unblue est la finition parfaite pour les designs hybrides et en gel ainsi que pour le nail art. Particuli\u00e8rement recommand\u00e9 pour les couleurs fonc\u00e9es. Transparent...","rel":"","context":"Similar post","block_context":{"text":"Similar post","link":""},"img":{"alt_text":"Victoria VYNN Unblue Top Coat No Wipe","src":"https:\/\/i0.wp.com\/victoriavynn.ca\/wp-content\/uploads\/2020\/03\/unblue-top-coat-no-wipe.webp?fit=750%2C1000&ssl=1&resize=350%2C200","width":350,"height":200,"srcset":"https:\/\/i0.wp.com\/victoriavynn.ca\/wp-content\/uploads\/2020\/03\/unblue-top-coat-no-wipe.webp?fit=750%2C1000&ssl=1&resize=350%2C200 1x, https:\/\/i0.wp.com\/victoriavynn.ca\/wp-content\/uploads\/2020\/03\/unblue-top-coat-no-wipe.webp?fit=750%2C1000&ssl=1&resize=525%2C300 1.5x, https:\/\/i0.wp.com\/victoriavynn.ca\/wp-content\/uploads\/2020\/03\/unblue-top-coat-no-wipe.webp?fit=750%2C1000&ssl=1&resize=700%2C400 2x"},"classes":[]},{"id":11612,"url":"https:\/\/victoriavynn.ca\/fr\/product\/victoria-vynn-best-gel-polish-starter-kit\/","url_meta":{"origin":19223,"position":3},"title":"Victoria VYNN Salon Gel Polish Starter Kit (Pack de 5)","author":"Serge Sahakian","date":"avril 27, 2023","format":false,"excerpt":"Le meilleur kit de d\u00e9marrage pour Gel Polish avec la qualit\u00e9 Premium Salon ! Le kit est compos\u00e9 de 5 produits les plus vendus dans le syst\u00e8me de vernis en gel de salon : Pr\u00e9paration pour ongles de salon Tape Bond Mega Rubber Base Coat Top Coat No Wipe Gloss Sp\u00e9cifications du produit :          ...","rel":"","context":"With 1 comment","block_context":{"text":"With 1 comment","link":"https:\/\/victoriavynn.ca\/fr\/product\/victoria-vynn-best-gel-polish-starter-kit\/#comments"},"img":{"alt_text":"Victoria VYNN Best Gel Polish Starter Kit","src":"https:\/\/i0.wp.com\/victoriavynn.ca\/wp-content\/uploads\/2023\/04\/Gel-Polish-Starter-Pack.webp?fit=750%2C1000&ssl=1&resize=350%2C200","width":350,"height":200,"srcset":"https:\/\/i0.wp.com\/victoriavynn.ca\/wp-content\/uploads\/2023\/04\/Gel-Polish-Starter-Pack.webp?fit=750%2C1000&ssl=1&resize=350%2C200 1x, https:\/\/i0.wp.com\/victoriavynn.ca\/wp-content\/uploads\/2023\/04\/Gel-Polish-Starter-Pack.webp?fit=750%2C1000&ssl=1&resize=525%2C300 1.5x, https:\/\/i0.wp.com\/victoriavynn.ca\/wp-content\/uploads\/2023\/04\/Gel-Polish-Starter-Pack.webp?fit=750%2C1000&ssl=1&resize=700%2C400 2x"},"classes":[]},{"id":48323,"url":"https:\/\/victoriavynn.ca\/fr\/product\/victoria-vynn-starter-kit-7-2-free\/","url_meta":{"origin":19223,"position":4},"title":"Victoria VYNN 9 Pack Starter Kit 2026","author":"Serge Sahakian","date":"f\u00e9vrier 6, 2026","format":false,"excerpt":"Que contient le pack de 9 ? \u2714 PR\u00c9PARATION Salon Nail Prep 15 ml - D\u00e9shydrate efficacement la plaque de l'ongle naturel pour une adh\u00e9rence maximale. Gel Polish Tape Bond 8 ml - Primaire d'adh\u00e9rence sans acide pour une tenue longue dur\u00e9e. \u2714 BASE SYSTEM Boost Base Clearell 8 ml - Base renfor\u00e7ante autonivelante. Mega Base Cold...","rel":"","context":"Similar post","block_context":{"text":"Similar post","link":""},"img":{"alt_text":"victoria vynn 9 pack","src":"https:\/\/i0.wp.com\/victoriavynn.ca\/wp-content\/uploads\/2026\/02\/victoria-vynn-9-pack-.webp?fit=750%2C1000&ssl=1&resize=350%2C200","width":350,"height":200,"srcset":"https:\/\/i0.wp.com\/victoriavynn.ca\/wp-content\/uploads\/2026\/02\/victoria-vynn-9-pack-.webp?fit=750%2C1000&ssl=1&resize=350%2C200 1x, https:\/\/i0.wp.com\/victoriavynn.ca\/wp-content\/uploads\/2026\/02\/victoria-vynn-9-pack-.webp?fit=750%2C1000&ssl=1&resize=525%2C300 1.5x, https:\/\/i0.wp.com\/victoriavynn.ca\/wp-content\/uploads\/2026\/02\/victoria-vynn-9-pack-.webp?fit=750%2C1000&ssl=1&resize=700%2C400 2x"},"classes":[]},{"id":37067,"url":"https:\/\/victoriavynn.ca\/fr\/product\/victoria-vynn-salon-gel-polish-top-coat-top-it-no-wipe\/","url_meta":{"origin":19223,"position":5},"title":"Victoria VYNN Salon Gel Polish Top Coat \"Top It\" No Wipe","author":"Serge Sahakian","date":"octobre 18, 2025","format":false,"excerpt":"Victoria VYNN Top It No Wipe Top Coat est un vernis de finition solide de qualit\u00e9 professionnelle dont les caract\u00e9ristiques s'adaptent bien \u00e0 l'utilisation en salon - en particulier la facilit\u00e9 d'application sans essuyage, la fluidit\u00e9 de l'auto-nivellement et la finition tr\u00e8s brillante. Sp\u00e9cification du produit : \u00a0 \u00a0 \u00a0 \u00a0 \u00a0 \u00a0","rel":"","context":"Similar post","block_context":{"text":"Similar post","link":""},"img":{"alt_text":"victoria vynn top it 8ml","src":"https:\/\/i0.wp.com\/victoriavynn.ca\/wp-content\/uploads\/2025\/10\/victoria-vynn-top-it-8ml.webp?fit=750%2C1000&ssl=1&resize=350%2C200","width":350,"height":200,"srcset":"https:\/\/i0.wp.com\/victoriavynn.ca\/wp-content\/uploads\/2025\/10\/victoria-vynn-top-it-8ml.webp?fit=750%2C1000&ssl=1&resize=350%2C200 1x, https:\/\/i0.wp.com\/victoriavynn.ca\/wp-content\/uploads\/2025\/10\/victoria-vynn-top-it-8ml.webp?fit=750%2C1000&ssl=1&resize=525%2C300 1.5x, https:\/\/i0.wp.com\/victoriavynn.ca\/wp-content\/uploads\/2025\/10\/victoria-vynn-top-it-8ml.webp?fit=750%2C1000&ssl=1&resize=700%2C400 2x"},"classes":[]}],"jetpack_sharing_enabled":true,"_links":{"self":[{"href":"https:\/\/victoriavynn.ca\/fr\/wp-json\/wp\/v2\/product\/19223","targetHints":{"allow":["GET"]}}],"collection":[{"href":"https:\/\/victoriavynn.ca\/fr\/wp-json\/wp\/v2\/product"}],"about":[{"href":"https:\/\/victoriavynn.ca\/fr\/wp-json\/wp\/v2\/types\/product"}],"replies":[{"embeddable":true,"href":"https:\/\/victoriavynn.ca\/fr\/wp-json\/wp\/v2\/comments?post=19223"}],"wp:featuredmedia":[{"embeddable":true,"href":"https:\/\/victoriavynn.ca\/fr\/wp-json\/wp\/v2\/media\/19224"}],"wp:attachment":[{"href":"https:\/\/victoriavynn.ca\/fr\/wp-json\/wp\/v2\/media?parent=19223"}],"wp:term":[{"taxonomy":"product_brand","embeddable":true,"href":"https:\/\/victoriavynn.ca\/fr\/wp-json\/wp\/v2\/product_brand?post=19223"},{"taxonomy":"product_cat","embeddable":true,"href":"https:\/\/victoriavynn.ca\/fr\/wp-json\/wp\/v2\/product_cat?post=19223"},{"taxonomy":"product_tag","embeddable":true,"href":"https:\/\/victoriavynn.ca\/fr\/wp-json\/wp\/v2\/product_tag?post=19223"}],"curies":[{"name":"wp","href":"https:\/\/api.w.org\/{rel}","templated":true}]}}