{"id":19225,"date":"2024-10-09T14:35:24","date_gmt":"2024-10-09T18:35:24","guid":{"rendered":"https:\/\/victoriavynn.ca\/product\/victoria-vynn-protective-gloves-for-uv-led-lamp\/"},"modified":"2026-02-13T18:37:38","modified_gmt":"2026-02-13T23:37:38","slug":"victoria-vynn-gants-de-protection-pour-lampe-uv-led","status":"publish","type":"product","link":"https:\/\/victoriavynn.ca\/fr\/product\/victoria-vynn-protective-gloves-for-uv-led-lamp\/","title":{"rendered":"Victoria VYNN Gants de protection pour lampe UV\/LED"},"content":{"rendered":"","protected":false},"excerpt":{"rendered":"","protected":false},"featured_media":19226,"comment_status":"open","ping_status":"closed","template":"","meta":{"jetpack_post_was_ever_published":false,"jetpack_publicize_message":"","jetpack_publicize_feature_enabled":true,"jetpack_social_post_already_shared":true,"jetpack_social_options":{"image_generator_settings":{"template":"highway","default_image_id":0,"font":"","enabled":false},"version":2}},"product_brand":[],"product_cat":[31],"product_tag":[],"class_list":{"0":"post-19225","1":"product","2":"type-product","3":"status-publish","4":"has-post-thumbnail","6":"product_cat-nail-tools-and-accessories","8":"first","9":"instock","10":"taxable","11":"shipping-taxable","12":"purchasable","13":"product-type-simple"},"jetpack_publicize_connections":[],"jetpack-related-posts":[{"id":536,"url":"https:\/\/victoriavynn.ca\/fr\/product\/build-gel-top-coat\/","url_meta":{"origin":19225,"position":0},"title":"Gel Top Coat Salon Build","author":"Serge Sahakian","date":"novembre 24, 2019","format":false,"excerpt":"Victoria VYNN Salon Build Gel Top Coat Provides a Spectacular Shine and Durability of the Gel Design. Can be cured in UV and LED lamps. Canada\u2019s Best Selling Gel Polish Brand Victoria VYNN provides the nail techs and professionals with High Quality Nail Products to create astonishing nail art finishes.\u2026","rel":"","context":"Similar post","block_context":{"text":"Similar post","link":""},"img":{"alt_text":"Build Gel Top Coat","src":"https:\/\/i0.wp.com\/victoriavynn.ca\/wp-content\/uploads\/2019\/11\/Top-Coat.jpg?fit=753%2C753&ssl=1&resize=350%2C200","width":350,"height":200,"srcset":"https:\/\/i0.wp.com\/victoriavynn.ca\/wp-content\/uploads\/2019\/11\/Top-Coat.jpg?fit=753%2C753&ssl=1&resize=350%2C200 1x, https:\/\/i0.wp.com\/victoriavynn.ca\/wp-content\/uploads\/2019\/11\/Top-Coat.jpg?fit=753%2C753&ssl=1&resize=525%2C300 1.5x, https:\/\/i0.wp.com\/victoriavynn.ca\/wp-content\/uploads\/2019\/11\/Top-Coat.jpg?fit=753%2C753&ssl=1&resize=700%2C400 2x"},"classes":[]},{"id":2878,"url":"https:\/\/victoriavynn.ca\/fr\/product\/nail-art-gel-3d-creamy-white\/","url_meta":{"origin":19225,"position":1},"title":"Gel de salon pour ongles 3D UV\/LED blanc cr\u00e8me","author":"Serge Sahakian","date":"ao\u00fbt 18, 2022","format":false,"excerpt":"Victoria VYNN 3D UV\/LED Gel sont des gels de nail art \u00e0 forte pigmentation, recommand\u00e9s pour divers types de d\u00e9corations ou comme couche uniforme sur les ongles. Durcis dans une lampe UV et LED. La marque de vernis gel la plus vendue au Canada, Victoria VYNN, fournit aux proth\u00e9sistes ongulaires et aux professionnels...","rel":"","context":"Similar post","block_context":{"text":"Similar post","link":""},"img":{"alt_text":"3d nail art gel","src":"https:\/\/i0.wp.com\/victoriavynn.ca\/wp-content\/uploads\/2022\/08\/art-gel-3d-01-creamy-white-5ml.jpeg?fit=753%2C753&ssl=1&resize=350%2C200","width":350,"height":200,"srcset":"https:\/\/i0.wp.com\/victoriavynn.ca\/wp-content\/uploads\/2022\/08\/art-gel-3d-01-creamy-white-5ml.jpeg?fit=753%2C753&ssl=1&resize=350%2C200 1x, https:\/\/i0.wp.com\/victoriavynn.ca\/wp-content\/uploads\/2022\/08\/art-gel-3d-01-creamy-white-5ml.jpeg?fit=753%2C753&ssl=1&resize=525%2C300 1.5x, https:\/\/i0.wp.com\/victoriavynn.ca\/wp-content\/uploads\/2022\/08\/art-gel-3d-01-creamy-white-5ml.jpeg?fit=753%2C753&ssl=1&resize=700%2C400 2x"},"classes":[]},{"id":2882,"url":"https:\/\/victoriavynn.ca\/fr\/product\/nail-art-gel-3d-creamy-green\/","url_meta":{"origin":19225,"position":2},"title":"Gel de salon pour ongles 3D UV\/LED vert cr\u00e8me","author":"Serge Sahakian","date":"ao\u00fbt 18, 2022","format":false,"excerpt":"Victoria VYNN 3D UV\/LED Gel sont des gels de nail art \u00e0 forte pigmentation, recommand\u00e9s pour divers types de d\u00e9corations ou comme couche uniforme sur les ongles. Durcis dans une lampe UV et LED. La marque de vernis gel la plus vendue au Canada, Victoria VYNN, fournit aux proth\u00e9sistes ongulaires et aux professionnels...","rel":"","context":"Similar post","block_context":{"text":"Similar post","link":""},"img":{"alt_text":"nail art gel","src":"https:\/\/i0.wp.com\/victoriavynn.ca\/wp-content\/uploads\/2022\/08\/art-gel-3d-08-creamy-green-5ml.jpeg?fit=753%2C753&ssl=1&resize=350%2C200","width":350,"height":200,"srcset":"https:\/\/i0.wp.com\/victoriavynn.ca\/wp-content\/uploads\/2022\/08\/art-gel-3d-08-creamy-green-5ml.jpeg?fit=753%2C753&ssl=1&resize=350%2C200 1x, https:\/\/i0.wp.com\/victoriavynn.ca\/wp-content\/uploads\/2022\/08\/art-gel-3d-08-creamy-green-5ml.jpeg?fit=753%2C753&ssl=1&resize=525%2C300 1.5x, https:\/\/i0.wp.com\/victoriavynn.ca\/wp-content\/uploads\/2022\/08\/art-gel-3d-08-creamy-green-5ml.jpeg?fit=753%2C753&ssl=1&resize=700%2C400 2x"},"classes":[]},{"id":2886,"url":"https:\/\/victoriavynn.ca\/fr\/product\/nail-art-gel-3d-no-wipe-white\/","url_meta":{"origin":19225,"position":3},"title":"Salon Art Gel 3D UV\/LED No Wipe White","author":"Serge Sahakian","date":"ao\u00fbt 18, 2022","format":false,"excerpt":"Victoria VYNN 3D UV\/LED Gel sont des gels de nail art \u00e0 forte pigmentation, recommand\u00e9s pour divers types de d\u00e9corations ou comme couche uniforme sur les ongles. Durcis dans une lampe UV et LED. La marque de vernis gel la plus vendue au Canada, Victoria VYNN, fournit aux proth\u00e9sistes ongulaires et aux professionnels...","rel":"","context":"Similar post","block_context":{"text":"Similar post","link":""},"img":{"alt_text":"Nail Art Gel 3D","src":"https:\/\/i0.wp.com\/victoriavynn.ca\/wp-content\/uploads\/2022\/08\/Art-Gel-3D-1-2.jpg?fit=1000%2C1000&ssl=1&resize=350%2C200","width":350,"height":200,"srcset":"https:\/\/i0.wp.com\/victoriavynn.ca\/wp-content\/uploads\/2022\/08\/Art-Gel-3D-1-2.jpg?fit=1000%2C1000&ssl=1&resize=350%2C200 1x, https:\/\/i0.wp.com\/victoriavynn.ca\/wp-content\/uploads\/2022\/08\/Art-Gel-3D-1-2.jpg?fit=1000%2C1000&ssl=1&resize=525%2C300 1.5x, https:\/\/i0.wp.com\/victoriavynn.ca\/wp-content\/uploads\/2022\/08\/Art-Gel-3D-1-2.jpg?fit=1000%2C1000&ssl=1&resize=700%2C400 2x"},"classes":[]},{"id":2888,"url":"https:\/\/victoriavynn.ca\/fr\/product\/nail-art-gel-3d-no-wipe-black\/","url_meta":{"origin":19225,"position":4},"title":"Salon Art Gel 3D UV\/LED No Wipe Black","author":"Serge Sahakian","date":"ao\u00fbt 18, 2022","format":false,"excerpt":"Victoria VYNN 3D UV\/LED Gel sont des gels de nail art \u00e0 forte pigmentation, recommand\u00e9s pour divers types de d\u00e9corations ou comme couche uniforme sur les ongles. Durcis dans une lampe UV et LED. La marque de vernis gel la plus vendue au Canada, Victoria VYNN, fournit aux proth\u00e9sistes ongulaires et aux professionnels...","rel":"","context":"Similar post","block_context":{"text":"Similar post","link":""},"img":{"alt_text":"Nail Art Gel 3D","src":"https:\/\/i0.wp.com\/victoriavynn.ca\/wp-content\/uploads\/2022\/08\/Art-Gel-3D-1-1.png?fit=1000%2C1000&ssl=1&resize=350%2C200","width":350,"height":200,"srcset":"https:\/\/i0.wp.com\/victoriavynn.ca\/wp-content\/uploads\/2022\/08\/Art-Gel-3D-1-1.png?fit=1000%2C1000&ssl=1&resize=350%2C200 1x, https:\/\/i0.wp.com\/victoriavynn.ca\/wp-content\/uploads\/2022\/08\/Art-Gel-3D-1-1.png?fit=1000%2C1000&ssl=1&resize=525%2C300 1.5x, https:\/\/i0.wp.com\/victoriavynn.ca\/wp-content\/uploads\/2022\/08\/Art-Gel-3D-1-1.png?fit=1000%2C1000&ssl=1&resize=700%2C400 2x"},"classes":[]},{"id":2880,"url":"https:\/\/victoriavynn.ca\/fr\/product\/nail-art-gel-3d-creamy-black\/","url_meta":{"origin":19225,"position":5},"title":"Gel de salon pour ongles 3D UV\/LED Noir cr\u00e8me","author":"Serge Sahakian","date":"ao\u00fbt 18, 2022","format":false,"excerpt":"Victoria VYNN 3D UV\/LED Gel sont des gels de nail art \u00e0 forte pigmentation, recommand\u00e9s pour divers types de d\u00e9corations ou comme couche uniforme sur les ongles. Durcis dans une lampe UV et LED. La marque de vernis gel la plus vendue au Canada, Victoria VYNN, fournit aux proth\u00e9sistes ongulaires et aux professionnels...","rel":"","context":"Similar post","block_context":{"text":"Similar post","link":""},"img":{"alt_text":"nail art gel 3d","src":"https:\/\/i0.wp.com\/victoriavynn.ca\/wp-content\/uploads\/2022\/08\/art-gel-3d-02-creamy-black-5ml.jpeg?fit=753%2C753&ssl=1&resize=350%2C200","width":350,"height":200,"srcset":"https:\/\/i0.wp.com\/victoriavynn.ca\/wp-content\/uploads\/2022\/08\/art-gel-3d-02-creamy-black-5ml.jpeg?fit=753%2C753&ssl=1&resize=350%2C200 1x, https:\/\/i0.wp.com\/victoriavynn.ca\/wp-content\/uploads\/2022\/08\/art-gel-3d-02-creamy-black-5ml.jpeg?fit=753%2C753&ssl=1&resize=525%2C300 1.5x, https:\/\/i0.wp.com\/victoriavynn.ca\/wp-content\/uploads\/2022\/08\/art-gel-3d-02-creamy-black-5ml.jpeg?fit=753%2C753&ssl=1&resize=700%2C400 2x"},"classes":[]}],"jetpack_sharing_enabled":true,"_links":{"self":[{"href":"https:\/\/victoriavynn.ca\/fr\/wp-json\/wp\/v2\/product\/19225","targetHints":{"allow":["GET"]}}],"collection":[{"href":"https:\/\/victoriavynn.ca\/fr\/wp-json\/wp\/v2\/product"}],"about":[{"href":"https:\/\/victoriavynn.ca\/fr\/wp-json\/wp\/v2\/types\/product"}],"replies":[{"embeddable":true,"href":"https:\/\/victoriavynn.ca\/fr\/wp-json\/wp\/v2\/comments?post=19225"}],"wp:featuredmedia":[{"embeddable":true,"href":"https:\/\/victoriavynn.ca\/fr\/wp-json\/wp\/v2\/media\/19226"}],"wp:attachment":[{"href":"https:\/\/victoriavynn.ca\/fr\/wp-json\/wp\/v2\/media?parent=19225"}],"wp:term":[{"taxonomy":"product_brand","embeddable":true,"href":"https:\/\/victoriavynn.ca\/fr\/wp-json\/wp\/v2\/product_brand?post=19225"},{"taxonomy":"product_cat","embeddable":true,"href":"https:\/\/victoriavynn.ca\/fr\/wp-json\/wp\/v2\/product_cat?post=19225"},{"taxonomy":"product_tag","embeddable":true,"href":"https:\/\/victoriavynn.ca\/fr\/wp-json\/wp\/v2\/product_tag?post=19225"}],"curies":[{"name":"wp","href":"https:\/\/api.w.org\/{rel}","templated":true}]}}