{"id":1927,"date":"2021-03-07T12:35:53","date_gmt":"2021-03-07T12:35:53","guid":{"rendered":"https:\/\/victoriavynn.ca\/?post_type=product&#038;p=1927"},"modified":"2026-05-15T08:53:41","modified_gmt":"2026-05-15T12:53:41","slug":"mousse-sculpture-gel","status":"publish","type":"product","link":"https:\/\/victoriavynn.ca\/fr\/product\/mousse-sculpture-gel\/","title":{"rendered":"Gel Mousse Sculpture"},"content":{"rendered":"<figure class=\"wp-block-embed is-type-video is-provider-youtube wp-block-embed-youtube wp-embed-aspect-16-9 wp-has-aspect-ratio\"><div class=\"wp-block-embed__wrapper\">\n<div class=\"lyte-wrapper fourthree\" title=\"Playlist : Mousse Sculpture Gel\" style=\"width:480px;max-width:100%;margin:5px;\"><div class=\"lyMe hidef playlist\" id=\"WYL_PLu-w5xQ0N0RXO09iI0WgGpRYvBN72CBbf\"><div id=\"lyte_PLu-w5xQ0N0RXO09iI0WgGpRYvBN72CBbf\" data-src=\"https:\/\/i.ytimg.com\/vi\/faZ2TBWpNf8\/maxresdefault.jpg\" class=\"pL\"><div class=\"tC\"><div class=\"tT\">Playlist : Mousse Sculpture Gel<\/div><\/div><div class=\"play\"><\/div><div class=\"ctrl\"><div class=\"Lctrl\"><\/div><div class=\"Rctrl\"><\/div><\/div><\/div><noscript><a href=\"https:\/\/youtube.com\/playlist?list=PLu-w5xQ0N0RXO09iI0WgGpRYvBN72CBbf\" rel=\"nofollow noopener\" target=\"_blank\"><br \/>Watch this playlist on YouTube<\/a><\/noscript><\/div><\/div>\n<\/div><\/figure>\n\n\n<p>Le gel sculptural Victoria VYNN Mousse est un gel thixotropique.<\/p>\n<p>Gel thixotrope triphas\u00e9 \u00e0 la consistance d'une mousse, destin\u00e9 \u00e0 :<\/p>\n<ul>\n<li>Extension et construction des ongles avec limage<\/li>\n<li>Extension et construction des ongles en utilisant la technique du \"one drop, no file\".<\/li>\n<li>Construction de formes avant-gardistes<\/li>\n<li>Renforcer la plaque naturelle de l'ongle<\/li>\n<li>Correction rapide, 4 doigts en m\u00eame temps<\/li>\n<li>Convient pour le pincement<\/li>\n<\/ul>\n<p>QU'EST-CE QUE LA THIXOTROPIE ?<\/p>\n<p>La consistance \u00e9paisse de la mousse a la propri\u00e9t\u00e9 inhabituelle de changer de viscosit\u00e9 sous l'influence de l'\u00e9nergie fournie. Lorsqu'elle est appliqu\u00e9e sur l'ongle, sa structure s'amincit l\u00e9g\u00e8rement. Ce processus est appel\u00e9 THIXOTROPY, ou \"m\u00e9moire liquide\". Par cons\u00e9quent, le gel est facile et r\u00e9gulier \u00e0 appliquer, il peut \u00eatre form\u00e9 et s'auto-nivelle doucement. Malgr\u00e9 le changement de consistance, il ne coule pas de l'ongle et n'inonde pas les cuticules.<\/p>\n<p>MOUSSE SCULPTURE GEL est un produit qui fonctionne parfaitement avec le pinceau, il suffit de le pousser doucement dans la bonne direction pendant le travail. Apr\u00e8s durcissement dans une lampe UV ou LED, il devient ultra-fort, dur et r\u00e9sistant aux dommages, mais reste facile \u00e0 travailler. Il garantit la durabilit\u00e9 de la manucure.<\/p>\n<ul>\n<li>N'inonde pas les cuticules.<\/li>\n<li>Ne laisse pas entrer l'air<\/li>\n<li>N'est pas jaune<\/li>\n<\/ul>\n<p>La formule innovante du MOUSSE SCULPTURE GEL \u00e0 \"m\u00e9moire fluide\" a \u00e9t\u00e9 d\u00e9velopp\u00e9e pour un travail rapide et confortable. Il est parfait pour les d\u00e9butants et les proth\u00e9sistes ongulaires exp\u00e9riment\u00e9s.<\/p>\n<p>Il est recommand\u00e9 de retirer la feuille de protection du pot 24h avant l'utilisation afin d'obtenir une consistance optimale. Ne pas m\u00e9langer la masse dans le pot. La couleur peut l\u00e9g\u00e8rement changer apr\u00e8s le d\u00e9p\u00f4t.<\/p>\n<p>Description de la couleur :<\/p>\n<ul>\n<li>01 Crystal Glass - cristal incolore, con\u00e7u pour la construction et la r\u00e9alisation du squelette.<\/li>\n<li>02 Polar White - blanc intense avec une couverture de 100%. Recommand\u00e9 pour la construction d'une manucure fran\u00e7aise. Appliquer en couches fines, prolonger le temps de s\u00e9chage \u00e0 120 s.<\/li>\n<li>03 Coral Soft - une teinte semi-transparente, l\u00e9g\u00e8rement p\u00eache, avec une couverture 30%.<\/li>\n<li>04 Berry Blush - nuance froide semi-transparente de rose avec une couverture de 60%.<\/li>\n<li>05 Baby Pink - rose laiteux avec une couverture de 80%.<\/li>\n<li>06 Dirty blush - rose sale - couverture 70%<\/li>\n<\/ul>","protected":false},"excerpt":{"rendered":"<p>Victoria VYNN Mousse Sculpture Gel est un produit qui fonctionne parfaitement avec le pinceau, il suffit de le pousser doucement dans la bonne direction pendant le travail. Apr\u00e8s durcissement dans une lampe UV ou LED, il devient ultra fort, dur et r\u00e9sistant aux dommages, mais reste facile \u00e0 travailler. Il garantit la durabilit\u00e9 de la manucure.<\/p>\n<ul>\n<li>01 Crystal Glass - cristal incolore, con\u00e7u pour la construction et la r\u00e9alisation du squelette.<\/li>\n<li>02 Polar White - blanc intense avec une couverture de 100%. Recommand\u00e9 pour la construction d'une manucure fran\u00e7aise. Appliquer en couches fines, prolonger le temps de s\u00e9chage \u00e0 120 s.<\/li>\n<li>03 Coral Soft - une teinte semi-transparente, l\u00e9g\u00e8rement p\u00eache, avec une couverture 30%.<\/li>\n<li>04 Berry Blush - nuance froide semi-transparente de rose avec une couverture de 60%.<\/li>\n<li>05 Baby Pink - rose laiteux avec une couverture de 80%.<\/li>\n<li>06 Dirty blush - rose sale - couverture 70%<\/li>\n<\/ul>\n<p>Sp\u00e9cifications du produit : <img loading=\"lazy\" decoding=\"async\" class=\"size-full wp-image-9083 alignleft\" src=\"https:\/\/victoriavynn.ca\/wp-content\/uploads\/2021\/03\/thixotropy.webp\" alt=\"\" width=\"125\" height=\"150\" \/><img loading=\"lazy\" decoding=\"async\" class=\"size-full wp-image-9084 alignleft\" src=\"https:\/\/victoriavynn.ca\/wp-content\/uploads\/2021\/03\/STRENGTHENS-1.webp\" alt=\"\" width=\"125\" height=\"150\" \/><img loading=\"lazy\" decoding=\"async\" class=\"size-full wp-image-8773 alignleft\" src=\"https:\/\/victoriavynn.ca\/wp-content\/uploads\/2019\/11\/THREE-PHASE-SYSTEM.webp\" alt=\"\" width=\"125\" height=\"150\" \/> <img loading=\"lazy\" decoding=\"async\" class=\"size-full wp-image-8758 alignleft\" src=\"https:\/\/victoriavynn.ca\/wp-content\/uploads\/2020\/03\/FOR-UV-LED-LAMPS.webp\" alt=\"couche de base en caoutchouc\" width=\"125\" height=\"150\" \/> \u00a0 \u00a0 \u00a0 \u00a0<\/p>","protected":false},"featured_media":9079,"comment_status":"open","ping_status":"closed","template":"","meta":[],"product_brand":[],"product_cat":[32],"product_tag":[87],"class_list":{"0":"post-1927","1":"product","2":"type-product","3":"status-publish","4":"has-post-thumbnail","6":"product_cat-thixotropic-gel","7":"product_tag-mousse-sculpture-gel-colors","8":"product_shipping_class-cardboard-box","9":"pa_size-15ml","10":"pa_size-50ml","12":"first","13":"instock","14":"taxable","15":"shipping-taxable","16":"purchasable","17":"product-type-variable"},"jetpack_sharing_enabled":true,"_links":{"self":[{"href":"https:\/\/victoriavynn.ca\/fr\/wp-json\/wp\/v2\/product\/1927","targetHints":{"allow":["GET"]}}],"collection":[{"href":"https:\/\/victoriavynn.ca\/fr\/wp-json\/wp\/v2\/product"}],"about":[{"href":"https:\/\/victoriavynn.ca\/fr\/wp-json\/wp\/v2\/types\/product"}],"replies":[{"embeddable":true,"href":"https:\/\/victoriavynn.ca\/fr\/wp-json\/wp\/v2\/comments?post=1927"}],"wp:featuredmedia":[{"embeddable":true,"href":"https:\/\/victoriavynn.ca\/fr\/wp-json\/wp\/v2\/media\/9079"}],"wp:attachment":[{"href":"https:\/\/victoriavynn.ca\/fr\/wp-json\/wp\/v2\/media?parent=1927"}],"wp:term":[{"taxonomy":"product_brand","embeddable":true,"href":"https:\/\/victoriavynn.ca\/fr\/wp-json\/wp\/v2\/product_brand?post=1927"},{"taxonomy":"product_cat","embeddable":true,"href":"https:\/\/victoriavynn.ca\/fr\/wp-json\/wp\/v2\/product_cat?post=1927"},{"taxonomy":"product_tag","embeddable":true,"href":"https:\/\/victoriavynn.ca\/fr\/wp-json\/wp\/v2\/product_tag?post=1927"}],"curies":[{"name":"wp","href":"https:\/\/api.w.org\/{rel}","templated":true}]}}