{"id":20102,"date":"2024-12-04T19:20:25","date_gmt":"2024-12-05T00:20:25","guid":{"rendered":"https:\/\/victoriavynn.ca\/product\/victoria-vynn-color-chart-ai-cat-eye-gel-polish-392-399-2\/"},"modified":"2026-02-13T18:34:42","modified_gmt":"2026-02-13T23:34:42","slug":"victoria-vynn-color-chart-ai-cat-eye-gel-polish-392-399-2","status":"publish","type":"product","link":"https:\/\/victoriavynn.ca\/fr\/product\/victoria-vynn-color-chart-ai-cat-eye-gel-polish-392-399-2\/","title":{"rendered":"Victoria VYNN Color Chart Ai Cat Eye Gel Polish 392-399"},"content":{"rendered":"","protected":false},"excerpt":{"rendered":"","protected":false},"featured_media":20103,"comment_status":"open","ping_status":"closed","template":"","meta":{"jetpack_post_was_ever_published":false,"jetpack_publicize_message":"","jetpack_publicize_feature_enabled":true,"jetpack_social_post_already_shared":true,"jetpack_social_options":{"image_generator_settings":{"template":"highway","default_image_id":0,"font":"","enabled":false},"version":2}},"product_brand":[],"product_cat":[31],"product_tag":[874],"class_list":{"0":"post-20102","1":"product","2":"type-product","3":"status-publish","4":"has-post-thumbnail","6":"product_cat-nail-tools-and-accessories","7":"product_tag-salon-gel-polish-ai-cat-eye","9":"first","10":"instock","11":"taxable","12":"shipping-taxable","13":"purchasable","14":"product-type-simple"},"jetpack_publicize_connections":[],"jetpack-related-posts":[{"id":20023,"url":"https:\/\/victoriavynn.ca\/fr\/product\/victoria-vynn-gel-polish-no-392-cat-eye-max\/","url_meta":{"origin":20102,"position":0},"title":"Victoria VYNN Gel Polish No. 392 Cat Eye Max","author":"Serge Sahakian","date":"D\u00e9cembre 2, 2024","format":false,"excerpt":"La nouvelle collection de vernis \u00e0 ongles hybrides magn\u00e9tiques avec effet \u0153il de chat s'inspire du monde de la technologie moderne et de l'intelligence artificielle, o\u00f9 la perfection est atteinte \u00e0 un niveau totalement nouveau. Avec la nouvelle collection AI_CAT_EYE, les possibilit\u00e9s sont infinies et chaque dessin peut devenir une \u0153uvre unique et parfaite...","rel":"","context":"Similar post","block_context":{"text":"Similar post","link":""},"img":{"alt_text":"Victoria VYNN Salon Gel Polish Cat Eye Ai No. 392 - Max","src":"https:\/\/i0.wp.com\/victoriavynn.ca\/wp-content\/uploads\/2024\/12\/victoria-vynn-salon-gel-polish-cat-eye-ai-no.-392-max.webp?fit=750%2C1000&ssl=1&resize=350%2C200","width":350,"height":200,"srcset":"https:\/\/i0.wp.com\/victoriavynn.ca\/wp-content\/uploads\/2024\/12\/victoria-vynn-salon-gel-polish-cat-eye-ai-no.-392-max.webp?fit=750%2C1000&ssl=1&resize=350%2C200 1x, https:\/\/i0.wp.com\/victoriavynn.ca\/wp-content\/uploads\/2024\/12\/victoria-vynn-salon-gel-polish-cat-eye-ai-no.-392-max.webp?fit=750%2C1000&ssl=1&resize=525%2C300 1.5x, https:\/\/i0.wp.com\/victoriavynn.ca\/wp-content\/uploads\/2024\/12\/victoria-vynn-salon-gel-polish-cat-eye-ai-no.-392-max.webp?fit=750%2C1000&ssl=1&resize=700%2C400 2x"},"classes":[]},{"id":20035,"url":"https:\/\/victoriavynn.ca\/fr\/product\/victoria-vynn-gel-polish-no-399-cat-eye-alexa\/","url_meta":{"origin":20102,"position":1},"title":"Victoria VYNN Gel Polish No. 399 Cat Eye Alexa","author":"Serge Sahakian","date":"D\u00e9cembre 2, 2024","format":false,"excerpt":"La nouvelle collection de vernis \u00e0 ongles hybrides magn\u00e9tiques avec effet \u0153il de chat s'inspire du monde de la technologie moderne et de l'intelligence artificielle, o\u00f9 la perfection est atteinte \u00e0 un niveau totalement nouveau. Avec la nouvelle collection AI_CAT_EYE, les possibilit\u00e9s sont infinies et chaque dessin peut devenir une \u0153uvre unique et parfaite...","rel":"","context":"Similar post","block_context":{"text":"Similar post","link":""},"img":{"alt_text":"Victoria VYNN Salon Gel Polish Cat Eye Ai No. 399 - Alexa","src":"https:\/\/i0.wp.com\/victoriavynn.ca\/wp-content\/uploads\/2024\/12\/victoria-vynn-salon-gel-polish-cat-eye-ai-no.-399-alexa.webp?fit=750%2C1000&ssl=1&resize=350%2C200","width":350,"height":200,"srcset":"https:\/\/i0.wp.com\/victoriavynn.ca\/wp-content\/uploads\/2024\/12\/victoria-vynn-salon-gel-polish-cat-eye-ai-no.-399-alexa.webp?fit=750%2C1000&ssl=1&resize=350%2C200 1x, https:\/\/i0.wp.com\/victoriavynn.ca\/wp-content\/uploads\/2024\/12\/victoria-vynn-salon-gel-polish-cat-eye-ai-no.-399-alexa.webp?fit=750%2C1000&ssl=1&resize=525%2C300 1.5x, https:\/\/i0.wp.com\/victoriavynn.ca\/wp-content\/uploads\/2024\/12\/victoria-vynn-salon-gel-polish-cat-eye-ai-no.-399-alexa.webp?fit=750%2C1000&ssl=1&resize=700%2C400 2x"},"classes":[]},{"id":16634,"url":"https:\/\/victoriavynn.ca\/fr\/product\/victoria-vynn-color-chart-christmas-cat-eye-gel-polish-354-357-2\/","url_meta":{"origin":20102,"position":2},"title":"Victoria VYNN Color Chart Christmas Cat Eye Gel Polish 354-357","author":"Serge Sahakian","date":"D\u00e9cembre 12, 2023","format":false,"excerpt":"","rel":"","context":"Similar post","block_context":{"text":"Similar post","link":""},"img":{"alt_text":"","src":"","width":0,"height":0},"classes":[]},{"id":20124,"url":"https:\/\/victoriavynn.ca\/fr\/product\/victoria-vynn-8-pack-promo-set-ai-cat-eye-collection\/","url_meta":{"origin":20102,"position":3},"title":"Victoria VYNN 8 Pack Promo Set Ai Cat Eye Collection","author":"Serge Sahakian","date":"D\u00e9cembre 5, 2024","format":false,"excerpt":"La nouvelle collection de vernis \u00e0 ongles hybrides magn\u00e9tiques avec effet \u0153il de chat s'inspire du monde de la technologie moderne et de l'intelligence artificielle, o\u00f9 la perfection est atteinte \u00e0 un niveau totalement nouveau. Avec la nouvelle collection AI_CAT_EYE, les possibilit\u00e9s sont infinies et chaque dessin peut devenir une \u0153uvre unique et parfaite...","rel":"","context":"Similar post","block_context":{"text":"Similar post","link":""},"img":{"alt_text":"Offer Cat Eye ai bundle and color chart free","src":"https:\/\/i0.wp.com\/victoriavynn.ca\/wp-content\/uploads\/2024\/12\/offer-cat-eye-ai-bundle-and-color-chart-free.webp?fit=750%2C1000&ssl=1&resize=350%2C200","width":350,"height":200,"srcset":"https:\/\/i0.wp.com\/victoriavynn.ca\/wp-content\/uploads\/2024\/12\/offer-cat-eye-ai-bundle-and-color-chart-free.webp?fit=750%2C1000&ssl=1&resize=350%2C200 1x, https:\/\/i0.wp.com\/victoriavynn.ca\/wp-content\/uploads\/2024\/12\/offer-cat-eye-ai-bundle-and-color-chart-free.webp?fit=750%2C1000&ssl=1&resize=525%2C300 1.5x, https:\/\/i0.wp.com\/victoriavynn.ca\/wp-content\/uploads\/2024\/12\/offer-cat-eye-ai-bundle-and-color-chart-free.webp?fit=750%2C1000&ssl=1&resize=700%2C400 2x"},"classes":[]},{"id":21177,"url":"https:\/\/victoriavynn.ca\/fr\/product\/victoria-vynn-ai-cat-eye-gel-polish-collection-display\/","url_meta":{"origin":20102,"position":4},"title":"Victoria VYNN AI Cat Eye Gel Polish Collection Display","author":"Serge Sahakian","date":"mars 19, 2025","format":false,"excerpt":"","rel":"","context":"Similar post","block_context":{"text":"Similar post","link":""},"img":{"alt_text":"","src":"https:\/\/i0.wp.com\/victoriavynn.ca\/wp-content\/uploads\/2025\/03\/color-chart-display-gp-ai_cat_eye.jpg?fit=1200%2C1200&ssl=1&resize=350%2C200","width":350,"height":200,"srcset":"https:\/\/i0.wp.com\/victoriavynn.ca\/wp-content\/uploads\/2025\/03\/color-chart-display-gp-ai_cat_eye.jpg?fit=1200%2C1200&ssl=1&resize=350%2C200 1x, https:\/\/i0.wp.com\/victoriavynn.ca\/wp-content\/uploads\/2025\/03\/color-chart-display-gp-ai_cat_eye.jpg?fit=1200%2C1200&ssl=1&resize=525%2C300 1.5x, https:\/\/i0.wp.com\/victoriavynn.ca\/wp-content\/uploads\/2025\/03\/color-chart-display-gp-ai_cat_eye.jpg?fit=1200%2C1200&ssl=1&resize=700%2C400 2x, https:\/\/i0.wp.com\/victoriavynn.ca\/wp-content\/uploads\/2025\/03\/color-chart-display-gp-ai_cat_eye.jpg?fit=1200%2C1200&ssl=1&resize=1050%2C600 3x"},"classes":[]},{"id":20025,"url":"https:\/\/victoriavynn.ca\/fr\/product\/victoria-vynn-gel-polish-no-393-cat-eye-jarvis\/","url_meta":{"origin":20102,"position":5},"title":"Victoria VYNN Gel Polish No. 393 Cat Eye Jarvis","author":"Serge Sahakian","date":"D\u00e9cembre 2, 2024","format":false,"excerpt":"La nouvelle collection de vernis \u00e0 ongles hybrides magn\u00e9tiques avec effet \u0153il de chat s'inspire du monde de la technologie moderne et de l'intelligence artificielle, o\u00f9 la perfection est atteinte \u00e0 un niveau totalement nouveau. Avec la nouvelle collection AI_CAT_EYE, les possibilit\u00e9s sont infinies et chaque dessin peut devenir une \u0153uvre unique et parfaite...","rel":"","context":"Similar post","block_context":{"text":"Similar post","link":""},"img":{"alt_text":"Victoria VYNN Salon Gel Polish Cat Eye Ai No. 393 - Jarvis","src":"https:\/\/i0.wp.com\/victoriavynn.ca\/wp-content\/uploads\/2024\/12\/victoria-vynn-salon-gel-polish-cat-eye-ai-no.-393-jarvis.webp?fit=750%2C1000&ssl=1&resize=350%2C200","width":350,"height":200,"srcset":"https:\/\/i0.wp.com\/victoriavynn.ca\/wp-content\/uploads\/2024\/12\/victoria-vynn-salon-gel-polish-cat-eye-ai-no.-393-jarvis.webp?fit=750%2C1000&ssl=1&resize=350%2C200 1x, https:\/\/i0.wp.com\/victoriavynn.ca\/wp-content\/uploads\/2024\/12\/victoria-vynn-salon-gel-polish-cat-eye-ai-no.-393-jarvis.webp?fit=750%2C1000&ssl=1&resize=525%2C300 1.5x, https:\/\/i0.wp.com\/victoriavynn.ca\/wp-content\/uploads\/2024\/12\/victoria-vynn-salon-gel-polish-cat-eye-ai-no.-393-jarvis.webp?fit=750%2C1000&ssl=1&resize=700%2C400 2x"},"classes":[]}],"jetpack_sharing_enabled":true,"_links":{"self":[{"href":"https:\/\/victoriavynn.ca\/fr\/wp-json\/wp\/v2\/product\/20102","targetHints":{"allow":["GET"]}}],"collection":[{"href":"https:\/\/victoriavynn.ca\/fr\/wp-json\/wp\/v2\/product"}],"about":[{"href":"https:\/\/victoriavynn.ca\/fr\/wp-json\/wp\/v2\/types\/product"}],"replies":[{"embeddable":true,"href":"https:\/\/victoriavynn.ca\/fr\/wp-json\/wp\/v2\/comments?post=20102"}],"wp:featuredmedia":[{"embeddable":true,"href":"https:\/\/victoriavynn.ca\/fr\/wp-json\/wp\/v2\/media\/20103"}],"wp:attachment":[{"href":"https:\/\/victoriavynn.ca\/fr\/wp-json\/wp\/v2\/media?parent=20102"}],"wp:term":[{"taxonomy":"product_brand","embeddable":true,"href":"https:\/\/victoriavynn.ca\/fr\/wp-json\/wp\/v2\/product_brand?post=20102"},{"taxonomy":"product_cat","embeddable":true,"href":"https:\/\/victoriavynn.ca\/fr\/wp-json\/wp\/v2\/product_cat?post=20102"},{"taxonomy":"product_tag","embeddable":true,"href":"https:\/\/victoriavynn.ca\/fr\/wp-json\/wp\/v2\/product_tag?post=20102"}],"curies":[{"name":"wp","href":"https:\/\/api.w.org\/{rel}","templated":true}]}}