{"id":20115,"date":"2024-12-04T19:50:21","date_gmt":"2024-12-05T00:50:21","guid":{"rendered":"https:\/\/victoriavynn.ca\/product\/pharm-foot-oxyzone-oil-15ml-ozone-oil-line\/"},"modified":"2026-04-02T22:50:35","modified_gmt":"2026-04-03T02:50:35","slug":"pharm-foot-oxyzone-oil-15ml-ozone-oil-line","status":"publish","type":"product","link":"https:\/\/victoriavynn.ca\/fr\/product\/pharm-foot-oxyzone-oil-15ml-ozone-oil-line\/","title":{"rendered":"Pharm Foot oxyZONE OIL 15ml (Ligne Ozone Oil)"},"content":{"rendered":"","protected":false},"excerpt":{"rendered":"","protected":false},"featured_media":20116,"comment_status":"open","ping_status":"closed","template":"","meta":{"jetpack_post_was_ever_published":false,"jetpack_publicize_message":"","jetpack_publicize_feature_enabled":true,"jetpack_social_post_already_shared":true,"jetpack_social_options":{"image_generator_settings":{"template":"highway","default_image_id":0,"font":"","enabled":false},"version":2}},"product_brand":[],"product_cat":[551],"product_tag":[],"class_list":{"0":"post-20115","1":"product","2":"type-product","3":"status-publish","4":"has-post-thumbnail","6":"product_cat-ozone-oil-line","8":"first","9":"instock","10":"taxable","11":"shipping-taxable","12":"purchasable","13":"product-type-simple"},"jetpack_publicize_connections":[],"jetpack-related-posts":[{"id":11274,"url":"https:\/\/victoriavynn.ca\/fr\/product\/antibacterial-serum-for-feet-mycoverrum-15\/","url_meta":{"origin":20115,"position":0},"title":"Pharm Foot mycoVERRUM 15ml (Ligne Ozone Oil &amp; Herbs)","author":"Serge Sahakian","date":"avril 13, 2023","format":false,"excerpt":"Pharm Foot mycoVERRUM - le meilleur s\u00e9rum antibact\u00e9rien pour les pieds qui soutient les th\u00e9rapies antifongiques et antivirales. Il a un fort effet r\u00e9g\u00e9n\u00e9rateur, am\u00e9liore l'\u00e9tat de la peau et la renforce. Pour les salons et l'usage domestique - Capacit\u00e9 15ml Sp\u00e9cifications du produit : \u00a0 \u00a0 \u00a0 \u00a0 \u00a0 \u00a0 \u00a0","rel":"","context":"Similar post","block_context":{"text":"Similar post","link":""},"img":{"alt_text":"Pharm Foot antibacterial serum for feet mycoVERRUM 15ml Victoria VYNN","src":"https:\/\/i0.wp.com\/victoriavynn.ca\/wp-content\/uploads\/2023\/04\/Pharm-Foot-antibacterial-serum-for-feet-mycoVERRUM-15ml-Victoria-VYNN.webp?fit=750%2C1000&ssl=1&resize=350%2C200","width":350,"height":200,"srcset":"https:\/\/i0.wp.com\/victoriavynn.ca\/wp-content\/uploads\/2023\/04\/Pharm-Foot-antibacterial-serum-for-feet-mycoVERRUM-15ml-Victoria-VYNN.webp?fit=750%2C1000&ssl=1&resize=350%2C200 1x, https:\/\/i0.wp.com\/victoriavynn.ca\/wp-content\/uploads\/2023\/04\/Pharm-Foot-antibacterial-serum-for-feet-mycoVERRUM-15ml-Victoria-VYNN.webp?fit=750%2C1000&ssl=1&resize=525%2C300 1.5x, https:\/\/i0.wp.com\/victoriavynn.ca\/wp-content\/uploads\/2023\/04\/Pharm-Foot-antibacterial-serum-for-feet-mycoVERRUM-15ml-Victoria-VYNN.webp?fit=750%2C1000&ssl=1&resize=700%2C400 2x"},"classes":[]},{"id":10821,"url":"https:\/\/victoriavynn.ca\/fr\/product\/pharm-foot-ozone-rebuilder-75ml-ozone-oil-line\/","url_meta":{"origin":20115,"position":1},"title":"Pharm Foot OZONE reBUILDER 75ml (Ozone Oil Line)","author":"Serge Sahakian","date":"mars 1, 2023","format":false,"excerpt":"CR\u00c8ME R\u00c9FECTION ET PROTECTION \u00e0 l'huile d'ozone 75ml","rel":"","context":"Similar post","block_context":{"text":"Similar post","link":""},"img":{"alt_text":"vynn_pf_ozone_rebuilder_75ml_kart","src":"https:\/\/i0.wp.com\/victoriavynn.ca\/wp-content\/uploads\/2023\/03\/vynn_pf_ozone_rebuilder_75ml_kart.webp?fit=750%2C1000&ssl=1&resize=350%2C200","width":350,"height":200,"srcset":"https:\/\/i0.wp.com\/victoriavynn.ca\/wp-content\/uploads\/2023\/03\/vynn_pf_ozone_rebuilder_75ml_kart.webp?fit=750%2C1000&ssl=1&resize=350%2C200 1x, https:\/\/i0.wp.com\/victoriavynn.ca\/wp-content\/uploads\/2023\/03\/vynn_pf_ozone_rebuilder_75ml_kart.webp?fit=750%2C1000&ssl=1&resize=525%2C300 1.5x, https:\/\/i0.wp.com\/victoriavynn.ca\/wp-content\/uploads\/2023\/03\/vynn_pf_ozone_rebuilder_75ml_kart.webp?fit=750%2C1000&ssl=1&resize=700%2C400 2x"},"classes":[]},{"id":10823,"url":"https:\/\/victoriavynn.ca\/fr\/product\/pharm-foot-ozone-rebuilder-400ml-ozone-oil-line\/","url_meta":{"origin":20115,"position":2},"title":"Pharm Foot OZONE reBUILDER 400ml (Ozone Oil Line)","author":"Serge Sahakian","date":"mars 1, 2023","format":false,"excerpt":"CREME REBONDISSANTE &amp; PROTECTRICE \u00e0 l'huile d'ozone 400ml","rel":"","context":"Similar post","block_context":{"text":"Similar post","link":""},"img":{"alt_text":"vynn_pf_ozone_rebuilder_400ml","src":"https:\/\/i0.wp.com\/victoriavynn.ca\/wp-content\/uploads\/2023\/03\/vynn_pf_ozone_rebuilder_400ml.webp?fit=750%2C1000&ssl=1&resize=350%2C200","width":350,"height":200,"srcset":"https:\/\/i0.wp.com\/victoriavynn.ca\/wp-content\/uploads\/2023\/03\/vynn_pf_ozone_rebuilder_400ml.webp?fit=750%2C1000&ssl=1&resize=350%2C200 1x, https:\/\/i0.wp.com\/victoriavynn.ca\/wp-content\/uploads\/2023\/03\/vynn_pf_ozone_rebuilder_400ml.webp?fit=750%2C1000&ssl=1&resize=525%2C300 1.5x, https:\/\/i0.wp.com\/victoriavynn.ca\/wp-content\/uploads\/2023\/03\/vynn_pf_ozone_rebuilder_400ml.webp?fit=750%2C1000&ssl=1&resize=700%2C400 2x"},"classes":[]},{"id":20119,"url":"https:\/\/victoriavynn.ca\/fr\/product\/pharm-foot-ozon-guard-400ml-ozone-oil-line\/","url_meta":{"origin":20115,"position":3},"title":"Pharm Foot OZON GUARD 400ml (Ozone Oil Line)","author":"Serge Sahakian","date":"D\u00e9cembre 4, 2024","format":false,"excerpt":"","rel":"","context":"Similar post","block_context":{"text":"Similar post","link":""},"img":{"alt_text":"","src":"https:\/\/i0.wp.com\/victoriavynn.ca\/wp-content\/uploads\/2024\/12\/ozone-guard-2f-400ml.jpg?fit=1200%2C1200&ssl=1&resize=350%2C200","width":350,"height":200,"srcset":"https:\/\/i0.wp.com\/victoriavynn.ca\/wp-content\/uploads\/2024\/12\/ozone-guard-2f-400ml.jpg?fit=1200%2C1200&ssl=1&resize=350%2C200 1x, https:\/\/i0.wp.com\/victoriavynn.ca\/wp-content\/uploads\/2024\/12\/ozone-guard-2f-400ml.jpg?fit=1200%2C1200&ssl=1&resize=525%2C300 1.5x, https:\/\/i0.wp.com\/victoriavynn.ca\/wp-content\/uploads\/2024\/12\/ozone-guard-2f-400ml.jpg?fit=1200%2C1200&ssl=1&resize=700%2C400 2x, https:\/\/i0.wp.com\/victoriavynn.ca\/wp-content\/uploads\/2024\/12\/ozone-guard-2f-400ml.jpg?fit=1200%2C1200&ssl=1&resize=1050%2C600 3x"},"classes":[]},{"id":17507,"url":"https:\/\/victoriavynn.ca\/fr\/product\/pharm-foot-ozone-safe-250-ml-ozone-oil-line\/","url_meta":{"origin":20115,"position":4},"title":"Pharm Foot OZONE SAFE 250 ml (Ozone Oil Line)","author":"Serge Sahakian","date":"avril 7, 2024","format":false,"excerpt":"","rel":"","context":"Similar post","block_context":{"text":"Similar post","link":""},"img":{"alt_text":"","src":"https:\/\/i0.wp.com\/victoriavynn.ca\/wp-content\/uploads\/2024\/04\/ozone-safe-250-ml.jpg?fit=800%2C800&ssl=1&resize=350%2C200","width":350,"height":200,"srcset":"https:\/\/i0.wp.com\/victoriavynn.ca\/wp-content\/uploads\/2024\/04\/ozone-safe-250-ml.jpg?fit=800%2C800&ssl=1&resize=350%2C200 1x, https:\/\/i0.wp.com\/victoriavynn.ca\/wp-content\/uploads\/2024\/04\/ozone-safe-250-ml.jpg?fit=800%2C800&ssl=1&resize=525%2C300 1.5x, https:\/\/i0.wp.com\/victoriavynn.ca\/wp-content\/uploads\/2024\/04\/ozone-safe-250-ml.jpg?fit=800%2C800&ssl=1&resize=700%2C400 2x"},"classes":[]},{"id":10819,"url":"https:\/\/victoriavynn.ca\/fr\/product\/ozon-guard-150ml-spray-for-foot-odor\/","url_meta":{"origin":20115,"position":5},"title":"Pharm Foot OZON GUARD 150ml (Ozone Oil Line)","author":"Serge Sahakian","date":"mars 1, 2023","format":false,"excerpt":"Pharm Foot OZONE GUARD - SPRAY PROTECTEUR \u00e0 l'huile d'olive ozon\u00e9e est vraiment le meilleur spray contre les odeurs de pieds. Caract\u00e9ris\u00e9 par ses propri\u00e9t\u00e9s antimicrobiennes et antibact\u00e9riennes, OZONE GUARD r\u00e9duit la transpiration et rafra\u00eechit les pieds. Ne dess\u00e8che pas la peau et peut \u00eatre utilis\u00e9 sur une peau s\u00e8che. Recommand\u00e9 pour les personnes...","rel":"","context":"Similar post","block_context":{"text":"Similar post","link":""},"img":{"alt_text":"pharm foot best spray for foot odor Ozone Guard 150ml","src":"https:\/\/i0.wp.com\/victoriavynn.ca\/wp-content\/uploads\/2023\/03\/pharm-foot-best-spray-for-foot-odor-Ozone-Guard-150ml-1-4.webp?fit=750%2C1000&ssl=1&resize=350%2C200","width":350,"height":200,"srcset":"https:\/\/i0.wp.com\/victoriavynn.ca\/wp-content\/uploads\/2023\/03\/pharm-foot-best-spray-for-foot-odor-Ozone-Guard-150ml-1-4.webp?fit=750%2C1000&ssl=1&resize=350%2C200 1x, https:\/\/i0.wp.com\/victoriavynn.ca\/wp-content\/uploads\/2023\/03\/pharm-foot-best-spray-for-foot-odor-Ozone-Guard-150ml-1-4.webp?fit=750%2C1000&ssl=1&resize=525%2C300 1.5x, https:\/\/i0.wp.com\/victoriavynn.ca\/wp-content\/uploads\/2023\/03\/pharm-foot-best-spray-for-foot-odor-Ozone-Guard-150ml-1-4.webp?fit=750%2C1000&ssl=1&resize=700%2C400 2x"},"classes":[]}],"jetpack_sharing_enabled":true,"_links":{"self":[{"href":"https:\/\/victoriavynn.ca\/fr\/wp-json\/wp\/v2\/product\/20115","targetHints":{"allow":["GET"]}}],"collection":[{"href":"https:\/\/victoriavynn.ca\/fr\/wp-json\/wp\/v2\/product"}],"about":[{"href":"https:\/\/victoriavynn.ca\/fr\/wp-json\/wp\/v2\/types\/product"}],"replies":[{"embeddable":true,"href":"https:\/\/victoriavynn.ca\/fr\/wp-json\/wp\/v2\/comments?post=20115"}],"wp:featuredmedia":[{"embeddable":true,"href":"https:\/\/victoriavynn.ca\/fr\/wp-json\/wp\/v2\/media\/20116"}],"wp:attachment":[{"href":"https:\/\/victoriavynn.ca\/fr\/wp-json\/wp\/v2\/media?parent=20115"}],"wp:term":[{"taxonomy":"product_brand","embeddable":true,"href":"https:\/\/victoriavynn.ca\/fr\/wp-json\/wp\/v2\/product_brand?post=20115"},{"taxonomy":"product_cat","embeddable":true,"href":"https:\/\/victoriavynn.ca\/fr\/wp-json\/wp\/v2\/product_cat?post=20115"},{"taxonomy":"product_tag","embeddable":true,"href":"https:\/\/victoriavynn.ca\/fr\/wp-json\/wp\/v2\/product_tag?post=20115"}],"curies":[{"name":"wp","href":"https:\/\/api.w.org\/{rel}","templated":true}]}}