{"id":2016,"date":"2021-03-07T09:16:58","date_gmt":"2021-03-07T14:16:58","guid":{"rendered":"https:\/\/victoriavynn.ca\/?post_type=product&#038;p=2016"},"modified":"2026-02-15T20:20:11","modified_gmt":"2026-02-16T01:20:11","slug":"iq-salon-vegan-nail-polish-top-coat","status":"publish","type":"product","link":"https:\/\/victoriavynn.ca\/fr\/product\/iq-salon-vegan-nail-polish-top-coat\/","title":{"rendered":"Vernis \u00e0 ongles iQ Top Coat"},"content":{"rendered":"<p>Victoria VYNN IQ Salon Vegan Vernis \u00e0 ongles Top Coat 9ml<\/p>\n<p>Vernis intelligent avec l'innovant IQ COMPLEX - une combinaison de polym\u00e8res filmog\u00e8nes avanc\u00e9s et de plastifiants \u00e0 action synergique, assure une adh\u00e9sion \u00e0 long terme \u00e0 la plaque de l'ongle et une durabilit\u00e9 extr\u00eame de la manucure. manucure parfaite pendant 10 jours couleur satur\u00e9e, profonde et durable r\u00e9sistant \u00e0 l'abrasion, \u00e0 l'\u00e9crasement, \u00e0 l'\u00e9caillage formule v\u00e9g\u00e9talienne s'enl\u00e8ve avec le dissolvant sans ac\u00e9tone forme du pinceau en \u00e9ventail : s'adapte parfaitement \u00e0 tout type d'ongle permet une application parfaite de la couleur ne laisse pas de stries<\/p>","protected":false},"excerpt":{"rendered":"<p>Syst\u00e8me de vernis \u00e0 ongles Victoria VYNN IQ<\/p>","protected":false},"featured_media":1992,"comment_status":"open","ping_status":"closed","template":"","meta":[],"product_brand":[],"product_cat":[33,52],"product_tag":[],"class_list":{"0":"post-2016","1":"product","2":"type-product","3":"status-publish","4":"has-post-thumbnail","6":"product_cat-iq-salon-vegan-nail-polish","7":"product_cat-base-top-vegan-nails","8":"product_shipping_class-cardboard-box","9":"pa_size-9ml","11":"first","12":"instock","13":"taxable","14":"shipping-taxable","15":"purchasable","16":"product-type-simple"},"jetpack_sharing_enabled":true,"_links":{"self":[{"href":"https:\/\/victoriavynn.ca\/fr\/wp-json\/wp\/v2\/product\/2016","targetHints":{"allow":["GET"]}}],"collection":[{"href":"https:\/\/victoriavynn.ca\/fr\/wp-json\/wp\/v2\/product"}],"about":[{"href":"https:\/\/victoriavynn.ca\/fr\/wp-json\/wp\/v2\/types\/product"}],"replies":[{"embeddable":true,"href":"https:\/\/victoriavynn.ca\/fr\/wp-json\/wp\/v2\/comments?post=2016"}],"wp:featuredmedia":[{"embeddable":true,"href":"https:\/\/victoriavynn.ca\/fr\/wp-json\/wp\/v2\/media\/1992"}],"wp:attachment":[{"href":"https:\/\/victoriavynn.ca\/fr\/wp-json\/wp\/v2\/media?parent=2016"}],"wp:term":[{"taxonomy":"product_brand","embeddable":true,"href":"https:\/\/victoriavynn.ca\/fr\/wp-json\/wp\/v2\/product_brand?post=2016"},{"taxonomy":"product_cat","embeddable":true,"href":"https:\/\/victoriavynn.ca\/fr\/wp-json\/wp\/v2\/product_cat?post=2016"},{"taxonomy":"product_tag","embeddable":true,"href":"https:\/\/victoriavynn.ca\/fr\/wp-json\/wp\/v2\/product_tag?post=2016"}],"curies":[{"name":"wp","href":"https:\/\/api.w.org\/{rel}","templated":true}]}}