{"id":2037,"date":"2021-07-18T15:22:13","date_gmt":"2021-07-18T19:22:13","guid":{"rendered":"https:\/\/victoriavynn.ca\/?post_type=product&#038;p=2037"},"modified":"2026-03-06T14:53:37","modified_gmt":"2026-03-06T19:53:37","slug":"base-pedi","status":"publish","type":"product","link":"https:\/\/victoriavynn.ca\/fr\/product\/pedi-base\/","title":{"rendered":"Base Pedi"},"content":{"rendered":"<p>Pedi Base est un produit \u00e0 s\u00e9chage l\u00e9ger pour le stylisme permanent des ongles. Il aligne la plaque et donne une couleur naturelle. La base est r\u00e9sistante aux dommages m\u00e9caniques, prot\u00e8ge les ongles contre les cassures et les fissures. La Pedi Base peut \u00eatre utilis\u00e9e sous les vernis \u00e0 ongles classiques iQ ou les vernis hybrides Pure et Gel Polish.<\/p>\n<ul>\n<li>Base pour <strong>p\u00e9dicure cosm\u00e9tique<\/strong><\/li>\n<li>R\u00e9sistant aux dommages m\u00e9caniques<\/li>\n<li><strong>Prot\u00e8ge les ongles des orteils<\/strong>\u00a0contre la rupture et la fissuration<\/li>\n<li>Alignement parfait de la plaque<\/li>\n<li>A utiliser sous les vernis classiques iQ ou les vernis hybrides Pure et Gel Polish<\/li>\n<li>Appliqu\u00e9 directement sous le dessus photopolym\u00e9ris\u00e9 - donne l'effet d'ongles naturels<\/li>\n<li>Disponible en 2 teintes naturelles : laiteux et rose clair<\/li>\n<li>Durci dans la lampe : LED - 60 sec, UV - 120 sec<\/li>\n<li>Poss\u00e8de une couche de dispersion<\/li>\n<li>Enlev\u00e9 avec une lime ou une fraiseuse<\/li>\n<li>Capacit\u00e9 : 15 ml<\/li>\n<\/ul>\n<p>Victoria VYNN, la marque de vernis \u00e0 gel la plus vendue au Canada, fournit aux proth\u00e9sistes ongulaires et aux professionnels des produits de haute qualit\u00e9 pour cr\u00e9er des finitions \u00e9tonnantes de nail art. V\u00e9rifiez notre site fr\u00e9quemment pour les nouveaux produits !<\/p>\n<p>Nous sommes convaincus que chaque femme poss\u00e8de un \u00e9norme potentiel que nous voulons lib\u00e9rer. Nous veillons \u00e0 ce que, gr\u00e2ce \u00e0 des ongles \u00e9tonnants, les femmes d\u00e9couvrent ce pouvoir en elles et soient pr\u00eates \u00e0 toutes les situations, courageuses et belles !<\/p>","protected":false},"excerpt":{"rendered":"<p>Pedi Base est un produit \u00e0 s\u00e9chage l\u00e9ger pour le stylisme permanent des ongles. Il aligne la plaque et donne une couleur naturelle. La base est r\u00e9sistante aux dommages m\u00e9caniques, prot\u00e8ge les ongles contre les cassures et les fissures. La Pedi Base peut \u00eatre utilis\u00e9e sous les vernis \u00e0 ongles classiques iQ ou les vernis hybrides Pure et Gel Polish.<\/p>\n<p>Victoria VYNN, la marque de vernis \u00e0 gel la plus vendue au Canada, fournit aux proth\u00e9sistes ongulaires et aux professionnels des produits de haute qualit\u00e9 pour cr\u00e9er des finitions \u00e9tonnantes de nail art. V\u00e9rifiez notre site fr\u00e9quemment pour les nouveaux produits !<\/p>","protected":false},"featured_media":7098,"comment_status":"open","ping_status":"closed","template":"","meta":[],"product_brand":[],"product_cat":[34],"product_tag":[84,607],"class_list":{"0":"post-2037","1":"product","2":"type-product","3":"status-publish","4":"has-post-thumbnail","6":"product_cat-gel-toenails","7":"product_tag-pedi-base-colors","8":"product_tag-rubber-base","9":"product_shipping_class-cardboard-box","10":"pa_size-15ml","12":"first","13":"outofstock","14":"taxable","15":"shipping-taxable","16":"purchasable","17":"product-type-variable"},"jetpack_sharing_enabled":true,"_links":{"self":[{"href":"https:\/\/victoriavynn.ca\/fr\/wp-json\/wp\/v2\/product\/2037","targetHints":{"allow":["GET"]}}],"collection":[{"href":"https:\/\/victoriavynn.ca\/fr\/wp-json\/wp\/v2\/product"}],"about":[{"href":"https:\/\/victoriavynn.ca\/fr\/wp-json\/wp\/v2\/types\/product"}],"replies":[{"embeddable":true,"href":"https:\/\/victoriavynn.ca\/fr\/wp-json\/wp\/v2\/comments?post=2037"}],"wp:featuredmedia":[{"embeddable":true,"href":"https:\/\/victoriavynn.ca\/fr\/wp-json\/wp\/v2\/media\/7098"}],"wp:attachment":[{"href":"https:\/\/victoriavynn.ca\/fr\/wp-json\/wp\/v2\/media?parent=2037"}],"wp:term":[{"taxonomy":"product_brand","embeddable":true,"href":"https:\/\/victoriavynn.ca\/fr\/wp-json\/wp\/v2\/product_brand?post=2037"},{"taxonomy":"product_cat","embeddable":true,"href":"https:\/\/victoriavynn.ca\/fr\/wp-json\/wp\/v2\/product_cat?post=2037"},{"taxonomy":"product_tag","embeddable":true,"href":"https:\/\/victoriavynn.ca\/fr\/wp-json\/wp\/v2\/product_tag?post=2037"}],"curies":[{"name":"wp","href":"https:\/\/api.w.org\/{rel}","templated":true}]}}