{"id":20771,"date":"2025-02-10T17:50:37","date_gmt":"2025-02-10T22:50:37","guid":{"rendered":"https:\/\/victoriavynn.ca\/product\/victoria-vynn-phone-bag\/"},"modified":"2026-04-02T22:50:35","modified_gmt":"2026-04-03T02:50:35","slug":"victoria-vynn-phone-bag","status":"publish","type":"product","link":"https:\/\/victoriavynn.ca\/fr\/product\/victoria-vynn-phone-bag\/","title":{"rendered":"Victoria VYNN Phone Bag"},"content":{"rendered":"","protected":false},"excerpt":{"rendered":"","protected":false},"featured_media":20772,"comment_status":"open","ping_status":"closed","template":"","meta":{"jetpack_post_was_ever_published":false,"jetpack_publicize_message":"","jetpack_publicize_feature_enabled":true,"jetpack_social_post_already_shared":true,"jetpack_social_options":{"image_generator_settings":{"template":"highway","default_image_id":0,"font":"","enabled":false},"version":2}},"product_brand":[],"product_cat":[31],"product_tag":[],"class_list":{"0":"post-20771","1":"product","2":"type-product","3":"status-publish","4":"has-post-thumbnail","6":"product_cat-nail-tools-and-accessories","8":"first","9":"instock","10":"taxable","11":"shipping-taxable","12":"purchasable","13":"product-type-simple"},"jetpack_publicize_connections":[],"jetpack-related-posts":[{"id":3062,"url":"https:\/\/victoriavynn.ca\/fr\/product\/victoria-vynn-backpack-bag-black\/","url_meta":{"origin":20771,"position":0},"title":"Victoria VYNN Sac \u00e0 dos noir","author":"Serge Sahakian","date":"ao\u00fbt 18, 2022","format":false,"excerpt":"Mat\u00e9riel de marketing de Victoria VYNN","rel":"","context":"Similar post","block_context":{"text":"Similar post","link":""},"img":{"alt_text":"","src":"https:\/\/i0.wp.com\/victoriavynn.ca\/wp-content\/uploads\/2022\/08\/backpack-bag-black.jpeg?resize=350%2C200&ssl=1","width":350,"height":200,"srcset":"https:\/\/i0.wp.com\/victoriavynn.ca\/wp-content\/uploads\/2022\/08\/backpack-bag-black.jpeg?resize=350%2C200&ssl=1 1x, https:\/\/i0.wp.com\/victoriavynn.ca\/wp-content\/uploads\/2022\/08\/backpack-bag-black.jpeg?resize=525%2C300&ssl=1 1.5x, https:\/\/i0.wp.com\/victoriavynn.ca\/wp-content\/uploads\/2022\/08\/backpack-bag-black.jpeg?resize=700%2C400&ssl=1 2x, https:\/\/i0.wp.com\/victoriavynn.ca\/wp-content\/uploads\/2022\/08\/backpack-bag-black.jpeg?resize=1050%2C600&ssl=1 3x"},"classes":[]},{"id":20762,"url":"https:\/\/victoriavynn.ca\/fr\/product\/victoria-vynn-cosmetic-bag-ecru\/","url_meta":{"origin":20771,"position":1},"title":"Victoria VYNN Cosmetic Bag Ecru","author":"Serge Sahakian","date":"f\u00e9vrier 10, 2025","format":false,"excerpt":"","rel":"","context":"Similar post","block_context":{"text":"Similar post","link":""},"img":{"alt_text":"","src":"https:\/\/i0.wp.com\/victoriavynn.ca\/wp-content\/uploads\/2025\/02\/cosmetic-bag-ecru-3.jpg?resize=350%2C200&ssl=1","width":350,"height":200,"srcset":"https:\/\/i0.wp.com\/victoriavynn.ca\/wp-content\/uploads\/2025\/02\/cosmetic-bag-ecru-3.jpg?resize=350%2C200&ssl=1 1x, https:\/\/i0.wp.com\/victoriavynn.ca\/wp-content\/uploads\/2025\/02\/cosmetic-bag-ecru-3.jpg?resize=525%2C300&ssl=1 1.5x, https:\/\/i0.wp.com\/victoriavynn.ca\/wp-content\/uploads\/2025\/02\/cosmetic-bag-ecru-3.jpg?resize=700%2C400&ssl=1 2x, https:\/\/i0.wp.com\/victoriavynn.ca\/wp-content\/uploads\/2025\/02\/cosmetic-bag-ecru-3.jpg?resize=1050%2C600&ssl=1 3x"},"classes":[]},{"id":22150,"url":"https:\/\/victoriavynn.ca\/fr\/product\/victoria-vynn-canvas-bag-black\/","url_meta":{"origin":20771,"position":2},"title":"Victoria VYNN Sac en toile noir","author":"Serge Sahakian","date":"juin 18, 2025","format":false,"excerpt":"48x20x28 cm","rel":"","context":"Similar post","block_context":{"text":"Similar post","link":""},"img":{"alt_text":"","src":"https:\/\/i0.wp.com\/victoriavynn.ca\/wp-content\/uploads\/2025\/06\/canvas-bag-48x20x28-cm-black-3.jpg?resize=350%2C200&ssl=1","width":350,"height":200,"srcset":"https:\/\/i0.wp.com\/victoriavynn.ca\/wp-content\/uploads\/2025\/06\/canvas-bag-48x20x28-cm-black-3.jpg?resize=350%2C200&ssl=1 1x, https:\/\/i0.wp.com\/victoriavynn.ca\/wp-content\/uploads\/2025\/06\/canvas-bag-48x20x28-cm-black-3.jpg?resize=525%2C300&ssl=1 1.5x, https:\/\/i0.wp.com\/victoriavynn.ca\/wp-content\/uploads\/2025\/06\/canvas-bag-48x20x28-cm-black-3.jpg?resize=700%2C400&ssl=1 2x, https:\/\/i0.wp.com\/victoriavynn.ca\/wp-content\/uploads\/2025\/06\/canvas-bag-48x20x28-cm-black-3.jpg?resize=1050%2C600&ssl=1 3x"},"classes":[]},{"id":3088,"url":"https:\/\/victoriavynn.ca\/fr\/product\/victoria-vynn-vv-lanyard\/","url_meta":{"origin":20771,"position":3},"title":"Lanyard Victoria VYNN","author":"Serge Sahakian","date":"ao\u00fbt 18, 2022","format":false,"excerpt":"Mat\u00e9riel de marketing de Victoria VYNN","rel":"","context":"Similar post","block_context":{"text":"Similar post","link":""},"img":{"alt_text":"","src":"https:\/\/i0.wp.com\/victoriavynn.ca\/wp-content\/uploads\/2022\/08\/smycz-vv.jpeg?resize=350%2C200&ssl=1","width":350,"height":200,"srcset":"https:\/\/i0.wp.com\/victoriavynn.ca\/wp-content\/uploads\/2022\/08\/smycz-vv.jpeg?resize=350%2C200&ssl=1 1x, https:\/\/i0.wp.com\/victoriavynn.ca\/wp-content\/uploads\/2022\/08\/smycz-vv.jpeg?resize=525%2C300&ssl=1 1.5x, https:\/\/i0.wp.com\/victoriavynn.ca\/wp-content\/uploads\/2022\/08\/smycz-vv.jpeg?resize=700%2C400&ssl=1 2x"},"classes":[]},{"id":52746,"url":"https:\/\/victoriavynn.ca\/fr\/product\/victoria-vynn-scented-hanging-air-freshener\/","url_meta":{"origin":20771,"position":4},"title":"Rafra\u00eechisseur d'air suspendu parfum\u00e9 Victoria VYNN","author":"Serge Sahakian","date":"mars 20, 2026","format":false,"excerpt":"","rel":"","context":"Similar post","block_context":{"text":"Similar post","link":""},"img":{"alt_text":"","src":"https:\/\/i0.wp.com\/victoriavynn.ca\/wp-content\/uploads\/2026\/03\/gel-polish-scented-hanging-air-freshener.jpg?resize=350%2C200&ssl=1","width":350,"height":200,"srcset":"https:\/\/i0.wp.com\/victoriavynn.ca\/wp-content\/uploads\/2026\/03\/gel-polish-scented-hanging-air-freshener.jpg?resize=350%2C200&ssl=1 1x, https:\/\/i0.wp.com\/victoriavynn.ca\/wp-content\/uploads\/2026\/03\/gel-polish-scented-hanging-air-freshener.jpg?resize=525%2C300&ssl=1 1.5x, https:\/\/i0.wp.com\/victoriavynn.ca\/wp-content\/uploads\/2026\/03\/gel-polish-scented-hanging-air-freshener.jpg?resize=700%2C400&ssl=1 2x, https:\/\/i0.wp.com\/victoriavynn.ca\/wp-content\/uploads\/2026\/03\/gel-polish-scented-hanging-air-freshener.jpg?resize=1050%2C600&ssl=1 3x"},"classes":[]},{"id":3130,"url":"https:\/\/victoriavynn.ca\/fr\/product\/victoria-vynn-vv-display-for-24pcs\/","url_meta":{"origin":20771,"position":5},"title":"Pr\u00e9sentoir Victoria VYNN pour 24pcs","author":"Serge Sahakian","date":"ao\u00fbt 18, 2022","format":false,"excerpt":"Mat\u00e9riel de marketing de Victoria VYNN","rel":"","context":"Similar post","block_context":{"text":"Similar post","link":""},"img":{"alt_text":"","src":"https:\/\/i0.wp.com\/victoriavynn.ca\/wp-content\/uploads\/2022\/08\/ekspozytor-naladowy-vv-na-24szt-.jpeg?resize=350%2C200&ssl=1","width":350,"height":200,"srcset":"https:\/\/i0.wp.com\/victoriavynn.ca\/wp-content\/uploads\/2022\/08\/ekspozytor-naladowy-vv-na-24szt-.jpeg?resize=350%2C200&ssl=1 1x, https:\/\/i0.wp.com\/victoriavynn.ca\/wp-content\/uploads\/2022\/08\/ekspozytor-naladowy-vv-na-24szt-.jpeg?resize=525%2C300&ssl=1 1.5x, https:\/\/i0.wp.com\/victoriavynn.ca\/wp-content\/uploads\/2022\/08\/ekspozytor-naladowy-vv-na-24szt-.jpeg?resize=700%2C400&ssl=1 2x"},"classes":[]}],"jetpack_sharing_enabled":true,"_links":{"self":[{"href":"https:\/\/victoriavynn.ca\/fr\/wp-json\/wp\/v2\/product\/20771","targetHints":{"allow":["GET"]}}],"collection":[{"href":"https:\/\/victoriavynn.ca\/fr\/wp-json\/wp\/v2\/product"}],"about":[{"href":"https:\/\/victoriavynn.ca\/fr\/wp-json\/wp\/v2\/types\/product"}],"replies":[{"embeddable":true,"href":"https:\/\/victoriavynn.ca\/fr\/wp-json\/wp\/v2\/comments?post=20771"}],"wp:featuredmedia":[{"embeddable":true,"href":"https:\/\/victoriavynn.ca\/fr\/wp-json\/wp\/v2\/media\/20772"}],"wp:attachment":[{"href":"https:\/\/victoriavynn.ca\/fr\/wp-json\/wp\/v2\/media?parent=20771"}],"wp:term":[{"taxonomy":"product_brand","embeddable":true,"href":"https:\/\/victoriavynn.ca\/fr\/wp-json\/wp\/v2\/product_brand?post=20771"},{"taxonomy":"product_cat","embeddable":true,"href":"https:\/\/victoriavynn.ca\/fr\/wp-json\/wp\/v2\/product_cat?post=20771"},{"taxonomy":"product_tag","embeddable":true,"href":"https:\/\/victoriavynn.ca\/fr\/wp-json\/wp\/v2\/product_tag?post=20771"}],"curies":[{"name":"wp","href":"https:\/\/api.w.org\/{rel}","templated":true}]}}