{"id":20775,"date":"2025-02-10T18:35:21","date_gmt":"2025-02-10T23:35:21","guid":{"rendered":"https:\/\/victoriavynn.ca\/product\/victoria-vynn-color-chart-gel-polish-no-8-359-394\/"},"modified":"2026-02-13T18:34:34","modified_gmt":"2026-02-13T23:34:34","slug":"victoria-vynn-color-chart-gel-polish-no-8-359-394","status":"publish","type":"product","link":"https:\/\/victoriavynn.ca\/fr\/product\/victoria-vynn-color-chart-gel-polish-no-8-359-394\/","title":{"rendered":"Victoria VYNN Color Chart Gel Polish No.8 (359-394)"},"content":{"rendered":"","protected":false},"excerpt":{"rendered":"","protected":false},"featured_media":20776,"comment_status":"open","ping_status":"closed","template":"","meta":{"jetpack_post_was_ever_published":false,"jetpack_publicize_message":"","jetpack_publicize_feature_enabled":true,"jetpack_social_post_already_shared":true,"jetpack_social_options":{"image_generator_settings":{"template":"highway","default_image_id":0,"font":"","enabled":false},"version":2}},"product_brand":[],"product_cat":[31],"product_tag":[],"class_list":{"0":"post-20775","1":"product","2":"type-product","3":"status-publish","4":"has-post-thumbnail","6":"product_cat-nail-tools-and-accessories","8":"first","9":"instock","10":"taxable","11":"shipping-taxable","12":"purchasable","13":"product-type-simple"},"jetpack_publicize_connections":[],"jetpack-related-posts":[{"id":20027,"url":"https:\/\/victoriavynn.ca\/fr\/product\/victoria-vynn-gel-polish-no-394-cat-eye-bixby\/","url_meta":{"origin":20775,"position":0},"title":"Victoria VYNN Gel Polish No. 394 Cat Eye Bixby","author":"Serge Sahakian","date":"D\u00e9cembre 2, 2024","format":false,"excerpt":"La nouvelle collection de vernis \u00e0 ongles hybrides magn\u00e9tiques avec effet \u0153il de chat s'inspire du monde de la technologie moderne et de l'intelligence artificielle, o\u00f9 la perfection est atteinte \u00e0 un niveau totalement nouveau. Avec la nouvelle collection AI_CAT_EYE, les possibilit\u00e9s sont infinies et chaque dessin peut devenir un v\u00e9ritable...","rel":"","context":"Similar post","block_context":{"text":"Similar post","link":""},"img":{"alt_text":"Victoria VYNN Salon Gel Polish Cat Eye Ai No. 394 - Bixby","src":"https:\/\/i0.wp.com\/victoriavynn.ca\/wp-content\/uploads\/2024\/12\/victoria-vynn-salon-gel-polish-cat-eye-ai-no.-394-bixby.webp?resize=350%2C200&ssl=1","width":350,"height":200,"srcset":"https:\/\/i0.wp.com\/victoriavynn.ca\/wp-content\/uploads\/2024\/12\/victoria-vynn-salon-gel-polish-cat-eye-ai-no.-394-bixby.webp?resize=350%2C200&ssl=1 1x, https:\/\/i0.wp.com\/victoriavynn.ca\/wp-content\/uploads\/2024\/12\/victoria-vynn-salon-gel-polish-cat-eye-ai-no.-394-bixby.webp?resize=525%2C300&ssl=1 1.5x, https:\/\/i0.wp.com\/victoriavynn.ca\/wp-content\/uploads\/2024\/12\/victoria-vynn-salon-gel-polish-cat-eye-ai-no.-394-bixby.webp?resize=700%2C400&ssl=1 2x"},"classes":[]},{"id":17057,"url":"https:\/\/victoriavynn.ca\/fr\/product\/victoria-vynn-gel-polish-no-359-sentido\/","url_meta":{"origin":20775,"position":1},"title":"Victoria VYNN Gel Polish No. 359 Sentido","author":"Serge Sahakian","date":"mars 7, 2024","format":false,"excerpt":"Le principal distributeur canadien de fournitures professionnelles pour les ongles. Achetez en toute confiance ! Collection : Collection Salon Gel Holo Colorido Sp\u00e9cifications du produit : \u00a0 \u00a0 \u00a0 \u00a0","rel":"","context":"Similar post","block_context":{"text":"Similar post","link":""},"img":{"alt_text":"","src":"https:\/\/i0.wp.com\/victoriavynn.ca\/wp-content\/uploads\/2024\/03\/gel-polish-359-sentido.jpg?resize=350%2C200&ssl=1","width":350,"height":200,"srcset":"https:\/\/i0.wp.com\/victoriavynn.ca\/wp-content\/uploads\/2024\/03\/gel-polish-359-sentido.jpg?resize=350%2C200&ssl=1 1x, https:\/\/i0.wp.com\/victoriavynn.ca\/wp-content\/uploads\/2024\/03\/gel-polish-359-sentido.jpg?resize=525%2C300&ssl=1 1.5x, https:\/\/i0.wp.com\/victoriavynn.ca\/wp-content\/uploads\/2024\/03\/gel-polish-359-sentido.jpg?resize=700%2C400&ssl=1 2x, https:\/\/i0.wp.com\/victoriavynn.ca\/wp-content\/uploads\/2024\/03\/gel-polish-359-sentido.jpg?resize=1050%2C600&ssl=1 3x"},"classes":[]},{"id":22107,"url":"https:\/\/victoriavynn.ca\/fr\/product\/victoria-vynn-8-pack-gpt-gel-polish-415-422-free-gpt-gel-polish-color-chart\/","url_meta":{"origin":20775,"position":2},"title":"Victoria VYNN 8 Pack GPT Gel Polish 415-422 + Charte de couleurs GPT Gel Polish gratuite","author":"Serge Sahakian","date":"juin 17, 2025","format":false,"excerpt":"Les n\u00e9ons occupent le devant de la sc\u00e8ne ! Et ils r\u00e9v\u00e8lent les couleurs qui domineront cet \u00e9t\u00e9. La collection GPT Gel Polish Trends est une explosion de couleurs vibrantes qui illuminera votre manucure de vacances ! Collection : GPT - Gel Polish Trends Le set est compos\u00e9 de : Gel Polish No. 415 Mango Pop Gel Polish No. 415 Mango Pop Gel Polish No. 415 Mango Pop Gel Polish No. 415 Mango...","rel":"","context":"Similar post","block_context":{"text":"Similar post","link":""},"img":{"alt_text":"Victoria VYNN GPT Gel Polish 8 Pack with Color Chart","src":"https:\/\/i0.wp.com\/victoriavynn.ca\/wp-content\/uploads\/2025\/06\/victoria-vynn-gpt-gel-polish-8-pack-with-color-chart-.webp?resize=350%2C200&ssl=1","width":350,"height":200,"srcset":"https:\/\/i0.wp.com\/victoriavynn.ca\/wp-content\/uploads\/2025\/06\/victoria-vynn-gpt-gel-polish-8-pack-with-color-chart-.webp?resize=350%2C200&ssl=1 1x, https:\/\/i0.wp.com\/victoriavynn.ca\/wp-content\/uploads\/2025\/06\/victoria-vynn-gpt-gel-polish-8-pack-with-color-chart-.webp?resize=525%2C300&ssl=1 1.5x, https:\/\/i0.wp.com\/victoriavynn.ca\/wp-content\/uploads\/2025\/06\/victoria-vynn-gpt-gel-polish-8-pack-with-color-chart-.webp?resize=700%2C400&ssl=1 2x"},"classes":[]},{"id":12906,"url":"https:\/\/victoriavynn.ca\/fr\/product\/victoria-vynn-color-chart-gel-polish-no-6-287-322\/","url_meta":{"origin":20775,"position":3},"title":"Victoria VYNN Color Chart Gel Polish No.6 (287-322)","author":"Serge Sahakian","date":"juin 11, 2023","format":false,"excerpt":"","rel":"","context":"Similar post","block_context":{"text":"Similar post","link":""},"img":{"alt_text":"","src":"https:\/\/i0.wp.com\/victoriavynn.ca\/wp-content\/uploads\/2023\/06\/gp-color-chart-6.png?resize=350%2C200&ssl=1","width":350,"height":200,"srcset":"https:\/\/i0.wp.com\/victoriavynn.ca\/wp-content\/uploads\/2023\/06\/gp-color-chart-6.png?resize=350%2C200&ssl=1 1x, https:\/\/i0.wp.com\/victoriavynn.ca\/wp-content\/uploads\/2023\/06\/gp-color-chart-6.png?resize=525%2C300&ssl=1 1.5x, https:\/\/i0.wp.com\/victoriavynn.ca\/wp-content\/uploads\/2023\/06\/gp-color-chart-6.png?resize=700%2C400&ssl=1 2x"},"classes":[]},{"id":12908,"url":"https:\/\/victoriavynn.ca\/fr\/product\/victoria-vynn-color-chart-gel-polish-no-4-208-250\/","url_meta":{"origin":20775,"position":4},"title":"Victoria VYNN Color Chart Gel Polish No.4 (208-250)","author":"Serge Sahakian","date":"juin 11, 2023","format":false,"excerpt":"","rel":"","context":"Similar post","block_context":{"text":"Similar post","link":""},"img":{"alt_text":"","src":"https:\/\/i0.wp.com\/victoriavynn.ca\/wp-content\/uploads\/2023\/06\/gp-color-chart-4.png?resize=350%2C200&ssl=1","width":350,"height":200,"srcset":"https:\/\/i0.wp.com\/victoriavynn.ca\/wp-content\/uploads\/2023\/06\/gp-color-chart-4.png?resize=350%2C200&ssl=1 1x, https:\/\/i0.wp.com\/victoriavynn.ca\/wp-content\/uploads\/2023\/06\/gp-color-chart-4.png?resize=525%2C300&ssl=1 1.5x, https:\/\/i0.wp.com\/victoriavynn.ca\/wp-content\/uploads\/2023\/06\/gp-color-chart-4.png?resize=700%2C400&ssl=1 2x"},"classes":[]},{"id":12910,"url":"https:\/\/victoriavynn.ca\/fr\/product\/victoria-vynn-color-chart-gel-polish-no-2-061-140\/","url_meta":{"origin":20775,"position":5},"title":"Victoria VYNN Color Chart Gel Polish No.2 (061-140)","author":"Serge Sahakian","date":"juin 11, 2023","format":false,"excerpt":"","rel":"","context":"Similar post","block_context":{"text":"Similar post","link":""},"img":{"alt_text":"","src":"https:\/\/i0.wp.com\/victoriavynn.ca\/wp-content\/uploads\/2023\/06\/gp-color-chart-2.png?resize=350%2C200&ssl=1","width":350,"height":200,"srcset":"https:\/\/i0.wp.com\/victoriavynn.ca\/wp-content\/uploads\/2023\/06\/gp-color-chart-2.png?resize=350%2C200&ssl=1 1x, https:\/\/i0.wp.com\/victoriavynn.ca\/wp-content\/uploads\/2023\/06\/gp-color-chart-2.png?resize=525%2C300&ssl=1 1.5x, https:\/\/i0.wp.com\/victoriavynn.ca\/wp-content\/uploads\/2023\/06\/gp-color-chart-2.png?resize=700%2C400&ssl=1 2x"},"classes":[]}],"jetpack_sharing_enabled":true,"_links":{"self":[{"href":"https:\/\/victoriavynn.ca\/fr\/wp-json\/wp\/v2\/product\/20775","targetHints":{"allow":["GET"]}}],"collection":[{"href":"https:\/\/victoriavynn.ca\/fr\/wp-json\/wp\/v2\/product"}],"about":[{"href":"https:\/\/victoriavynn.ca\/fr\/wp-json\/wp\/v2\/types\/product"}],"replies":[{"embeddable":true,"href":"https:\/\/victoriavynn.ca\/fr\/wp-json\/wp\/v2\/comments?post=20775"}],"wp:featuredmedia":[{"embeddable":true,"href":"https:\/\/victoriavynn.ca\/fr\/wp-json\/wp\/v2\/media\/20776"}],"wp:attachment":[{"href":"https:\/\/victoriavynn.ca\/fr\/wp-json\/wp\/v2\/media?parent=20775"}],"wp:term":[{"taxonomy":"product_brand","embeddable":true,"href":"https:\/\/victoriavynn.ca\/fr\/wp-json\/wp\/v2\/product_brand?post=20775"},{"taxonomy":"product_cat","embeddable":true,"href":"https:\/\/victoriavynn.ca\/fr\/wp-json\/wp\/v2\/product_cat?post=20775"},{"taxonomy":"product_tag","embeddable":true,"href":"https:\/\/victoriavynn.ca\/fr\/wp-json\/wp\/v2\/product_tag?post=20775"}],"curies":[{"name":"wp","href":"https:\/\/api.w.org\/{rel}","templated":true}]}}