{"id":21054,"date":"2025-03-14T18:05:49","date_gmt":"2025-03-14T22:05:49","guid":{"rendered":"https:\/\/victoriavynn.ca\/product\/staleks-combo-uniq-16-rounded-narrow-pusher-working-part-of-the-pusher\/"},"modified":"2026-03-04T18:40:33","modified_gmt":"2026-03-04T23:40:33","slug":"staleks-combo-uniq-16-rounded-narrow-pusher-working-part-of-the-pusher","status":"publish","type":"product","link":"https:\/\/victoriavynn.ca\/fr\/product\/staleks-combo-uniq-16-rounded-narrow-pusher-working-part-of-the-pusher\/","title":{"rendered":"Staleks Combo UNIQ 16 Rounded Narrow Pusher (Partie travaillante du poussoir)"},"content":{"rendered":"","protected":false},"excerpt":{"rendered":"<p>WPPQ-16,Staleks Combo UNIQ 16 Rounded Narrow Pusher (Partie active du poussoir) 1,Staleks Combo UNIQ 16 Rounded Narrow Pusher (Partie active du poussoir) 2<\/p>","protected":false},"featured_media":21055,"comment_status":"open","ping_status":"closed","template":"","meta":{"jetpack_post_was_ever_published":false,"jetpack_publicize_message":"","jetpack_publicize_feature_enabled":true,"jetpack_social_post_already_shared":true,"jetpack_social_options":{"image_generator_settings":{"template":"highway","default_image_id":0,"font":"","enabled":false},"version":2}},"product_brand":[935],"product_cat":[362],"product_tag":[606],"class_list":{"0":"post-21054","1":"product","2":"type-product","3":"status-publish","4":"has-post-thumbnail","6":"product_brand-staleks","7":"product_cat-staleks-cuticle-pushers","8":"product_tag-cuticle-pushers","10":"first","11":"instock","12":"taxable","13":"shipping-taxable","14":"purchasable","15":"product-type-simple"},"jetpack_publicize_connections":[],"jetpack-related-posts":[{"id":21070,"url":"https:\/\/victoriavynn.ca\/fr\/product\/staleks-combo-uniq-36-straight-narrow-toenail-file-working-part-of-the-pedicure-pusher\/","url_meta":{"origin":21054,"position":0},"title":"Staleks Combo UNIQ 36 lime droite et \u00e9troite pour ongles d'orteils (partie fonctionnelle du pousseur de p\u00e9dicure)","author":"Serge Sahakian","date":"mars 14, 2025","format":false,"excerpt":"WPPQ-36,Staleks Combo UNIQ 36 Straight Narrow Toenail File (Partie active du pousseur de p\u00e9dicure) 1,Staleks Combo UNIQ 36 Straight Narrow Toenail File (Partie active du pousseur de p\u00e9dicure) 2","rel":"","context":"Similar post","block_context":{"text":"Similar post","link":""},"img":{"alt_text":"","src":"https:\/\/i0.wp.com\/victoriavynn.ca\/wp-content\/uploads\/2025\/03\/f6c5ac270088c716b67f94e295f8ebfa.jpg?fit=1200%2C1200&ssl=1&resize=350%2C200","width":350,"height":200,"srcset":"https:\/\/i0.wp.com\/victoriavynn.ca\/wp-content\/uploads\/2025\/03\/f6c5ac270088c716b67f94e295f8ebfa.jpg?fit=1200%2C1200&ssl=1&resize=350%2C200 1x, https:\/\/i0.wp.com\/victoriavynn.ca\/wp-content\/uploads\/2025\/03\/f6c5ac270088c716b67f94e295f8ebfa.jpg?fit=1200%2C1200&ssl=1&resize=525%2C300 1.5x, https:\/\/i0.wp.com\/victoriavynn.ca\/wp-content\/uploads\/2025\/03\/f6c5ac270088c716b67f94e295f8ebfa.jpg?fit=1200%2C1200&ssl=1&resize=700%2C400 2x, https:\/\/i0.wp.com\/victoriavynn.ca\/wp-content\/uploads\/2025\/03\/f6c5ac270088c716b67f94e295f8ebfa.jpg?fit=1200%2C1200&ssl=1&resize=1050%2C600 3x"},"classes":[]},{"id":21068,"url":"https:\/\/victoriavynn.ca\/fr\/product\/staleks-combo-uniq-35-narrow-toenail-file-with-a-bent-end-working-part-of-the-pedicure-pusher\/","url_meta":{"origin":21054,"position":1},"title":"Staleks Combo UNIQ 35 lime \u00e9troite pour ongles d'orteils avec une extr\u00e9mit\u00e9 courb\u00e9e (partie fonctionnelle du pousseur de p\u00e9dicure)","author":"Serge Sahakian","date":"mars 14, 2025","format":false,"excerpt":"WPPQ-35","rel":"","context":"Similar post","block_context":{"text":"Similar post","link":""},"img":{"alt_text":"","src":"https:\/\/i0.wp.com\/victoriavynn.ca\/wp-content\/uploads\/2025\/03\/d209794dd0da1030510cfc7d6ac36742.jpg?fit=1200%2C1200&ssl=1&resize=350%2C200","width":350,"height":200,"srcset":"https:\/\/i0.wp.com\/victoriavynn.ca\/wp-content\/uploads\/2025\/03\/d209794dd0da1030510cfc7d6ac36742.jpg?fit=1200%2C1200&ssl=1&resize=350%2C200 1x, https:\/\/i0.wp.com\/victoriavynn.ca\/wp-content\/uploads\/2025\/03\/d209794dd0da1030510cfc7d6ac36742.jpg?fit=1200%2C1200&ssl=1&resize=525%2C300 1.5x, https:\/\/i0.wp.com\/victoriavynn.ca\/wp-content\/uploads\/2025\/03\/d209794dd0da1030510cfc7d6ac36742.jpg?fit=1200%2C1200&ssl=1&resize=700%2C400 2x, https:\/\/i0.wp.com\/victoriavynn.ca\/wp-content\/uploads\/2025\/03\/d209794dd0da1030510cfc7d6ac36742.jpg?fit=1200%2C1200&ssl=1&resize=1050%2C600 3x"},"classes":[]},{"id":21056,"url":"https:\/\/victoriavynn.ca\/fr\/product\/staleks-combo-uniq-17-rounded-wide-pusher-working-part-of-the-pusher\/","url_meta":{"origin":21054,"position":2},"title":"Staleks Combo UNIQ 17 Rounded Wide Pusher (Partie travaillante du poussoir)","author":"Serge Sahakian","date":"mars 14, 2025","format":false,"excerpt":"WPPQ-17,Staleks Combo UNIQ 17 Rounded Wide Pusher (Partie active du poussoir) 1,Staleks Combo UNIQ 17 Rounded Wide Pusher (Partie active du poussoir) 2","rel":"","context":"Similar post","block_context":{"text":"Similar post","link":""},"img":{"alt_text":"","src":"https:\/\/i0.wp.com\/victoriavynn.ca\/wp-content\/uploads\/2025\/03\/765a90ae70f5ba03e507795bbcaf78d6.jpg?fit=1200%2C1200&ssl=1&resize=350%2C200","width":350,"height":200,"srcset":"https:\/\/i0.wp.com\/victoriavynn.ca\/wp-content\/uploads\/2025\/03\/765a90ae70f5ba03e507795bbcaf78d6.jpg?fit=1200%2C1200&ssl=1&resize=350%2C200 1x, https:\/\/i0.wp.com\/victoriavynn.ca\/wp-content\/uploads\/2025\/03\/765a90ae70f5ba03e507795bbcaf78d6.jpg?fit=1200%2C1200&ssl=1&resize=525%2C300 1.5x, https:\/\/i0.wp.com\/victoriavynn.ca\/wp-content\/uploads\/2025\/03\/765a90ae70f5ba03e507795bbcaf78d6.jpg?fit=1200%2C1200&ssl=1&resize=700%2C400 2x, https:\/\/i0.wp.com\/victoriavynn.ca\/wp-content\/uploads\/2025\/03\/765a90ae70f5ba03e507795bbcaf78d6.jpg?fit=1200%2C1200&ssl=1&resize=1050%2C600 3x"},"classes":[]},{"id":21058,"url":"https:\/\/victoriavynn.ca\/fr\/product\/staleks-combo-uniq-18-rounded-wide-pusher-working-part-of-the-pusher\/","url_meta":{"origin":21054,"position":3},"title":"Staleks Combo UNIQ 18 Rounded Wide Pusher (Partie travaillante du poussoir)","author":"Serge Sahakian","date":"mars 14, 2025","format":false,"excerpt":"WPPQ-18","rel":"","context":"Similar post","block_context":{"text":"Similar post","link":""},"img":{"alt_text":"","src":"https:\/\/i0.wp.com\/victoriavynn.ca\/wp-content\/uploads\/2025\/03\/4c509003447f36cfac3532ea651aeb9e.jpg?fit=1200%2C1200&ssl=1&resize=350%2C200","width":350,"height":200,"srcset":"https:\/\/i0.wp.com\/victoriavynn.ca\/wp-content\/uploads\/2025\/03\/4c509003447f36cfac3532ea651aeb9e.jpg?fit=1200%2C1200&ssl=1&resize=350%2C200 1x, https:\/\/i0.wp.com\/victoriavynn.ca\/wp-content\/uploads\/2025\/03\/4c509003447f36cfac3532ea651aeb9e.jpg?fit=1200%2C1200&ssl=1&resize=525%2C300 1.5x, https:\/\/i0.wp.com\/victoriavynn.ca\/wp-content\/uploads\/2025\/03\/4c509003447f36cfac3532ea651aeb9e.jpg?fit=1200%2C1200&ssl=1&resize=700%2C400 2x, https:\/\/i0.wp.com\/victoriavynn.ca\/wp-content\/uploads\/2025\/03\/4c509003447f36cfac3532ea651aeb9e.jpg?fit=1200%2C1200&ssl=1&resize=1050%2C600 3x"},"classes":[]},{"id":21044,"url":"https:\/\/victoriavynn.ca\/fr\/product\/staleks-combo-uniq-11-loop-pusher-working-part-of-the-pusher\/","url_meta":{"origin":21054,"position":4},"title":"Staleks Combo UNIQ 11 Loop Pusher (Partie travaillante du pousseur)","author":"Serge Sahakian","date":"mars 14, 2025","format":false,"excerpt":"WPPQ-11","rel":"","context":"Similar post","block_context":{"text":"Similar post","link":""},"img":{"alt_text":"","src":"https:\/\/i0.wp.com\/victoriavynn.ca\/wp-content\/uploads\/2025\/03\/aafc25874daab46ff901ef2072276fcd.jpg?fit=1200%2C1200&ssl=1&resize=350%2C200","width":350,"height":200,"srcset":"https:\/\/i0.wp.com\/victoriavynn.ca\/wp-content\/uploads\/2025\/03\/aafc25874daab46ff901ef2072276fcd.jpg?fit=1200%2C1200&ssl=1&resize=350%2C200 1x, https:\/\/i0.wp.com\/victoriavynn.ca\/wp-content\/uploads\/2025\/03\/aafc25874daab46ff901ef2072276fcd.jpg?fit=1200%2C1200&ssl=1&resize=525%2C300 1.5x, https:\/\/i0.wp.com\/victoriavynn.ca\/wp-content\/uploads\/2025\/03\/aafc25874daab46ff901ef2072276fcd.jpg?fit=1200%2C1200&ssl=1&resize=700%2C400 2x, https:\/\/i0.wp.com\/victoriavynn.ca\/wp-content\/uploads\/2025\/03\/aafc25874daab46ff901ef2072276fcd.jpg?fit=1200%2C1200&ssl=1&resize=1050%2C600 3x"},"classes":[]},{"id":21046,"url":"https:\/\/victoriavynn.ca\/fr\/product\/staleks-combo-uniq-12-beveled-pusher-working-part-of-the-pusher\/","url_meta":{"origin":21054,"position":5},"title":"Staleks Combo UNIQ 12 Beveled Pusher (Partie travaillante du poussoir)","author":"Serge Sahakian","date":"mars 14, 2025","format":false,"excerpt":"WPPQ-12,Staleks Combo UNIQ 12 Beveled Pusher (Partie active du poussoir) 1,Staleks Combo UNIQ 12 Beveled Pusher (Partie active du poussoir) 2","rel":"","context":"Similar post","block_context":{"text":"Similar post","link":""},"img":{"alt_text":"","src":"https:\/\/i0.wp.com\/victoriavynn.ca\/wp-content\/uploads\/2025\/03\/24884b88f16a76e55da6a3c3c7646e09-800x800-1.jpg?fit=800%2C800&ssl=1&resize=350%2C200","width":350,"height":200,"srcset":"https:\/\/i0.wp.com\/victoriavynn.ca\/wp-content\/uploads\/2025\/03\/24884b88f16a76e55da6a3c3c7646e09-800x800-1.jpg?fit=800%2C800&ssl=1&resize=350%2C200 1x, https:\/\/i0.wp.com\/victoriavynn.ca\/wp-content\/uploads\/2025\/03\/24884b88f16a76e55da6a3c3c7646e09-800x800-1.jpg?fit=800%2C800&ssl=1&resize=525%2C300 1.5x, https:\/\/i0.wp.com\/victoriavynn.ca\/wp-content\/uploads\/2025\/03\/24884b88f16a76e55da6a3c3c7646e09-800x800-1.jpg?fit=800%2C800&ssl=1&resize=700%2C400 2x"},"classes":[]}],"jetpack_sharing_enabled":true,"_links":{"self":[{"href":"https:\/\/victoriavynn.ca\/fr\/wp-json\/wp\/v2\/product\/21054","targetHints":{"allow":["GET"]}}],"collection":[{"href":"https:\/\/victoriavynn.ca\/fr\/wp-json\/wp\/v2\/product"}],"about":[{"href":"https:\/\/victoriavynn.ca\/fr\/wp-json\/wp\/v2\/types\/product"}],"replies":[{"embeddable":true,"href":"https:\/\/victoriavynn.ca\/fr\/wp-json\/wp\/v2\/comments?post=21054"}],"wp:featuredmedia":[{"embeddable":true,"href":"https:\/\/victoriavynn.ca\/fr\/wp-json\/wp\/v2\/media\/21055"}],"wp:attachment":[{"href":"https:\/\/victoriavynn.ca\/fr\/wp-json\/wp\/v2\/media?parent=21054"}],"wp:term":[{"taxonomy":"product_brand","embeddable":true,"href":"https:\/\/victoriavynn.ca\/fr\/wp-json\/wp\/v2\/product_brand?post=21054"},{"taxonomy":"product_cat","embeddable":true,"href":"https:\/\/victoriavynn.ca\/fr\/wp-json\/wp\/v2\/product_cat?post=21054"},{"taxonomy":"product_tag","embeddable":true,"href":"https:\/\/victoriavynn.ca\/fr\/wp-json\/wp\/v2\/product_tag?post=21054"}],"curies":[{"name":"wp","href":"https:\/\/api.w.org\/{rel}","templated":true}]}}