{"id":21056,"date":"2025-03-14T18:05:54","date_gmt":"2025-03-14T22:05:54","guid":{"rendered":"https:\/\/victoriavynn.ca\/product\/staleks-combo-uniq-17-rounded-wide-pusher-working-part-of-the-pusher\/"},"modified":"2026-03-04T18:40:33","modified_gmt":"2026-03-04T23:40:33","slug":"staleks-combo-uniq-17-rounded-wide-pusher-working-part-of-the-pusher","status":"publish","type":"product","link":"https:\/\/victoriavynn.ca\/fr\/product\/staleks-combo-uniq-17-rounded-wide-pusher-working-part-of-the-pusher\/","title":{"rendered":"Staleks Combo UNIQ 17 Rounded Wide Pusher (Partie travaillante du poussoir)"},"content":{"rendered":"","protected":false},"excerpt":{"rendered":"<p>WPPQ-17,Staleks Combo UNIQ 17 Rounded Wide Pusher (Partie active du poussoir) 1,Staleks Combo UNIQ 17 Rounded Wide Pusher (Partie active du poussoir) 2<\/p>","protected":false},"featured_media":21057,"comment_status":"open","ping_status":"closed","template":"","meta":{"jetpack_post_was_ever_published":false,"jetpack_publicize_message":"","jetpack_publicize_feature_enabled":true,"jetpack_social_post_already_shared":true,"jetpack_social_options":{"image_generator_settings":{"template":"highway","default_image_id":0,"font":"","enabled":false},"version":2}},"product_brand":[935],"product_cat":[362],"product_tag":[606],"class_list":{"0":"post-21056","1":"product","2":"type-product","3":"status-publish","4":"has-post-thumbnail","6":"product_brand-staleks","7":"product_cat-staleks-cuticle-pushers","8":"product_tag-cuticle-pushers","10":"first","11":"instock","12":"taxable","13":"shipping-taxable","14":"purchasable","15":"product-type-simple"},"jetpack_publicize_connections":[],"jetpack-related-posts":[{"id":42994,"url":"https:\/\/victoriavynn.ca\/fr\/product\/ulka-diamond-nail-drill-bit-rounded-cylinder-red-head-diameter-3-mm-working-part-10-mm-c310-f-2\/","url_meta":{"origin":21056,"position":0},"title":"\u00dcLKA M\u00e8che \u00e0 clou diamant\u00e9e cylindre arrondi t\u00eate rouge diam\u00e8tre 3 mm \/ partie travaillante 10 mm (C310-F)","author":"Serge Sahakian","date":"D\u00e9cembre 10, 2025","format":false,"excerpt":"Le cylindre arrondi \u00dcLKA Diamond en marquage rouge est destin\u00e9 aux ongles fins et sensibles. Il permet d'affiner la surface en douceur et de r\u00e9aliser des finitions pr\u00e9cises, tout en garantissant la s\u00e9curit\u00e9 et le confort pendant le processus. Embout cylindrique diamant\u00e9 \u00e0 grain fin pour une finition d\u00e9licate. Caract\u00e9ristiques du produit : Travail doux et pr\u00e9cis sur les zones sensibles Laisse...","rel":"","context":"Similar post","block_context":{"text":"Similar post","link":""},"img":{"alt_text":"ulka diamond drill bit f310","src":"https:\/\/i0.wp.com\/victoriavynn.ca\/wp-content\/uploads\/2025\/12\/ulka-diamond-drill-bit-f310-.webp?fit=750%2C1000&ssl=1&resize=350%2C200","width":350,"height":200,"srcset":"https:\/\/i0.wp.com\/victoriavynn.ca\/wp-content\/uploads\/2025\/12\/ulka-diamond-drill-bit-f310-.webp?fit=750%2C1000&ssl=1&resize=350%2C200 1x, https:\/\/i0.wp.com\/victoriavynn.ca\/wp-content\/uploads\/2025\/12\/ulka-diamond-drill-bit-f310-.webp?fit=750%2C1000&ssl=1&resize=525%2C300 1.5x, https:\/\/i0.wp.com\/victoriavynn.ca\/wp-content\/uploads\/2025\/12\/ulka-diamond-drill-bit-f310-.webp?fit=750%2C1000&ssl=1&resize=700%2C400 2x"},"classes":[]},{"id":42992,"url":"https:\/\/victoriavynn.ca\/fr\/product\/ulka-diamond-nail-drill-bit-rounded-cylinder-blue-head-diameter-3-mm-working-part-10-mm-c310-m-2\/","url_meta":{"origin":21056,"position":1},"title":"\u00dcLKA M\u00e8che \u00e0 clou diamant\u00e9e cylindre arrondi bleu t\u00eate diam\u00e8tre 3 mm \/ partie travaillante 10 mm (C310-M)","author":"Serge Sahakian","date":"D\u00e9cembre 10, 2025","format":false,"excerpt":"M\u00e8che diamant\u00e9e haute performance pour une mise en forme et un lissage pr\u00e9cis. Hygi\u00e9nique, durable et parfait pour une utilisation quotidienne en salon. Sp\u00e9cifications du produit : Forme : Cylindre arrondi Grain : Diam\u00e8tre de la t\u00eate : 3.0 mm Longueur de la t\u00eate : 10 mm Mat\u00e9riau : Rev\u00eatement en diamant de haute qualit\u00e9 Couleur du grain : Bleu Code produit : C310-M","rel":"","context":"Similar post","block_context":{"text":"Similar post","link":""},"img":{"alt_text":"ulka diamond drill bit c310","src":"https:\/\/i0.wp.com\/victoriavynn.ca\/wp-content\/uploads\/2025\/12\/ulka-diamond-drill-bit-c310.webp?fit=750%2C1000&ssl=1&resize=350%2C200","width":350,"height":200,"srcset":"https:\/\/i0.wp.com\/victoriavynn.ca\/wp-content\/uploads\/2025\/12\/ulka-diamond-drill-bit-c310.webp?fit=750%2C1000&ssl=1&resize=350%2C200 1x, https:\/\/i0.wp.com\/victoriavynn.ca\/wp-content\/uploads\/2025\/12\/ulka-diamond-drill-bit-c310.webp?fit=750%2C1000&ssl=1&resize=525%2C300 1.5x, https:\/\/i0.wp.com\/victoriavynn.ca\/wp-content\/uploads\/2025\/12\/ulka-diamond-drill-bit-c310.webp?fit=750%2C1000&ssl=1&resize=700%2C400 2x"},"classes":[]},{"id":41633,"url":"https:\/\/victoriavynn.ca\/fr\/product\/staleks-pro-diamond-nail-drill-bit-pointed-pear-red-expert-head-diameter-4-mm-working-part-12-mm\/","url_meta":{"origin":21056,"position":2},"title":"Staleks PRO Foret \u00e0 ongles diamant\u00e9 pointu poire rouge EXPERT t\u00eate diam\u00e8tre 4 mm \/ partie travaillante 12 mm","author":"Serge Sahakian","date":"novembre 20, 2025","format":false,"excerpt":"FA100R040\/12","rel":"","context":"Similar post","block_context":{"text":"Similar post","link":""},"img":{"alt_text":"","src":"https:\/\/i0.wp.com\/victoriavynn.ca\/wp-content\/uploads\/2025\/11\/fa100r04012_result-800x800-1.jpg?fit=800%2C800&ssl=1&resize=350%2C200","width":350,"height":200,"srcset":"https:\/\/i0.wp.com\/victoriavynn.ca\/wp-content\/uploads\/2025\/11\/fa100r04012_result-800x800-1.jpg?fit=800%2C800&ssl=1&resize=350%2C200 1x, https:\/\/i0.wp.com\/victoriavynn.ca\/wp-content\/uploads\/2025\/11\/fa100r04012_result-800x800-1.jpg?fit=800%2C800&ssl=1&resize=525%2C300 1.5x, https:\/\/i0.wp.com\/victoriavynn.ca\/wp-content\/uploads\/2025\/11\/fa100r04012_result-800x800-1.jpg?fit=800%2C800&ssl=1&resize=700%2C400 2x"},"classes":[]},{"id":42379,"url":"https:\/\/victoriavynn.ca\/fr\/product\/staleks-eyebrow-tweezers-classic-10-type-3-wide-beveled\/","url_meta":{"origin":21056,"position":3},"title":"Staleks Pince \u00e0 \u00e9piler pour sourcils CLASSIC 10 TYPE 3 (large biseau)","author":"Serge Sahakian","date":"D\u00e9cembre 2, 2025","format":false,"excerpt":"TC-10\/3","rel":"","context":"Similar post","block_context":{"text":"Similar post","link":""},"img":{"alt_text":"Eyebrow tweezers CLASSIC 10 TYPE 3 (wide beveled)","src":"https:\/\/i0.wp.com\/victoriavynn.ca\/wp-content\/uploads\/2025\/12\/eyebrow-tweezers-classic-10-type-3-wide-beveled.webp?fit=750%2C1000&ssl=1&resize=350%2C200","width":350,"height":200,"srcset":"https:\/\/i0.wp.com\/victoriavynn.ca\/wp-content\/uploads\/2025\/12\/eyebrow-tweezers-classic-10-type-3-wide-beveled.webp?fit=750%2C1000&ssl=1&resize=350%2C200 1x, https:\/\/i0.wp.com\/victoriavynn.ca\/wp-content\/uploads\/2025\/12\/eyebrow-tweezers-classic-10-type-3-wide-beveled.webp?fit=750%2C1000&ssl=1&resize=525%2C300 1.5x, https:\/\/i0.wp.com\/victoriavynn.ca\/wp-content\/uploads\/2025\/12\/eyebrow-tweezers-classic-10-type-3-wide-beveled.webp?fit=750%2C1000&ssl=1&resize=700%2C400 2x"},"classes":[]},{"id":42381,"url":"https:\/\/victoriavynn.ca\/fr\/product\/staleks-eyebrow-tweezers-classic-12-type-3-wide-beveled\/","url_meta":{"origin":21056,"position":4},"title":"Staleks Pince \u00e0 sourcils CLASSIC 12 TYPE 3 (large biseau)","author":"Serge Sahakian","date":"D\u00e9cembre 2, 2025","format":false,"excerpt":"TC-12\/3","rel":"","context":"Similar post","block_context":{"text":"Similar post","link":""},"img":{"alt_text":"Eyebrow tweezers CLASSIC 12 TYPE 3 (wide beveled)","src":"https:\/\/i0.wp.com\/victoriavynn.ca\/wp-content\/uploads\/2025\/12\/eyebrow-tweezers-classic-12-type-3-wide-beveled.webp?fit=750%2C1000&ssl=1&resize=350%2C200","width":350,"height":200,"srcset":"https:\/\/i0.wp.com\/victoriavynn.ca\/wp-content\/uploads\/2025\/12\/eyebrow-tweezers-classic-12-type-3-wide-beveled.webp?fit=750%2C1000&ssl=1&resize=350%2C200 1x, https:\/\/i0.wp.com\/victoriavynn.ca\/wp-content\/uploads\/2025\/12\/eyebrow-tweezers-classic-12-type-3-wide-beveled.webp?fit=750%2C1000&ssl=1&resize=525%2C300 1.5x, https:\/\/i0.wp.com\/victoriavynn.ca\/wp-content\/uploads\/2025\/12\/eyebrow-tweezers-classic-12-type-3-wide-beveled.webp?fit=750%2C1000&ssl=1&resize=700%2C400 2x"},"classes":[]},{"id":42383,"url":"https:\/\/victoriavynn.ca\/fr\/product\/staleks-eyebrow-tweezers-classic-13-type-3-wide-beveled\/","url_meta":{"origin":21056,"position":5},"title":"Staleks Pince \u00e0 \u00e9piler pour sourcils CLASSIC 13 TYPE 3 (large biseau)","author":"Serge Sahakian","date":"D\u00e9cembre 2, 2025","format":false,"excerpt":"TC-13\/3","rel":"","context":"Similar post","block_context":{"text":"Similar post","link":""},"img":{"alt_text":"Eyebrow tweezers CLASSIC 13 TYPE 3 (wide beveled)","src":"https:\/\/i0.wp.com\/victoriavynn.ca\/wp-content\/uploads\/2025\/12\/eyebrow-tweezers-classic-13-type-3-wide-beveled.webp?fit=750%2C1000&ssl=1&resize=350%2C200","width":350,"height":200,"srcset":"https:\/\/i0.wp.com\/victoriavynn.ca\/wp-content\/uploads\/2025\/12\/eyebrow-tweezers-classic-13-type-3-wide-beveled.webp?fit=750%2C1000&ssl=1&resize=350%2C200 1x, https:\/\/i0.wp.com\/victoriavynn.ca\/wp-content\/uploads\/2025\/12\/eyebrow-tweezers-classic-13-type-3-wide-beveled.webp?fit=750%2C1000&ssl=1&resize=525%2C300 1.5x, https:\/\/i0.wp.com\/victoriavynn.ca\/wp-content\/uploads\/2025\/12\/eyebrow-tweezers-classic-13-type-3-wide-beveled.webp?fit=750%2C1000&ssl=1&resize=700%2C400 2x"},"classes":[]}],"jetpack_sharing_enabled":true,"_links":{"self":[{"href":"https:\/\/victoriavynn.ca\/fr\/wp-json\/wp\/v2\/product\/21056","targetHints":{"allow":["GET"]}}],"collection":[{"href":"https:\/\/victoriavynn.ca\/fr\/wp-json\/wp\/v2\/product"}],"about":[{"href":"https:\/\/victoriavynn.ca\/fr\/wp-json\/wp\/v2\/types\/product"}],"replies":[{"embeddable":true,"href":"https:\/\/victoriavynn.ca\/fr\/wp-json\/wp\/v2\/comments?post=21056"}],"wp:featuredmedia":[{"embeddable":true,"href":"https:\/\/victoriavynn.ca\/fr\/wp-json\/wp\/v2\/media\/21057"}],"wp:attachment":[{"href":"https:\/\/victoriavynn.ca\/fr\/wp-json\/wp\/v2\/media?parent=21056"}],"wp:term":[{"taxonomy":"product_brand","embeddable":true,"href":"https:\/\/victoriavynn.ca\/fr\/wp-json\/wp\/v2\/product_brand?post=21056"},{"taxonomy":"product_cat","embeddable":true,"href":"https:\/\/victoriavynn.ca\/fr\/wp-json\/wp\/v2\/product_cat?post=21056"},{"taxonomy":"product_tag","embeddable":true,"href":"https:\/\/victoriavynn.ca\/fr\/wp-json\/wp\/v2\/product_tag?post=21056"}],"curies":[{"name":"wp","href":"https:\/\/api.w.org\/{rel}","templated":true}]}}