{"id":21068,"date":"2025-03-14T18:20:20","date_gmt":"2025-03-14T22:20:20","guid":{"rendered":"https:\/\/victoriavynn.ca\/product\/staleks-combo-uniq-35-narrow-toenail-file-with-a-bent-end-working-part-of-the-pedicure-pusher\/"},"modified":"2026-03-04T18:40:33","modified_gmt":"2026-03-04T23:40:33","slug":"staleks-combo-uniq-35-lime-etroite-pour-ongles-dorteils-avec-une-extremite-courbee-faisant-partie-du-pousseur-de-pedicure","status":"publish","type":"product","link":"https:\/\/victoriavynn.ca\/fr\/product\/staleks-combo-uniq-35-narrow-toenail-file-with-a-bent-end-working-part-of-the-pedicure-pusher\/","title":{"rendered":"Staleks Combo UNIQ 35 lime \u00e9troite pour ongles d'orteils avec une extr\u00e9mit\u00e9 courb\u00e9e (partie fonctionnelle du pousseur de p\u00e9dicure)"},"content":{"rendered":"","protected":false},"excerpt":{"rendered":"<p>WPPQ-35<\/p>","protected":false},"featured_media":21069,"comment_status":"open","ping_status":"closed","template":"","meta":{"jetpack_post_was_ever_published":false,"jetpack_publicize_message":"","jetpack_publicize_feature_enabled":true,"jetpack_social_post_already_shared":true,"jetpack_social_options":{"image_generator_settings":{"template":"highway","default_image_id":0,"font":"","enabled":false},"version":2}},"product_brand":[935],"product_cat":[362],"product_tag":[606],"class_list":{"0":"post-21068","1":"product","2":"type-product","3":"status-publish","4":"has-post-thumbnail","6":"product_brand-staleks","7":"product_cat-staleks-cuticle-pushers","8":"product_tag-cuticle-pushers","10":"first","11":"instock","12":"taxable","13":"shipping-taxable","14":"purchasable","15":"product-type-simple"},"jetpack_publicize_connections":[],"jetpack-related-posts":[{"id":21072,"url":"https:\/\/victoriavynn.ca\/fr\/product\/staleks-combo-uniq-37-toenail-file-with-a-bent-end-working-part-of-the-pedicure-pusher\/","url_meta":{"origin":21068,"position":0},"title":"Staleks Combo UNIQ 37 lime \u00e0 ongles avec une extr\u00e9mit\u00e9 courb\u00e9e (partie active du pousseur de p\u00e9dicure)","author":"Serge Sahakian","date":"mars 14, 2025","format":false,"excerpt":"WPPQ-37","rel":"","context":"Similar post","block_context":{"text":"Similar post","link":""},"img":{"alt_text":"","src":"https:\/\/i0.wp.com\/victoriavynn.ca\/wp-content\/uploads\/2025\/03\/25331348acf563cf5c6f9bc299fb2791.jpg?fit=1200%2C1200&ssl=1&resize=350%2C200","width":350,"height":200,"srcset":"https:\/\/i0.wp.com\/victoriavynn.ca\/wp-content\/uploads\/2025\/03\/25331348acf563cf5c6f9bc299fb2791.jpg?fit=1200%2C1200&ssl=1&resize=350%2C200 1x, https:\/\/i0.wp.com\/victoriavynn.ca\/wp-content\/uploads\/2025\/03\/25331348acf563cf5c6f9bc299fb2791.jpg?fit=1200%2C1200&ssl=1&resize=525%2C300 1.5x, https:\/\/i0.wp.com\/victoriavynn.ca\/wp-content\/uploads\/2025\/03\/25331348acf563cf5c6f9bc299fb2791.jpg?fit=1200%2C1200&ssl=1&resize=700%2C400 2x, https:\/\/i0.wp.com\/victoriavynn.ca\/wp-content\/uploads\/2025\/03\/25331348acf563cf5c6f9bc299fb2791.jpg?fit=1200%2C1200&ssl=1&resize=1050%2C600 3x"},"classes":[]},{"id":21070,"url":"https:\/\/victoriavynn.ca\/fr\/product\/staleks-combo-uniq-36-straight-narrow-toenail-file-working-part-of-the-pedicure-pusher\/","url_meta":{"origin":21068,"position":1},"title":"Staleks Combo UNIQ 36 lime droite et \u00e9troite pour ongles d'orteils (partie fonctionnelle du pousseur de p\u00e9dicure)","author":"Serge Sahakian","date":"mars 14, 2025","format":false,"excerpt":"WPPQ-36,Staleks Combo UNIQ 36 Straight Narrow Toenail File (Partie active du pousseur de p\u00e9dicure) 1,Staleks Combo UNIQ 36 Straight Narrow Toenail File (Partie active du pousseur de p\u00e9dicure) 2","rel":"","context":"Similar post","block_context":{"text":"Similar post","link":""},"img":{"alt_text":"","src":"https:\/\/i0.wp.com\/victoriavynn.ca\/wp-content\/uploads\/2025\/03\/f6c5ac270088c716b67f94e295f8ebfa.jpg?fit=1200%2C1200&ssl=1&resize=350%2C200","width":350,"height":200,"srcset":"https:\/\/i0.wp.com\/victoriavynn.ca\/wp-content\/uploads\/2025\/03\/f6c5ac270088c716b67f94e295f8ebfa.jpg?fit=1200%2C1200&ssl=1&resize=350%2C200 1x, https:\/\/i0.wp.com\/victoriavynn.ca\/wp-content\/uploads\/2025\/03\/f6c5ac270088c716b67f94e295f8ebfa.jpg?fit=1200%2C1200&ssl=1&resize=525%2C300 1.5x, https:\/\/i0.wp.com\/victoriavynn.ca\/wp-content\/uploads\/2025\/03\/f6c5ac270088c716b67f94e295f8ebfa.jpg?fit=1200%2C1200&ssl=1&resize=700%2C400 2x, https:\/\/i0.wp.com\/victoriavynn.ca\/wp-content\/uploads\/2025\/03\/f6c5ac270088c716b67f94e295f8ebfa.jpg?fit=1200%2C1200&ssl=1&resize=1050%2C600 3x"},"classes":[]},{"id":21074,"url":"https:\/\/victoriavynn.ca\/fr\/product\/staleks-combo-uniq-38-straight-toenail-file-working-part-of-the-pedicure-pusher\/","url_meta":{"origin":21068,"position":2},"title":"Staleks Combo UNIQ 38 lime droite pour ongles d'orteils (partie fonctionnelle du pousseur de p\u00e9dicure)","author":"Serge Sahakian","date":"mars 14, 2025","format":false,"excerpt":"WPPQ-38,Staleks Combo UNIQ 38 Straight Toenail File (Partie active du pousseur de p\u00e9dicure) 1,Staleks Combo UNIQ 38 Straight Toenail File (Partie active du pousseur de p\u00e9dicure) 2","rel":"","context":"Similar post","block_context":{"text":"Similar post","link":""},"img":{"alt_text":"","src":"https:\/\/i0.wp.com\/victoriavynn.ca\/wp-content\/uploads\/2025\/03\/717006ee04a389e6301113f033598b03.jpg?fit=1200%2C1200&ssl=1&resize=350%2C200","width":350,"height":200,"srcset":"https:\/\/i0.wp.com\/victoriavynn.ca\/wp-content\/uploads\/2025\/03\/717006ee04a389e6301113f033598b03.jpg?fit=1200%2C1200&ssl=1&resize=350%2C200 1x, https:\/\/i0.wp.com\/victoriavynn.ca\/wp-content\/uploads\/2025\/03\/717006ee04a389e6301113f033598b03.jpg?fit=1200%2C1200&ssl=1&resize=525%2C300 1.5x, https:\/\/i0.wp.com\/victoriavynn.ca\/wp-content\/uploads\/2025\/03\/717006ee04a389e6301113f033598b03.jpg?fit=1200%2C1200&ssl=1&resize=700%2C400 2x, https:\/\/i0.wp.com\/victoriavynn.ca\/wp-content\/uploads\/2025\/03\/717006ee04a389e6301113f033598b03.jpg?fit=1200%2C1200&ssl=1&resize=1050%2C600 3x"},"classes":[]},{"id":21066,"url":"https:\/\/victoriavynn.ca\/fr\/product\/staleks-combo-uniq-34-toenail-cleaner-working-part-of-the-pedicure-pusher\/","url_meta":{"origin":21068,"position":3},"title":"Staleks Combo UNIQ 34 Nettoyeur d'ongles de pied (partie active du pousseur de p\u00e9dicure)","author":"Serge Sahakian","date":"mars 14, 2025","format":false,"excerpt":"WPPQ-34,Staleks Combo UNIQ 34 Nettoyeur d'ongles de pied (partie active du pousseur de p\u00e9dicure) 1,Staleks Combo UNIQ 34 Nettoyeur d'ongles de pied (partie active du pousseur de p\u00e9dicure) 2","rel":"","context":"Similar post","block_context":{"text":"Similar post","link":""},"img":{"alt_text":"","src":"https:\/\/i0.wp.com\/victoriavynn.ca\/wp-content\/uploads\/2025\/03\/698dfc8f25e0187880ee51d114c155d8.jpg?fit=1200%2C1200&ssl=1&resize=350%2C200","width":350,"height":200,"srcset":"https:\/\/i0.wp.com\/victoriavynn.ca\/wp-content\/uploads\/2025\/03\/698dfc8f25e0187880ee51d114c155d8.jpg?fit=1200%2C1200&ssl=1&resize=350%2C200 1x, https:\/\/i0.wp.com\/victoriavynn.ca\/wp-content\/uploads\/2025\/03\/698dfc8f25e0187880ee51d114c155d8.jpg?fit=1200%2C1200&ssl=1&resize=525%2C300 1.5x, https:\/\/i0.wp.com\/victoriavynn.ca\/wp-content\/uploads\/2025\/03\/698dfc8f25e0187880ee51d114c155d8.jpg?fit=1200%2C1200&ssl=1&resize=700%2C400 2x, https:\/\/i0.wp.com\/victoriavynn.ca\/wp-content\/uploads\/2025\/03\/698dfc8f25e0187880ee51d114c155d8.jpg?fit=1200%2C1200&ssl=1&resize=1050%2C600 3x"},"classes":[]},{"id":21064,"url":"https:\/\/victoriavynn.ca\/fr\/product\/staleks-combo-uniq-33-hemisphere-curette-working-part-of-the-pedicure-pusher\/","url_meta":{"origin":21068,"position":4},"title":"Staleks Combo UNIQ 33 Hemisphere Curette (Partie active du pousseur p\u00e9dicure)","author":"Serge Sahakian","date":"mars 14, 2025","format":false,"excerpt":"WPPQ-33","rel":"","context":"Similar post","block_context":{"text":"Similar post","link":""},"img":{"alt_text":"","src":"https:\/\/i0.wp.com\/victoriavynn.ca\/wp-content\/uploads\/2025\/03\/61c126975fb27a281e64cec52c807d5c.jpg?fit=1200%2C1200&ssl=1&resize=350%2C200","width":350,"height":200,"srcset":"https:\/\/i0.wp.com\/victoriavynn.ca\/wp-content\/uploads\/2025\/03\/61c126975fb27a281e64cec52c807d5c.jpg?fit=1200%2C1200&ssl=1&resize=350%2C200 1x, https:\/\/i0.wp.com\/victoriavynn.ca\/wp-content\/uploads\/2025\/03\/61c126975fb27a281e64cec52c807d5c.jpg?fit=1200%2C1200&ssl=1&resize=525%2C300 1.5x, https:\/\/i0.wp.com\/victoriavynn.ca\/wp-content\/uploads\/2025\/03\/61c126975fb27a281e64cec52c807d5c.jpg?fit=1200%2C1200&ssl=1&resize=700%2C400 2x, https:\/\/i0.wp.com\/victoriavynn.ca\/wp-content\/uploads\/2025\/03\/61c126975fb27a281e64cec52c807d5c.jpg?fit=1200%2C1200&ssl=1&resize=1050%2C600 3x"},"classes":[]},{"id":21060,"url":"https:\/\/victoriavynn.ca\/fr\/product\/staleks-combo-uniq-31-curette-bend-to-the-left-working-part-of-the-pedicure-pusher\/","url_meta":{"origin":21068,"position":5},"title":"Staleks Combo UNIQ 31 Curette \"plier vers la gauche\" (Partie travaillante du pousseur p\u00e9dicure)","author":"Serge Sahakian","date":"mars 14, 2025","format":false,"excerpt":"WPPQ-31","rel":"","context":"Similar post","block_context":{"text":"Similar post","link":""},"img":{"alt_text":"","src":"https:\/\/i0.wp.com\/victoriavynn.ca\/wp-content\/uploads\/2025\/03\/80b8e629ec06bd820cc5a9b2f841d447.jpg?fit=1200%2C1200&ssl=1&resize=350%2C200","width":350,"height":200,"srcset":"https:\/\/i0.wp.com\/victoriavynn.ca\/wp-content\/uploads\/2025\/03\/80b8e629ec06bd820cc5a9b2f841d447.jpg?fit=1200%2C1200&ssl=1&resize=350%2C200 1x, https:\/\/i0.wp.com\/victoriavynn.ca\/wp-content\/uploads\/2025\/03\/80b8e629ec06bd820cc5a9b2f841d447.jpg?fit=1200%2C1200&ssl=1&resize=525%2C300 1.5x, https:\/\/i0.wp.com\/victoriavynn.ca\/wp-content\/uploads\/2025\/03\/80b8e629ec06bd820cc5a9b2f841d447.jpg?fit=1200%2C1200&ssl=1&resize=700%2C400 2x, https:\/\/i0.wp.com\/victoriavynn.ca\/wp-content\/uploads\/2025\/03\/80b8e629ec06bd820cc5a9b2f841d447.jpg?fit=1200%2C1200&ssl=1&resize=1050%2C600 3x"},"classes":[]}],"jetpack_sharing_enabled":true,"_links":{"self":[{"href":"https:\/\/victoriavynn.ca\/fr\/wp-json\/wp\/v2\/product\/21068","targetHints":{"allow":["GET"]}}],"collection":[{"href":"https:\/\/victoriavynn.ca\/fr\/wp-json\/wp\/v2\/product"}],"about":[{"href":"https:\/\/victoriavynn.ca\/fr\/wp-json\/wp\/v2\/types\/product"}],"replies":[{"embeddable":true,"href":"https:\/\/victoriavynn.ca\/fr\/wp-json\/wp\/v2\/comments?post=21068"}],"wp:featuredmedia":[{"embeddable":true,"href":"https:\/\/victoriavynn.ca\/fr\/wp-json\/wp\/v2\/media\/21069"}],"wp:attachment":[{"href":"https:\/\/victoriavynn.ca\/fr\/wp-json\/wp\/v2\/media?parent=21068"}],"wp:term":[{"taxonomy":"product_brand","embeddable":true,"href":"https:\/\/victoriavynn.ca\/fr\/wp-json\/wp\/v2\/product_brand?post=21068"},{"taxonomy":"product_cat","embeddable":true,"href":"https:\/\/victoriavynn.ca\/fr\/wp-json\/wp\/v2\/product_cat?post=21068"},{"taxonomy":"product_tag","embeddable":true,"href":"https:\/\/victoriavynn.ca\/fr\/wp-json\/wp\/v2\/product_tag?post=21068"}],"curies":[{"name":"wp","href":"https:\/\/api.w.org\/{rel}","templated":true}]}}