{"id":21076,"date":"2025-03-14T18:30:20","date_gmt":"2025-03-14T22:30:20","guid":{"rendered":"https:\/\/victoriavynn.ca\/product\/staleks-combo-uniq-10-silver-handle-for-replaceable-working-parts-handle-of-the-pusher\/"},"modified":"2026-04-06T17:32:43","modified_gmt":"2026-04-06T21:32:43","slug":"staleks-combo-uniq-10-silver-handle-for-replaceable-working-parts-handle-of-the-pusher","status":"publish","type":"product","link":"https:\/\/victoriavynn.ca\/fr\/product\/staleks-combo-uniq-10-silver-handle-for-replaceable-working-parts-handle-of-the-pusher\/","title":{"rendered":"Staleks Combo UNIQ 10 Silver Handle for Replaceable Working Parts (Poign\u00e9e du poussoir)"},"content":{"rendered":"","protected":false},"excerpt":{"rendered":"<p>HPQ-10<\/p>","protected":false},"featured_media":21077,"comment_status":"open","ping_status":"closed","template":"","meta":{"jetpack_post_was_ever_published":false,"jetpack_publicize_message":"","jetpack_publicize_feature_enabled":true,"jetpack_social_post_already_shared":true,"jetpack_social_options":{"image_generator_settings":{"template":"highway","default_image_id":0,"font":"","enabled":false},"version":2}},"product_brand":[935],"product_cat":[362],"product_tag":[606],"class_list":{"0":"post-21076","1":"product","2":"type-product","3":"status-publish","4":"has-post-thumbnail","6":"product_brand-staleks","7":"product_cat-staleks-cuticle-pushers","8":"product_tag-cuticle-pushers","10":"first","11":"instock","12":"taxable","13":"shipping-taxable","14":"purchasable","15":"product-type-simple"},"jetpack_publicize_connections":[],"jetpack-related-posts":[{"id":21078,"url":"https:\/\/victoriavynn.ca\/fr\/product\/staleks-combo-uniq-10-black-handle-for-replaceable-working-parts-handle-of-the-pusher\/","url_meta":{"origin":21076,"position":0},"title":"Staleks Combo UNIQ 10 Black Handle for Replaceable Working Parts (Poign\u00e9e du poussoir)","author":"Serge Sahakian","date":"mars 14, 2025","format":false,"excerpt":"HPQ-10b,Staleks Combo UNIQ 10 Black Handle for Replaceable Working Parts (Handle of the pusher) 1,Staleks Combo UNIQ 10 Black Handle for Replaceable Working Parts (Handle of the pusher) 2","rel":"","context":"Similar post","block_context":{"text":"Similar post","link":""},"img":{"alt_text":"","src":"https:\/\/i0.wp.com\/victoriavynn.ca\/wp-content\/uploads\/2025\/03\/4e6709b9f66b09cf9759d8aeefd31139.jpg?fit=1200%2C1200&ssl=1&resize=350%2C200","width":350,"height":200,"srcset":"https:\/\/i0.wp.com\/victoriavynn.ca\/wp-content\/uploads\/2025\/03\/4e6709b9f66b09cf9759d8aeefd31139.jpg?fit=1200%2C1200&ssl=1&resize=350%2C200 1x, https:\/\/i0.wp.com\/victoriavynn.ca\/wp-content\/uploads\/2025\/03\/4e6709b9f66b09cf9759d8aeefd31139.jpg?fit=1200%2C1200&ssl=1&resize=525%2C300 1.5x, https:\/\/i0.wp.com\/victoriavynn.ca\/wp-content\/uploads\/2025\/03\/4e6709b9f66b09cf9759d8aeefd31139.jpg?fit=1200%2C1200&ssl=1&resize=700%2C400 2x, https:\/\/i0.wp.com\/victoriavynn.ca\/wp-content\/uploads\/2025\/03\/4e6709b9f66b09cf9759d8aeefd31139.jpg?fit=1200%2C1200&ssl=1&resize=1050%2C600 3x"},"classes":[]},{"id":51501,"url":"https:\/\/victoriavynn.ca\/fr\/product\/staleks-manicure-pusher-gummy-with-silicone-handle-uniq-10-type-6-rounded-wide-pusher-and-nail-cleaner\/","url_meta":{"origin":21076,"position":1},"title":"Staleks Pousseur manucure Gummy avec manche en silicone UNIQ 10 TYPE 6 (pousseur large arrondi et nettoyeur d'ongles)","author":"Serge Sahakian","date":"mars 4, 2026","format":false,"excerpt":"","rel":"","context":"Similar post","block_context":{"text":"Similar post","link":""},"img":{"alt_text":"","src":"https:\/\/i0.wp.com\/victoriavynn.ca\/wp-content\/uploads\/2026\/03\/ab32c0c0aa025561c333ce06e31edc49.jpg?fit=1200%2C1200&ssl=1&resize=350%2C200","width":350,"height":200,"srcset":"https:\/\/i0.wp.com\/victoriavynn.ca\/wp-content\/uploads\/2026\/03\/ab32c0c0aa025561c333ce06e31edc49.jpg?fit=1200%2C1200&ssl=1&resize=350%2C200 1x, https:\/\/i0.wp.com\/victoriavynn.ca\/wp-content\/uploads\/2026\/03\/ab32c0c0aa025561c333ce06e31edc49.jpg?fit=1200%2C1200&ssl=1&resize=525%2C300 1.5x, https:\/\/i0.wp.com\/victoriavynn.ca\/wp-content\/uploads\/2026\/03\/ab32c0c0aa025561c333ce06e31edc49.jpg?fit=1200%2C1200&ssl=1&resize=700%2C400 2x, https:\/\/i0.wp.com\/victoriavynn.ca\/wp-content\/uploads\/2026\/03\/ab32c0c0aa025561c333ce06e31edc49.jpg?fit=1200%2C1200&ssl=1&resize=1050%2C600 3x"},"classes":[]},{"id":18096,"url":"https:\/\/victoriavynn.ca\/fr\/product\/staleks-pro-manicure-pusher-gummy-with-silicone-handle-uniq-10-type-3-rounded-narrow-pusher-and-cleaner\/","url_meta":{"origin":21076,"position":2},"title":"Staleks PRO Poussoir \u00e0 manucure Gomme avec manche en silicone UNIQ 10 TYPE 3 (poussoir \u00e9troit arrondi et nettoyant)","author":"Serge Sahakian","date":"mai 30, 2024","format":false,"excerpt":"PQ-10\/3","rel":"","context":"Similar post","block_context":{"text":"Similar post","link":""},"img":{"alt_text":"","src":"https:\/\/i0.wp.com\/victoriavynn.ca\/wp-content\/uploads\/2024\/05\/pq-10-3_result-800x800-1.jpg?fit=800%2C800&ssl=1&resize=350%2C200","width":350,"height":200,"srcset":"https:\/\/i0.wp.com\/victoriavynn.ca\/wp-content\/uploads\/2024\/05\/pq-10-3_result-800x800-1.jpg?fit=800%2C800&ssl=1&resize=350%2C200 1x, https:\/\/i0.wp.com\/victoriavynn.ca\/wp-content\/uploads\/2024\/05\/pq-10-3_result-800x800-1.jpg?fit=800%2C800&ssl=1&resize=525%2C300 1.5x, https:\/\/i0.wp.com\/victoriavynn.ca\/wp-content\/uploads\/2024\/05\/pq-10-3_result-800x800-1.jpg?fit=800%2C800&ssl=1&resize=700%2C400 2x"},"classes":[]},{"id":18100,"url":"https:\/\/victoriavynn.ca\/fr\/product\/staleks-pro-manicure-pusher-gummy-with-silicone-handle-uniq-10-type-2-rounded-narrow-and-beveled-pusher\/","url_meta":{"origin":21076,"position":3},"title":"Staleks PRO Poussoir \u00e0 manucure Gomme avec manche en silicone UNIQ 10 TYPE 2 (poussoir arrondi \u00e9troit et biseaut\u00e9)","author":"Serge Sahakian","date":"mai 30, 2024","format":false,"excerpt":"PQ-10\/2","rel":"","context":"Similar post","block_context":{"text":"Similar post","link":""},"img":{"alt_text":"","src":"https:\/\/i0.wp.com\/victoriavynn.ca\/wp-content\/uploads\/2024\/05\/pq-10-2_result-800x800-1.jpg?fit=800%2C800&ssl=1&resize=350%2C200","width":350,"height":200,"srcset":"https:\/\/i0.wp.com\/victoriavynn.ca\/wp-content\/uploads\/2024\/05\/pq-10-2_result-800x800-1.jpg?fit=800%2C800&ssl=1&resize=350%2C200 1x, https:\/\/i0.wp.com\/victoriavynn.ca\/wp-content\/uploads\/2024\/05\/pq-10-2_result-800x800-1.jpg?fit=800%2C800&ssl=1&resize=525%2C300 1.5x, https:\/\/i0.wp.com\/victoriavynn.ca\/wp-content\/uploads\/2024\/05\/pq-10-2_result-800x800-1.jpg?fit=800%2C800&ssl=1&resize=700%2C400 2x"},"classes":[]},{"id":18092,"url":"https:\/\/victoriavynn.ca\/fr\/product\/staleks-pro-manicure-pusher-gummy-with-silicone-handle-uniq-10-type-1-rounded-wide-and-rounded-narrow-pusher\/","url_meta":{"origin":21076,"position":4},"title":"Staleks PRO Poussoir \u00e0 manucure Gummy avec manche en silicone UNIQ 10 TYPE 1 (poussoir arrondi large et poussoir arrondi \u00e9troit)","author":"Serge Sahakian","date":"mai 30, 2024","format":false,"excerpt":"PQ-10\/1","rel":"","context":"Similar post","block_context":{"text":"Similar post","link":""},"img":{"alt_text":"","src":"https:\/\/i0.wp.com\/victoriavynn.ca\/wp-content\/uploads\/2024\/05\/pq-10-1_result-800x800-1.jpg?fit=800%2C800&ssl=1&resize=350%2C200","width":350,"height":200,"srcset":"https:\/\/i0.wp.com\/victoriavynn.ca\/wp-content\/uploads\/2024\/05\/pq-10-1_result-800x800-1.jpg?fit=800%2C800&ssl=1&resize=350%2C200 1x, https:\/\/i0.wp.com\/victoriavynn.ca\/wp-content\/uploads\/2024\/05\/pq-10-1_result-800x800-1.jpg?fit=800%2C800&ssl=1&resize=525%2C300 1.5x, https:\/\/i0.wp.com\/victoriavynn.ca\/wp-content\/uploads\/2024\/05\/pq-10-1_result-800x800-1.jpg?fit=800%2C800&ssl=1&resize=700%2C400 2x"},"classes":[]},{"id":18098,"url":"https:\/\/victoriavynn.ca\/fr\/product\/staleks-pro-manicure-pusher-gummy-with-silicone-handle-uniq-10-type-5-rounded-narrow-pusher-and-straight-blade\/","url_meta":{"origin":21076,"position":5},"title":"Staleks PRO Poussoir \u00e0 manucure Gummy avec manche en silicone UNIQ 10 TYPE 5 (poussoir \u00e9troit arrondi et lame droite)","author":"Serge Sahakian","date":"mai 30, 2024","format":false,"excerpt":"PQ-10\/5","rel":"","context":"Similar post","block_context":{"text":"Similar post","link":""},"img":{"alt_text":"","src":"https:\/\/i0.wp.com\/victoriavynn.ca\/wp-content\/uploads\/2024\/05\/pq-10-5-1_result-800x800-1.jpg?fit=800%2C800&ssl=1&resize=350%2C200","width":350,"height":200,"srcset":"https:\/\/i0.wp.com\/victoriavynn.ca\/wp-content\/uploads\/2024\/05\/pq-10-5-1_result-800x800-1.jpg?fit=800%2C800&ssl=1&resize=350%2C200 1x, https:\/\/i0.wp.com\/victoriavynn.ca\/wp-content\/uploads\/2024\/05\/pq-10-5-1_result-800x800-1.jpg?fit=800%2C800&ssl=1&resize=525%2C300 1.5x, https:\/\/i0.wp.com\/victoriavynn.ca\/wp-content\/uploads\/2024\/05\/pq-10-5-1_result-800x800-1.jpg?fit=800%2C800&ssl=1&resize=700%2C400 2x"},"classes":[]}],"jetpack_sharing_enabled":true,"_links":{"self":[{"href":"https:\/\/victoriavynn.ca\/fr\/wp-json\/wp\/v2\/product\/21076","targetHints":{"allow":["GET"]}}],"collection":[{"href":"https:\/\/victoriavynn.ca\/fr\/wp-json\/wp\/v2\/product"}],"about":[{"href":"https:\/\/victoriavynn.ca\/fr\/wp-json\/wp\/v2\/types\/product"}],"replies":[{"embeddable":true,"href":"https:\/\/victoriavynn.ca\/fr\/wp-json\/wp\/v2\/comments?post=21076"}],"wp:featuredmedia":[{"embeddable":true,"href":"https:\/\/victoriavynn.ca\/fr\/wp-json\/wp\/v2\/media\/21077"}],"wp:attachment":[{"href":"https:\/\/victoriavynn.ca\/fr\/wp-json\/wp\/v2\/media?parent=21076"}],"wp:term":[{"taxonomy":"product_brand","embeddable":true,"href":"https:\/\/victoriavynn.ca\/fr\/wp-json\/wp\/v2\/product_brand?post=21076"},{"taxonomy":"product_cat","embeddable":true,"href":"https:\/\/victoriavynn.ca\/fr\/wp-json\/wp\/v2\/product_cat?post=21076"},{"taxonomy":"product_tag","embeddable":true,"href":"https:\/\/victoriavynn.ca\/fr\/wp-json\/wp\/v2\/product_tag?post=21076"}],"curies":[{"name":"wp","href":"https:\/\/api.w.org\/{rel}","templated":true}]}}