{"id":21088,"date":"2025-03-14T20:10:38","date_gmt":"2025-03-15T00:10:38","guid":{"rendered":"https:\/\/victoriavynn.ca\/product\/staleks-pro-expert-diamond-nail-drill-bit-duo-flame-blue-green-head-diameter-2-5-mm-working-part-8-mm\/"},"modified":"2026-03-04T18:40:34","modified_gmt":"2026-03-04T23:40:34","slug":"staleks-pro-expert-diamond-nail-drill-bit-duo-flame-blue-green-head-diameter-2-5-mm-working-part-8-mm","status":"publish","type":"product","link":"https:\/\/victoriavynn.ca\/fr\/product\/staleks-pro-expert-diamond-nail-drill-bit-duo-flame-blue-green-head-diameter-2-5-mm-working-part-8-mm\/","title":{"rendered":"Staleks PRO EXPERT Diamond Nail Drill Bit DUO Flame Blue and Green (diam\u00e8tre de la t\u00eate 2.5 mm \/ partie travaillante 8 mm)"},"content":{"rendered":"","protected":false},"excerpt":{"rendered":"<p>FA11BG021\/8,Staleks PRO EXPERT Fraise \u00e0 clous diamant\u00e9e DUO bleu flamme et vert (diam\u00e8tre de la t\u00eate 2.5 mm \/ partie travaillante 8 mm) 1,Staleks PRO EXPERT Fraise \u00e0 clous diamant\u00e9e DUO bleu flamme et vert (diam\u00e8tre de la t\u00eate 2.5 mm \/ partie travaillante 8 mm) 2<\/p>","protected":false},"featured_media":21089,"comment_status":"open","ping_status":"closed","template":"","meta":{"jetpack_post_was_ever_published":false,"jetpack_publicize_message":"","jetpack_publicize_feature_enabled":true,"jetpack_social_post_already_shared":true,"jetpack_social_options":{"image_generator_settings":{"template":"highway","default_image_id":0,"font":"","enabled":false},"version":2}},"product_brand":[935],"product_cat":[365],"product_tag":[602],"class_list":{"0":"post-21088","1":"product","2":"type-product","3":"status-publish","4":"has-post-thumbnail","6":"product_brand-staleks","7":"product_cat-staleks-nail-bits","8":"product_tag-diamond-drill-bit","10":"first","11":"instock","12":"taxable","13":"shipping-taxable","14":"purchasable","15":"product-type-simple"},"jetpack_publicize_connections":[],"jetpack-related-posts":[{"id":21084,"url":"https:\/\/victoriavynn.ca\/fr\/product\/staleks-pro-expert-diamond-nail-drill-bit-duo-cone-blue-green-head-diameter-2-5-mm-working-part-8-mm\/","url_meta":{"origin":21088,"position":0},"title":"Staleks PRO EXPERT Foret diamant\u00e9 pour ongles DUO Cone Bleu et Vert (diam\u00e8tre de la t\u00eate 2.5 mm \/ partie travaillante 8 mm)","author":"Serge Sahakian","date":"mars 14, 2025","format":false,"excerpt":"FA70BG025\/8,Staleks PRO EXPERT M\u00e8che \u00e0 clous diamant\u00e9e DUO C\u00f4ne Bleu et Vert (diam\u00e8tre de la t\u00eate 2.5 mm \/ partie travaillante 8 mm) 1,Staleks PRO EXPERT M\u00e8che \u00e0 clous diamant\u00e9e DUO C\u00f4ne Bleu et Vert (diam\u00e8tre de la t\u00eate 2.5 mm \/ partie travaillante 8 mm) 2","rel":"","context":"Similar post","block_context":{"text":"Similar post","link":""},"img":{"alt_text":"","src":"https:\/\/i0.wp.com\/victoriavynn.ca\/wp-content\/uploads\/2025\/03\/fa70bg025_8-2_result.jpg?fit=1200%2C1200&ssl=1&resize=350%2C200","width":350,"height":200,"srcset":"https:\/\/i0.wp.com\/victoriavynn.ca\/wp-content\/uploads\/2025\/03\/fa70bg025_8-2_result.jpg?fit=1200%2C1200&ssl=1&resize=350%2C200 1x, https:\/\/i0.wp.com\/victoriavynn.ca\/wp-content\/uploads\/2025\/03\/fa70bg025_8-2_result.jpg?fit=1200%2C1200&ssl=1&resize=525%2C300 1.5x, https:\/\/i0.wp.com\/victoriavynn.ca\/wp-content\/uploads\/2025\/03\/fa70bg025_8-2_result.jpg?fit=1200%2C1200&ssl=1&resize=700%2C400 2x, https:\/\/i0.wp.com\/victoriavynn.ca\/wp-content\/uploads\/2025\/03\/fa70bg025_8-2_result.jpg?fit=1200%2C1200&ssl=1&resize=1050%2C600 3x"},"classes":[]},{"id":21086,"url":"https:\/\/victoriavynn.ca\/fr\/product\/staleks-pro-expert-diamond-nail-drill-bit-duo-flame-red-blue-head-diameter-2-1-mm-working-part-8-mm\/","url_meta":{"origin":21088,"position":1},"title":"Staleks PRO EXPERT Diamond Nail Drill Bit DUO Flame Red and Blue (diam\u00e8tre de la t\u00eate 2.1 mm \/ partie travaillante 8 mm)","author":"Serge Sahakian","date":"mars 14, 2025","format":false,"excerpt":"FA11RB021\/8,Staleks PRO EXPERT M\u00e8che \u00e0 clous diamant\u00e9e DUO Rouge et Bleu Flamme (diam\u00e8tre de la t\u00eate 2.1 mm \/ partie travaillante 8 mm) 1,Staleks PRO EXPERT M\u00e8che \u00e0 clous diamant\u00e9e DUO Rouge et Bleu Flamme (diam\u00e8tre de la t\u00eate 2.1 mm \/ partie travaillante 8 mm) 2","rel":"","context":"Similar post","block_context":{"text":"Similar post","link":""},"img":{"alt_text":"","src":"https:\/\/i0.wp.com\/victoriavynn.ca\/wp-content\/uploads\/2025\/03\/fa11rb021_8-2-2_result.jpg?fit=1200%2C1200&ssl=1&resize=350%2C200","width":350,"height":200,"srcset":"https:\/\/i0.wp.com\/victoriavynn.ca\/wp-content\/uploads\/2025\/03\/fa11rb021_8-2-2_result.jpg?fit=1200%2C1200&ssl=1&resize=350%2C200 1x, https:\/\/i0.wp.com\/victoriavynn.ca\/wp-content\/uploads\/2025\/03\/fa11rb021_8-2-2_result.jpg?fit=1200%2C1200&ssl=1&resize=525%2C300 1.5x, https:\/\/i0.wp.com\/victoriavynn.ca\/wp-content\/uploads\/2025\/03\/fa11rb021_8-2-2_result.jpg?fit=1200%2C1200&ssl=1&resize=700%2C400 2x, https:\/\/i0.wp.com\/victoriavynn.ca\/wp-content\/uploads\/2025\/03\/fa11rb021_8-2-2_result.jpg?fit=1200%2C1200&ssl=1&resize=1050%2C600 3x"},"classes":[]},{"id":21082,"url":"https:\/\/victoriavynn.ca\/fr\/product\/staleks-pro-expert-diamond-nail-drill-bit-duo-cone-red-blue-head-diameter-2-5-mm-working-part-8-mm\/","url_meta":{"origin":21088,"position":2},"title":"Staleks PRO EXPERT Foret diamant\u00e9 pour ongles DUO Cone Rouge et Bleu (diam\u00e8tre de la t\u00eate 2.5 mm \/ partie travaillante 8 mm)","author":"Serge Sahakian","date":"mars 14, 2025","format":false,"excerpt":"FA70RB025\/8,Staleks PRO EXPERT M\u00e8che \u00e0 clous diamant\u00e9e DUO C\u00f4ne Rouge et Bleu (diam\u00e8tre de la t\u00eate 2.5 mm \/ partie travaillante 8 mm) 1,Staleks PRO EXPERT M\u00e8che \u00e0 clous diamant\u00e9e DUO C\u00f4ne Rouge et Bleu (diam\u00e8tre de la t\u00eate 2.5 mm \/ partie travaillante 8 mm) 2","rel":"","context":"Similar post","block_context":{"text":"Similar post","link":""},"img":{"alt_text":"","src":"https:\/\/i0.wp.com\/victoriavynn.ca\/wp-content\/uploads\/2025\/03\/fa70rb025_8-2_result.jpg?fit=1200%2C1200&ssl=1&resize=350%2C200","width":350,"height":200,"srcset":"https:\/\/i0.wp.com\/victoriavynn.ca\/wp-content\/uploads\/2025\/03\/fa70rb025_8-2_result.jpg?fit=1200%2C1200&ssl=1&resize=350%2C200 1x, https:\/\/i0.wp.com\/victoriavynn.ca\/wp-content\/uploads\/2025\/03\/fa70rb025_8-2_result.jpg?fit=1200%2C1200&ssl=1&resize=525%2C300 1.5x, https:\/\/i0.wp.com\/victoriavynn.ca\/wp-content\/uploads\/2025\/03\/fa70rb025_8-2_result.jpg?fit=1200%2C1200&ssl=1&resize=700%2C400 2x, https:\/\/i0.wp.com\/victoriavynn.ca\/wp-content\/uploads\/2025\/03\/fa70rb025_8-2_result.jpg?fit=1200%2C1200&ssl=1&resize=1050%2C600 3x"},"classes":[]},{"id":18107,"url":"https:\/\/victoriavynn.ca\/fr\/product\/staleks-pro-diamond-nail-drill-bit-frustum-blue-expert-head-diameter-25-mm-working-part-8-mm\/","url_meta":{"origin":21088,"position":3},"title":"Staleks PRO Foret \u00e0 clous diamant\u00e9 frustum bleu EXPERT t\u00eate diam\u00e8tre 2,5 mm \/ partie travaillante 8 mm","author":"Serge Sahakian","date":"mai 30, 2024","format":false,"excerpt":"FA70B025\/8","rel":"","context":"Similar post","block_context":{"text":"Similar post","link":""},"img":{"alt_text":"","src":"https:\/\/i0.wp.com\/victoriavynn.ca\/wp-content\/uploads\/2024\/05\/fa70b0258_result-800x800-1.jpg?fit=800%2C800&ssl=1&resize=350%2C200","width":350,"height":200,"srcset":"https:\/\/i0.wp.com\/victoriavynn.ca\/wp-content\/uploads\/2024\/05\/fa70b0258_result-800x800-1.jpg?fit=800%2C800&ssl=1&resize=350%2C200 1x, https:\/\/i0.wp.com\/victoriavynn.ca\/wp-content\/uploads\/2024\/05\/fa70b0258_result-800x800-1.jpg?fit=800%2C800&ssl=1&resize=525%2C300 1.5x, https:\/\/i0.wp.com\/victoriavynn.ca\/wp-content\/uploads\/2024\/05\/fa70b0258_result-800x800-1.jpg?fit=800%2C800&ssl=1&resize=700%2C400 2x"},"classes":[]},{"id":21102,"url":"https:\/\/victoriavynn.ca\/fr\/product\/staleks-pro-expert-diamond-nail-drill-bit-flame-mini-blue-head-diameter-1-mm-working-part-3-mm\/","url_meta":{"origin":21088,"position":4},"title":"Staleks PRO EXPERT Diamond Nail Drill Bit Flame Mini Blue (diam\u00e8tre de la t\u00eate 1 mm \/ partie active 3 mm)","author":"Serge Sahakian","date":"mars 14, 2025","format":false,"excerpt":"FA12B010\/3","rel":"","context":"Similar post","block_context":{"text":"Similar post","link":""},"img":{"alt_text":"","src":"https:\/\/i0.wp.com\/victoriavynn.ca\/wp-content\/uploads\/2025\/03\/75b1b0e8e7e06bd7a6bd63ddb0e3e65d.jpg?fit=1200%2C1200&ssl=1&resize=350%2C200","width":350,"height":200,"srcset":"https:\/\/i0.wp.com\/victoriavynn.ca\/wp-content\/uploads\/2025\/03\/75b1b0e8e7e06bd7a6bd63ddb0e3e65d.jpg?fit=1200%2C1200&ssl=1&resize=350%2C200 1x, https:\/\/i0.wp.com\/victoriavynn.ca\/wp-content\/uploads\/2025\/03\/75b1b0e8e7e06bd7a6bd63ddb0e3e65d.jpg?fit=1200%2C1200&ssl=1&resize=525%2C300 1.5x, https:\/\/i0.wp.com\/victoriavynn.ca\/wp-content\/uploads\/2025\/03\/75b1b0e8e7e06bd7a6bd63ddb0e3e65d.jpg?fit=1200%2C1200&ssl=1&resize=700%2C400 2x, https:\/\/i0.wp.com\/victoriavynn.ca\/wp-content\/uploads\/2025\/03\/75b1b0e8e7e06bd7a6bd63ddb0e3e65d.jpg?fit=1200%2C1200&ssl=1&resize=1050%2C600 3x"},"classes":[]},{"id":21080,"url":"https:\/\/victoriavynn.ca\/fr\/product\/staleks-pro-expert-diamond-nail-drill-bit-duo-pointed-pear-blue-green-diameter-5-mm-working-part-12-mm\/","url_meta":{"origin":21088,"position":5},"title":"Staleks PRO EXPERT Foret \u00e0 ongles diamant\u00e9 DUO Pointed Pear Blue and Green (diam\u00e8tre 5 mm \/ partie travaillante 12 mm)","author":"Serge Sahakian","date":"mars 14, 2025","format":false,"excerpt":"FA100BG050\/12,Staleks PRO EXPERT M\u00e8che diamant\u00e9e DUO \u00e0 pointe poire bleu et vert (diam\u00e8tre 5 mm \/ partie travaillante 12 mm) 1,Staleks PRO EXPERT M\u00e8che diamant\u00e9e DUO \u00e0 pointe poire bleu et vert (diam\u00e8tre 5 mm \/ partie travaillante 12 mm) 2","rel":"","context":"Similar post","block_context":{"text":"Similar post","link":""},"img":{"alt_text":"","src":"https:\/\/i0.wp.com\/victoriavynn.ca\/wp-content\/uploads\/2025\/03\/fa100gb05012_2_result_result.jpg?fit=1200%2C1200&ssl=1&resize=350%2C200","width":350,"height":200,"srcset":"https:\/\/i0.wp.com\/victoriavynn.ca\/wp-content\/uploads\/2025\/03\/fa100gb05012_2_result_result.jpg?fit=1200%2C1200&ssl=1&resize=350%2C200 1x, https:\/\/i0.wp.com\/victoriavynn.ca\/wp-content\/uploads\/2025\/03\/fa100gb05012_2_result_result.jpg?fit=1200%2C1200&ssl=1&resize=525%2C300 1.5x, https:\/\/i0.wp.com\/victoriavynn.ca\/wp-content\/uploads\/2025\/03\/fa100gb05012_2_result_result.jpg?fit=1200%2C1200&ssl=1&resize=700%2C400 2x, https:\/\/i0.wp.com\/victoriavynn.ca\/wp-content\/uploads\/2025\/03\/fa100gb05012_2_result_result.jpg?fit=1200%2C1200&ssl=1&resize=1050%2C600 3x"},"classes":[]}],"jetpack_sharing_enabled":true,"_links":{"self":[{"href":"https:\/\/victoriavynn.ca\/fr\/wp-json\/wp\/v2\/product\/21088","targetHints":{"allow":["GET"]}}],"collection":[{"href":"https:\/\/victoriavynn.ca\/fr\/wp-json\/wp\/v2\/product"}],"about":[{"href":"https:\/\/victoriavynn.ca\/fr\/wp-json\/wp\/v2\/types\/product"}],"replies":[{"embeddable":true,"href":"https:\/\/victoriavynn.ca\/fr\/wp-json\/wp\/v2\/comments?post=21088"}],"wp:featuredmedia":[{"embeddable":true,"href":"https:\/\/victoriavynn.ca\/fr\/wp-json\/wp\/v2\/media\/21089"}],"wp:attachment":[{"href":"https:\/\/victoriavynn.ca\/fr\/wp-json\/wp\/v2\/media?parent=21088"}],"wp:term":[{"taxonomy":"product_brand","embeddable":true,"href":"https:\/\/victoriavynn.ca\/fr\/wp-json\/wp\/v2\/product_brand?post=21088"},{"taxonomy":"product_cat","embeddable":true,"href":"https:\/\/victoriavynn.ca\/fr\/wp-json\/wp\/v2\/product_cat?post=21088"},{"taxonomy":"product_tag","embeddable":true,"href":"https:\/\/victoriavynn.ca\/fr\/wp-json\/wp\/v2\/product_tag?post=21088"}],"curies":[{"name":"wp","href":"https:\/\/api.w.org\/{rel}","templated":true}]}}