{"id":21092,"date":"2025-03-14T20:15:23","date_gmt":"2025-03-15T00:15:23","guid":{"rendered":"https:\/\/victoriavynn.ca\/product\/staleks-pro-expert-diamond-nail-drill-bit-pointed-pear-blue-head-diameter-5-mm-working-part-12-mm\/"},"modified":"2026-03-04T18:40:34","modified_gmt":"2026-03-04T23:40:34","slug":"staleks-pro-expert-diamond-nail-drill-bit-pointed-pear-blue-head-diameter-5-mm-working-part-12-mm","status":"publish","type":"product","link":"https:\/\/victoriavynn.ca\/fr\/product\/staleks-pro-expert-diamond-nail-drill-bit-pointed-pear-blue-head-diameter-5-mm-working-part-12-mm\/","title":{"rendered":"Staleks PRO EXPERT Foret \u00e0 ongles diamant\u00e9 pointu Pear Blue (diam\u00e8tre de la t\u00eate 5 mm \/ partie travaillante 12 mm)"},"content":{"rendered":"","protected":false},"excerpt":{"rendered":"<p>FA100B050\/12<\/p>","protected":false},"featured_media":21093,"comment_status":"open","ping_status":"closed","template":"","meta":{"jetpack_post_was_ever_published":false,"jetpack_publicize_message":"","jetpack_publicize_feature_enabled":true,"jetpack_social_post_already_shared":true,"jetpack_social_options":{"image_generator_settings":{"template":"highway","default_image_id":0,"font":"","enabled":false},"version":2}},"product_brand":[935],"product_cat":[365],"product_tag":[602],"class_list":{"0":"post-21092","1":"product","2":"type-product","3":"status-publish","4":"has-post-thumbnail","6":"product_brand-staleks","7":"product_cat-staleks-nail-bits","8":"product_tag-diamond-drill-bit","10":"first","11":"instock","12":"taxable","13":"shipping-taxable","14":"purchasable","15":"product-type-simple"},"jetpack_publicize_connections":[],"jetpack-related-posts":[{"id":18113,"url":"https:\/\/victoriavynn.ca\/fr\/product\/staleks-pro-diamond-nail-drill-bit-pointed-pear-blue-expert-head-diameter-4-mm-working-part-12-mm\/","url_meta":{"origin":21092,"position":0},"title":"Staleks PRO Foret \u00e0 ongles diamant\u00e9 pointu poire bleu EXPERT t\u00eate diam\u00e8tre 4 mm \/ partie travaillante 12 mm","author":"Serge Sahakian","date":"mai 30, 2024","format":false,"excerpt":"FA100B040\/12","rel":"","context":"Similar post","block_context":{"text":"Similar post","link":""},"img":{"alt_text":"","src":"https:\/\/i0.wp.com\/victoriavynn.ca\/wp-content\/uploads\/2024\/05\/fa100b04012_result-800x800-1.jpg?fit=800%2C800&ssl=1&resize=350%2C200","width":350,"height":200,"srcset":"https:\/\/i0.wp.com\/victoriavynn.ca\/wp-content\/uploads\/2024\/05\/fa100b04012_result-800x800-1.jpg?fit=800%2C800&ssl=1&resize=350%2C200 1x, https:\/\/i0.wp.com\/victoriavynn.ca\/wp-content\/uploads\/2024\/05\/fa100b04012_result-800x800-1.jpg?fit=800%2C800&ssl=1&resize=525%2C300 1.5x, https:\/\/i0.wp.com\/victoriavynn.ca\/wp-content\/uploads\/2024\/05\/fa100b04012_result-800x800-1.jpg?fit=800%2C800&ssl=1&resize=700%2C400 2x"},"classes":[]},{"id":18111,"url":"https:\/\/victoriavynn.ca\/fr\/product\/staleks-pro-diamond-nail-drill-bit-rounded-pear-blue-expert-head-diameter-5-mm-working-part-12-mm\/","url_meta":{"origin":21092,"position":1},"title":"Staleks PRO Foret \u00e0 ongles diamant\u00e9 poire arrondie bleu EXPERT t\u00eate diam\u00e8tre 5 mm \/ partie travaillante 12 mm","author":"Serge Sahakian","date":"mai 30, 2024","format":false,"excerpt":"FA101B050\/12","rel":"","context":"Similar post","block_context":{"text":"Similar post","link":""},"img":{"alt_text":"","src":"https:\/\/i0.wp.com\/victoriavynn.ca\/wp-content\/uploads\/2024\/05\/fa101b05012_result-800x800-1.jpg?fit=800%2C800&ssl=1&resize=350%2C200","width":350,"height":200,"srcset":"https:\/\/i0.wp.com\/victoriavynn.ca\/wp-content\/uploads\/2024\/05\/fa101b05012_result-800x800-1.jpg?fit=800%2C800&ssl=1&resize=350%2C200 1x, https:\/\/i0.wp.com\/victoriavynn.ca\/wp-content\/uploads\/2024\/05\/fa101b05012_result-800x800-1.jpg?fit=800%2C800&ssl=1&resize=525%2C300 1.5x, https:\/\/i0.wp.com\/victoriavynn.ca\/wp-content\/uploads\/2024\/05\/fa101b05012_result-800x800-1.jpg?fit=800%2C800&ssl=1&resize=700%2C400 2x"},"classes":[]},{"id":21090,"url":"https:\/\/victoriavynn.ca\/fr\/product\/staleks-pro-expert-diamond-nail-drill-bit-pointed-pear-red-head-diameter-5-mm-working-part-12-mm\/","url_meta":{"origin":21092,"position":2},"title":"Staleks PRO EXPERT Diamond Nail Drill Bit Pointed Pear Red (diam\u00e8tre de la t\u00eate 5 mm \/ partie active 12 mm)","author":"Serge Sahakian","date":"mars 14, 2025","format":false,"excerpt":"FA100R050\/12,Staleks PRO EXPERT M\u00e8che \u00e0 clous diamant\u00e9e pointue rouge poire (diam\u00e8tre de la t\u00eate 5 mm \/ partie travaillante 12 mm) 1,Staleks PRO EXPERT M\u00e8che \u00e0 clous diamant\u00e9e pointue rouge poire (diam\u00e8tre de la t\u00eate 5 mm \/ partie travaillante 12 mm) 2","rel":"","context":"Similar post","block_context":{"text":"Similar post","link":""},"img":{"alt_text":"","src":"https:\/\/i0.wp.com\/victoriavynn.ca\/wp-content\/uploads\/2025\/03\/bc19ef12db980640391239c70d9821b1.jpg?fit=1200%2C1200&ssl=1&resize=350%2C200","width":350,"height":200,"srcset":"https:\/\/i0.wp.com\/victoriavynn.ca\/wp-content\/uploads\/2025\/03\/bc19ef12db980640391239c70d9821b1.jpg?fit=1200%2C1200&ssl=1&resize=350%2C200 1x, https:\/\/i0.wp.com\/victoriavynn.ca\/wp-content\/uploads\/2025\/03\/bc19ef12db980640391239c70d9821b1.jpg?fit=1200%2C1200&ssl=1&resize=525%2C300 1.5x, https:\/\/i0.wp.com\/victoriavynn.ca\/wp-content\/uploads\/2025\/03\/bc19ef12db980640391239c70d9821b1.jpg?fit=1200%2C1200&ssl=1&resize=700%2C400 2x, https:\/\/i0.wp.com\/victoriavynn.ca\/wp-content\/uploads\/2025\/03\/bc19ef12db980640391239c70d9821b1.jpg?fit=1200%2C1200&ssl=1&resize=1050%2C600 3x"},"classes":[]},{"id":21080,"url":"https:\/\/victoriavynn.ca\/fr\/product\/staleks-pro-expert-diamond-nail-drill-bit-duo-pointed-pear-blue-green-diameter-5-mm-working-part-12-mm\/","url_meta":{"origin":21092,"position":3},"title":"Staleks PRO EXPERT Foret \u00e0 ongles diamant\u00e9 DUO Pointed Pear Blue and Green (diam\u00e8tre 5 mm \/ partie travaillante 12 mm)","author":"Serge Sahakian","date":"mars 14, 2025","format":false,"excerpt":"FA100BG050\/12,Staleks PRO EXPERT M\u00e8che diamant\u00e9e DUO \u00e0 pointe poire bleu et vert (diam\u00e8tre 5 mm \/ partie travaillante 12 mm) 1,Staleks PRO EXPERT M\u00e8che diamant\u00e9e DUO \u00e0 pointe poire bleu et vert (diam\u00e8tre 5 mm \/ partie travaillante 12 mm) 2","rel":"","context":"Similar post","block_context":{"text":"Similar post","link":""},"img":{"alt_text":"","src":"https:\/\/i0.wp.com\/victoriavynn.ca\/wp-content\/uploads\/2025\/03\/fa100gb05012_2_result_result.jpg?fit=1200%2C1200&ssl=1&resize=350%2C200","width":350,"height":200,"srcset":"https:\/\/i0.wp.com\/victoriavynn.ca\/wp-content\/uploads\/2025\/03\/fa100gb05012_2_result_result.jpg?fit=1200%2C1200&ssl=1&resize=350%2C200 1x, https:\/\/i0.wp.com\/victoriavynn.ca\/wp-content\/uploads\/2025\/03\/fa100gb05012_2_result_result.jpg?fit=1200%2C1200&ssl=1&resize=525%2C300 1.5x, https:\/\/i0.wp.com\/victoriavynn.ca\/wp-content\/uploads\/2025\/03\/fa100gb05012_2_result_result.jpg?fit=1200%2C1200&ssl=1&resize=700%2C400 2x, https:\/\/i0.wp.com\/victoriavynn.ca\/wp-content\/uploads\/2025\/03\/fa100gb05012_2_result_result.jpg?fit=1200%2C1200&ssl=1&resize=1050%2C600 3x"},"classes":[]},{"id":18115,"url":"https:\/\/victoriavynn.ca\/fr\/product\/staleks-pro-diamond-nail-drill-bit-rounded-pear-red-expert-head-diameter-5-mm-working-part-12-mm\/","url_meta":{"origin":21092,"position":4},"title":"Staleks PRO Foret \u00e0 ongles diamant\u00e9 poire arrondie rouge EXPERT t\u00eate diam\u00e8tre 5 mm \/ partie travaillante 12 mm","author":"Serge Sahakian","date":"mai 30, 2024","format":false,"excerpt":"FA101R050\/12","rel":"","context":"Similar post","block_context":{"text":"Similar post","link":""},"img":{"alt_text":"","src":"https:\/\/i0.wp.com\/victoriavynn.ca\/wp-content\/uploads\/2024\/05\/fa101r05012_result-800x800-1.jpg?fit=800%2C800&ssl=1&resize=350%2C200","width":350,"height":200,"srcset":"https:\/\/i0.wp.com\/victoriavynn.ca\/wp-content\/uploads\/2024\/05\/fa101r05012_result-800x800-1.jpg?fit=800%2C800&ssl=1&resize=350%2C200 1x, https:\/\/i0.wp.com\/victoriavynn.ca\/wp-content\/uploads\/2024\/05\/fa101r05012_result-800x800-1.jpg?fit=800%2C800&ssl=1&resize=525%2C300 1.5x, https:\/\/i0.wp.com\/victoriavynn.ca\/wp-content\/uploads\/2024\/05\/fa101r05012_result-800x800-1.jpg?fit=800%2C800&ssl=1&resize=700%2C400 2x"},"classes":[]},{"id":21096,"url":"https:\/\/victoriavynn.ca\/fr\/product\/staleks-pro-expert-diamond-nail-drill-bit-olive-blue-head-diameter-2-5-mm-working-part-5-mm\/","url_meta":{"origin":21092,"position":5},"title":"Staleks PRO EXPERT Diamond Nail Drill Bit Olive Blue (diam\u00e8tre de la t\u00eate 2.5 mm \/ partie travaillante 5 mm)","author":"Serge Sahakian","date":"mars 14, 2025","format":false,"excerpt":"FA130B025\/5,Staleks PRO EXPERT Fraise \u00e0 clous diamant\u00e9e bleu olive (t\u00eate 2.5 mm \/ partie travaillante 5 mm) 1,Staleks PRO EXPERT Fraise \u00e0 clous diamant\u00e9e bleu olive (t\u00eate 2.5 mm \/ partie travaillante 5 mm) 2","rel":"","context":"Similar post","block_context":{"text":"Similar post","link":""},"img":{"alt_text":"","src":"https:\/\/i0.wp.com\/victoriavynn.ca\/wp-content\/uploads\/2025\/03\/fa130b025.5-1_result.jpg?fit=1200%2C1200&ssl=1&resize=350%2C200","width":350,"height":200,"srcset":"https:\/\/i0.wp.com\/victoriavynn.ca\/wp-content\/uploads\/2025\/03\/fa130b025.5-1_result.jpg?fit=1200%2C1200&ssl=1&resize=350%2C200 1x, https:\/\/i0.wp.com\/victoriavynn.ca\/wp-content\/uploads\/2025\/03\/fa130b025.5-1_result.jpg?fit=1200%2C1200&ssl=1&resize=525%2C300 1.5x, https:\/\/i0.wp.com\/victoriavynn.ca\/wp-content\/uploads\/2025\/03\/fa130b025.5-1_result.jpg?fit=1200%2C1200&ssl=1&resize=700%2C400 2x, https:\/\/i0.wp.com\/victoriavynn.ca\/wp-content\/uploads\/2025\/03\/fa130b025.5-1_result.jpg?fit=1200%2C1200&ssl=1&resize=1050%2C600 3x"},"classes":[]}],"jetpack_sharing_enabled":true,"_links":{"self":[{"href":"https:\/\/victoriavynn.ca\/fr\/wp-json\/wp\/v2\/product\/21092","targetHints":{"allow":["GET"]}}],"collection":[{"href":"https:\/\/victoriavynn.ca\/fr\/wp-json\/wp\/v2\/product"}],"about":[{"href":"https:\/\/victoriavynn.ca\/fr\/wp-json\/wp\/v2\/types\/product"}],"replies":[{"embeddable":true,"href":"https:\/\/victoriavynn.ca\/fr\/wp-json\/wp\/v2\/comments?post=21092"}],"wp:featuredmedia":[{"embeddable":true,"href":"https:\/\/victoriavynn.ca\/fr\/wp-json\/wp\/v2\/media\/21093"}],"wp:attachment":[{"href":"https:\/\/victoriavynn.ca\/fr\/wp-json\/wp\/v2\/media?parent=21092"}],"wp:term":[{"taxonomy":"product_brand","embeddable":true,"href":"https:\/\/victoriavynn.ca\/fr\/wp-json\/wp\/v2\/product_brand?post=21092"},{"taxonomy":"product_cat","embeddable":true,"href":"https:\/\/victoriavynn.ca\/fr\/wp-json\/wp\/v2\/product_cat?post=21092"},{"taxonomy":"product_tag","embeddable":true,"href":"https:\/\/victoriavynn.ca\/fr\/wp-json\/wp\/v2\/product_tag?post=21092"}],"curies":[{"name":"wp","href":"https:\/\/api.w.org\/{rel}","templated":true}]}}