{"id":21106,"date":"2025-03-14T20:35:20","date_gmt":"2025-03-15T00:35:20","guid":{"rendered":"https:\/\/victoriavynn.ca\/product\/staleks-diamond-nail-drill-bit-pointed-flame-red-head-diameter-2-3mm-working-part-8mm-fa11r023-8\/"},"modified":"2026-03-04T18:40:35","modified_gmt":"2026-03-04T23:40:35","slug":"staleks-diamond-nail-drill-bit-pointed-flame-red-head-diameter-2-3mm-working-part-8mm-fa11r023-8","status":"publish","type":"product","link":"https:\/\/victoriavynn.ca\/fr\/product\/staleks-diamond-nail-drill-bit-pointed-flame-red-head-diameter-2-3mm-working-part-8mm-fa11r023-8\/","title":{"rendered":"Staleks Foret diamant\u00e9 pour clous, \"flamme pointue\", rouge, diam\u00e8tre de la t\u00eate 2.3mm, partie travaillante 8mm (FA11R023\/8)"},"content":{"rendered":"","protected":false},"excerpt":{"rendered":"<p>FA11R023\/8<\/p>","protected":false},"featured_media":21107,"comment_status":"open","ping_status":"closed","template":"","meta":{"jetpack_post_was_ever_published":false,"jetpack_publicize_message":"","jetpack_publicize_feature_enabled":true,"jetpack_social_post_already_shared":true,"jetpack_social_options":{"image_generator_settings":{"template":"highway","default_image_id":0,"font":"","enabled":false},"version":2}},"product_brand":[935],"product_cat":[365],"product_tag":[602],"class_list":{"0":"post-21106","1":"product","2":"type-product","3":"status-publish","4":"has-post-thumbnail","6":"product_brand-staleks","7":"product_cat-staleks-nail-bits","8":"product_tag-diamond-drill-bit","10":"first","11":"instock","12":"taxable","13":"shipping-taxable","14":"purchasable","15":"product-type-simple"},"jetpack_publicize_connections":[],"jetpack-related-posts":[{"id":21110,"url":"https:\/\/victoriavynn.ca\/fr\/product\/staleks-diamond-nail-drill-bit-pointed-flame-blue-head-diameter-2-3mm-working-part-8mm-fa11b023-8\/","url_meta":{"origin":21106,"position":0},"title":"Staleks Foret diamant\u00e9 pour clous, \"flamme pointue\", bleu, diam\u00e8tre de la t\u00eate 2.3mm, partie travaillante 8mm (FA11B023\/8)","author":"Serge Sahakian","date":"mars 14, 2025","format":false,"excerpt":"FA11B023\/8,Staleks M\u00e8che \u00e0 clous diamant\u00e9e, \"Pointed Flame\", bleu, diam\u00e8tre de la t\u00eate 2.3mm, partie travaillante 8mm (FA11B023\/8) 1,Staleks M\u00e8che \u00e0 clous diamant\u00e9e, \"Pointed Flame\", bleu, diam\u00e8tre de la t\u00eate 2.3mm, partie travaillante 8mm (FA11B023\/8) 2","rel":"","context":"Similar post","block_context":{"text":"Similar post","link":""},"img":{"alt_text":"","src":"https:\/\/i0.wp.com\/victoriavynn.ca\/wp-content\/uploads\/2025\/03\/da33a416bd20c90f722d21566faf649f.jpg?fit=1200%2C1200&ssl=1&resize=350%2C200","width":350,"height":200,"srcset":"https:\/\/i0.wp.com\/victoriavynn.ca\/wp-content\/uploads\/2025\/03\/da33a416bd20c90f722d21566faf649f.jpg?fit=1200%2C1200&ssl=1&resize=350%2C200 1x, https:\/\/i0.wp.com\/victoriavynn.ca\/wp-content\/uploads\/2025\/03\/da33a416bd20c90f722d21566faf649f.jpg?fit=1200%2C1200&ssl=1&resize=525%2C300 1.5x, https:\/\/i0.wp.com\/victoriavynn.ca\/wp-content\/uploads\/2025\/03\/da33a416bd20c90f722d21566faf649f.jpg?fit=1200%2C1200&ssl=1&resize=700%2C400 2x, https:\/\/i0.wp.com\/victoriavynn.ca\/wp-content\/uploads\/2025\/03\/da33a416bd20c90f722d21566faf649f.jpg?fit=1200%2C1200&ssl=1&resize=1050%2C600 3x"},"classes":[]},{"id":21104,"url":"https:\/\/victoriavynn.ca\/fr\/product\/staleks-diamond-nail-drill-bit-pointed-flame-red-head-diameter-1-8mm-working-part-8mm-fa11r018-8\/","url_meta":{"origin":21106,"position":1},"title":"Staleks Foret diamant\u00e9 pour clous, \"flamme pointue\", rouge, diam\u00e8tre de la t\u00eate 1.8mm, partie travaillante 8mm (FA11R018\/8)","author":"Serge Sahakian","date":"mars 14, 2025","format":false,"excerpt":"FA11R018\/8","rel":"","context":"Similar post","block_context":{"text":"Similar post","link":""},"img":{"alt_text":"","src":"https:\/\/i0.wp.com\/victoriavynn.ca\/wp-content\/uploads\/2025\/03\/fa11r018_8-1_result.jpg?fit=1200%2C1200&ssl=1&resize=350%2C200","width":350,"height":200,"srcset":"https:\/\/i0.wp.com\/victoriavynn.ca\/wp-content\/uploads\/2025\/03\/fa11r018_8-1_result.jpg?fit=1200%2C1200&ssl=1&resize=350%2C200 1x, https:\/\/i0.wp.com\/victoriavynn.ca\/wp-content\/uploads\/2025\/03\/fa11r018_8-1_result.jpg?fit=1200%2C1200&ssl=1&resize=525%2C300 1.5x, https:\/\/i0.wp.com\/victoriavynn.ca\/wp-content\/uploads\/2025\/03\/fa11r018_8-1_result.jpg?fit=1200%2C1200&ssl=1&resize=700%2C400 2x, https:\/\/i0.wp.com\/victoriavynn.ca\/wp-content\/uploads\/2025\/03\/fa11r018_8-1_result.jpg?fit=1200%2C1200&ssl=1&resize=1050%2C600 3x"},"classes":[]},{"id":21108,"url":"https:\/\/victoriavynn.ca\/fr\/product\/staleks-diamond-nail-drill-bit-pointed-flame-blue-head-diameter-1-8mm-working-part-8mm-fa11b018-8\/","url_meta":{"origin":21106,"position":2},"title":"Staleks Foret diamant\u00e9 pour clous, \"flamme pointue\", bleu, diam\u00e8tre de la t\u00eate 1.8mm, partie travaillante 8mm (FA11B018\/8)","author":"Serge Sahakian","date":"mars 14, 2025","format":false,"excerpt":"FA11B018\/8","rel":"","context":"Similar post","block_context":{"text":"Similar post","link":""},"img":{"alt_text":"","src":"https:\/\/i0.wp.com\/victoriavynn.ca\/wp-content\/uploads\/2025\/03\/fa11b018_8-1_result-1.jpg?fit=1200%2C1200&ssl=1&resize=350%2C200","width":350,"height":200,"srcset":"https:\/\/i0.wp.com\/victoriavynn.ca\/wp-content\/uploads\/2025\/03\/fa11b018_8-1_result-1.jpg?fit=1200%2C1200&ssl=1&resize=350%2C200 1x, https:\/\/i0.wp.com\/victoriavynn.ca\/wp-content\/uploads\/2025\/03\/fa11b018_8-1_result-1.jpg?fit=1200%2C1200&ssl=1&resize=525%2C300 1.5x, https:\/\/i0.wp.com\/victoriavynn.ca\/wp-content\/uploads\/2025\/03\/fa11b018_8-1_result-1.jpg?fit=1200%2C1200&ssl=1&resize=700%2C400 2x, https:\/\/i0.wp.com\/victoriavynn.ca\/wp-content\/uploads\/2025\/03\/fa11b018_8-1_result-1.jpg?fit=1200%2C1200&ssl=1&resize=1050%2C600 3x"},"classes":[]},{"id":21086,"url":"https:\/\/victoriavynn.ca\/fr\/product\/staleks-pro-expert-diamond-nail-drill-bit-duo-flame-red-blue-head-diameter-2-1-mm-working-part-8-mm\/","url_meta":{"origin":21106,"position":3},"title":"Staleks PRO EXPERT Diamond Nail Drill Bit DUO Flame Red and Blue (diam\u00e8tre de la t\u00eate 2.1 mm \/ partie travaillante 8 mm)","author":"Serge Sahakian","date":"mars 14, 2025","format":false,"excerpt":"FA11RB021\/8,Staleks PRO EXPERT M\u00e8che \u00e0 clous diamant\u00e9e DUO Rouge et Bleu Flamme (diam\u00e8tre de la t\u00eate 2.1 mm \/ partie travaillante 8 mm) 1,Staleks PRO EXPERT M\u00e8che \u00e0 clous diamant\u00e9e DUO Rouge et Bleu Flamme (diam\u00e8tre de la t\u00eate 2.1 mm \/ partie travaillante 8 mm) 2","rel":"","context":"Similar post","block_context":{"text":"Similar post","link":""},"img":{"alt_text":"","src":"https:\/\/i0.wp.com\/victoriavynn.ca\/wp-content\/uploads\/2025\/03\/fa11rb021_8-2-2_result.jpg?fit=1200%2C1200&ssl=1&resize=350%2C200","width":350,"height":200,"srcset":"https:\/\/i0.wp.com\/victoriavynn.ca\/wp-content\/uploads\/2025\/03\/fa11rb021_8-2-2_result.jpg?fit=1200%2C1200&ssl=1&resize=350%2C200 1x, https:\/\/i0.wp.com\/victoriavynn.ca\/wp-content\/uploads\/2025\/03\/fa11rb021_8-2-2_result.jpg?fit=1200%2C1200&ssl=1&resize=525%2C300 1.5x, https:\/\/i0.wp.com\/victoriavynn.ca\/wp-content\/uploads\/2025\/03\/fa11rb021_8-2-2_result.jpg?fit=1200%2C1200&ssl=1&resize=700%2C400 2x, https:\/\/i0.wp.com\/victoriavynn.ca\/wp-content\/uploads\/2025\/03\/fa11rb021_8-2-2_result.jpg?fit=1200%2C1200&ssl=1&resize=1050%2C600 3x"},"classes":[]},{"id":21088,"url":"https:\/\/victoriavynn.ca\/fr\/product\/staleks-pro-expert-diamond-nail-drill-bit-duo-flame-blue-green-head-diameter-2-5-mm-working-part-8-mm\/","url_meta":{"origin":21106,"position":4},"title":"Staleks PRO EXPERT Diamond Nail Drill Bit DUO Flame Blue and Green (diam\u00e8tre de la t\u00eate 2.5 mm \/ partie travaillante 8 mm)","author":"Serge Sahakian","date":"mars 14, 2025","format":false,"excerpt":"FA11BG021\/8,Staleks PRO EXPERT Fraise \u00e0 clous diamant\u00e9e DUO bleu flamme et vert (diam\u00e8tre de la t\u00eate 2.5 mm \/ partie travaillante 8 mm) 1,Staleks PRO EXPERT Fraise \u00e0 clous diamant\u00e9e DUO bleu flamme et vert (diam\u00e8tre de la t\u00eate 2.5 mm \/ partie travaillante 8 mm) 2","rel":"","context":"Similar post","block_context":{"text":"Similar post","link":""},"img":{"alt_text":"","src":"https:\/\/i0.wp.com\/victoriavynn.ca\/wp-content\/uploads\/2025\/03\/fa11bg021_8-3-2_result.jpg?fit=1200%2C1200&ssl=1&resize=350%2C200","width":350,"height":200,"srcset":"https:\/\/i0.wp.com\/victoriavynn.ca\/wp-content\/uploads\/2025\/03\/fa11bg021_8-3-2_result.jpg?fit=1200%2C1200&ssl=1&resize=350%2C200 1x, https:\/\/i0.wp.com\/victoriavynn.ca\/wp-content\/uploads\/2025\/03\/fa11bg021_8-3-2_result.jpg?fit=1200%2C1200&ssl=1&resize=525%2C300 1.5x, https:\/\/i0.wp.com\/victoriavynn.ca\/wp-content\/uploads\/2025\/03\/fa11bg021_8-3-2_result.jpg?fit=1200%2C1200&ssl=1&resize=700%2C400 2x, https:\/\/i0.wp.com\/victoriavynn.ca\/wp-content\/uploads\/2025\/03\/fa11bg021_8-3-2_result.jpg?fit=1200%2C1200&ssl=1&resize=1050%2C600 3x"},"classes":[]},{"id":21114,"url":"https:\/\/victoriavynn.ca\/fr\/product\/staleks-diamond-nail-drill-bit-match-red-head-diameter-2-3mm-working-part-5mm-fa120r023-5\/","url_meta":{"origin":21106,"position":5},"title":"Staleks M\u00e8che diamant\u00e9e pour clous \"Match\", rouge, diam\u00e8tre de la t\u00eate 2.3mm, partie utile 5mm (FA120R023\/5)","author":"Serge Sahakian","date":"mars 14, 2025","format":false,"excerpt":"FA120R023\/5","rel":"","context":"Similar post","block_context":{"text":"Similar post","link":""},"img":{"alt_text":"","src":"https:\/\/i0.wp.com\/victoriavynn.ca\/wp-content\/uploads\/2025\/03\/fa120r023_5-1_result-1.jpg?fit=1200%2C1200&ssl=1&resize=350%2C200","width":350,"height":200,"srcset":"https:\/\/i0.wp.com\/victoriavynn.ca\/wp-content\/uploads\/2025\/03\/fa120r023_5-1_result-1.jpg?fit=1200%2C1200&ssl=1&resize=350%2C200 1x, https:\/\/i0.wp.com\/victoriavynn.ca\/wp-content\/uploads\/2025\/03\/fa120r023_5-1_result-1.jpg?fit=1200%2C1200&ssl=1&resize=525%2C300 1.5x, https:\/\/i0.wp.com\/victoriavynn.ca\/wp-content\/uploads\/2025\/03\/fa120r023_5-1_result-1.jpg?fit=1200%2C1200&ssl=1&resize=700%2C400 2x, https:\/\/i0.wp.com\/victoriavynn.ca\/wp-content\/uploads\/2025\/03\/fa120r023_5-1_result-1.jpg?fit=1200%2C1200&ssl=1&resize=1050%2C600 3x"},"classes":[]}],"jetpack_sharing_enabled":true,"_links":{"self":[{"href":"https:\/\/victoriavynn.ca\/fr\/wp-json\/wp\/v2\/product\/21106","targetHints":{"allow":["GET"]}}],"collection":[{"href":"https:\/\/victoriavynn.ca\/fr\/wp-json\/wp\/v2\/product"}],"about":[{"href":"https:\/\/victoriavynn.ca\/fr\/wp-json\/wp\/v2\/types\/product"}],"replies":[{"embeddable":true,"href":"https:\/\/victoriavynn.ca\/fr\/wp-json\/wp\/v2\/comments?post=21106"}],"wp:featuredmedia":[{"embeddable":true,"href":"https:\/\/victoriavynn.ca\/fr\/wp-json\/wp\/v2\/media\/21107"}],"wp:attachment":[{"href":"https:\/\/victoriavynn.ca\/fr\/wp-json\/wp\/v2\/media?parent=21106"}],"wp:term":[{"taxonomy":"product_brand","embeddable":true,"href":"https:\/\/victoriavynn.ca\/fr\/wp-json\/wp\/v2\/product_brand?post=21106"},{"taxonomy":"product_cat","embeddable":true,"href":"https:\/\/victoriavynn.ca\/fr\/wp-json\/wp\/v2\/product_cat?post=21106"},{"taxonomy":"product_tag","embeddable":true,"href":"https:\/\/victoriavynn.ca\/fr\/wp-json\/wp\/v2\/product_tag?post=21106"}],"curies":[{"name":"wp","href":"https:\/\/api.w.org\/{rel}","templated":true}]}}