{"id":21125,"date":"2025-03-15T10:15:25","date_gmt":"2025-03-15T14:15:25","guid":{"rendered":"https:\/\/victoriavynn.ca\/product\/staleks-diamond-nail-drill-bit-rounded-cylinder-blue-head-diameter-2-5mm-working-part-10mm-fa30b025-10\/"},"modified":"2026-03-04T18:40:35","modified_gmt":"2026-03-04T23:40:35","slug":"staleks-diamond-nail-drill-bit-rounded-cylinder-blue-head-diameter-2-5mm-working-part-10mm-fa30b025-10","status":"publish","type":"product","link":"https:\/\/victoriavynn.ca\/fr\/product\/staleks-diamond-nail-drill-bit-rounded-cylinder-blue-head-diameter-2-5mm-working-part-10mm-fa30b025-10\/","title":{"rendered":"Staleks Foret diamant\u00e9 pour clous, \"cylindre arrondi\", bleu, diam\u00e8tre de la t\u00eate 2.5mm, partie travaillante 10mm (FA30B025\/10)"},"content":{"rendered":"","protected":false},"excerpt":{"rendered":"<p>FA30B025\/10<\/p>","protected":false},"featured_media":21126,"comment_status":"open","ping_status":"closed","template":"","meta":{"jetpack_post_was_ever_published":false,"jetpack_publicize_message":"","jetpack_publicize_feature_enabled":true,"jetpack_social_post_already_shared":true,"jetpack_social_options":{"image_generator_settings":{"template":"highway","default_image_id":0,"font":"","enabled":false},"version":2}},"product_brand":[935],"product_cat":[365],"product_tag":[602],"class_list":{"0":"post-21125","1":"product","2":"type-product","3":"status-publish","4":"has-post-thumbnail","6":"product_brand-staleks","7":"product_cat-staleks-nail-bits","8":"product_tag-diamond-drill-bit","10":"first","11":"instock","12":"taxable","13":"shipping-taxable","14":"purchasable","15":"product-type-simple"},"jetpack_publicize_connections":[],"jetpack-related-posts":[{"id":21121,"url":"https:\/\/victoriavynn.ca\/fr\/product\/staleks-diamond-nail-drill-bit-rounded-cylinder-red-head-diameter-2-5mm-working-part-10mm-fa30r025-10\/","url_meta":{"origin":21125,"position":0},"title":"Staleks Foret diamant\u00e9 pour clous, \"cylindre arrondi\", rouge, diam\u00e8tre de la t\u00eate 2.5mm, partie utile 10mm (FA30R025\/10)","author":"Serge Sahakian","date":"mars 15, 2025","format":false,"excerpt":"FA30R025\/10","rel":"","context":"Similar post","block_context":{"text":"Similar post","link":""},"img":{"alt_text":"","src":"https:\/\/i0.wp.com\/victoriavynn.ca\/wp-content\/uploads\/2025\/03\/782a2a7662bf348f26bfa718738de202.jpg?fit=1200%2C1200&ssl=1&resize=350%2C200","width":350,"height":200,"srcset":"https:\/\/i0.wp.com\/victoriavynn.ca\/wp-content\/uploads\/2025\/03\/782a2a7662bf348f26bfa718738de202.jpg?fit=1200%2C1200&ssl=1&resize=350%2C200 1x, https:\/\/i0.wp.com\/victoriavynn.ca\/wp-content\/uploads\/2025\/03\/782a2a7662bf348f26bfa718738de202.jpg?fit=1200%2C1200&ssl=1&resize=525%2C300 1.5x, https:\/\/i0.wp.com\/victoriavynn.ca\/wp-content\/uploads\/2025\/03\/782a2a7662bf348f26bfa718738de202.jpg?fit=1200%2C1200&ssl=1&resize=700%2C400 2x, https:\/\/i0.wp.com\/victoriavynn.ca\/wp-content\/uploads\/2025\/03\/782a2a7662bf348f26bfa718738de202.jpg?fit=1200%2C1200&ssl=1&resize=1050%2C600 3x"},"classes":[]},{"id":21123,"url":"https:\/\/victoriavynn.ca\/fr\/product\/staleks-diamond-nail-drill-bit-rounded-cylinder-blue-head-diameter-2-3mm-working-part-6-5mm-fa30b023-6-5\/","url_meta":{"origin":21125,"position":1},"title":"Staleks M\u00e8che diamant\u00e9e pour clous, \"cylindre arrondi\", bleu, diam\u00e8tre de la t\u00eate 2.3mm, partie travaillante 6.5mm (FA30B023\/6.5)","author":"Serge Sahakian","date":"mars 15, 2025","format":false,"excerpt":"FA30B023\/6.5","rel":"","context":"Similar post","block_context":{"text":"Similar post","link":""},"img":{"alt_text":"","src":"https:\/\/i0.wp.com\/victoriavynn.ca\/wp-content\/uploads\/2025\/03\/7613eb4bf5522d076e865bf1d990edf3_result.jpg?fit=1200%2C1200&ssl=1&resize=350%2C200","width":350,"height":200,"srcset":"https:\/\/i0.wp.com\/victoriavynn.ca\/wp-content\/uploads\/2025\/03\/7613eb4bf5522d076e865bf1d990edf3_result.jpg?fit=1200%2C1200&ssl=1&resize=350%2C200 1x, https:\/\/i0.wp.com\/victoriavynn.ca\/wp-content\/uploads\/2025\/03\/7613eb4bf5522d076e865bf1d990edf3_result.jpg?fit=1200%2C1200&ssl=1&resize=525%2C300 1.5x, https:\/\/i0.wp.com\/victoriavynn.ca\/wp-content\/uploads\/2025\/03\/7613eb4bf5522d076e865bf1d990edf3_result.jpg?fit=1200%2C1200&ssl=1&resize=700%2C400 2x, https:\/\/i0.wp.com\/victoriavynn.ca\/wp-content\/uploads\/2025\/03\/7613eb4bf5522d076e865bf1d990edf3_result.jpg?fit=1200%2C1200&ssl=1&resize=1050%2C600 3x"},"classes":[]},{"id":21119,"url":"https:\/\/victoriavynn.ca\/fr\/product\/staleks-diamond-nail-drill-bit-rounded-cylinder-red-head-diameter-2-3mm-working-part-6-5mm-fa30r023-6-5\/","url_meta":{"origin":21125,"position":2},"title":"Staleks M\u00e8che diamant\u00e9e pour clous, \"cylindre arrondi\", rouge, diam\u00e8tre de la t\u00eate 2.3mm, partie travaillante 6.5mm (FA30R023\/6.5)","author":"Serge Sahakian","date":"mars 15, 2025","format":false,"excerpt":"FA30R023\/6.5","rel":"","context":"Similar post","block_context":{"text":"Similar post","link":""},"img":{"alt_text":"","src":"https:\/\/i0.wp.com\/victoriavynn.ca\/wp-content\/uploads\/2025\/03\/fa30r023_6.5-1_result-1.jpg?fit=1200%2C1200&ssl=1&resize=350%2C200","width":350,"height":200,"srcset":"https:\/\/i0.wp.com\/victoriavynn.ca\/wp-content\/uploads\/2025\/03\/fa30r023_6.5-1_result-1.jpg?fit=1200%2C1200&ssl=1&resize=350%2C200 1x, https:\/\/i0.wp.com\/victoriavynn.ca\/wp-content\/uploads\/2025\/03\/fa30r023_6.5-1_result-1.jpg?fit=1200%2C1200&ssl=1&resize=525%2C300 1.5x, https:\/\/i0.wp.com\/victoriavynn.ca\/wp-content\/uploads\/2025\/03\/fa30r023_6.5-1_result-1.jpg?fit=1200%2C1200&ssl=1&resize=700%2C400 2x, https:\/\/i0.wp.com\/victoriavynn.ca\/wp-content\/uploads\/2025\/03\/fa30r023_6.5-1_result-1.jpg?fit=1200%2C1200&ssl=1&resize=1050%2C600 3x"},"classes":[]},{"id":42992,"url":"https:\/\/victoriavynn.ca\/fr\/product\/ulka-diamond-nail-drill-bit-rounded-cylinder-blue-head-diameter-3-mm-working-part-10-mm-c310-m-2\/","url_meta":{"origin":21125,"position":3},"title":"\u00dcLKA M\u00e8che \u00e0 clou diamant\u00e9e cylindre arrondi bleu t\u00eate diam\u00e8tre 3 mm \/ partie travaillante 10 mm (C310-M)","author":"Serge Sahakian","date":"D\u00e9cembre 10, 2025","format":false,"excerpt":"M\u00e8che diamant\u00e9e haute performance pour une mise en forme et un lissage pr\u00e9cis. Hygi\u00e9nique, durable et parfait pour une utilisation quotidienne en salon. Sp\u00e9cifications du produit : Forme : Cylindre arrondi Grain : Diam\u00e8tre de la t\u00eate : 3.0 mm Longueur de la t\u00eate : 10 mm Mat\u00e9riau : Rev\u00eatement en diamant de haute qualit\u00e9 Couleur du grain : Bleu Code produit : C310-M","rel":"","context":"Similar post","block_context":{"text":"Similar post","link":""},"img":{"alt_text":"ulka diamond drill bit c310","src":"https:\/\/i0.wp.com\/victoriavynn.ca\/wp-content\/uploads\/2025\/12\/ulka-diamond-drill-bit-c310.webp?fit=750%2C1000&ssl=1&resize=350%2C200","width":350,"height":200,"srcset":"https:\/\/i0.wp.com\/victoriavynn.ca\/wp-content\/uploads\/2025\/12\/ulka-diamond-drill-bit-c310.webp?fit=750%2C1000&ssl=1&resize=350%2C200 1x, https:\/\/i0.wp.com\/victoriavynn.ca\/wp-content\/uploads\/2025\/12\/ulka-diamond-drill-bit-c310.webp?fit=750%2C1000&ssl=1&resize=525%2C300 1.5x, https:\/\/i0.wp.com\/victoriavynn.ca\/wp-content\/uploads\/2025\/12\/ulka-diamond-drill-bit-c310.webp?fit=750%2C1000&ssl=1&resize=700%2C400 2x"},"classes":[]},{"id":18111,"url":"https:\/\/victoriavynn.ca\/fr\/product\/staleks-pro-diamond-nail-drill-bit-rounded-pear-blue-expert-head-diameter-5-mm-working-part-12-mm\/","url_meta":{"origin":21125,"position":4},"title":"Staleks PRO Foret \u00e0 ongles diamant\u00e9 poire arrondie bleu EXPERT t\u00eate diam\u00e8tre 5 mm \/ partie travaillante 12 mm","author":"Serge Sahakian","date":"mai 30, 2024","format":false,"excerpt":"FA101B050\/12","rel":"","context":"Similar post","block_context":{"text":"Similar post","link":""},"img":{"alt_text":"","src":"https:\/\/i0.wp.com\/victoriavynn.ca\/wp-content\/uploads\/2024\/05\/fa101b05012_result-800x800-1.jpg?fit=800%2C800&ssl=1&resize=350%2C200","width":350,"height":200,"srcset":"https:\/\/i0.wp.com\/victoriavynn.ca\/wp-content\/uploads\/2024\/05\/fa101b05012_result-800x800-1.jpg?fit=800%2C800&ssl=1&resize=350%2C200 1x, https:\/\/i0.wp.com\/victoriavynn.ca\/wp-content\/uploads\/2024\/05\/fa101b05012_result-800x800-1.jpg?fit=800%2C800&ssl=1&resize=525%2C300 1.5x, https:\/\/i0.wp.com\/victoriavynn.ca\/wp-content\/uploads\/2024\/05\/fa101b05012_result-800x800-1.jpg?fit=800%2C800&ssl=1&resize=700%2C400 2x"},"classes":[]},{"id":21116,"url":"https:\/\/victoriavynn.ca\/fr\/product\/staleks-diamond-nail-drill-bit-match-blue-head-diameter-2-3mm-working-part-5mm-fa120b023-5\/","url_meta":{"origin":21125,"position":5},"title":"Staleks M\u00e8che diamant\u00e9e pour clous \"Match\", bleu, diam\u00e8tre de la t\u00eate 2.3mm, partie utile 5mm (FA120B023\/5)","author":"Serge Sahakian","date":"mars 14, 2025","format":false,"excerpt":"FA120B023\/5","rel":"","context":"Similar post","block_context":{"text":"Similar post","link":""},"img":{"alt_text":"","src":"https:\/\/i0.wp.com\/victoriavynn.ca\/wp-content\/uploads\/2025\/03\/fa120b023_5-1_result.jpg?fit=1200%2C1200&ssl=1&resize=350%2C200","width":350,"height":200,"srcset":"https:\/\/i0.wp.com\/victoriavynn.ca\/wp-content\/uploads\/2025\/03\/fa120b023_5-1_result.jpg?fit=1200%2C1200&ssl=1&resize=350%2C200 1x, https:\/\/i0.wp.com\/victoriavynn.ca\/wp-content\/uploads\/2025\/03\/fa120b023_5-1_result.jpg?fit=1200%2C1200&ssl=1&resize=525%2C300 1.5x, https:\/\/i0.wp.com\/victoriavynn.ca\/wp-content\/uploads\/2025\/03\/fa120b023_5-1_result.jpg?fit=1200%2C1200&ssl=1&resize=700%2C400 2x, https:\/\/i0.wp.com\/victoriavynn.ca\/wp-content\/uploads\/2025\/03\/fa120b023_5-1_result.jpg?fit=1200%2C1200&ssl=1&resize=1050%2C600 3x"},"classes":[]}],"jetpack_sharing_enabled":true,"_links":{"self":[{"href":"https:\/\/victoriavynn.ca\/fr\/wp-json\/wp\/v2\/product\/21125","targetHints":{"allow":["GET"]}}],"collection":[{"href":"https:\/\/victoriavynn.ca\/fr\/wp-json\/wp\/v2\/product"}],"about":[{"href":"https:\/\/victoriavynn.ca\/fr\/wp-json\/wp\/v2\/types\/product"}],"replies":[{"embeddable":true,"href":"https:\/\/victoriavynn.ca\/fr\/wp-json\/wp\/v2\/comments?post=21125"}],"wp:featuredmedia":[{"embeddable":true,"href":"https:\/\/victoriavynn.ca\/fr\/wp-json\/wp\/v2\/media\/21126"}],"wp:attachment":[{"href":"https:\/\/victoriavynn.ca\/fr\/wp-json\/wp\/v2\/media?parent=21125"}],"wp:term":[{"taxonomy":"product_brand","embeddable":true,"href":"https:\/\/victoriavynn.ca\/fr\/wp-json\/wp\/v2\/product_brand?post=21125"},{"taxonomy":"product_cat","embeddable":true,"href":"https:\/\/victoriavynn.ca\/fr\/wp-json\/wp\/v2\/product_cat?post=21125"},{"taxonomy":"product_tag","embeddable":true,"href":"https:\/\/victoriavynn.ca\/fr\/wp-json\/wp\/v2\/product_tag?post=21125"}],"curies":[{"name":"wp","href":"https:\/\/api.w.org\/{rel}","templated":true}]}}