{"id":21127,"date":"2025-03-15T10:20:22","date_gmt":"2025-03-15T14:20:22","guid":{"rendered":"https:\/\/victoriavynn.ca\/product\/staleks-carbide-nail-drill-bit-nail-cleaner-diameter-1-2mm-working-part-2-5mm-ft11-012-2-5\/"},"modified":"2026-03-04T18:40:35","modified_gmt":"2026-03-04T23:40:35","slug":"foret-a-clou-en-carbure-de-tungstene-diametre-1-2mm-partie-active-2-5mm-ft11-012-2-5","status":"publish","type":"product","link":"https:\/\/victoriavynn.ca\/fr\/product\/staleks-carbide-nail-drill-bit-nail-cleaner-diameter-1-2mm-working-part-2-5mm-ft11-012-2-5\/","title":{"rendered":"Staleks Carbide Nail Drill Bit, \"Nail Cleaner\", Diameter 1.2mm, Working Part 2.5mm (FT11\/012\/2.5)"},"content":{"rendered":"","protected":false},"excerpt":{"rendered":"<p>FT11\/012\/2.5,Staleks Carbide Nail Drill, \"Nail Cleaner\", Diameter 1.2mm, Working Part 2.5mm (FT11\/012\/2.5) 1,Staleks Carbide Nail Drill Bit, \"Nail Cleaner\", Diameter 1.2mm, Working Part 2.5mm (FT11\/012\/2.5) 2<\/p>","protected":false},"featured_media":21128,"comment_status":"open","ping_status":"closed","template":"","meta":{"jetpack_post_was_ever_published":false,"jetpack_publicize_message":"","jetpack_publicize_feature_enabled":true,"jetpack_social_post_already_shared":true,"jetpack_social_options":{"image_generator_settings":{"template":"highway","default_image_id":0,"font":"","enabled":false},"version":2}},"product_brand":[935],"product_cat":[365],"product_tag":[603],"class_list":{"0":"post-21127","1":"product","2":"type-product","3":"status-publish","4":"has-post-thumbnail","6":"product_brand-staleks","7":"product_cat-staleks-nail-bits","8":"product_tag-carbide-drill-bits","10":"first","11":"instock","12":"taxable","13":"shipping-taxable","14":"purchasable","15":"product-type-simple"},"jetpack_publicize_connections":[],"jetpack-related-posts":[{"id":21129,"url":"https:\/\/victoriavynn.ca\/fr\/product\/staleks-carbide-nail-drill-bit-nail-cleaner-mini-diameter-1-2mm-working-part-2-5mm-ft12-012-2-5\/","url_meta":{"origin":21127,"position":0},"title":"Staleks Carbide Nail Drill Bit, \"Nail Cleaner Mini\", Diameter 1.2mm, Working Part 2.5mm (FT12\/012\/2.5)","author":"Serge Sahakian","date":"mars 15, 2025","format":false,"excerpt":"FT12\/012\/2.5","rel":"","context":"Similar post","block_context":{"text":"Similar post","link":""},"img":{"alt_text":"","src":"https:\/\/i0.wp.com\/victoriavynn.ca\/wp-content\/uploads\/2025\/03\/ft12_012_2.5_result.jpg?fit=1200%2C1200&ssl=1&resize=350%2C200","width":350,"height":200,"srcset":"https:\/\/i0.wp.com\/victoriavynn.ca\/wp-content\/uploads\/2025\/03\/ft12_012_2.5_result.jpg?fit=1200%2C1200&ssl=1&resize=350%2C200 1x, https:\/\/i0.wp.com\/victoriavynn.ca\/wp-content\/uploads\/2025\/03\/ft12_012_2.5_result.jpg?fit=1200%2C1200&ssl=1&resize=525%2C300 1.5x, https:\/\/i0.wp.com\/victoriavynn.ca\/wp-content\/uploads\/2025\/03\/ft12_012_2.5_result.jpg?fit=1200%2C1200&ssl=1&resize=700%2C400 2x, https:\/\/i0.wp.com\/victoriavynn.ca\/wp-content\/uploads\/2025\/03\/ft12_012_2.5_result.jpg?fit=1200%2C1200&ssl=1&resize=1050%2C600 3x"},"classes":[]},{"id":21140,"url":"https:\/\/victoriavynn.ca\/fr\/product\/staleks-carbide-nail-drill-bit-corn-green-head-diameter-4mm-working-part-14mm-ft90g040-14\/","url_meta":{"origin":21127,"position":1},"title":"Staleks Carbide Nail Drill Bit, \"Corn\", vert, diam\u00e8tre de la t\u00eate 4mm, partie travaillante 14mm (FT90G040\/14)","author":"Serge Sahakian","date":"mars 16, 2025","format":false,"excerpt":"FT90G040\/14","rel":"","context":"Similar post","block_context":{"text":"Similar post","link":""},"img":{"alt_text":"","src":"https:\/\/i0.wp.com\/victoriavynn.ca\/wp-content\/uploads\/2025\/03\/ft90g040_14_result.jpg?fit=1200%2C1200&ssl=1&resize=350%2C200","width":350,"height":200,"srcset":"https:\/\/i0.wp.com\/victoriavynn.ca\/wp-content\/uploads\/2025\/03\/ft90g040_14_result.jpg?fit=1200%2C1200&ssl=1&resize=350%2C200 1x, https:\/\/i0.wp.com\/victoriavynn.ca\/wp-content\/uploads\/2025\/03\/ft90g040_14_result.jpg?fit=1200%2C1200&ssl=1&resize=525%2C300 1.5x, https:\/\/i0.wp.com\/victoriavynn.ca\/wp-content\/uploads\/2025\/03\/ft90g040_14_result.jpg?fit=1200%2C1200&ssl=1&resize=700%2C400 2x, https:\/\/i0.wp.com\/victoriavynn.ca\/wp-content\/uploads\/2025\/03\/ft90g040_14_result.jpg?fit=1200%2C1200&ssl=1&resize=1050%2C600 3x"},"classes":[]},{"id":21142,"url":"https:\/\/victoriavynn.ca\/fr\/product\/staleks-carbide-nail-drill-bit-corn-red-head-diameter-4mm-working-part-14mm-ft90r040-14\/","url_meta":{"origin":21127,"position":2},"title":"Staleks Carbide Nail Drill Bit, \"Corn\", Red, Head Diameter 4mm, Working Part 14mm (FT90R040\/14)","author":"Serge Sahakian","date":"mars 16, 2025","format":false,"excerpt":"FT90R040\/14","rel":"","context":"Similar post","block_context":{"text":"Similar post","link":""},"img":{"alt_text":"","src":"https:\/\/i0.wp.com\/victoriavynn.ca\/wp-content\/uploads\/2025\/03\/ft90r040_14_result.jpg?fit=1200%2C1200&ssl=1&resize=350%2C200","width":350,"height":200,"srcset":"https:\/\/i0.wp.com\/victoriavynn.ca\/wp-content\/uploads\/2025\/03\/ft90r040_14_result.jpg?fit=1200%2C1200&ssl=1&resize=350%2C200 1x, https:\/\/i0.wp.com\/victoriavynn.ca\/wp-content\/uploads\/2025\/03\/ft90r040_14_result.jpg?fit=1200%2C1200&ssl=1&resize=525%2C300 1.5x, https:\/\/i0.wp.com\/victoriavynn.ca\/wp-content\/uploads\/2025\/03\/ft90r040_14_result.jpg?fit=1200%2C1200&ssl=1&resize=700%2C400 2x, https:\/\/i0.wp.com\/victoriavynn.ca\/wp-content\/uploads\/2025\/03\/ft90r040_14_result.jpg?fit=1200%2C1200&ssl=1&resize=1050%2C600 3x"},"classes":[]},{"id":21144,"url":"https:\/\/victoriavynn.ca\/fr\/product\/staleks-carbide-nail-drill-bit-corn-blue-head-diameter-4mm-working-part-14mm-ft90b040-14\/","url_meta":{"origin":21127,"position":3},"title":"Staleks Carbide Nail Drill Bit, \"Corn\", bleu, diam\u00e8tre de la t\u00eate 4mm, partie travaillante 14mm (FT90B040\/14)","author":"Serge Sahakian","date":"mars 16, 2025","format":false,"excerpt":"FT90B040\/14","rel":"","context":"Similar post","block_context":{"text":"Similar post","link":""},"img":{"alt_text":"","src":"https:\/\/i0.wp.com\/victoriavynn.ca\/wp-content\/uploads\/2025\/03\/ft90b040_14_result.jpg?fit=1200%2C1200&ssl=1&resize=350%2C200","width":350,"height":200,"srcset":"https:\/\/i0.wp.com\/victoriavynn.ca\/wp-content\/uploads\/2025\/03\/ft90b040_14_result.jpg?fit=1200%2C1200&ssl=1&resize=350%2C200 1x, https:\/\/i0.wp.com\/victoriavynn.ca\/wp-content\/uploads\/2025\/03\/ft90b040_14_result.jpg?fit=1200%2C1200&ssl=1&resize=525%2C300 1.5x, https:\/\/i0.wp.com\/victoriavynn.ca\/wp-content\/uploads\/2025\/03\/ft90b040_14_result.jpg?fit=1200%2C1200&ssl=1&resize=700%2C400 2x, https:\/\/i0.wp.com\/victoriavynn.ca\/wp-content\/uploads\/2025\/03\/ft90b040_14_result.jpg?fit=1200%2C1200&ssl=1&resize=1050%2C600 3x"},"classes":[]},{"id":21094,"url":"https:\/\/victoriavynn.ca\/fr\/product\/staleks-pro-expert-diamond-nail-drill-bit-olive-red-head-diameter-2-5-mm-working-part-5-mm\/","url_meta":{"origin":21127,"position":4},"title":"Staleks PRO EXPERT Diamond Nail Drill Bit Olive Red (diam\u00e8tre de la t\u00eate 2.5 mm \/ partie travaillante 5 mm)","author":"Serge Sahakian","date":"mars 14, 2025","format":false,"excerpt":"FA130R025\/5,Staleks PRO EXPERT Fraise \u00e0 clou diamant\u00e9e rouge olive (t\u00eate 2.5 mm \/ partie travaillante 5 mm) 1,Staleks PRO EXPERT Fraise \u00e0 clou diamant\u00e9e rouge olive (t\u00eate 2.5 mm \/ partie travaillante 5 mm) 2","rel":"","context":"Similar post","block_context":{"text":"Similar post","link":""},"img":{"alt_text":"","src":"https:\/\/i0.wp.com\/victoriavynn.ca\/wp-content\/uploads\/2025\/03\/fa130r025_5-1_result.jpg?fit=1200%2C1200&ssl=1&resize=350%2C200","width":350,"height":200,"srcset":"https:\/\/i0.wp.com\/victoriavynn.ca\/wp-content\/uploads\/2025\/03\/fa130r025_5-1_result.jpg?fit=1200%2C1200&ssl=1&resize=350%2C200 1x, https:\/\/i0.wp.com\/victoriavynn.ca\/wp-content\/uploads\/2025\/03\/fa130r025_5-1_result.jpg?fit=1200%2C1200&ssl=1&resize=525%2C300 1.5x, https:\/\/i0.wp.com\/victoriavynn.ca\/wp-content\/uploads\/2025\/03\/fa130r025_5-1_result.jpg?fit=1200%2C1200&ssl=1&resize=700%2C400 2x, https:\/\/i0.wp.com\/victoriavynn.ca\/wp-content\/uploads\/2025\/03\/fa130r025_5-1_result.jpg?fit=1200%2C1200&ssl=1&resize=1050%2C600 3x"},"classes":[]},{"id":21096,"url":"https:\/\/victoriavynn.ca\/fr\/product\/staleks-pro-expert-diamond-nail-drill-bit-olive-blue-head-diameter-2-5-mm-working-part-5-mm\/","url_meta":{"origin":21127,"position":5},"title":"Staleks PRO EXPERT Diamond Nail Drill Bit Olive Blue (diam\u00e8tre de la t\u00eate 2.5 mm \/ partie travaillante 5 mm)","author":"Serge Sahakian","date":"mars 14, 2025","format":false,"excerpt":"FA130B025\/5,Staleks PRO EXPERT Fraise \u00e0 clous diamant\u00e9e bleu olive (t\u00eate 2.5 mm \/ partie travaillante 5 mm) 1,Staleks PRO EXPERT Fraise \u00e0 clous diamant\u00e9e bleu olive (t\u00eate 2.5 mm \/ partie travaillante 5 mm) 2","rel":"","context":"Similar post","block_context":{"text":"Similar post","link":""},"img":{"alt_text":"","src":"https:\/\/i0.wp.com\/victoriavynn.ca\/wp-content\/uploads\/2025\/03\/fa130b025.5-1_result.jpg?fit=1200%2C1200&ssl=1&resize=350%2C200","width":350,"height":200,"srcset":"https:\/\/i0.wp.com\/victoriavynn.ca\/wp-content\/uploads\/2025\/03\/fa130b025.5-1_result.jpg?fit=1200%2C1200&ssl=1&resize=350%2C200 1x, https:\/\/i0.wp.com\/victoriavynn.ca\/wp-content\/uploads\/2025\/03\/fa130b025.5-1_result.jpg?fit=1200%2C1200&ssl=1&resize=525%2C300 1.5x, https:\/\/i0.wp.com\/victoriavynn.ca\/wp-content\/uploads\/2025\/03\/fa130b025.5-1_result.jpg?fit=1200%2C1200&ssl=1&resize=700%2C400 2x, https:\/\/i0.wp.com\/victoriavynn.ca\/wp-content\/uploads\/2025\/03\/fa130b025.5-1_result.jpg?fit=1200%2C1200&ssl=1&resize=1050%2C600 3x"},"classes":[]}],"jetpack_sharing_enabled":true,"_links":{"self":[{"href":"https:\/\/victoriavynn.ca\/fr\/wp-json\/wp\/v2\/product\/21127","targetHints":{"allow":["GET"]}}],"collection":[{"href":"https:\/\/victoriavynn.ca\/fr\/wp-json\/wp\/v2\/product"}],"about":[{"href":"https:\/\/victoriavynn.ca\/fr\/wp-json\/wp\/v2\/types\/product"}],"replies":[{"embeddable":true,"href":"https:\/\/victoriavynn.ca\/fr\/wp-json\/wp\/v2\/comments?post=21127"}],"wp:featuredmedia":[{"embeddable":true,"href":"https:\/\/victoriavynn.ca\/fr\/wp-json\/wp\/v2\/media\/21128"}],"wp:attachment":[{"href":"https:\/\/victoriavynn.ca\/fr\/wp-json\/wp\/v2\/media?parent=21127"}],"wp:term":[{"taxonomy":"product_brand","embeddable":true,"href":"https:\/\/victoriavynn.ca\/fr\/wp-json\/wp\/v2\/product_brand?post=21127"},{"taxonomy":"product_cat","embeddable":true,"href":"https:\/\/victoriavynn.ca\/fr\/wp-json\/wp\/v2\/product_cat?post=21127"},{"taxonomy":"product_tag","embeddable":true,"href":"https:\/\/victoriavynn.ca\/fr\/wp-json\/wp\/v2\/product_tag?post=21127"}],"curies":[{"name":"wp","href":"https:\/\/api.w.org\/{rel}","templated":true}]}}