{"id":21144,"date":"2025-03-16T12:15:38","date_gmt":"2025-03-16T16:15:38","guid":{"rendered":"https:\/\/victoriavynn.ca\/product\/staleks-carbide-nail-drill-bit-corn-blue-head-diameter-4mm-working-part-14mm-ft90b040-14\/"},"modified":"2026-03-17T02:49:23","modified_gmt":"2026-03-17T06:49:23","slug":"staleks-carbide-nail-drill-bit-corn-blue-head-diameter-4mm-working-part-14mm-ft90b040-14","status":"publish","type":"product","link":"https:\/\/victoriavynn.ca\/fr\/product\/staleks-carbide-nail-drill-bit-corn-blue-head-diameter-4mm-working-part-14mm-ft90b040-14\/","title":{"rendered":"Staleks Carbide Nail Drill Bit, \"Corn\", bleu, diam\u00e8tre de la t\u00eate 4mm, partie travaillante 14mm (FT90B040\/14)"},"content":{"rendered":"","protected":false},"excerpt":{"rendered":"<p>FT90B040\/14<\/p>","protected":false},"featured_media":21145,"comment_status":"open","ping_status":"closed","template":"","meta":{"jetpack_post_was_ever_published":false,"jetpack_publicize_message":"","jetpack_publicize_feature_enabled":true,"jetpack_social_post_already_shared":true,"jetpack_social_options":{"image_generator_settings":{"template":"highway","default_image_id":0,"font":"","enabled":false},"version":2}},"product_brand":[935],"product_cat":[365],"product_tag":[603],"class_list":{"0":"post-21144","1":"product","2":"type-product","3":"status-publish","4":"has-post-thumbnail","6":"product_brand-staleks","7":"product_cat-staleks-nail-bits","8":"product_tag-carbide-drill-bits","10":"first","11":"instock","12":"taxable","13":"shipping-taxable","14":"purchasable","15":"product-type-simple"},"jetpack_publicize_connections":[],"jetpack-related-posts":[{"id":21140,"url":"https:\/\/victoriavynn.ca\/fr\/product\/staleks-carbide-nail-drill-bit-corn-green-head-diameter-4mm-working-part-14mm-ft90g040-14\/","url_meta":{"origin":21144,"position":0},"title":"Staleks Carbide Nail Drill Bit, \"Corn\", vert, diam\u00e8tre de la t\u00eate 4mm, partie travaillante 14mm (FT90G040\/14)","author":"Serge Sahakian","date":"mars 16, 2025","format":false,"excerpt":"FT90G040\/14","rel":"","context":"Similar post","block_context":{"text":"Similar post","link":""},"img":{"alt_text":"","src":"https:\/\/i0.wp.com\/victoriavynn.ca\/wp-content\/uploads\/2025\/03\/ft90g040_14_result.jpg?fit=1200%2C1200&ssl=1&resize=350%2C200","width":350,"height":200,"srcset":"https:\/\/i0.wp.com\/victoriavynn.ca\/wp-content\/uploads\/2025\/03\/ft90g040_14_result.jpg?fit=1200%2C1200&ssl=1&resize=350%2C200 1x, https:\/\/i0.wp.com\/victoriavynn.ca\/wp-content\/uploads\/2025\/03\/ft90g040_14_result.jpg?fit=1200%2C1200&ssl=1&resize=525%2C300 1.5x, https:\/\/i0.wp.com\/victoriavynn.ca\/wp-content\/uploads\/2025\/03\/ft90g040_14_result.jpg?fit=1200%2C1200&ssl=1&resize=700%2C400 2x, https:\/\/i0.wp.com\/victoriavynn.ca\/wp-content\/uploads\/2025\/03\/ft90g040_14_result.jpg?fit=1200%2C1200&ssl=1&resize=1050%2C600 3x"},"classes":[]},{"id":21142,"url":"https:\/\/victoriavynn.ca\/fr\/product\/staleks-carbide-nail-drill-bit-corn-red-head-diameter-4mm-working-part-14mm-ft90r040-14\/","url_meta":{"origin":21144,"position":1},"title":"Staleks Carbide Nail Drill Bit, \"Corn\", Red, Head Diameter 4mm, Working Part 14mm (FT90R040\/14)","author":"Serge Sahakian","date":"mars 16, 2025","format":false,"excerpt":"FT90R040\/14","rel":"","context":"Similar post","block_context":{"text":"Similar post","link":""},"img":{"alt_text":"","src":"https:\/\/i0.wp.com\/victoriavynn.ca\/wp-content\/uploads\/2025\/03\/ft90r040_14_result.jpg?fit=1200%2C1200&ssl=1&resize=350%2C200","width":350,"height":200,"srcset":"https:\/\/i0.wp.com\/victoriavynn.ca\/wp-content\/uploads\/2025\/03\/ft90r040_14_result.jpg?fit=1200%2C1200&ssl=1&resize=350%2C200 1x, https:\/\/i0.wp.com\/victoriavynn.ca\/wp-content\/uploads\/2025\/03\/ft90r040_14_result.jpg?fit=1200%2C1200&ssl=1&resize=525%2C300 1.5x, https:\/\/i0.wp.com\/victoriavynn.ca\/wp-content\/uploads\/2025\/03\/ft90r040_14_result.jpg?fit=1200%2C1200&ssl=1&resize=700%2C400 2x, https:\/\/i0.wp.com\/victoriavynn.ca\/wp-content\/uploads\/2025\/03\/ft90r040_14_result.jpg?fit=1200%2C1200&ssl=1&resize=1050%2C600 3x"},"classes":[]},{"id":21135,"url":"https:\/\/victoriavynn.ca\/fr\/product\/staleks-carbide-nail-drill-bit-corn-red-head-diameter-6mm-working-part-14mm-for-left-handed-users-ft91r060-14\/","url_meta":{"origin":21144,"position":2},"title":"Staleks Carbide Nail Drill Bit, \"Corn\", Red, Head Diameter 6mm, Working Part 14mm - Pour gauchers (FT91R060\/14)","author":"Serge Sahakian","date":"mars 15, 2025","format":false,"excerpt":"FT91R060\/14","rel":"","context":"Similar post","block_context":{"text":"Similar post","link":""},"img":{"alt_text":"","src":"https:\/\/i0.wp.com\/victoriavynn.ca\/wp-content\/uploads\/2025\/03\/ft91r06014_result.jpg?fit=1200%2C1200&ssl=1&resize=350%2C200","width":350,"height":200,"srcset":"https:\/\/i0.wp.com\/victoriavynn.ca\/wp-content\/uploads\/2025\/03\/ft91r06014_result.jpg?fit=1200%2C1200&ssl=1&resize=350%2C200 1x, https:\/\/i0.wp.com\/victoriavynn.ca\/wp-content\/uploads\/2025\/03\/ft91r06014_result.jpg?fit=1200%2C1200&ssl=1&resize=525%2C300 1.5x, https:\/\/i0.wp.com\/victoriavynn.ca\/wp-content\/uploads\/2025\/03\/ft91r06014_result.jpg?fit=1200%2C1200&ssl=1&resize=700%2C400 2x, https:\/\/i0.wp.com\/victoriavynn.ca\/wp-content\/uploads\/2025\/03\/ft91r06014_result.jpg?fit=1200%2C1200&ssl=1&resize=1050%2C600 3x"},"classes":[]},{"id":21150,"url":"https:\/\/victoriavynn.ca\/fr\/product\/staleks-carbide-nail-drill-bit-pine-cone-blue-head-diameter-6mm-working-part-14mm-ft110b060-14\/","url_meta":{"origin":21144,"position":3},"title":"Staleks Carbide Nail Drill Bit, \"Pine Cone\", Blue, Head Diameter 6mm, Working Part 14mm (FT110B060\/14)","author":"Serge Sahakian","date":"mars 16, 2025","format":false,"excerpt":"FT110B060\/14","rel":"","context":"Similar post","block_context":{"text":"Similar post","link":""},"img":{"alt_text":"","src":"https:\/\/i0.wp.com\/victoriavynn.ca\/wp-content\/uploads\/2025\/03\/ft110b060_14_result.jpg?fit=1200%2C1200&ssl=1&resize=350%2C200","width":350,"height":200,"srcset":"https:\/\/i0.wp.com\/victoriavynn.ca\/wp-content\/uploads\/2025\/03\/ft110b060_14_result.jpg?fit=1200%2C1200&ssl=1&resize=350%2C200 1x, https:\/\/i0.wp.com\/victoriavynn.ca\/wp-content\/uploads\/2025\/03\/ft110b060_14_result.jpg?fit=1200%2C1200&ssl=1&resize=525%2C300 1.5x, https:\/\/i0.wp.com\/victoriavynn.ca\/wp-content\/uploads\/2025\/03\/ft110b060_14_result.jpg?fit=1200%2C1200&ssl=1&resize=700%2C400 2x, https:\/\/i0.wp.com\/victoriavynn.ca\/wp-content\/uploads\/2025\/03\/ft110b060_14_result.jpg?fit=1200%2C1200&ssl=1&resize=1050%2C600 3x"},"classes":[]},{"id":21133,"url":"https:\/\/victoriavynn.ca\/fr\/product\/staleks-carbide-nail-drill-bit-cone-blue-head-diameter-6mm-working-part-14mm-for-left-handed-users-ft73b060-14\/","url_meta":{"origin":21144,"position":4},"title":"Staleks Carbide Nail Drill Bit, \"Cone\", Blue, Head Diameter 6mm, Working Part 14mm - Pour gauchers (FT73B060\/14)","author":"Serge Sahakian","date":"mars 15, 2025","format":false,"excerpt":"FT73B060\/14","rel":"","context":"Similar post","block_context":{"text":"Similar post","link":""},"img":{"alt_text":"","src":"https:\/\/i0.wp.com\/victoriavynn.ca\/wp-content\/uploads\/2025\/03\/ft73b060_14_result.jpg?fit=1200%2C1200&ssl=1&resize=350%2C200","width":350,"height":200,"srcset":"https:\/\/i0.wp.com\/victoriavynn.ca\/wp-content\/uploads\/2025\/03\/ft73b060_14_result.jpg?fit=1200%2C1200&ssl=1&resize=350%2C200 1x, https:\/\/i0.wp.com\/victoriavynn.ca\/wp-content\/uploads\/2025\/03\/ft73b060_14_result.jpg?fit=1200%2C1200&ssl=1&resize=525%2C300 1.5x, https:\/\/i0.wp.com\/victoriavynn.ca\/wp-content\/uploads\/2025\/03\/ft73b060_14_result.jpg?fit=1200%2C1200&ssl=1&resize=700%2C400 2x, https:\/\/i0.wp.com\/victoriavynn.ca\/wp-content\/uploads\/2025\/03\/ft73b060_14_result.jpg?fit=1200%2C1200&ssl=1&resize=1050%2C600 3x"},"classes":[]},{"id":18117,"url":"https:\/\/victoriavynn.ca\/fr\/product\/staleks-pro-carbide-nail-drill-bit-for-left-handed-users-corn-blue-expert-head-diameter-6-mm-working-part-14-mm\/","url_meta":{"origin":21144,"position":5},"title":"STALEKS PRO M\u00e8che \u00e0 clous en carbure pour gauchers ma\u00efs bleu EXPERT diam\u00e8tre de la t\u00eate 6 mm \/ partie travaillante 14 mm","author":"Serge Sahakian","date":"mai 30, 2024","format":false,"excerpt":"FT91B060\/14","rel":"","context":"Similar post","block_context":{"text":"Similar post","link":""},"img":{"alt_text":"","src":"https:\/\/i0.wp.com\/victoriavynn.ca\/wp-content\/uploads\/2024\/05\/ft91b06014-800x800-1.jpg?fit=800%2C800&ssl=1&resize=350%2C200","width":350,"height":200,"srcset":"https:\/\/i0.wp.com\/victoriavynn.ca\/wp-content\/uploads\/2024\/05\/ft91b06014-800x800-1.jpg?fit=800%2C800&ssl=1&resize=350%2C200 1x, https:\/\/i0.wp.com\/victoriavynn.ca\/wp-content\/uploads\/2024\/05\/ft91b06014-800x800-1.jpg?fit=800%2C800&ssl=1&resize=525%2C300 1.5x, https:\/\/i0.wp.com\/victoriavynn.ca\/wp-content\/uploads\/2024\/05\/ft91b06014-800x800-1.jpg?fit=800%2C800&ssl=1&resize=700%2C400 2x"},"classes":[]}],"jetpack_sharing_enabled":true,"_links":{"self":[{"href":"https:\/\/victoriavynn.ca\/fr\/wp-json\/wp\/v2\/product\/21144","targetHints":{"allow":["GET"]}}],"collection":[{"href":"https:\/\/victoriavynn.ca\/fr\/wp-json\/wp\/v2\/product"}],"about":[{"href":"https:\/\/victoriavynn.ca\/fr\/wp-json\/wp\/v2\/types\/product"}],"replies":[{"embeddable":true,"href":"https:\/\/victoriavynn.ca\/fr\/wp-json\/wp\/v2\/comments?post=21144"}],"wp:featuredmedia":[{"embeddable":true,"href":"https:\/\/victoriavynn.ca\/fr\/wp-json\/wp\/v2\/media\/21145"}],"wp:attachment":[{"href":"https:\/\/victoriavynn.ca\/fr\/wp-json\/wp\/v2\/media?parent=21144"}],"wp:term":[{"taxonomy":"product_brand","embeddable":true,"href":"https:\/\/victoriavynn.ca\/fr\/wp-json\/wp\/v2\/product_brand?post=21144"},{"taxonomy":"product_cat","embeddable":true,"href":"https:\/\/victoriavynn.ca\/fr\/wp-json\/wp\/v2\/product_cat?post=21144"},{"taxonomy":"product_tag","embeddable":true,"href":"https:\/\/victoriavynn.ca\/fr\/wp-json\/wp\/v2\/product_tag?post=21144"}],"curies":[{"name":"wp","href":"https:\/\/api.w.org\/{rel}","templated":true}]}}